{"id":972,"date":"2025-08-21T07:59:38","date_gmt":"2025-08-21T07:59:38","guid":{"rendered":"https:\/\/ecvents.com\/?post_type=product&#038;p=972"},"modified":"2025-10-29T02:10:43","modified_gmt":"2025-10-29T07:10:43","slug":"%d9%85%d8%b1%d9%88%d8%ad%d8%a9-%d8%b9%d8%a7%d8%af%d9%85-%d9%85%d8%b5%d8%b1%d8%a7%d8%b9-%d8%a7%d9%84%d9%85%d8%ad%d8%b1%d9%83-ec","status":"publish","type":"product","link":"https:\/\/www.ecvents.com\/ar\/product\/%d9%85%d8%b1%d9%88%d8%ad%d8%a9-%d8%b9%d8%a7%d8%af%d9%85-%d9%85%d8%b5%d8%b1%d8%a7%d8%b9-%d8%a7%d9%84%d9%85%d8%ad%d8%b1%d9%83-ec\/","title":{"rendered":"\u0645\u0631\u0648\u062d\u0629 \u0639\u0627\u062f\u0645 \u0645\u0635\u0631\u0627\u0639 \u0627\u0644\u0645\u062d\u0631\u0643 EC"},"content":{"rendered":"<div class=\"column mcb-column mcb-item-ef2dc8aa4 one laptop-one tablet-one mobile-one column_column vb-item\">\n<div class=\"mcb-column-inner mfn-module-wrapper mcb-column-inner-ef2dc8aa4 mcb-item-column-inner\">\n<div class=\"column_attr mfn-inline-editor clearfix\">\n<div class=\"mcb-wrap-background-overlay\">\u062c\u062f\u0648\u0644 \u0627\u0644\u0645\u0639\u0644\u0645\u0627\u062a:<\/div>\n<div class=\"column mcb-column mcb-item-ef2dc8aa4 one laptop-one tablet-one mobile-one column_column vb-item\">\n<div class=\"mcb-column-inner mfn-module-wrapper mcb-column-inner-ef2dc8aa4 mcb-item-column-inner\">\n<div class=\"column_attr mfn-inline-editor clearfix\">\n<table class=\"w-fit min-w-(--thread-content-width)\" data-start=\"254\" data-end=\"2568\">\n<thead data-start=\"254\" data-end=\"431\">\n<tr data-start=\"254\" data-end=\"431\">\n<th data-start=\"254\" data-end=\"278\" data-col-size=\"sm\"><strong data-start=\"256\" data-end=\"273\">\u0645\u0648\u0627\u0635\u0641\u0627\u062a<\/strong><\/th>\n<th data-start=\"278\" data-end=\"431\" data-col-size=\"md\"><strong data-start=\"280\" data-end=\"291\">\u062a\u0641\u0627\u0635\u064a\u0644<\/strong><\/th>\n<\/tr>\n<\/thead>\n<tbody data-start=\"610\" data-end=\"2568\">\n<tr data-start=\"610\" data-end=\"787\">\n<td data-start=\"610\" data-end=\"634\" data-col-size=\"sm\"><strong data-start=\"612\" data-end=\"624\">\u062d\u062c\u0645 \u0627\u0644\u0645\u0631\u0648\u062d\u0629<\/strong><\/td>\n<td data-col-size=\"md\" data-start=\"634\" data-end=\"787\">16 \u0628\u0648\u0635\u0629 (40.6 \u0633\u0645)<\/td>\n<\/tr>\n<tr data-start=\"788\" data-end=\"965\">\n<td data-start=\"788\" data-end=\"812\" data-col-size=\"sm\"><strong data-start=\"790\" data-end=\"812\">\u0627\u0644\u0623\u0628\u0639\u0627\u062f \u0627\u0644\u0643\u0644\u064a\u0629<\/strong><\/td>\n<td data-start=\"812\" data-end=\"965\" data-col-size=\"md\">19.09 \u00d7 19.09 \u00d7 7.72 (48.5 \u00d7 48.5 \u00d7 19.6 \u0633\u0645)<\/td>\n<\/tr>\n<tr data-start=\"966\" data-end=\"1144\">\n<td data-start=\"966\" data-end=\"990\" data-col-size=\"sm\"><strong data-start=\"968\" data-end=\"990\">\u062d\u062c\u0645 \u0641\u062a\u062d\u0629 \u0627\u0644\u062a\u062b\u0628\u064a\u062a<\/strong><\/td>\n<td data-start=\"990\" data-end=\"1144\" data-col-size=\"md\">\u062d\u0648\u0627\u0644\u064a 16.92 \u00d7 16.92 \u0628\u0648\u0635\u0629 (43 \u00d7 43 \u0633\u0645)<\/td>\n<\/tr>\n<tr data-start=\"1145\" data-end=\"1322\">\n<td data-start=\"1145\" data-end=\"1169\" data-col-size=\"sm\"><strong data-start=\"1147\" data-end=\"1167\">\u0642\u062f\u0631\u0629 \u062a\u062f\u0641\u0642 \u0627\u0644\u0647\u0648\u0627\u0621<\/strong><\/td>\n<td data-start=\"1169\" data-end=\"1322\" data-col-size=\"md\">2560 \u0642\u062f\u0645 \u0645\u0643\u0639\u0628 (\u062a\u0647\u0648\u064a\u0629 \u0639\u0627\u0644\u064a\u0629 \u0627\u0644\u0643\u0641\u0627\u0621\u0629)<\/td>\n<\/tr>\n<tr data-start=\"1323\" data-end=\"1501\">\n<td data-start=\"1323\" data-end=\"1347\" data-col-size=\"sm\"><strong data-start=\"1325\" data-end=\"1344\">\u0636\u063a\u0637 \u062b\u0627\u0628\u062a<\/strong><\/td>\n<td data-col-size=\"md\" data-start=\"1347\" data-end=\"1501\">25.9 \u0645\u0644\u0645-\u0647\u2082 o (\u062d\u0648\u0627\u0644\u064a 96 \u0628\u0627\u0633\u0643\u0627\u0644)<\/td>\n<\/tr>\n<tr data-start=\"1502\" data-end=\"1678\">\n<td data-start=\"1502\" data-end=\"1526\" data-col-size=\"sm\"><strong data-start=\"1504\" data-end=\"1519\">\u0645\u0633\u062a\u0648\u0649 \u0627\u0644\u0636\u0648\u0636\u0627\u0621<\/strong><\/td>\n<td data-start=\"1526\" data-end=\"1678\" data-col-size=\"md\">\u0639\u0627\u062f\u0629 70 \u062f\u064a\u0633\u064a\u0628\u0644 (\u064a\u062a\u0631\u0627\u0648\u062d \u0628\u064a\u0646 67-70 \u062f\u064a\u0633\u064a\u0628\u0644 \u0639\u0628\u0631 \u0627\u0644\u0645\u0635\u0627\u062f\u0631)<\/td>\n<\/tr>\n<tr data-start=\"1679\" data-end=\"1856\">\n<td data-start=\"1679\" data-end=\"1703\" data-col-size=\"sm\"><strong data-start=\"1681\" data-end=\"1700\">\u0627\u0644\u0642\u064a\u0627\u062f\u0629 \u0648\u0627\u0644\u062a\u062d\u0643\u0645<\/strong><\/td>\n<td data-start=\"1703\" data-end=\"1856\" data-col-size=\"md\">PWM \u062a\u0639\u062f\u064a\u0644 \u0630\u0643\u064a\u060c 10 \u0633\u0631\u0639\u0627\u062a (\u0628\u0639\u0636 \u0627\u0644\u0637\u0631\u0632 8 \u0633\u0631\u0639\u0627\u062a)\u060c \u0645\u0639 \u0648\u0638\u064a\u0641\u0629 \u0627\u0644\u0630\u0627\u0643\u0631\u0629<\/td>\n<\/tr>\n<tr data-start=\"1857\" data-end=\"2034\">\n<td data-start=\"1857\" data-end=\"1881\" data-col-size=\"sm\"><strong data-start=\"1859\" data-end=\"1873\">\u0646\u0648\u0639 \u0627\u0644\u0645\u062d\u0631\u0643<\/strong><\/td>\n<td data-start=\"1881\" data-end=\"2034\" data-col-size=\"md\">EC (\u0645\u062d\u0631\u0643 \u0625\u0644\u0643\u062a\u0631\u0648\u0646\u064a\u064b\u0627) \u0645\u0648\u0641\u0631\u0629 \u0644\u0644\u0637\u0627\u0642\u0629 \u060c \u0645\u0646\u062e\u0641\u0636 \u0627\u0644\u0636\u0648\u0636\u0627\u0621 \u060c \u0643\u0641\u0627\u0621\u0629 \u0639\u0627\u0644\u064a\u0629<\/td>\n<\/tr>\n<tr data-start=\"2035\" data-end=\"2212\">\n<td data-start=\"2035\" data-end=\"2059\" data-col-size=\"sm\"><strong data-start=\"2037\" data-end=\"2056\">\u0627\u0644\u0642\u0648\u0629 \/ \u0627\u0644\u062d\u0627\u0644\u064a<\/strong><\/td>\n<td data-start=\"2059\" data-end=\"2212\" data-col-size=\"md\">100 \u0648\u0627\u0637 \/ 1.5 \u0623\u0645\u0628\u064a\u0631 (100-240 \u0641\u0648\u0644\u062a \u062a\u064a\u0627\u0631 \u0645\u062a\u0631\u062f\u062f \u060c 50\/60 \u0647\u0631\u062a\u0632)<\/td>\n<\/tr>\n<tr data-start=\"2213\" data-end=\"2390\">\n<td data-start=\"2213\" data-end=\"2238\" data-col-size=\"sm\"><strong data-start=\"2215\" data-end=\"2238\">\u0627\u0644\u0645\u062d\u0627\u0645\u0644 \u0648\u0627\u0644\u0639\u0645\u0631<\/strong><\/td>\n<td data-start=\"2238\" data-end=\"2390\" data-col-size=\"md\">\u0645\u062d\u0627\u0645\u0644 \u0643\u0631\u0648\u064a\u0629 \u0645\u0632\u062f\u0648\u062c\u0629\u060c \u0639\u0645\u0631 L10 67000 \u0633\u0627\u0639\u0629<\/td>\n<\/tr>\n<tr data-start=\"2391\" data-end=\"2568\">\n<td data-start=\"2391\" data-end=\"2415\" data-col-size=\"sm\"><strong data-start=\"2393\" data-end=\"2415\">\u062d\u0645\u0627\u064a\u0629 \u0627\u0644\u062f\u062e\u0648\u0644<\/strong><\/td>\n<td data-start=\"2415\" data-end=\"2568\" data-col-size=\"md\">IP-44 \u0645\u0635\u0646\u0641\u0629\u060c \u0645\u0642\u0627\u0648\u0645\u0629 \u0644\u0644\u063a\u0628\u0627\u0631 \u0648\u0627\u0644\u0645\u0627\u0621\u061b \u062a\u0635\u0645\u064a\u0645 \u0647\u064a\u0643\u0644\u064a \u0645\u0642\u0627\u0648\u0645 \u0644\u0644\u062a\u0622\u0643\u0644<\/td>\n<\/tr>\n<\/tbody>\n<\/table>\n<\/div>\n<\/div>\n<\/div>\n<\/div>\n<\/div>\n<\/div>\n<div class=\"column mcb-column mcb-item-95b6ace20 one laptop-one tablet-one mobile-one column_column vb-item\">\n<div class=\"mcb-column-inner mfn-module-wrapper mcb-column-inner-95b6ace20 mcb-item-column-inner\">\n<div class=\"column_attr mfn-inline-editor clearfix\">\n<div class=\"button_align align_center\"><a class=\"button button_right button_size_2\" title=\"\" href=\"mailto:info@kcvents.com\" target=\"_blank\" rel=\"noopener\"><i class=\"icon-direction\" aria-hidden=\"true\"><\/i><span class=\"button_label\">\ud83d\ude02<\/span><\/a><\/div>\n<\/div>\n<\/div>\n<\/div>","protected":false},"excerpt":{"rendered":"<h2>\u0645\u0631\u0648\u062d\u0629 \u0639\u0627\u062f\u0645 \u0645\u0635\u0631\u0627\u0639 \u0627\u0644\u0645\u062d\u0631\u0643 EC<\/h2>\n<hr \/>\n<ol>\n<li>\u0645\u0631\u0648\u062d\u0629 \u0639\u0627\u062f\u0645 \u0645\u0635\u0631\u0627\u0639 16 \u0628\u0648\u0635\u0629 \u0645\u0639 \u0648\u062d\u062f\u0629 \u062a\u062d\u0643\u0645 10 \u0633\u0631\u0639\u0627\u062a \u060c \u0645\u062d\u0631\u0643 EC - \u062a\u0647\u0648\u064a\u0629 \u0648\u062a\u0628\u0631\u064a\u062f \u0645\u062b\u0628\u062a\u0629 \u0639\u0644\u0649 \u0627\u0644\u062d\u0627\u0626\u0637 \u0644\u0644\u0633\u0642\u0648\u0641 \u060c \u0627\u0644\u0633\u0646\u062f\u0631\u0627\u062a \u060c \u0627\u0644\u0648\u0631\u0634 \u0648\u0627\u0644\u062f\u0641\u064a\u0626\u0629.<\/li>\n<li>\u062a\u0647\u0648\u064a\u0629 \u0641\u0639\u0627\u0644\u0629: \u064a\u0632\u064a\u0644 \u062a\u0635\u0645\u064a\u0645 \u0645\u0631\u0648\u062d\u0629 \u0645\u0635\u0631\u0627\u0639 \u062a\u062f\u0641\u0642 \u0627\u0644\u0647\u0648\u0627\u0621 \u0627\u0644\u0639\u0627\u0644\u064a \u0627\u0644\u062d\u0631\u0627\u0631\u0629 \u0648\u0627\u0644\u0631\u0637\u0648\u0628\u0629 \u0648\u0627\u0644\u0631\u0648\u0627\u0626\u062d \u0628\u0633\u0631\u0639\u0629 \u0645\u0639 \u062a\u062f\u0641\u0642 \u0647\u0648\u0627\u0621 2560 \u0642\u062f\u0645 \u0645\u0643\u0639\u0628 \u0641\u064a \u0627\u0644\u062f\u0642\u064a\u0642\u0629.<\/li>\n<li>\u0647\u064a\u0643\u0644 \u0645\u0639\u062f\u0646\u064a \u0645\u062a\u064a\u0646: \u0645\u0635\u0627\u0631\u064a\u0639 \u0641\u0648\u0644\u0627\u0630\u064a\u0629 \u0645\u0642\u0627\u0648\u0645\u0629 \u0644\u0644\u062a\u0622\u0643\u0644 \u0648\u0634\u0641\u0631\u0627\u062a \u0645\u0646 \u0627\u0644\u0623\u0644\u0648\u0645\u0646\u064a\u0648\u0645 \u062a\u0636\u0645\u0646 \u0637\u0648\u0644 \u0627\u0644\u0639\u0645\u0631.<\/li>\n<li>\u062a\u0634\u063a\u064a\u0644 \u0633\u0644\u0633 \u0648\u0647\u0627\u062f\u0626: \u0645\u062d\u0631\u0643 EC \u0645\u0639 PWM \u064a\u0648\u0641\u0631 \u0623\u062f\u0627\u0621\u064b \u0635\u0627\u0645\u062a\u064b\u0627 (~ 70 \u062f\u064a\u0633\u064a\u0628\u0644).<\/li>\n<li>\u0645\u0648\u0641\u0631\u0629 \u0644\u0644\u0637\u0627\u0642\u0629 \u0648\u062c\u0627\u0647\u0632\u0629 \u0630\u0643\u064a\u0629: EC MOTOR + PWM \u0644\u0644\u0643\u0641\u0627\u0621\u0629\u061b UIS-Platform \u0645\u062a\u0648\u0627\u0641\u0642 \u0645\u0639 Smart Integration.<\/li>\n<li>\u062f\u0642\u064a\u0642\u0629 \u0648\u0645\u062a\u0639\u062f\u062f\u0629 \u0627\u0644\u0627\u0633\u062a\u062e\u062f\u0627\u0645\u0627\u062a: \u0648\u062d\u062f\u0629 \u062a\u062d\u0643\u0645 \u064a\u062f\u0648\u064a\u0629 \u0628\u0640 10 \u0633\u0631\u0639\u0627\u062a \u0645\u0639 \u0630\u0627\u0643\u0631\u0629 \u0644\u0644\u0628\u064a\u0626\u0627\u062a \u0627\u0644\u0645\u0635\u0645\u0645\u0629.<\/li>\n<li>\u062a\u0635\u0645\u064a\u0645 \u0645\u0646 \u0627\u0644\u062f\u0631\u062c\u0629 \u0627\u0644\u062a\u062c\u0627\u0631\u064a\u0629: \u0645\u062d\u0627\u0645\u0644 \u0630\u0627\u062a \u0643\u0631\u0627\u062a \u0645\u0632\u062f\u0648\u062c\u0629 \u0645\u0635\u0646\u0641\u0629 IP-44 \u060c \u0639\u0645\u0631 67000 \u0633\u0627\u0639\u0629 \u0644\u0644\u062a\u0637\u0628\u064a\u0642\u0627\u062a \u0627\u0644\u0645\u0637\u0644\u0648\u0628\u0629.<\/li>\n<\/ol>\n<p><a class=\"button button_right button_size_2\" title=\"\" href=\"mailto:info@kcvents.com\" target=\"_blank\" rel=\"noopener\"><i class=\"icon-direction\" aria-hidden=\"true\"><\/i><span class=\"button_label\">\u0627\u0633\u062a\u0639\u0644\u0627\u0645<\/span><\/a>\u00a0 \u00a0 <a class=\"button button_right button_size_2\" title=\"\" href=\"https:\/\/www.kcvents.com\/portfolio-item\/ec-motor-shutter-exhaust-fan\" target=\"_blank\" rel=\"noopener\"><i class=\"icon-acrobat\" aria-hidden=\"true\"><\/i><span class=\"button_label\">\u0641\u0647\u0631\u0633<\/span><\/a><\/p>","protected":false},"featured_media":976,"comment_status":"open","ping_status":"closed","template":"","meta":{"_acf_changed":false},"product_brand":[],"product_cat":[28],"product_tag":[],"class_list":{"0":"post-972","1":"product","2":"type-product","3":"status-publish","4":"has-post-thumbnail","6":"product_cat-exhaust-fan","8":"first","9":"instock","10":"taxable","11":"shipping-taxable","12":"purchasable","13":"product-type-simple"},"acf":[],"_links":{"self":[{"href":"https:\/\/www.ecvents.com\/ar\/wp-json\/wp\/v2\/product\/972","targetHints":{"allow":["GET"]}}],"collection":[{"href":"https:\/\/www.ecvents.com\/ar\/wp-json\/wp\/v2\/product"}],"about":[{"href":"https:\/\/www.ecvents.com\/ar\/wp-json\/wp\/v2\/types\/product"}],"replies":[{"embeddable":true,"href":"https:\/\/www.ecvents.com\/ar\/wp-json\/wp\/v2\/comments?post=972"}],"wp:featuredmedia":[{"embeddable":true,"href":"https:\/\/www.ecvents.com\/ar\/wp-json\/wp\/v2\/media\/976"}],"wp:attachment":[{"href":"https:\/\/www.ecvents.com\/ar\/wp-json\/wp\/v2\/media?parent=972"}],"wp:term":[{"taxonomy":"product_brand","embeddable":true,"href":"https:\/\/www.ecvents.com\/ar\/wp-json\/wp\/v2\/product_brand?post=972"},{"taxonomy":"product_cat","embeddable":true,"href":"https:\/\/www.ecvents.com\/ar\/wp-json\/wp\/v2\/product_cat?post=972"},{"taxonomy":"product_tag","embeddable":true,"href":"https:\/\/www.ecvents.com\/ar\/wp-json\/wp\/v2\/product_tag?post=972"}],"curies":[{"name":"\u0627\u0644\u0641\u0633\u0641\u0648\u0631 \u0627\u0644\u0623\u0628\u064a\u0636","href":"https:\/\/api.w.org\/{rel}","templated":true}]}}