{"id":1077,"date":"2025-08-28T09:37:48","date_gmt":"2025-08-28T09:37:48","guid":{"rendered":"https:\/\/ecvents.com\/?post_type=product&#038;p=1077"},"modified":"2025-10-29T02:45:03","modified_gmt":"2025-10-29T07:45:03","slug":"wandfenster-abgasventilator-panel-ein-reversibler-luftstrom","status":"publish","type":"product","link":"https:\/\/www.ecvents.com\/de\/product\/wandfenster-abgasventilator-panel-ein-reversibler-luftstrom\/","title":{"rendered":"Wand-\/Fenster-Abluftventilator \u2013 Panel A (umkehrbarer Luftstrom)"},"content":{"rendered":"<div class=\"container-PrUkKo\">\n<div class=\"item-hGGxLi\">\n<div class=\"container-arOxqB chrome70-container\">\n<div class=\"inner-FyM8gE inner-item-swzCut\" data-target-id=\"message-box-target-id\" data-testid=\"union_message\">\n<div class=\"message-block-container-aFugD6\" data-testid=\"message-block-container\">\n<div class=\"flex flex-row w-full w-full max-w-full s-font-base text-s-color-text-secondary p-0 rounded-s-radius-s bg-transparent group data-[attr=select-mode]:-mt-10 data-[attr=select-mode]:py-10 data-[attr=select-mode]:px-16 data-[attr=select-mode]:sm:p-10 data-[attr=select-mode]:hover:bg-s-color-bg-base data-[attr=select-mode]:hover:rounded-s-radius-xs data-[attr=select-mode]:has-[:checked]:bg-s-color-bg-trans data-[attr=select-mode]:has-[:checked]:rounded-s-radius-xs data-[attr=select-mode]:pointer-events-none\" data-testid=\"receive_message\">\n<div class=\"flex flex-col flex-grow max-w-full min-w-0\">\n<div class=\"flex flex-row w-full\" data-testid=\"message_content\" data-message-id=\"18262907875209218\">\n<div class=\"w-full\" data-plugin-identifier=\"Symbol(infra:receive-message-box:text)\">\n<div class=\"container-ZYIsnH flow-markdown-body theme-samantha-Nbr9UN\" dir=\"ltr\" data-testid=\"message_text_content\" data-show-indicator=\"false\">\n<div class=\"auto-hide-last-sibling-br mdbox-table-root table-container-GhL7Lo\" data-scroll-inline-overflow=\"false\" data-scroll-inline-at-start=\"true\" data-scroll-inline-start-overflow=\"false\" data-scroll-inline-at-end=\"true\" data-scroll-inline-end-overflow=\"false\">\n<div class=\"table-scroll-container-hgHkfW mdbox-table-scroll-container\">\n<p>\ud83d\udcca Technische Daten (gilt f\u00fcr beide Versionen):<\/p>\n<table>\n<thead>\n<tr>\n<th>modellieren<\/th>\n<th>Gr\u00f6\u00dfe<\/th>\n<th>Spannung(V)<\/th>\n<th>Leistung(W) \u2013 EC-Motor<\/th>\n<th>Luftstrom (m\u00b3\/h)<\/th>\n<\/tr>\n<\/thead>\n<tbody>\n<tr>\n<td>APC10 - A<\/td>\n<td>4 Zoll<\/td>\n<td>80 \u2013 245V\/50 \u2013 60Hz<\/td>\n<td>4<\/td>\n<td>90<\/td>\n<\/tr>\n<tr>\n<td>APC15 - A<\/td>\n<td>6 Zoll<\/td>\n<td>80 \u2013 245V\/50 \u2013 60Hz<\/td>\n<td>5<\/td>\n<td>180<\/td>\n<\/tr>\n<tr>\n<td>APC20 \u2013 A<\/td>\n<td>8 Zoll<\/td>\n<td>80 \u2013 245V\/50 \u2013 60Hz<\/td>\n<td>7<\/td>\n<td>280<\/td>\n<\/tr>\n<\/tbody>\n<\/table>\n<p data-start=\"1502\" data-end=\"1528\"><strong data-start=\"1502\" data-end=\"1526\">\ud83d\udd39 Zus\u00e4tzliche Hinweise:<\/strong><\/p>\n<ul data-start=\"1529\" data-end=\"1703\">\n<li data-start=\"1529\" data-end=\"1570\">\n<p data-start=\"1531\" data-end=\"1570\">Ideal f\u00fcr die Wand- oder Fensterinstallation<\/p>\n<\/li>\n<li data-start=\"1571\" data-end=\"1638\">\n<p data-start=\"1573\" data-end=\"1638\">Geeignet f\u00fcr Wohn-, Gewerbe- oder Industriel\u00fcftung<\/p>\n<\/li>\n<li data-start=\"1639\" data-end=\"1703\">\n<p data-start=\"1641\" data-end=\"1703\">Umkehrbares Modell verbessert die Flexibilit\u00e4t der Innenluft<\/p>\n<\/li>\n<\/ul>\n<\/div>\n<\/div>\n<\/div>\n<\/div>\n<\/div>\n<\/div>\n<\/div>\n<\/div>\n<\/div>\n<\/div>\n<\/div>\n<\/div>\n<div class=\"container-PrUkKo\">\n<div class=\"item-hGGxLi\">\n<div class=\"container-arOxqB chrome70-container\">\n<div class=\"inner-FyM8gE inner-item-swzCut\" data-target-id=\"message-box-target-id\" data-testid=\"union_message\">\n<div class=\"message-block-container-aFugD6\" data-testid=\"message-block-container\">\n<div class=\"flex flex-row w-full justify-end w-full max-w-full s-font-base text-s-color-text-secondary p-0 rounded-s-radius-s bg-transparent data-[attr=select-mode]:-mt-10 data-[attr=select-mode]:py-10 data-[attr=select-mode]:px-16 data-[attr=select-mode]:sm:p-10 data-[attr=select-mode]:hover:bg-s-color-bg-base data-[attr=select-mode]:hover:rounded-s-radius-xs data-[attr=select-mode]:has-[:checked]:bg-s-color-bg-trans data-[attr=select-mode]:has-[:checked]:rounded-s-radius-xs data-[attr=select-mode]:pointer-events-none\" data-testid=\"send_message\">\n<div class=\"flex flex-col flex-grow max-w-full min-w-0\">\n<div class=\"flex flex-row w-full justify-end\" data-testid=\"message_content\" data-plugin-identifier=\"Symbol(send-nested-content)\" data-message-id=\"18263694200205058\">\n<div class=\"flex flex-col items-end gap-8\">\n<div class=\"\">\n<div class=\"container-vWPG4p clickable-zqugHB single-image-hMOEum\"><\/div>\n<\/div>\n<\/div>\n<\/div>\n<\/div>\n<\/div>\n<\/div>\n<\/div>\n<\/div>\n<\/div>\n<\/div>","protected":false},"excerpt":{"rendered":"<ul data-start=\"409\" data-end=\"1023\">\n<li data-start=\"409\" data-end=\"533\">\n<p data-start=\"411\" data-end=\"533\"><strong data-start=\"411\" data-end=\"423\">EC-Motor<\/strong>: Hocheffizienter elektronisch kommutierter Motor mit hervorragender Energiesparleistung und Geschwindigkeitsregelung<\/p>\n<\/li>\n<li data-start=\"534\" data-end=\"639\">\n<p data-start=\"536\" data-end=\"639\"><strong data-start=\"536\" data-end=\"551\">ABS-Geh\u00e4use<\/strong>: Hergestellt aus Acrylnitril-Butadien-Styrol f\u00fcr hohe Festigkeit, Z\u00e4higkeit und Haltbarkeit<\/p>\n<\/li>\n<li data-start=\"640\" data-end=\"751\">\n<p data-start=\"642\" data-end=\"751\"><strong data-start=\"642\" data-end=\"662\">Hinterwindklappe<\/strong>: Verhindert, dass Au\u00dfenluft ins Haus zur\u00fcckflie\u00dft und die richtige Bel\u00fcftungsrichtung gew\u00e4hrleistet<\/p>\n<\/li>\n<li data-start=\"752\" data-end=\"856\">\n<p data-start=\"754\" data-end=\"856\"><strong data-start=\"754\" data-end=\"776\">Umkehrluftstrom<\/strong>: Kann sowohl im Abgas- als auch im Ansaugmodus betrieben werden und bietet flexible Bel\u00fcftung<\/p>\n<\/li>\n<li data-start=\"857\" data-end=\"945\">\n<p data-start=\"859\" data-end=\"945\"><strong data-start=\"859\" data-end=\"877\">variable Geschwindigkeit<\/strong>: Einstellbare L\u00fcftergeschwindigkeit, um unterschiedlichen Bel\u00fcftungsanforderungen zu entsprechen<\/p>\n<\/li>\n<li data-start=\"946\" data-end=\"1023\">\n<p data-start=\"948\" data-end=\"1023\"><strong data-start=\"948\" data-end=\"961\">Ger\u00e4usch<\/strong>: leiser Betrieb, Minimierung von St\u00f6rungen der Umwelt<\/p>\n<\/li>\n<li data-start=\"810\" data-end=\"922\">\n<p data-start=\"812\" data-end=\"922\"><strong data-start=\"812\" data-end=\"834\">Umkehrluftstrom<\/strong>: Kann sowohl im Abgas- als auch im Ansaugmodus betrieben werden und bietet flexible Bel\u00fcftungsoptionen<\/p>\n<\/li>\n<li data-start=\"923\" data-end=\"1020\">\n<p data-start=\"925\" data-end=\"1020\"><strong data-start=\"925\" data-end=\"956\">Bidirektionale Funktionalit\u00e4t<\/strong>: Geeignet f\u00fcr R\u00e4ume, die sowohl Luftabsaugung als auch Versorgung erfordern<\/p>\n<\/li>\n<\/ul>\n<p data-start=\"1025\" data-end=\"1059\"><a class=\"button button_right button_size_2\" title=\"\" href=\"mailto:info@kcvents.com\" target=\"_blank\" rel=\"noopener\"><span class=\"button_label\">Untersuchung<\/span><\/a><\/p>","protected":false},"featured_media":1081,"comment_status":"open","ping_status":"closed","template":"","meta":{"_acf_changed":false},"product_brand":[],"product_cat":[28],"product_tag":[31,30,29,34,32,33],"class_list":{"0":"post-1077","1":"product","2":"type-product","3":"status-publish","4":"has-post-thumbnail","6":"product_cat-exhaust-fan","7":"product_tag-backdraft-damper","8":"product_tag-durable-abs-housing","9":"product_tag-energy-efficient-ec-motor","10":"product_tag-low-noise-operation","11":"product_tag-reversible-airflow","12":"product_tag-variable-speed-control","14":"first","15":"instock","16":"taxable","17":"shipping-taxable","18":"purchasable","19":"product-type-variable","20":"has-default-attributes"},"acf":[],"_links":{"self":[{"href":"https:\/\/www.ecvents.com\/de\/wp-json\/wp\/v2\/product\/1077","targetHints":{"allow":["GET"]}}],"collection":[{"href":"https:\/\/www.ecvents.com\/de\/wp-json\/wp\/v2\/product"}],"about":[{"href":"https:\/\/www.ecvents.com\/de\/wp-json\/wp\/v2\/types\/product"}],"replies":[{"embeddable":true,"href":"https:\/\/www.ecvents.com\/de\/wp-json\/wp\/v2\/comments?post=1077"}],"wp:featuredmedia":[{"embeddable":true,"href":"https:\/\/www.ecvents.com\/de\/wp-json\/wp\/v2\/media\/1081"}],"wp:attachment":[{"href":"https:\/\/www.ecvents.com\/de\/wp-json\/wp\/v2\/media?parent=1077"}],"wp:term":[{"taxonomy":"product_brand","embeddable":true,"href":"https:\/\/www.ecvents.com\/de\/wp-json\/wp\/v2\/product_brand?post=1077"},{"taxonomy":"product_cat","embeddable":true,"href":"https:\/\/www.ecvents.com\/de\/wp-json\/wp\/v2\/product_cat?post=1077"},{"taxonomy":"product_tag","embeddable":true,"href":"https:\/\/www.ecvents.com\/de\/wp-json\/wp\/v2\/product_tag?post=1077"}],"curies":[{"name":"WP","href":"https:\/\/api.w.org\/{rel}","templated":true}]}}