{"id":1106,"date":"2025-08-28T10:38:28","date_gmt":"2025-08-28T10:38:28","guid":{"rendered":"https:\/\/ecvents.com\/?post_type=product&#038;p=1106"},"modified":"2026-01-07T03:54:38","modified_gmt":"2026-01-07T08:54:38","slug":"wandfenster-abgasventilator-j","status":"publish","type":"product","link":"https:\/\/www.ecvents.com\/de\/product\/wandfenster-abgasventilator-j\/","title":{"rendered":"Wandmontage-Abluftventilator mit Fernbedienung, KCVents 4\/6 Zoll umkehrbarer Luftstrom oder R\u00fcckzugsd\u00e4mpfer"},"content":{"rendered":"<div class=\"container-PrUkKo\">\n<div class=\"item-hGGxLi\">\n<div class=\"container-arOxqB chrome70-container\">\n<div class=\"inner-FyM8gE inner-item-swzCut\" data-target-id=\"message-box-target-id\" data-testid=\"union_message\">\n<div class=\"message-block-container-aFugD6\" data-testid=\"message-block-container\">\n<div class=\"flex flex-row w-full w-full max-w-full s-font-base text-s-color-text-secondary p-0 rounded-s-radius-s bg-transparent group data-[attr=select-mode]:-mt-10 data-[attr=select-mode]:py-10 data-[attr=select-mode]:px-16 data-[attr=select-mode]:sm:p-10 data-[attr=select-mode]:hover:bg-s-color-bg-base data-[attr=select-mode]:hover:rounded-s-radius-xs data-[attr=select-mode]:has-[:checked]:bg-s-color-bg-trans data-[attr=select-mode]:has-[:checked]:rounded-s-radius-xs data-[attr=select-mode]:pointer-events-none\" data-testid=\"receive_message\">\n<div class=\"flex flex-col flex-grow max-w-full min-w-0\">\n<div class=\"flex flex-row w-full\" data-testid=\"message_content\" data-message-id=\"18262907875209218\">\n<div class=\"w-full\" data-plugin-identifier=\"Symbol(infra:receive-message-box:text)\">\n<div class=\"container-ZYIsnH flow-markdown-body theme-samantha-Nbr9UN\" dir=\"ltr\" data-testid=\"message_text_content\" data-show-indicator=\"false\">\n<div class=\"auto-hide-last-sibling-br mdbox-table-root table-container-GhL7Lo\" data-scroll-inline-overflow=\"false\" data-scroll-inline-at-start=\"true\" data-scroll-inline-start-overflow=\"false\" data-scroll-inline-at-end=\"true\" data-scroll-inline-end-overflow=\"false\">\n<div class=\"table-scroll-container-hgHkfW mdbox-table-scroll-container\">\n<h3 data-imt_insert_failed=\"1\">1) Schneller Vergleich: Reversible vs. Backdraft-D\u00e4mpfer<\/h3>\n<p data-imt_insert_failed=\"1\">W\u00e4hlen Sie die Version, die Ihrem L\u00fcftungsziel entspricht. Wenn Sie beide brauchen\u00a0<strong>Ansaug- und Auspuff<\/strong>, pfl\u00fccken\u00a0<strong>Umkehrluftstrom<\/strong>. drohen Wenn Sie nur brauchen\u00a0<strong>Einweg-Auspuff<\/strong>\u00a0und den R\u00fcckfluss reduzieren, ausw\u00e4hlen\u00a0<strong>Hinterwindklappe<\/strong>.<\/p>\n<div class=\"overflow-x-auto\">\n<table class=\"min-w-full\">\n<thead>\n<tr>\n<th class=\"whitespace-nowrap px-3 py-2\">Posten<\/th>\n<th class=\"whitespace-nowrap px-3 py-2\">Reversible Airflow-Version<\/th>\n<th class=\"whitespace-nowrap px-3 py-2\">Backdraft-D\u00e4mpfer-Version<\/th>\n<\/tr>\n<\/thead>\n<tbody>\n<tr>\n<td class=\"px-3 py-2\">Luftstromrichtung<\/td>\n<td class=\"px-3 py-2\">umkehrbar (Ansaugung \u2194 Auspuff)<\/td>\n<td class=\"px-3 py-2\">auspufflich<\/td>\n<\/tr>\n<tr>\n<td class=\"px-3 py-2\">Hinterwindklappe<\/td>\n<td class=\"px-3 py-2\">kein<\/td>\n<td class=\"px-3 py-2\">Ja (hilft R\u00fcckfluss zu verhindern; hilft Insekten zu blockieren)<\/td>\n<\/tr>\n<tr>\n<td class=\"px-3 py-2\">am besten f\u00fcr<\/td>\n<td class=\"px-3 py-2\">R\u00e4ume, die Frischluftzufuhr ben\u00f6tigen\u00a0<em>und<\/em>\u00a0Auspuffflexibilit\u00e4t<\/td>\n<td class=\"px-3 py-2\">Badezimmer\/K\u00fcchen\/Garages, wo Einwegauspuff bevorzugt wird<\/td>\n<\/tr>\n<tr>\n<td class=\"px-3 py-2\">regeln<\/td>\n<td class=\"px-3 py-2\">Fernbedienung (versionsabh\u00e4ngig)<\/td>\n<td class=\"px-3 py-2\">Fernbedienung oder Wandschalter (versionsabh\u00e4ngig)<\/td>\n<\/tr>\n<tr>\n<td class=\"px-3 py-2\">Geschwindigkeitsregelung<\/td>\n<td class=\"px-3 py-2\">5-stufige variable Geschwindigkeit<\/td>\n<td class=\"px-3 py-2\">5-stufige variable Geschwindigkeit<\/td>\n<\/tr>\n<tr>\n<td class=\"px-3 py-2\">motorisch<\/td>\n<td class=\"px-3 py-2\">EC-Motor<\/td>\n<td class=\"px-3 py-2\">EC-Motor<\/td>\n<\/tr>\n<tr>\n<td class=\"px-3 py-2\">Ger\u00e4usch<\/td>\n<td class=\"px-3 py-2\">Ger\u00e4uscharmer Betrieb<\/td>\n<td class=\"px-3 py-2\">Ger\u00e4uscharmer Betrieb<\/td>\n<\/tr>\n<tr>\n<td class=\"px-3 py-2\">Leistung (gleicher Gr\u00f6\u00dfenvergleich)<\/td>\n<td class=\"px-3 py-2\"><strong>H\u00f6here Leistung<\/strong>\u00a0(siehe Modelltabelle)<\/td>\n<td class=\"px-3 py-2\"><strong>geringere Leistung<\/strong>\u00a0(siehe Modelltabelle)<\/td>\n<\/tr>\n<\/tbody>\n<\/table>\n<\/div>\n<hr \/>\n<h3>2) Geteilte Spezifikationen<\/h3>\n<p>Diese Spezifikationen gelten f\u00fcr beide Versionen (umkehrbarer Luftstrom und R\u00fcckdraft-D\u00e4mpfer):<\/p>\n<div class=\"overflow-x-auto\">\n<table class=\"min-w-full\">\n<thead>\n<tr>\n<th class=\"whitespace-nowrap px-3 py-2\">Geteilter Gegenstand<\/th>\n<th class=\"whitespace-nowrap px-3 py-2\">genaue Angaben<\/th>\n<\/tr>\n<\/thead>\n<tbody>\n<tr>\n<td class=\"px-3 py-2\">stempeln<\/td>\n<td class=\"px-3 py-2\">kcvents<\/td>\n<\/tr>\n<tr>\n<td class=\"px-3 py-2\">Einrichtung<\/td>\n<td class=\"px-3 py-2\">Wand- \/ Fenstermontage (wandmontiert)<\/td>\n<\/tr>\n<tr>\n<td class=\"px-3 py-2\">Anwendung<\/td>\n<td class=\"px-3 py-2\">Hotel, Industrie, Wohnmobil, Garage, Haushalt<\/td>\n<\/tr>\n<tr>\n<td class=\"px-3 py-2\">Aufgabe<\/td>\n<td class=\"px-3 py-2\">Abluft (mit versionsspezifischer Luftstr\u00f6mungsrichtung)<\/td>\n<\/tr>\n<tr>\n<td class=\"px-3 py-2\">Geh\u00e4usematerial<\/td>\n<td class=\"px-3 py-2\">Kunststoff \/ ABS (ABS-Geh\u00e4use auf reversible Versions-Icons)<\/td>\n<\/tr>\n<tr>\n<td class=\"px-3 py-2\">Motortyp<\/td>\n<td class=\"px-3 py-2\">EC-Motor (Energiesparend)<\/td>\n<\/tr>\n<tr>\n<td class=\"px-3 py-2\">Geschwindigkeitsregelung<\/td>\n<td class=\"px-3 py-2\">5-stufige Geschwindigkeitsregelung<\/td>\n<\/tr>\n<tr>\n<td class=\"px-3 py-2\">Ger\u00e4uschpegel<\/td>\n<td class=\"px-3 py-2\">\u2264 40 dB<\/td>\n<\/tr>\n<tr>\n<td class=\"px-3 py-2\">App-Steuerung<\/td>\n<td class=\"px-3 py-2\">kein<\/td>\n<\/tr>\n<tr>\n<td class=\"px-3 py-2\">Bediensprache<\/td>\n<td class=\"px-3 py-2\">englisch<\/td>\n<\/tr>\n<tr>\n<td class=\"px-3 py-2\">Gew\u00e4hr<\/td>\n<td class=\"px-3 py-2\"><strong>3 Jahre<\/strong><\/td>\n<\/tr>\n<tr>\n<td class=\"px-3 py-2\">Ursprung<\/td>\n<td class=\"px-3 py-2\">Guangdong, China<\/td>\n<\/tr>\n<tr>\n<td class=\"px-3 py-2\">Individualisierung<\/td>\n<td class=\"px-3 py-2\">Logo-\/Grafikanpassung: 3D-Druck<\/td>\n<\/tr>\n<\/tbody>\n<\/table>\n<\/div>\n<hr \/>\n<h3>3) Modelltabellen zur Auftragsbest\u00e4tigung<\/h3>\n<p>Verwenden Sie die folgenden Tabellen, um das genaue Modell zu best\u00e4tigen (Gr\u00f6\u00dfe, Leistung, Luftstrom und Version).<\/p>\n<h4>a) Umkehrbare Luftstrommodelle (umkehrbare Richtung)<\/h4>\n<div class=\"overflow-x-auto\">\n<table class=\"min-w-full\">\n<thead>\n<tr>\n<th class=\"whitespace-nowrap px-3 py-2\">modellieren<\/th>\n<th class=\"whitespace-nowrap px-3 py-2\">Gr\u00f6\u00dfe (Zoll)<\/th>\n<th class=\"whitespace-nowrap px-3 py-2\">Spannung<\/th>\n<th class=\"whitespace-nowrap px-3 py-2\">EC-Motorleistung (W)<\/th>\n<th class=\"whitespace-nowrap px-3 py-2\">Luftstrom (m\u00b3\/h)<\/th>\n<th class=\"whitespace-nowrap px-3 py-2\">Notizen<\/th>\n<\/tr>\n<\/thead>\n<tbody>\n<tr>\n<td class=\"px-3 py-2\"><strong>APC10-J-Reversibel<\/strong><\/td>\n<td class=\"px-3 py-2\">4\u2033<\/td>\n<td class=\"px-3 py-2\">80\u2013245V, 50\u201360Hz<\/td>\n<td class=\"px-3 py-2\"><strong>10w<\/strong><\/td>\n<td class=\"px-3 py-2\"><strong>100<\/strong><\/td>\n<td class=\"px-3 py-2\">umkehrbarer Luftstrom;\u00a0<strong>70-Sekunden-Automatikzyklus<\/strong>; ;; 5-stufige Geschwindigkeitsregelung<\/td>\n<\/tr>\n<tr>\n<td class=\"px-3 py-2\"><strong>APC15-J-Wende<\/strong><\/td>\n<td class=\"px-3 py-2\">6\u2033<\/td>\n<td class=\"px-3 py-2\">80\u2013245V, 50\u201360Hz<\/td>\n<td class=\"px-3 py-2\"><strong>10w<\/strong><\/td>\n<td class=\"px-3 py-2\"><strong>230<\/strong><\/td>\n<td class=\"px-3 py-2\">umkehrbarer Luftstrom;\u00a0<strong>70-Sekunden-Automatikzyklus<\/strong>; ;; 5-stufige Geschwindigkeitsregelung<\/td>\n<\/tr>\n<\/tbody>\n<\/table>\n<\/div>\n<h4>b) Modelle mit R\u00fcckschlagd\u00e4mpfern (nur Auspuff + R\u00fcckfluss)<\/h4>\n<div class=\"overflow-x-auto\">\n<table class=\"min-w-full\">\n<thead>\n<tr>\n<th class=\"whitespace-nowrap px-3 py-2\">modellieren<\/th>\n<th class=\"whitespace-nowrap px-3 py-2\">Gr\u00f6\u00dfe (Zoll)<\/th>\n<th class=\"whitespace-nowrap px-3 py-2\">Spannung<\/th>\n<th class=\"whitespace-nowrap px-3 py-2\">EC-Motorleistung (W)<\/th>\n<th class=\"whitespace-nowrap px-3 py-2\">Luftstrom (m\u00b3\/h)<\/th>\n<th class=\"whitespace-nowrap px-3 py-2\">Notizen<\/th>\n<\/tr>\n<\/thead>\n<tbody>\n<tr>\n<td class=\"px-3 py-2\"><strong>APC10-J<\/strong><\/td>\n<td class=\"px-3 py-2\">4\u2033<\/td>\n<td class=\"px-3 py-2\">220V<\/td>\n<td class=\"px-3 py-2\"><strong>4w<\/strong><\/td>\n<td class=\"px-3 py-2\"><strong>90<\/strong><\/td>\n<td class=\"px-3 py-2\">nur auspuff;\u00a0<strong>Hinterwindklappe<\/strong><\/td>\n<\/tr>\n<tr>\n<td class=\"px-3 py-2\"><strong>APC15-J<\/strong><\/td>\n<td class=\"px-3 py-2\">6\u2033<\/td>\n<td class=\"px-3 py-2\">(nicht bereitgestellt)<\/td>\n<td class=\"px-3 py-2\"><strong>5w<\/strong><\/td>\n<td class=\"px-3 py-2\"><strong>180<\/strong><\/td>\n<td class=\"px-3 py-2\">nur auspuff;\u00a0<strong>Hinterwindklappe<\/strong><\/td>\n<\/tr>\n<\/tbody>\n<\/table>\n<\/div>\n<h3 data-start=\"74\" data-end=\"153\">\ud83c\udf2c\ufe0f Standardversion (z. B. APC-C-EC \/ Thermostat leise \/ Kabelschalter)<\/h3>\n<p data-start=\"154\" data-end=\"192\"><strong data-start=\"154\" data-end=\"174\">\u2705 Hauptfunktion:<\/strong> Einweg-Auspuff<\/p>\n<ul data-start=\"193\" data-end=\"524\">\n<li data-start=\"193\" data-end=\"267\">\n<p data-start=\"195\" data-end=\"267\">\ud83c\udfe0 Entfernt Innenluft mit Ger\u00fcchen, Feuchtigkeit, Rauch oder Schadstoffen<\/p>\n<\/li>\n<li data-start=\"268\" data-end=\"331\">\n<p data-start=\"270\" data-end=\"331\">\ud83d\udeaa Vertreibt Innenluft im Freien, um die Luftqualit\u00e4t der Innenraum zu verbessern<\/p>\n<\/li>\n<li data-start=\"332\" data-end=\"412\">\n<p data-start=\"334\" data-end=\"412\">\ud83d\udca8 Stellen Sie es sich als einen Einweg-\u201cLufttransporter\u201d vor: Es dr\u00fcckt nur die Innenluft aus<\/p>\n<\/li>\n<li data-start=\"413\" data-end=\"524\">\n<p data-start=\"415\" data-end=\"524\">\ud83c\udf73 Beispiel: Nach dem Kochen kann es Kochd\u00e4mpfe und Rauch entfernen, aber <strong data-start=\"485\" data-end=\"522\">kann keine frische Au\u00dfenluft hereinbringen<\/strong><\/p>\n<\/li>\n<\/ul>\n<hr data-start=\"526\" data-end=\"529\" \/>\n<h3 data-start=\"531\" data-end=\"594\">\ud83d\udd04 Reversible Version (z. B. APC-C-EC \/ Reversible-Modell)<\/h3>\n<p data-start=\"595\" data-end=\"658\"><strong data-start=\"595\" data-end=\"615\">\u2705 Hauptfunktion:<\/strong> Bidirektionaler Luftstrom (Absaugung &amp; Ansaugung)<\/p>\n<ul data-start=\"659\" data-end=\"969\">\n<li data-start=\"659\" data-end=\"722\">\n<p data-start=\"661\" data-end=\"722\">\ud83c\udfe0 Vertreibt verschmutzte Innenluft <strong data-start=\"691\" data-end=\"720\">Wie die Standardversion<\/strong><\/p>\n<\/li>\n<li data-start=\"723\" data-end=\"800\">\n<p data-start=\"725\" data-end=\"800\">\ud83c\udf3f Kann umkehren, um frische Au\u00dfenluft f\u00fcr die Zwei-Wege-Zirkulation in Innenr\u00e4umen zu bringen<\/p>\n<\/li>\n<li data-start=\"801\" data-end=\"891\">\n<p data-start=\"803\" data-end=\"891\">\ud83d\udca8 Beispiel: Wenn sich die Innenluft stickig anf\u00fchlt, wechseln Sie in den R\u00fcckw\u00e4rtsmodus, um frische Luft zu bringen<\/p>\n<\/li>\n<li data-start=\"892\" data-end=\"969\">\n<p data-start=\"894\" data-end=\"969\">\ud83d\udd04 Der normale Modus funktioniert immer noch als Standardabgas, um die Abluft von Innenr\u00e4umen zu entfernen<\/p>\n<\/li>\n<\/ul>\n<hr data-start=\"971\" data-end=\"974\" \/>\n<h3 data-start=\"976\" data-end=\"1000\">\ud83d\udca1Tipps f\u00fcr Nutzer:<\/h3>\n<ul data-start=\"1001\" data-end=\"1192\">\n<li data-start=\"1001\" data-end=\"1093\">\n<p data-start=\"1003\" data-end=\"1093\">Perfekt f\u00fcr K\u00fcchen, Badezimmer oder jeden Innenraum, der ben\u00f6tigt wird <strong data-start=\"1064\" data-end=\"1091\">Verbesserung der Luftqualit\u00e4t<\/strong><\/p>\n<\/li>\n<li data-start=\"1094\" data-end=\"1192\">\n<p data-start=\"1096\" data-end=\"1192\">Reversible Version bietet <strong data-start=\"1124\" data-end=\"1148\">Flexible Bel\u00fcftung<\/strong>, verbessert sowohl die Luftfrische als auch den Komfort<\/p>\n<\/li>\n<\/ul>\n<p data-start=\"1502\" data-end=\"1528\"><strong data-start=\"1502\" data-end=\"1526\">\ud83d\udd39 Zus\u00e4tzliche Hinweise:<\/strong><\/p>\n<ul data-start=\"1529\" data-end=\"1703\">\n<li data-start=\"1529\" data-end=\"1570\">\n<p data-start=\"1531\" data-end=\"1570\">Ideal f\u00fcr die Wand- oder Fensterinstallation<\/p>\n<\/li>\n<li data-start=\"1571\" data-end=\"1638\">\n<p data-start=\"1573\" data-end=\"1638\">Geeignet f\u00fcr Wohn-, Gewerbe- oder Industriel\u00fcftung<\/p>\n<\/li>\n<li data-start=\"1639\" data-end=\"1703\">\n<p data-start=\"1641\" data-end=\"1703\">Umkehrbares Modell verbessert die Flexibilit\u00e4t der Innenluft<\/p>\n<\/li>\n<\/ul>\n<\/div>\n<\/div>\n<\/div>\n<\/div>\n<\/div>\n<\/div>\n<\/div>\n<\/div>\n<\/div>\n<\/div>\n<\/div>\n<\/div>","protected":false},"excerpt":{"rendered":"<p>Der Wandl\u00fcfter von KCvents hilft dabei, Feuchtigkeit, Ger\u00fcche und abgestandene Luft in Badezimmern, K\u00fcchen, Waschr\u00e4umen und anderen Wohnr\u00e4umen zu entfernen. W\u00e4hlen Sie aus 4\u2033\/6\u2033-Gr\u00f6\u00dfen und verschiedenen Konfigurationen, um Ihren Installations- und Nutzungsanforderungen zu entsprechen.<\/p>\n<ul>\n<li>Wandmontage f\u00fcr Bad\/K\u00fcche\/Raumbel\u00fcftung<\/li>\n<li>4\u2033\/6\u2033 Gr\u00f6\u00dfenoptionen f\u00fcr verschiedene Kanal\u00f6ffnungen<\/li>\n<li>Fernbedienungs- oder Schaltersteuerungsoptionen f\u00fcr Komfort<\/li>\n<li>Umweltfreundlicher, energieeffizienter Betrieb<\/li>\n<li>Hohe Temperaturbest\u00e4ndigkeit (bis\u00a0<strong>105\u00b0C<\/strong>, je nach Version)<\/li>\n<li>Mehrere Steckertypen: US \/ EU \/ UK \/ AU (Ausw\u00e4hlen an der Kasse)<\/li>\n<\/ul>","protected":false},"featured_media":3913,"comment_status":"open","ping_status":"closed","template":"","meta":{"_acf_changed":false},"product_brand":[62],"product_cat":[28],"product_tag":[31,30,29,34,32,33],"class_list":{"0":"post-1106","1":"product","2":"type-product","3":"status-publish","4":"has-post-thumbnail","6":"product_brand-kcvents","7":"product_cat-exhaust-fan","8":"product_tag-backdraft-damper","9":"product_tag-durable-abs-housing","10":"product_tag-energy-efficient-ec-motor","11":"product_tag-low-noise-operation","12":"product_tag-reversible-airflow","13":"product_tag-variable-speed-control","15":"first","16":"instock","17":"taxable","18":"shipping-taxable","19":"purchasable","20":"product-type-variable","21":"has-default-attributes"},"acf":[],"_links":{"self":[{"href":"https:\/\/www.ecvents.com\/de\/wp-json\/wp\/v2\/product\/1106","targetHints":{"allow":["GET"]}}],"collection":[{"href":"https:\/\/www.ecvents.com\/de\/wp-json\/wp\/v2\/product"}],"about":[{"href":"https:\/\/www.ecvents.com\/de\/wp-json\/wp\/v2\/types\/product"}],"replies":[{"embeddable":true,"href":"https:\/\/www.ecvents.com\/de\/wp-json\/wp\/v2\/comments?post=1106"}],"wp:featuredmedia":[{"embeddable":true,"href":"https:\/\/www.ecvents.com\/de\/wp-json\/wp\/v2\/media\/3913"}],"wp:attachment":[{"href":"https:\/\/www.ecvents.com\/de\/wp-json\/wp\/v2\/media?parent=1106"}],"wp:term":[{"taxonomy":"product_brand","embeddable":true,"href":"https:\/\/www.ecvents.com\/de\/wp-json\/wp\/v2\/product_brand?post=1106"},{"taxonomy":"product_cat","embeddable":true,"href":"https:\/\/www.ecvents.com\/de\/wp-json\/wp\/v2\/product_cat?post=1106"},{"taxonomy":"product_tag","embeddable":true,"href":"https:\/\/www.ecvents.com\/de\/wp-json\/wp\/v2\/product_tag?post=1106"}],"curies":[{"name":"WP","href":"https:\/\/api.w.org\/{rel}","templated":true}]}}