{"id":239,"date":"2022-05-04T14:09:56","date_gmt":"2022-05-04T14:09:56","guid":{"rendered":"https:\/\/startersites.io\/blocksy\/gadgets\/?post_type=product&#038;p=239"},"modified":"2026-02-06T04:52:51","modified_gmt":"2026-02-06T09:52:51","slug":"ec-inline-lufter-mit-thermo-hygrometric","status":"publish","type":"product","link":"https:\/\/www.ecvents.com\/de\/product\/ec-inline-lufter-mit-thermo-hygrometric\/","title":{"rendered":"EC Inline-L\u00fcfter mit stufenloser Geschwindigkeit"},"content":{"rendered":"<div class=\"column mcb-column mcb-item-fb0f6563c one laptop-one tablet-one mobile-one column_video vb-item\">\n<div class=\"mcb-column-inner mfn-module-wrapper mcb-column-inner-fb0f6563c mcb-item-video-inner\">\n<div class=\"content_video iframe auto-wh\"><div class=\"lyte-wrapper\" style=\"width:560px;max-width:100%;margin:5px auto;\"><div class=\"lyMe qsa_\\&amp;enablejsapi\\=1\\&amp;origin\\=https:\/\/www.ecvents.com\" id=\"WYL_yY-lsTz0Fk4\"><div id=\"lyte_yY-lsTz0Fk4\" data-src=\"https:\/\/www.ecvents.com\/wp-content\/plugins\/wp-youtube-lyte\/lyteCache.php?origThumbUrl=%2F%2Fi.ytimg.com%2Fvi%2FyY-lsTz0Fk4%2Fhqdefault.jpg\" class=\"pL\"><div class=\"tC\"><div class=\"tT\"><\/div><\/div><div class=\"play\"><\/div><div class=\"ctrl\"><div class=\"Lctrl\"><\/div><div class=\"Rctrl\"><\/div><\/div><\/div><noscript><a href=\"https:\/\/youtu.be\/yY-lsTz0Fk4\" rel=\"nofollow noopener\" target=\"_blank\"><img loading=\"lazy\" decoding=\"async\" src=\"https:\/\/www.ecvents.com\/wp-content\/plugins\/wp-youtube-lyte\/lyteCache.php?origThumbUrl=https%3A%2F%2Fi.ytimg.com%2Fvi%2FyY-lsTz0Fk4%2F0.jpg\" alt=\"YouTube video thumbnail\" width=\"560\" height=\"295\" data-no-translation=\"\" \/><br \/>Sehen Sie sich dieses Video auf YouTube an<\/a><\/noscript><\/div><\/div><div class=\"lL\" style=\"max-width:100%;width:560px;margin:5px auto;\"><\/div><\/div>\n<\/div>\n<\/div>\n<div class=\"column mcb-column mcb-item-pdyqd734b one laptop-one tablet-one mobile-one column_column vb-item\">\n<div class=\"mcb-column-inner mfn-module-wrapper mcb-column-inner-pdyqd734b mcb-item-column-inner\">\n<div class=\"column_attr mfn-inline-editor clearfix\">\n<p>\uff08Mobilterminal\uff1aSchieben Sie das Blatt nach rechts, um mehr zu sehen.<\/p>\n<div class=\"mcb-wrap-background-overlay\"><\/div>\n<div class=\"column mcb-column mcb-item-1f437567e one laptop-one tablet-one mobile-one column_video vb-item\">\n<div class=\"mcb-column-inner mfn-module-wrapper mcb-column-inner-1f437567e mcb-item-video-inner\">\n<div class=\"content_video iframe auto-wh\"><div class=\"lyte-wrapper\" style=\"width:560px;max-width:100%;margin:5px auto;\"><div class=\"lyMe qsa_\\&amp;enablejsapi\\=1\\&amp;origin\\=https:\/\/www.ecvents.com\" id=\"WYL_yY-lsTz0Fk4\"><div id=\"lyte_yY-lsTz0Fk4\" data-src=\"https:\/\/www.ecvents.com\/wp-content\/plugins\/wp-youtube-lyte\/lyteCache.php?origThumbUrl=%2F%2Fi.ytimg.com%2Fvi%2FyY-lsTz0Fk4%2Fhqdefault.jpg\" class=\"pL\"><div class=\"tC\"><div class=\"tT\"><\/div><\/div><div class=\"play\"><\/div><div class=\"ctrl\"><div class=\"Lctrl\"><\/div><div class=\"Rctrl\"><\/div><\/div><\/div><noscript><a href=\"https:\/\/youtu.be\/yY-lsTz0Fk4\" rel=\"nofollow noopener\" target=\"_blank\"><img loading=\"lazy\" decoding=\"async\" src=\"https:\/\/www.ecvents.com\/wp-content\/plugins\/wp-youtube-lyte\/lyteCache.php?origThumbUrl=https%3A%2F%2Fi.ytimg.com%2Fvi%2FyY-lsTz0Fk4%2F0.jpg\" alt=\"YouTube video thumbnail\" width=\"560\" height=\"295\" data-no-translation=\"\" \/><br \/>Sehen Sie sich dieses Video auf YouTube an<\/a><\/noscript><\/div><\/div><div class=\"lL\" style=\"max-width:100%;width:560px;margin:5px auto;\"><\/div><\/div>\n<\/div>\n<\/div>\n<div class=\"column mcb-column mcb-item-dt7roja3r one laptop-one tablet-one mobile-one column_column vb-item\">\n<div class=\"mcb-column-inner mfn-module-wrapper mcb-column-inner-dt7roja3r mcb-item-column-inner\">\n<div class=\"column_attr mfn-inline-editor clearfix\">\n<h4>Produkttabelle (Zoll):<\/h4>\n<table>\n<thead>\n<tr>\n<th>modellieren<\/th>\n<th>Abmessungen (Zoll)<\/th>\n<th>Durchmesser<\/th>\n<th>\u00a0Spannung<\/th>\n<th>Leistung (W)<\/th>\n<th>Geschwindigkeit (U\/min)<\/th>\n<th>Luftstrom (CFM)<\/th>\n<th>L\u00e4rm (dB)<\/th>\n<th>L\u00e4nge des Netzkabels<\/th>\n<th>L\u00fcfter auf Controller-Drahtl\u00e4nge<\/th>\n<\/tr>\n<\/thead>\n<tbody>\n<tr>\n<td>KC100 \u2013 M<\/td>\n<td>11.93*<em>7.95*<\/em>7.48<\/td>\n<td>4<\/td>\n<td>AC110 \u2013 240V 50\/60Hz<\/td>\n<td>30<\/td>\n<td>2700<\/td>\n<td>205<\/td>\n<td>28<\/td>\n<td>59.06<\/td>\n<td>98.43<\/td>\n<\/tr>\n<tr>\n<td>KC150 \u2013 M<\/td>\n<td>12.40*<em>8.89*<\/em>8.28<\/td>\n<td>6<\/td>\n<td>AC110 \u2013 240V 50\/60Hz<\/td>\n<td>50<\/td>\n<td>2500<\/td>\n<td>350<\/td>\n<td>32<\/td>\n<td>59.06<\/td>\n<td>98.43<\/td>\n<\/tr>\n<tr>\n<td>KC200 \u2013 M<\/td>\n<td>12.99*<em>9.92*<\/em>9.25<\/td>\n<td>8<\/td>\n<td>AC110 \u2013 240V 50\/60Hz<\/td>\n<td>70<\/td>\n<td>2300<\/td>\n<td>500<\/td>\n<td>40<\/td>\n<td>59.06<\/td>\n<td>98.43<\/td>\n<\/tr>\n<\/tbody>\n<\/table>\n<\/div>\n<\/div>\n<\/div>\n<h4>Kurven:<\/h4>\n<p><img loading=\"lazy\" decoding=\"async\" class=\"alignnone size-full wp-image-2391\" src=\"https:\/\/www.kcvents.com\/wp-content\/uploads\/2025\/07\/%E6%9B%B2%E7%BA%BF%E5%9B%BEKC-A-M.jpg\" alt=\"\" width=\"1500\" height=\"770\" data-no-translation=\"\" \/><\/p>\n<h4>Andere Farben: Gelb und Gr\u00fcn<\/h4>\n<p><img decoding=\"async\" class=\"scale-with-grid\" src=\"https:\/\/www.kcvents.com\/wp-content\/uploads\/2021\/10\/ECcolor.jpg\" alt=\"\" data-no-translation=\"\" \/><\/p>\n<p><img decoding=\"async\" class=\"scale-with-grid\" src=\"https:\/\/www.kcvents.com\/wp-content\/uploads\/2021\/12\/Duct-Fan-With-Controller_01.jpg\" alt=\"Duct-Fan-With-Controller\" data-no-translation=\"\" \/><br \/>\n<img decoding=\"async\" class=\"scale-with-grid\" src=\"https:\/\/www.kcvents.com\/wp-content\/uploads\/2021\/12\/Duct-Fan-With-Controller_02.jpg\" alt=\"Duct-Fan-With-Controller\" data-no-translation=\"\" \/><br \/>\n<img decoding=\"async\" class=\"scale-with-grid\" src=\"https:\/\/www.kcvents.com\/wp-content\/uploads\/2021\/12\/Duct-Fan-With-Controller_03.jpg\" alt=\"Duct-Fan-With-Controller\" data-no-translation=\"\" \/><\/p>\n<\/div>\n<\/div>\n<\/div>\n<div class=\"column mcb-column mcb-item-8eobft5hg one laptop-one tablet-one mobile-one column_button vb-item\">\n<div class=\"mcb-column-inner mfn-module-wrapper mcb-column-inner-8eobft5hg mcb-item-button-inner\">\n<div class=\"button_align align_center\"><a class=\"button button_right button_size_2\" title=\"\" href=\"mailto:info@kcvents.com\"><i class=\"icon-direction\" aria-hidden=\"true\"><\/i><span class=\"button_label\">Untersuchung<\/span><\/a><\/div>\n<\/div>\n<\/div>","protected":false},"excerpt":{"rendered":"<ol>\n<li>Das Mischstrom-Design kombiniert mit einem PWM-gesteuerten DC- oder EC-Motor erm\u00f6glicht eine wirklich leise und energieeffiziente Leistung mit stufenloser Drehzahlregelung.<\/li>\n<li>Benutzerfreundliche Anzeige mit L\u00fcftergeschwindigkeit, Temperatur- und Feuchtigkeitseinstellung. Smart Controller mit Timer und Alarmsystem. Integrierte Temperatur- und Feuchtigkeitssensoren erm\u00f6glichen die automatische Geschwindigkeitseinstellung basierend auf den Umgebungsbedingungen.<\/li>\n<li>Es kann in verschiedenen Umgebungen wie Hydroponic Grow Room L\u00fcftung, Transferheizung \/ K\u00fchlung, K\u00fchlung von AV-Schr\u00e4nken und Geruchsextraktion verwendet werden.<\/li>\n<li>Das Kit enth\u00e4lt eine kabelgebundene Sensorsonde, einen Netzstecker, zwei Rohrschellen und die erforderlichen Montageteile.<\/li>\n<\/ol>\n<p><a class=\"button button_right button_size_2\" title=\"\" href=\"mailto:info@kcvents.com\" target=\"_blank\" rel=\"noopener\"><i class=\"icon-direction\" aria-hidden=\"true\"><\/i><span class=\"button_label\">Untersuchung<\/span><\/a>\u00a0<a class=\"button button_right button_size_2\" title=\"\" href=\"https:\/\/www.kcvents.com\/wp-content\/uploads\/2021\/12\/EC-inline-duct-fan.pdf\" target=\"_blank\" rel=\"noopener\"><i class=\"icon-acrobat\" aria-hidden=\"true\"><\/i><span class=\"button_label\">Katalog<\/span><\/a><\/p>","protected":false},"featured_media":962,"comment_status":"open","ping_status":"closed","template":"","meta":{"_acf_changed":false},"product_brand":[],"product_cat":[27],"product_tag":[],"class_list":{"0":"post-239","1":"product","2":"type-product","3":"status-publish","4":"has-post-thumbnail","6":"product_cat-inline-duct-fan","8":"first","9":"instock","10":"taxable","11":"shipping-taxable","12":"purchasable","13":"product-type-variable"},"acf":[],"_links":{"self":[{"href":"https:\/\/www.ecvents.com\/de\/wp-json\/wp\/v2\/product\/239","targetHints":{"allow":["GET"]}}],"collection":[{"href":"https:\/\/www.ecvents.com\/de\/wp-json\/wp\/v2\/product"}],"about":[{"href":"https:\/\/www.ecvents.com\/de\/wp-json\/wp\/v2\/types\/product"}],"replies":[{"embeddable":true,"href":"https:\/\/www.ecvents.com\/de\/wp-json\/wp\/v2\/comments?post=239"}],"wp:featuredmedia":[{"embeddable":true,"href":"https:\/\/www.ecvents.com\/de\/wp-json\/wp\/v2\/media\/962"}],"wp:attachment":[{"href":"https:\/\/www.ecvents.com\/de\/wp-json\/wp\/v2\/media?parent=239"}],"wp:term":[{"taxonomy":"product_brand","embeddable":true,"href":"https:\/\/www.ecvents.com\/de\/wp-json\/wp\/v2\/product_brand?post=239"},{"taxonomy":"product_cat","embeddable":true,"href":"https:\/\/www.ecvents.com\/de\/wp-json\/wp\/v2\/product_cat?post=239"},{"taxonomy":"product_tag","embeddable":true,"href":"https:\/\/www.ecvents.com\/de\/wp-json\/wp\/v2\/product_tag?post=239"}],"curies":[{"name":"WP","href":"https:\/\/api.w.org\/{rel}","templated":true}]}}