{"id":253,"date":"2022-05-04T14:23:18","date_gmt":"2022-05-04T14:23:18","guid":{"rendered":"https:\/\/startersites.io\/blocksy\/gadgets\/?post_type=product&#038;p=253"},"modified":"2025-10-29T02:45:09","modified_gmt":"2025-10-29T07:45:09","slug":"ec-badezimmerventilator","status":"publish","type":"product","link":"https:\/\/www.ecvents.com\/de\/product\/ec-badezimmerventilator\/","title":{"rendered":"EC Badezimmerventilator"},"content":{"rendered":"<div class=\"column mcb-column mcb-item-ef2dc8aa4 one laptop-one tablet-one mobile-one column_column vb-item\">\n<div class=\"mcb-column-inner mfn-module-wrapper mcb-column-inner-ef2dc8aa4 mcb-item-column-inner\">\n<div class=\"column_attr mfn-inline-editor clearfix\">\n<p><img loading=\"lazy\" decoding=\"async\" class=\"alignnone size-full wp-image-2485\" src=\"https:\/\/www.kcvents.com\/wp-content\/uploads\/2025\/07\/ec-Motor-Exhaust-Fan.jpg\" alt=\"\" width=\"1000\" height=\"589\" data-no-translation=\"\" \/><\/p>\n<h4>Abmessungen (mm)<\/h4>\n<table>\n<thead>\n<tr>\n<th>modellieren<\/th>\n<th>Paneel<\/th>\n<th>Dicke<\/th>\n<th>Durchmesser<\/th>\n<\/tr>\n<\/thead>\n<tbody>\n<tr>\n<td>APC10 \u2013 EC<\/td>\n<td>142*142<\/td>\n<td>75<\/td>\n<td>98<\/td>\n<\/tr>\n<tr>\n<td>APC15 \u2013 EC<\/td>\n<td>200*200<\/td>\n<td>75<\/td>\n<td>150<\/td>\n<\/tr>\n<tr>\n<td>APC20 \u2013 EC<\/td>\n<td>250*250<\/td>\n<td>100<\/td>\n<td>180<\/td>\n<\/tr>\n<\/tbody>\n<\/table>\n<h4>Spezifikation:<\/h4>\n<table>\n<thead>\n<tr>\n<th>modellieren<\/th>\n<th>Spannung (V\/Hz)<\/th>\n<th>Leistung (W)<\/th>\n<th>Luftstrom (m\u00b3\/h)<\/th>\n<th>Geschwindigkeit (r\/min)<\/th>\n<th>L\u00e4rm (dB)<\/th>\n<th>Gr\u00f6\u00dfe (mm)<\/th>\n<th>Lochgr\u00f6\u00dfe (mm)<\/th>\n<\/tr>\n<\/thead>\n<tbody>\n<tr>\n<td>APC10 \u2013 EC<\/td>\n<td>220V \u2013 50Hz<\/td>\n<td>4<\/td>\n<td>192<\/td>\n<td>1800<\/td>\n<td>38<\/td>\n<td>142<em>77<\/em>98<\/td>\n<td>102 - 103<\/td>\n<\/tr>\n<tr>\n<td>APC15 \u2013 EC<\/td>\n<td>220V \u2013 50Hz<\/td>\n<td>5<\/td>\n<td>192<\/td>\n<td>1800<\/td>\n<td>40<\/td>\n<td>200<em>87<\/em>150<\/td>\n<td>152 \u2013 158<\/td>\n<\/tr>\n<tr>\n<td>APC20 \u2013 EC<\/td>\n<td>220V \u2013 50Hz<\/td>\n<td>6<\/td>\n<td>258<\/td>\n<td>1800<\/td>\n<td>42<\/td>\n<td>250<em>100<\/em>180<\/td>\n<td>198 \u2013 203<\/td>\n<\/tr>\n<\/tbody>\n<\/table>\n<p>&nbsp;<\/p>\n<\/div>\n<\/div>\n<\/div>\n<div class=\"column mcb-column mcb-item-95b6ace20 one laptop-one tablet-one mobile-one column_column vb-item\">\n<div class=\"mcb-column-inner mfn-module-wrapper mcb-column-inner-95b6ace20 mcb-item-column-inner\">\n<div class=\"column_attr mfn-inline-editor clearfix\">\n<p>&nbsp;<\/p>\n<div class=\"button_align align_center\"><a class=\"button button_right button_size_2\" title=\"\" href=\"mailto:info@kcvents.com\" target=\"_blank\" rel=\"noopener\"><i class=\"icon-direction\" aria-hidden=\"true\"><\/i><span class=\"button_label\">Untersuchung<\/span><\/a><\/div>\n<\/div>\n<\/div>\n<\/div>","protected":false},"excerpt":{"rendered":"<ol>\n<li>Effiziente Bel\u00fcftung mit leistungsstarkem EC-Motor, der einen optimalen Luftstrom f\u00fcr Ihren Raum gew\u00e4hrleistet. Leistungsstarke und zuverl\u00e4ssige Leistung.<\/li>\n<li>Fortschrittliche EC-Motortechnologie f\u00fcr kraftvolle Bel\u00fcftung bei minimaler Energieverbrauch. Sparen Sie mit unserem effizienten Design Geld bei Stromrechnungen.<\/li>\n<li>Entwickelt f\u00fcr fl\u00fcsterleise Betrieb, perfekt f\u00fcr Schlafzimmer, B\u00fcro oder ger\u00e4uschempfindliche R\u00e4ume. Genie\u00dfen Sie eine ruhige Umgebung mit unserem Fan<\/li>\n<li>Robuste Konstruktion und korrosionsbest\u00e4ndige Materialien sorgen f\u00fcr Langlebigkeit. Ideal f\u00fcr Badezimmer, K\u00fcchen oder gewerbliche Umgebungen, in denen Zuverl\u00e4ssigkeit unerl\u00e4sslich ist.<\/li>\n<li>Einfaches Montagesystem und mitgelieferte Anleitung machen die Installation zum Kinderspiel. Problemloses Setup f\u00fcr Heimwerker oder professionelle Installateure.<\/li>\n<\/ol>\n<p><a class=\"button button_right button_size_2\" title=\"\" href=\"mailto:info@kcvents.com\" target=\"_blank\" rel=\"noopener\"><i class=\"icon-direction\" aria-hidden=\"true\"><\/i><span class=\"button_label\">Untersuchung<\/span><\/a>\u00a0<a class=\"button button_right button_size_2\" title=\"\" href=\"https:\/\/www.kcvents.com\/portfolio-item\/ec-motor-exhaust-fan\" target=\"_blank\" rel=\"noopener\"><i class=\"icon-acrobat\" aria-hidden=\"true\"><\/i><span class=\"button_label\">Katalog<\/span><\/a><\/p>","protected":false},"featured_media":934,"comment_status":"open","ping_status":"closed","template":"","meta":{"_acf_changed":false},"product_brand":[],"product_cat":[28],"product_tag":[],"class_list":{"0":"post-253","1":"product","2":"type-product","3":"status-publish","4":"has-post-thumbnail","6":"product_cat-exhaust-fan","8":"first","9":"instock","10":"taxable","11":"shipping-taxable","12":"purchasable","13":"product-type-variable","14":"has-default-attributes"},"acf":[],"_links":{"self":[{"href":"https:\/\/www.ecvents.com\/de\/wp-json\/wp\/v2\/product\/253","targetHints":{"allow":["GET"]}}],"collection":[{"href":"https:\/\/www.ecvents.com\/de\/wp-json\/wp\/v2\/product"}],"about":[{"href":"https:\/\/www.ecvents.com\/de\/wp-json\/wp\/v2\/types\/product"}],"replies":[{"embeddable":true,"href":"https:\/\/www.ecvents.com\/de\/wp-json\/wp\/v2\/comments?post=253"}],"wp:featuredmedia":[{"embeddable":true,"href":"https:\/\/www.ecvents.com\/de\/wp-json\/wp\/v2\/media\/934"}],"wp:attachment":[{"href":"https:\/\/www.ecvents.com\/de\/wp-json\/wp\/v2\/media?parent=253"}],"wp:term":[{"taxonomy":"product_brand","embeddable":true,"href":"https:\/\/www.ecvents.com\/de\/wp-json\/wp\/v2\/product_brand?post=253"},{"taxonomy":"product_cat","embeddable":true,"href":"https:\/\/www.ecvents.com\/de\/wp-json\/wp\/v2\/product_cat?post=253"},{"taxonomy":"product_tag","embeddable":true,"href":"https:\/\/www.ecvents.com\/de\/wp-json\/wp\/v2\/product_tag?post=253"}],"curies":[{"name":"WP","href":"https:\/\/api.w.org\/{rel}","templated":true}]}}