{"id":257,"date":"2022-05-04T14:26:24","date_gmt":"2022-05-04T14:26:24","guid":{"rendered":"https:\/\/startersites.io\/blocksy\/gadgets\/?post_type=product&#038;p=257"},"modified":"2025-11-04T21:16:55","modified_gmt":"2025-11-05T02:16:55","slug":"wandmontierter-hepa-lufter-vt501-f","status":"publish","type":"product","link":"https:\/\/www.ecvents.com\/de\/product\/wandmontierter-hepa-lufter-vt501-f\/","title":{"rendered":"Wandmontierter HEPA-L\u00fcfter VT501-F"},"content":{"rendered":"<div class=\"column mcb-column mcb-item-zu642fdg6 one laptop-one tablet-one mobile-one column_column vb-item\">\n<div class=\"mcb-column-inner mfn-module-wrapper mcb-column-inner-zu642fdg6 mcb-item-column-inner\">\n<div class=\"column_attr mfn-inline-editor clearfix\">\n<h4><strong>Installationsverfahren<\/strong><\/h4>\n<p>Entwickelt, um R\u00e4ume zu bel\u00fcften, Abgasprojekt, Energie zu sparen, Frischluft zu zirkulieren.<\/p>\n<p>VT501\/VT501 \u2013 WF\/VT501 \u2013 MS<\/p>\n<table>\n<tbody>\n<tr>\n<td>rasen<\/td>\n<td>schlafen<\/td>\n<td>\u2160<\/td>\n<td>\u2161<\/td>\n<td>\u2162<\/td>\n<\/tr>\n<tr>\n<td>Spannung<\/td>\n<td colspan=\"5\">12VDC oder 100 \u2013 240V 50 \u2013 60Hz<\/td>\n<\/tr>\n<tr>\n<td>Gesamtleistung des Ventilators (W)<\/td>\n<td>2.5<\/td>\n<td>3.0<\/td>\n<td>4.5<\/td>\n<td>8.5<\/td>\n<\/tr>\n<tr>\n<td>Ventilatorstrom(A)<\/td>\n<td>0.025<\/td>\n<td>0.030<\/td>\n<td>0.045<\/td>\n<td>0.070<\/td>\n<\/tr>\n<tr>\n<td>Luftstrom (m\u00b3\/h)<\/td>\n<td>20<\/td>\n<td>48<\/td>\n<td>54<\/td>\n<td>60<\/td>\n<\/tr>\n<tr>\n<td>Geschwindigkeit (U\/min)<\/td>\n<td>630<\/td>\n<td>1100<\/td>\n<td>1600<\/td>\n<td>2200<\/td>\n<\/tr>\n<tr>\n<td>Lufttemperatur transportiert<\/td>\n<td colspan=\"5\">-20\u00b0C(-4\u00b0F) bis +50\u00b0C(122\u00b0F)<\/td>\n<\/tr>\n<tr>\n<td>Effizienz des W\u00e4rmeaustauschs<\/td>\n<td colspan=\"5\">bis zu 901 tp3t<\/td>\n<\/tr>\n<tr>\n<td>W\u00e4rmetauscherkern<\/td>\n<td colspan=\"5\">Keramik<\/td>\n<\/tr>\n<\/tbody>\n<\/table>\n<p>Gr\u00f6\u00dfe<\/p>\n<p><img decoding=\"async\" src=\"https:\/\/www.kcvents.com\/wp-content\/uploads\/2021\/12\/VT501-F-size.jpg\" data-no-translation=\"\" \/><\/p>\n<table>\n<thead>\n<tr>\n<th>Parameter<\/th>\n<th>sch\u00e4tzen<\/th>\n<\/tr>\n<\/thead>\n<tbody>\n<tr>\n<td>\u200b<strong>Durchmesser Einheit<\/strong>\u200b<\/td>\n<td>160 mm<\/td>\n<\/tr>\n<tr>\n<td>\u200b<strong>Au\u00dfenrohr<\/strong>\u200b<\/td>\n<td>163 mm<\/td>\n<\/tr>\n<tr>\n<td>\u200b<strong>Durchmesser\/Wanddicke<\/strong>\u200b<\/td>\n<td>Standard: 250 mm \u2013 500 mm<\/td>\n<\/tr>\n<tr>\n<td>\u200b<strong>Installationsrohr<\/strong>(k\u00f6nnen geschnitten werden)<\/td>\n<td>250 mm bis 500 mm<\/td>\n<\/tr>\n<tr>\n<td>\u200b<strong>Innendeckel<\/strong>\u200b<\/td>\n<td>242 mm \u00d7 242 mm<\/td>\n<\/tr>\n<\/tbody>\n<\/table>\n<\/div>\n<\/div>\n<\/div>\n<div class=\"column mcb-column mcb-item-j0ieo32ou one laptop-one tablet-one mobile-one column_button vb-item\">\n<div class=\"mcb-column-inner mfn-module-wrapper mcb-column-inner-j0ieo32ou mcb-item-button-inner\">\n<div class=\"button_align align_center\"><a class=\"button button_right button_size_2\" title=\"\" href=\"mailto:info@kcvents.com\"><i class=\"icon-direction\" aria-hidden=\"true\"><\/i><span class=\"button_label\">Untersuchung<\/span><\/a><\/div>\n<\/div>\n<\/div>","protected":false},"excerpt":{"rendered":"<ol>\n<li>Dualer Filterluftmodus, Innenraum f\u00fcr 24 Stunden mit frischer Luft gef\u00fcllt.<\/li>\n<li>Quadratischer Ventilatork\u00f6rper, sch\u00f6ne H\u00e4ngeinstallation, geeignet f\u00fcr verschiedene Arten von Dekorationsstilen.<\/li>\n<li>Reinigen Sie die Innenluft, den kontinuierlichen Filter PM2.5, Formaldehyd usw.<\/li>\n<li>Neues Design f\u00fcr 360\u00b0-Winkelansaugluft.<\/li>\n<li>Infrarot-Sensorsteuerung, einfache Bedienung.<\/li>\n<li>Feuchtemodus \u2013 Der L\u00fcfter wird automatisch \u00fcber den Feuchtesensor gesteuert.<\/li>\n<\/ol>\n<p><a class=\"button button_right button_size_2\" title=\"\" href=\"mailto:info@kcvents.com\" target=\"_blank\" rel=\"noopener\"><i class=\"icon-direction\" aria-hidden=\"true\"><\/i><span class=\"button_label\">Untersuchung<\/span><\/a>\u00a0<a class=\"button button_right button_size_2\" title=\"\" href=\"https:\/\/www.kcvents.com\/wp-content\/uploads\/2022\/03\/VT-501-INSTALLATION.pdf\" target=\"_blank\" rel=\"noopener\"><i class=\"icon-acrobat\" aria-hidden=\"true\"><\/i><span class=\"button_label\">Katalog<\/span><\/a><\/p>","protected":false},"featured_media":1750,"comment_status":"open","ping_status":"closed","template":"","meta":{"_acf_changed":false},"product_brand":[],"product_cat":[25],"product_tag":[],"class_list":{"0":"post-257","1":"product","2":"type-product","3":"status-publish","4":"has-post-thumbnail","6":"product_cat-single-room-hrv","8":"first","9":"instock","10":"taxable","11":"shipping-taxable","12":"purchasable","13":"product-type-simple"},"acf":[],"_links":{"self":[{"href":"https:\/\/www.ecvents.com\/de\/wp-json\/wp\/v2\/product\/257","targetHints":{"allow":["GET"]}}],"collection":[{"href":"https:\/\/www.ecvents.com\/de\/wp-json\/wp\/v2\/product"}],"about":[{"href":"https:\/\/www.ecvents.com\/de\/wp-json\/wp\/v2\/types\/product"}],"replies":[{"embeddable":true,"href":"https:\/\/www.ecvents.com\/de\/wp-json\/wp\/v2\/comments?post=257"}],"wp:featuredmedia":[{"embeddable":true,"href":"https:\/\/www.ecvents.com\/de\/wp-json\/wp\/v2\/media\/1750"}],"wp:attachment":[{"href":"https:\/\/www.ecvents.com\/de\/wp-json\/wp\/v2\/media?parent=257"}],"wp:term":[{"taxonomy":"product_brand","embeddable":true,"href":"https:\/\/www.ecvents.com\/de\/wp-json\/wp\/v2\/product_brand?post=257"},{"taxonomy":"product_cat","embeddable":true,"href":"https:\/\/www.ecvents.com\/de\/wp-json\/wp\/v2\/product_cat?post=257"},{"taxonomy":"product_tag","embeddable":true,"href":"https:\/\/www.ecvents.com\/de\/wp-json\/wp\/v2\/product_tag?post=257"}],"curies":[{"name":"WP","href":"https:\/\/api.w.org\/{rel}","templated":true}]}}