{"id":259,"date":"2022-05-04T14:27:46","date_gmt":"2022-05-04T14:27:46","guid":{"rendered":"https:\/\/startersites.io\/blocksy\/gadgets\/?post_type=product&#038;p=259"},"modified":"2026-03-25T01:46:01","modified_gmt":"2026-03-25T06:46:01","slug":"warmeruckgewinnungsventilator-vt125","status":"publish","type":"product","link":"https:\/\/www.ecvents.com\/de\/product\/warmeruckgewinnungsventilator-vt125\/","title":{"rendered":"W\u00e4rmer\u00fcckgewinnungsventilator VT125"},"content":{"rendered":"<h4 class=\"wp-block-heading\">Abmessungen (Einheit:mm):<\/h4>\n\n\n\n<figure class=\"wp-block-image\"><img decoding=\"async\" src=\"https:\/\/www.kcvents.com\/wp-content\/uploads\/2025\/07\/model-2.png\" alt=\"\" class=\"wp-image-2550\" data-no-translation=\"\"\/><\/figure>\n\n\n\n<h4 class=\"wp-block-heading\">Produktspezifikationen<\/h4>\n\n\n\n<figure class=\"wp-block-table\"><table><thead><tr><td><strong>Feld (Englisch)<\/strong><\/td><td><strong>sch\u00e4tzen<\/strong><\/td><td><strong>Feld (Englisch)<\/strong><\/td><td><strong>sch\u00e4tzen<\/strong><\/td><\/tr><\/thead><tbody><tr><td><strong>Spannung<\/strong><\/td><td>sonst<\/td><td><strong>Gef\u00e4hrliche Chemikalien<\/strong><\/td><td>keine<\/td><\/tr><tr><td><strong>Markenname<\/strong><\/td><td>kcvents<\/td><td><strong>Modellnummer<\/strong><\/td><td>VT125-WF<\/td><\/tr><tr><td><strong>Herkunft<\/strong><\/td><td>Festlandchina<\/td><td><strong>Beurkund<\/strong><\/td><td>ce<\/td><\/tr><tr><td><strong>Kraft<\/strong><\/td><td>12w<\/td><td><strong>Tafelgr\u00f6\u00dfe<\/strong><\/td><td>245 \u00d7 245 mm<\/td><\/tr><tr><td><strong>Stromnetz<\/strong><\/td><td>90V-240V 50\/60Hz<\/td><td><strong>Anwendbarer Bereich<\/strong><\/td><td>24 m\u00b2 (258 qm)<\/td><\/tr><\/tbody><\/table><\/figure>\n\n\n\n<h4 class=\"wp-block-heading\">Parametertabelle:<\/h4>\n\n\n\n<figure class=\"wp-block-table\"><table><tbody><tr><th><strong>rasen<\/strong><\/th><th><strong>schlafen<\/strong><\/th><th><strong>\u2160<\/strong><\/th><th><strong>\u2161<\/strong><\/th><th><strong>\u2162<\/strong><\/th><\/tr><tr><td>Spannung<\/td><td colspan=\"4\">12VDC oder 100 \u2013 240V 50 \u2013 60Hz<\/td><\/tr><tr><td>Gesamtleistung des Ventilators (W)<\/td><td>5.5<\/td><td>6.0<\/td><td>8.5<\/td><td>12<\/td><\/tr><tr><td>Ventilatorstrom (A)<\/td><td>0.035<\/td><td>0.040<\/td><td>0.050<\/td><td>0.080<\/td><\/tr><tr><td>Luftstrom (m\u00b3\/h)<\/td><td>20<\/td><td>30<\/td><td>45<\/td><td>60<\/td><\/tr><tr><td>Geschwindigkeit (U\/min)<\/td><td>1000<\/td><td>1200<\/td><td>2050<\/td><td>2900<\/td><\/tr><tr><td>Lufttemperatur transportiert<\/td><td colspan=\"4\">-20\u00b0C (-4\u00b0F) bis +50\u00b0C (122\u00b0F)<\/td><\/tr><tr><td>Effizienz des W\u00e4rmeaustauschs<\/td><td colspan=\"4\">bis zu 901 tp3t<\/td><\/tr><tr><td>W\u00e4rmetauscherkern<\/td><td colspan=\"4\">Keramik<\/td><\/tr><\/tbody><\/table><\/figure>\n\n\n\n<h4 class=\"wp-block-heading\">leise Wirkung.\u202f Sauberes Gleichgewicht.\u202f Gebaut f\u00fcr \u202f jeden Tag \u202f Komfort.<\/h4>\n\n\n\n<p>der&nbsp;<strong>VT125\u202fHeat\u202fWiederherstellung\u202fBeatmungsger\u00e4t<\/strong>&nbsp;Beweist, dass gute Luft keinen Ton machen muss. Im Hintergrund tauscht es im Hintergrund kontinuierlich abgestandene Raumluft gegen frische Au\u00dfenluft, w\u00e4hrend es bis zu 90 \u00b0 C der W\u00e4rmeenergie zur\u00fcckgewinnt, die sonst verloren gehen w\u00fcrde. Das Ergebnis: ein Raum, der sich von Natur aus erfrischt, ausgeglichen und komfortabel anf\u00fchlt.<\/p>\n\n\n\n<p>Im Kern ein&nbsp;<strong>Keramik\u202fW\u00e4rme\u2011Austauschmodul<\/strong>&nbsp;\u00dcbertr\u00e4gt W\u00e4rme von der abgehenden Luft in die einstr\u00f6mende Str\u00f6mung. Im Winter h\u00e4lt es die Innenr\u00e4ume gem\u00fctlich und im Sommer minimiert es den W\u00e4rmegewinn - die Luftlast und die Energiekosten zu senken, ohne den Komfort zu beeintr\u00e4chtigen.<\/p>\n\n\n\n<p>angetrieben von einem&nbsp;<strong>Energiesparend\u202fEC\u202fMotor<\/strong>, der VT125 sorgt f\u00fcr einen reibungslosen und effizienten Luftstrom auf fl\u00fcsterleisen Niveaus. Selbst bei maximal 60 \u202f m\u00b3\/h \u202f verbraucht er nur 5,5 \u202f \u202f 12 \u202f \u202f \u202f \u202f \u202f \u202f \u202f \u202f \u202f \u202f \u202f \u202f \u202f \u202f \u202f \u202f \u202f \u202f \u202f \u202f \u202f \u202f \u202f \u202f \u202f \u202f \ufffd\ufffd.<\/p>\n\n\n\n<p>A&nbsp;<strong>Schlankes, raffiniertes Profil<\/strong>&nbsp;Erm\u00f6glicht die Installation in Decken, W\u00e4nden oder Schr\u00e4nken \u2013 perfekt f\u00fcr moderne Wohnungen, in denen der Platz knapp ist. dessen&nbsp;<strong>Zweischicht-Filtersystem<\/strong>&nbsp;Verwaltet sowohl grobe als auch feine Verunreinigungen: A\u202fprim\u00e4rer \u202fFilter\u202fF\u00fcr\u202fUn- und \u202fFint,\u202fPlus optional\u202fHepa\u202fund \u202faktivierte\u202f-Elemente\u202fdiese\u202fAllergene, \u202fdore,\u202f- und \u202fFeine\u202f-Partikel,\u202f.<\/p>\n\n\n\n<p>Wartung ist einfach. Filter rutschen zum Reinigen aus und die Benutzeroberfl\u00e4che bleibt intuitiv - keine Komplexit\u00e4t, kein Aufhebens. Einmal installiert, erledigt es seine Arbeit leise, w\u00e4hrend Sie einfach die ruhige Klarheit der ausgeglichenen Luft genie\u00dfen.<\/p>","protected":false},"excerpt":{"rendered":"<p>1.KCvents VT125 HRV - Hocheffizientes W\u00e4rmer\u00fcckgewinnungsventilator.<br \/>\nModerne Technologien werden eingesetzt, um W\u00e4rme zur\u00fcckzugewinnen, Kosten zu senken und die Luftqualit\u00e4t in Innenr\u00e4umen zu verbessern.<\/p>\n<p>2 .Riefer Betrieb: Mit einem EC-Motor, er sorgt f\u00fcr geringe Ger\u00e4uschentwicklung und einen hohen Wirkungsgrad und ist somit ideal f\u00fcr Wohn- und B\u00fcror\u00e4ume.<\/p>\n<p>3.Kompakt: Schlankes Design passt zu Decken, W\u00e4nden oder Schr\u00e4nken in kleinen bis mittleren R\u00e4umen.<\/p>\n<p>4. Erweiterte Filtration: Der VT125 enth\u00e4lt einen Vorfilter und optionale HEPA- und Kohlefilter, um Staub, Allergene und Verunreinigungen zu entfernen.<\/p>\n<p>5.Einfache Steuerung und geringer Wartungsaufwand: Der VT125 wurde mit Blick auf die Benutzerfreundlichkeit konzipiert und verf\u00fcgt \u00fcber eine intuitive Benutzeroberfl\u00e4che f\u00fcr m\u00fchelose Bedienung und geringe Wartung. Ideal f\u00fcr alle, die ein stressfreies HRV-System suchen, das eine optimale W\u00e4rmer\u00fcckgewinnung und Luftzirkulation bietet.<\/p>\n<p>&nbsp;<\/p>\n<p><a class=\"button button_right button_size_2\" title=\"\" href=\"mailto:info@kcvents.com\" target=\"_blank\" rel=\"noopener\"><i class=\"icon-direction\" aria-hidden=\"true\"><\/i><span class=\"button_label\">Untersuchung<\/span><\/a>\u00a0<a class=\"button button_right button_size_2\" title=\"\" href=\"https:\/\/www.kcvents.com\/wp-content\/uploads\/2025\/07\/VT125.pdf\" target=\"_blank\" rel=\"noopener\"><i class=\"icon-acrobat\" aria-hidden=\"true\"><\/i><span class=\"button_label\">Katalog<\/span><\/a><\/p>","protected":false},"featured_media":915,"comment_status":"open","ping_status":"closed","template":"","meta":{"_acf_changed":false},"product_brand":[],"product_cat":[25],"product_tag":[],"class_list":{"0":"post-259","1":"product","2":"type-product","3":"status-publish","4":"has-post-thumbnail","6":"product_cat-single-room-hrv","8":"first","9":"instock","10":"taxable","11":"shipping-taxable","12":"purchasable","13":"product-type-variable","14":"has-default-attributes"},"acf":[],"_links":{"self":[{"href":"https:\/\/www.ecvents.com\/de\/wp-json\/wp\/v2\/product\/259","targetHints":{"allow":["GET"]}}],"collection":[{"href":"https:\/\/www.ecvents.com\/de\/wp-json\/wp\/v2\/product"}],"about":[{"href":"https:\/\/www.ecvents.com\/de\/wp-json\/wp\/v2\/types\/product"}],"replies":[{"embeddable":true,"href":"https:\/\/www.ecvents.com\/de\/wp-json\/wp\/v2\/comments?post=259"}],"wp:featuredmedia":[{"embeddable":true,"href":"https:\/\/www.ecvents.com\/de\/wp-json\/wp\/v2\/media\/915"}],"wp:attachment":[{"href":"https:\/\/www.ecvents.com\/de\/wp-json\/wp\/v2\/media?parent=259"}],"wp:term":[{"taxonomy":"product_brand","embeddable":true,"href":"https:\/\/www.ecvents.com\/de\/wp-json\/wp\/v2\/product_brand?post=259"},{"taxonomy":"product_cat","embeddable":true,"href":"https:\/\/www.ecvents.com\/de\/wp-json\/wp\/v2\/product_cat?post=259"},{"taxonomy":"product_tag","embeddable":true,"href":"https:\/\/www.ecvents.com\/de\/wp-json\/wp\/v2\/product_tag?post=259"}],"curies":[{"name":"WP","href":"https:\/\/api.w.org\/{rel}","templated":true}]}}