{"id":4312,"date":"2026-01-12T20:17:03","date_gmt":"2026-01-13T01:17:03","guid":{"rendered":"https:\/\/www.ecvents.com\/?post_type=product&#038;p=4312"},"modified":"2026-01-23T04:00:21","modified_gmt":"2026-01-23T09:00:21","slug":"badezimmer-abluftventilator-remote-fenster-wand-backdraft-dampfer-g","status":"publish","type":"product","link":"https:\/\/www.ecvents.com\/de\/product\/badezimmer-abluftventilator-remote-fenster-wand-backdraft-dampfer-g\/","title":{"rendered":"KCVENTS Fenster &amp; Wandmontage Badezimmer Abluftventilator mit Fernbedienung, Backdraft D\u00e4mpfer (4\/6\/8 Zoll)"},"content":{"rendered":"<div class=\"wp-block-stackable-columns stk-block-columns stk-block stk-c89edeb\" data-block-id=\"c89edeb\"><style>.stk-c89edeb {margin-top:var(--stk--preset--spacing--none, 0px) !important;margin-bottom:0px !important;}<\/style><div class=\"stk-row stk-inner-blocks stk-block-content stk-content-align stk-c89edeb-column\">\n<div class=\"wp-block-stackable-column stk-block-column stk-column stk-block stk-f790622 col-img-full\" data-v=\"4\" data-block-id=\"f790622\"><style>.stk-f790622 {margin-right:auto !important;margin-left:auto !important;}@media screen and (min-width:690px){.stk-f790622 {flex:var(--stk-flex-grow, 1) 1 calc(33.333% - var(--stk-column-gap, 0px) * 1 \/ 2 ) !important;}}<\/style><div class=\"stk-column-wrapper stk-block-column__content stk-container stk-f790622-container stk--no-background stk--no-padding\"><div class=\"stk-block-content stk-inner-blocks stk-f790622-inner-blocks\">\n<p><strong>Hochleistungs-EC-Motorabgasventilator \u2013 leise, effizient und smart<\/strong><\/p>\n\n\n\n<p>Verbessern Sie Ihre Bel\u00fcftung mit der KCvents APC-G-Serie. Mit fortschrittlicher EC-Motortechnologie liefert dieser L\u00fcfter einen kraftvollen Luftstrom, w\u00e4hrend er auf fl\u00fcsterleisen Niveaus arbeitet (&lt;35dB). Entwickelt f\u00fcr globale Kompatibilit\u00e4t (80-245V) ist es die ultimative L\u00f6sung zum Entfernen von Feuchtigkeit, Ger\u00fcchen und Rauch aus Ihrem Zuhause.<\/p>\n<\/div><\/div><\/div>\n\n\n\n<div class=\"wp-block-stackable-column stk-block-column stk-column stk-block stk-9a66b73\" data-v=\"4\" data-block-id=\"9a66b73\"><style>.stk-9a66b73-container{margin-top:var(--stk--preset--spacing--none, 0px) !important;margin-bottom:var(--stk--preset--spacing--none, 0px) !important;}.stk-9a66b73 {align-self:center !important;}@media screen and (min-width:690px){.stk-9a66b73 {flex:var(--stk-flex-grow, 1) 1 calc(66.666% - var(--stk-column-gap, 0px) * 1 \/ 2 ) !important;}}<\/style><div class=\"stk-column-wrapper stk-block-column__content stk-container stk-9a66b73-container stk--no-background stk--no-padding\"><div class=\"stk-block-content stk-inner-blocks stk-9a66b73-inner-blocks\">\n<figure class=\"wp-block-image size-full\"><img loading=\"lazy\" decoding=\"async\" width=\"1024\" height=\"1024\" src=\"https:\/\/www.ecvents.com\/wp-content\/uploads\/2026\/01\/kcvents-apc-g-bathroom-exhaust-fan-retail-packaging-eco-friendly-3.jpg\" alt=\"\" class=\"wp-image-4422\" srcset=\"https:\/\/www.ecvents.com\/wp-content\/uploads\/2026\/01\/kcvents-apc-g-bathroom-exhaust-fan-retail-packaging-eco-friendly-3.jpg 1024w, https:\/\/www.ecvents.com\/wp-content\/uploads\/2026\/01\/kcvents-apc-g-bathroom-exhaust-fan-retail-packaging-eco-friendly-3-300x300.jpg 300w, https:\/\/www.ecvents.com\/wp-content\/uploads\/2026\/01\/kcvents-apc-g-bathroom-exhaust-fan-retail-packaging-eco-friendly-3-150x150.jpg 150w, https:\/\/www.ecvents.com\/wp-content\/uploads\/2026\/01\/kcvents-apc-g-bathroom-exhaust-fan-retail-packaging-eco-friendly-3-768x768.jpg 768w, https:\/\/www.ecvents.com\/wp-content\/uploads\/2026\/01\/kcvents-apc-g-bathroom-exhaust-fan-retail-packaging-eco-friendly-3-12x12.jpg 12w, https:\/\/www.ecvents.com\/wp-content\/uploads\/2026\/01\/kcvents-apc-g-bathroom-exhaust-fan-retail-packaging-eco-friendly-3-500x500.jpg 500w, https:\/\/www.ecvents.com\/wp-content\/uploads\/2026\/01\/kcvents-apc-g-bathroom-exhaust-fan-retail-packaging-eco-friendly-3-80x80.jpg 80w\" sizes=\"auto, (max-width: 1024px) 100vw, 1024px\" data-no-translation=\"\" \/><\/figure>\n<\/div><\/div><\/div>\n<\/div><\/div>\n\n\n\n<div class=\"wp-block-stackable-columns stk-block-columns stk-block stk-411cbfd\" data-block-id=\"411cbfd\"><style>.stk-411cbfd {margin-bottom:1px !important;}<\/style><div class=\"stk-row stk-inner-blocks stk-block-content stk-content-align stk-411cbfd-column\">\n<div class=\"wp-block-stackable-column stk-block-column stk-column stk-block stk-989a0c0\" data-v=\"4\" data-block-id=\"989a0c0\"><style>.stk-989a0c0 {align-self:center !important;}@media screen and (min-width:690px){.stk-989a0c0 {flex:var(--stk-flex-grow, 1) 1 calc(33.333% - var(--stk-column-gap, 0px) * 1 \/ 2 ) !important;}}<\/style><div class=\"stk-column-wrapper stk-block-column__content stk-container stk-989a0c0-container stk--no-background stk--no-padding\"><div class=\"stk-block-content stk-inner-blocks stk-989a0c0-inner-blocks\">\n<p><strong>So funktioniert es \u2013 einfach und leistungsstark<\/strong><br>Das ist wahr&nbsp;<strong>Einweg-Abluftventilator<\/strong>&nbsp;Mit professioneller R\u00fcckzugsklappe:<\/p>\n\n\n\n<ul class=\"wp-block-list\">\n<li><strong>Aktive Extraktion:<\/strong>\u00a0Entzieht aktiv Feuchtigkeit, Kochd\u00e4mpfe, Ger\u00fcche, Rauch und Baddampf in wenigen Minuten.<\/li>\n\n\n\n<li><strong>Smartes Schwerkraftventil:<\/strong>\u00a0Der Luftstrom dr\u00fcckt die Abdeckung zur Abluft auf. Sobald der L\u00fcfter anh\u00e4lt, schlie\u00dft er automatisch und dichtet dicht ab.<\/li>\n\n\n\n<li><strong>Insekten- und Geruchsnachweis:<\/strong>\u00a0H\u00e4lt Ihr Zimmer frei von Insekten, M\u00fccken, Staub, kalten Zugluft und R\u00fcckflussger\u00fcchen.<\/li>\n<\/ul>\n<\/div><\/div><\/div>\n\n\n\n<div class=\"wp-block-stackable-column stk-block-column stk-column stk-block stk-3715bf6\" data-v=\"4\" data-block-id=\"3715bf6\"><style>@media screen and (min-width:690px){.stk-3715bf6 {flex:var(--stk-flex-grow, 1) 1 calc(66.666% - var(--stk-column-gap, 0px) * 1 \/ 2 ) !important;}}<\/style><div class=\"stk-column-wrapper stk-block-column__content stk-container stk-3715bf6-container stk--no-background stk--no-padding\"><div class=\"stk-block-content stk-inner-blocks stk-3715bf6-inner-blocks\">\n<div class=\"wp-block-stackable-video-popup stk-block-video-popup stk-block stk-48f57cc\" data-video=\"https:\/\/www.ecvents.com\/wp-content\/uploads\/2026\/01\/KCvents_G_Bathroom_Exhaust_Fan_70-171CFM_Ultra_Quiet_4-7W_Remote_Control_2026.mp4\" data-block-id=\"48f57cc\"><div class=\"stk-block-video-popup__overlay stk-row stk-inner-blocks stk-block-content stk-hover-parent\" aria-label=\"Video abspielen\" tabindex=\"0\" role=\"button\">\n<div class=\"wp-block-stackable-icon stk-block-icon has-text-align-center stk-block stk-c99c00e\" data-block-id=\"c99c00e\"><style>.stk-c99c00e .stk--svg-wrapper .stk--inner-svg svg:last-child, .stk-c99c00e .stk--svg-wrapper .stk--inner-svg svg:last-child :is(g, path, rect, polygon, ellipse){fill:#c25a5a !important;}<\/style><span class=\"stk--svg-wrapper\"><div class=\"stk--inner-svg\"><svg style=\"height:0;width:0\"><defs><lineargradient id=\"linear-gradient-c99c00e\" x1=\"0\" x2=\"100%\" y1=\"0\" y2=\"0\"><stop offset=\"0%\" style=\"stop-opacity:1;stop-color:var(--linear-gradient-c-99-c-00-e-color-1)\"><\/stop><stop offset=\"100%\" style=\"stop-opacity:1;stop-color:var(--linear-gradient-c-99-c-00-e-color-2)\"><\/stop><\/lineargradient><\/defs><\/svg><svg data-prefix=\"fas\" data-icon=\"play\" class=\"svg-inline--fa fa-play fa-w-14\" xmlns=\"http:\/\/www.w3.org\/2000\/svg\" viewbox=\"0 0 448 512\" aria-hidden=\"true\" width=\"32\" height=\"32\"><path fill=\"currentColor\" d=\"M424.4 214.7L72.4 6.6C43.8-10.3 0 6.1 0 47.9V464c0 37.5 40.7 60.1 72.4 41.3l352-208c31.4-18.5 31.5-64.1 0-82.6z\"><\/path><\/svg><\/div><\/span><\/div>\n\n\n\n<div class=\"wp-block-stackable-image stk-block-image stk-block stk-a0475b0\" data-block-id=\"a0475b0\"><figure><span class=\"stk-img-wrapper stk-image--shape-stretch\"><img loading=\"lazy\" decoding=\"async\" class=\"stk-img wp-image-4400\" src=\"https:\/\/www.ecvents.com\/wp-content\/uploads\/2025\/08\/kcvents-g-fan-backdraft-damper-prevent-mosquitoes-insects-1.jpg\" width=\"1025\" height=\"1024\" alt=\"1. Backdraft damper for HVAC systems, mosquito and insect prevention, smooth exhaust, high efficiency airflow control.\" srcset=\"https:\/\/www.ecvents.com\/wp-content\/uploads\/2025\/08\/kcvents-g-fan-backdraft-damper-prevent-mosquitoes-insects-1.jpg 1025w, https:\/\/www.ecvents.com\/wp-content\/uploads\/2025\/08\/kcvents-g-fan-backdraft-damper-prevent-mosquitoes-insects-1-300x300.jpg 300w, https:\/\/www.ecvents.com\/wp-content\/uploads\/2025\/08\/kcvents-g-fan-backdraft-damper-prevent-mosquitoes-insects-1-150x150.jpg 150w, https:\/\/www.ecvents.com\/wp-content\/uploads\/2025\/08\/kcvents-g-fan-backdraft-damper-prevent-mosquitoes-insects-1-768x767.jpg 768w, https:\/\/www.ecvents.com\/wp-content\/uploads\/2025\/08\/kcvents-g-fan-backdraft-damper-prevent-mosquitoes-insects-1-12x12.jpg 12w, https:\/\/www.ecvents.com\/wp-content\/uploads\/2025\/08\/kcvents-g-fan-backdraft-damper-prevent-mosquitoes-insects-1-500x500.jpg 500w, https:\/\/www.ecvents.com\/wp-content\/uploads\/2025\/08\/kcvents-g-fan-backdraft-damper-prevent-mosquitoes-insects-1-80x80.jpg 80w\" sizes=\"auto, (max-width: 1025px) 100vw, 1025px\" data-no-translation=\"\" \/><\/span><\/figure><\/div>\n<\/div><\/div>\n<\/div><\/div><\/div>\n<\/div><\/div>\n\n\n\n<div class=\"wp-block-stackable-columns stk-block-columns stk-block stk-f0a90b4\" data-block-id=\"f0a90b4\"><style>.stk-f0a90b4 {margin-bottom:0px !important;}<\/style><div class=\"stk-row stk-inner-blocks stk-block-content stk-content-align stk-f0a90b4-column\">\n<div class=\"wp-block-stackable-column stk-block-column stk-column stk-block stk-c842183\" data-v=\"4\" data-block-id=\"c842183\"><style>.stk-c842183 {align-self:center !important;}@media screen and (min-width:690px){.stk-c842183 {flex:var(--stk-flex-grow, 1) 1 calc(50% - var(--stk-column-gap, 0px) * 1 \/ 2 ) !important;}}<\/style><div class=\"stk-column-wrapper stk-block-column__content stk-container stk-c842183-container stk--no-background stk--no-padding\"><div class=\"stk-block-content stk-inner-blocks stk-c842183-inner-blocks\">\n<p><strong>\u00a0Warum auf unseren EC-Motor abluftventilator upgraden?<\/strong><\/p>\n\n\n\n<ul class=\"wp-block-list\">\n<li><strong>Fortgeschrittene EC-Motortechnologie:<\/strong>\u00a0\u00dcbertrifft traditionelle Wechselstrommotoren mit h\u00f6herer Energieeffizienz und l\u00e4ngerer Lebensdauer. Verabschieden Sie sich von h\u00e4ufigem Ersatz.<\/li>\n\n\n\n<li><strong>Fl\u00fcsterleise Bedienung (&lt;35dB):<\/strong>\u00a0Genie\u00dfen Sie eine friedliche Umgebung. Funktioniert bei einem Ger\u00e4uschpegel, der deutlich niedriger ist als Standardventilatoren (&gt; 70 dB).<\/li>\n\n\n\n<li><strong>Dynamische ausgewogene Klingen:<\/strong>\u00a0Entwickelt f\u00fcr Stabilit\u00e4t und kraftvollen Luftstrom, der Vibrationen beseitigt.<\/li>\n\n\n\n<li><strong>Problemlose Kontrolle:<\/strong>\u00a0Im Gegensatz zu Standardmodellen unterst\u00fctzt unser bequeme Schalter- oder Fernsteuerungsoptionen.<\/li>\n<\/ul>\n<\/div><\/div><\/div>\n\n\n\n<div class=\"wp-block-stackable-column stk-block-column stk-column stk-block stk-5812ad0 col-img-full\" data-v=\"4\" data-block-id=\"5812ad0\"><style>@media screen and (min-width:690px){.stk-5812ad0 {flex:var(--stk-flex-grow, 1) 1 calc(50% - var(--stk-column-gap, 0px) * 1 \/ 2 ) !important;}}<\/style><div class=\"stk-column-wrapper stk-block-column__content stk-container stk-5812ad0-container stk--no-background stk--no-padding\"><div class=\"stk-block-content stk-inner-blocks stk-5812ad0-inner-blocks\">\n<figure class=\"wp-block-image size-large\"><img loading=\"lazy\" decoding=\"async\" width=\"1024\" height=\"483\" src=\"https:\/\/www.ecvents.com\/wp-content\/uploads\/2026\/01\/kcvents-ec-motor-fan-vs-ordinary-fan-comparison-chart-3-1024x483.jpg\" alt=\"\" class=\"wp-image-4429\" srcset=\"https:\/\/www.ecvents.com\/wp-content\/uploads\/2026\/01\/kcvents-ec-motor-fan-vs-ordinary-fan-comparison-chart-3-1024x483.jpg 1024w, https:\/\/www.ecvents.com\/wp-content\/uploads\/2026\/01\/kcvents-ec-motor-fan-vs-ordinary-fan-comparison-chart-3-300x142.jpg 300w, https:\/\/www.ecvents.com\/wp-content\/uploads\/2026\/01\/kcvents-ec-motor-fan-vs-ordinary-fan-comparison-chart-3-768x362.jpg 768w, https:\/\/www.ecvents.com\/wp-content\/uploads\/2026\/01\/kcvents-ec-motor-fan-vs-ordinary-fan-comparison-chart-3-18x8.jpg 18w, https:\/\/www.ecvents.com\/wp-content\/uploads\/2026\/01\/kcvents-ec-motor-fan-vs-ordinary-fan-comparison-chart-3-500x236.jpg 500w, https:\/\/www.ecvents.com\/wp-content\/uploads\/2026\/01\/kcvents-ec-motor-fan-vs-ordinary-fan-comparison-chart-3.jpg 1424w\" sizes=\"auto, (max-width: 1024px) 100vw, 1024px\" data-no-translation=\"\" \/><\/figure>\n<\/div><\/div><\/div>\n<\/div><\/div>\n\n\n\n<div class=\"wp-block-stackable-columns stk-block-columns stk-block stk-25a4184\" data-block-id=\"25a4184\"><style>.stk-25a4184 {margin-bottom:0px !important;}<\/style><div class=\"stk-row stk-inner-blocks stk-block-content stk-content-align stk-25a4184-column\">\n<div class=\"wp-block-stackable-column stk-block-column stk-column stk-block stk-63a74db\" data-v=\"4\" data-block-id=\"63a74db\"><style>.stk-63a74db {align-self:center !important;}@media screen and (min-width:690px){.stk-63a74db {flex:var(--stk-flex-grow, 1) 1 calc(33.333% - var(--stk-column-gap, 0px) * 1 \/ 2 ) !important;}}<\/style><div class=\"stk-column-wrapper stk-block-column__content stk-container stk-63a74db-container stk--no-background stk--no-padding\"><div class=\"stk-block-content stk-inner-blocks stk-63a74db-inner-blocks\">\n<p><strong>Perfekte Anwendungen<\/strong><\/p>\n\n\n\n<ul class=\"wp-block-list\">\n<li><strong>Badezimmer:<\/strong>\u00a0Masterbad, G\u00e4stebad, G\u00e4stetoilette.<\/li>\n\n\n\n<li><strong>K\u00fcchen:<\/strong>\u00a0L\u00f6scht schnell Kochrauch und Fettger\u00fcche.<\/li>\n\n\n\n<li><strong>Keller, Garagen, Waschk\u00fcchen:<\/strong>\u00a0Verhindert Schimmel und matschige Ger\u00fcche.<\/li>\n\n\n\n<li>Jeder Raum, der schnell feuchte oder verschmutzte Luft entfernt<\/li>\n<\/ul>\n<\/div><\/div><\/div>\n\n\n\n<div class=\"wp-block-stackable-column stk-block-column stk-column stk-block stk-370dcc5\" data-v=\"4\" data-block-id=\"370dcc5\"><style>@media screen and (min-width:690px){.stk-370dcc5 {flex:var(--stk-flex-grow, 1) 1 calc(66.666% - var(--stk-column-gap, 0px) * 1 \/ 2 ) !important;}}<\/style><div class=\"stk-column-wrapper stk-block-column__content stk-container stk-370dcc5-container stk--no-background stk--no-padding\"><div class=\"stk-block-content stk-inner-blocks stk-370dcc5-inner-blocks\">\n<figure class=\"wp-block-image size-full\"><img loading=\"lazy\" decoding=\"async\" width=\"1024\" height=\"1024\" src=\"https:\/\/www.ecvents.com\/wp-content\/uploads\/2025\/08\/kcvents-g-fan-application-scenarios-bathroom-kitchen-petroom-1.jpg\" alt=\"A clean, modern bathroom with a ceiling-mounted exhaust fan, highlighting indoor air quality and ventilation solutions from ECvents EC Motor Shop.\" class=\"wp-image-4416\" srcset=\"https:\/\/www.ecvents.com\/wp-content\/uploads\/2025\/08\/kcvents-g-fan-application-scenarios-bathroom-kitchen-petroom-1.jpg 1024w, https:\/\/www.ecvents.com\/wp-content\/uploads\/2025\/08\/kcvents-g-fan-application-scenarios-bathroom-kitchen-petroom-1-300x300.jpg 300w, https:\/\/www.ecvents.com\/wp-content\/uploads\/2025\/08\/kcvents-g-fan-application-scenarios-bathroom-kitchen-petroom-1-150x150.jpg 150w, https:\/\/www.ecvents.com\/wp-content\/uploads\/2025\/08\/kcvents-g-fan-application-scenarios-bathroom-kitchen-petroom-1-768x768.jpg 768w, https:\/\/www.ecvents.com\/wp-content\/uploads\/2025\/08\/kcvents-g-fan-application-scenarios-bathroom-kitchen-petroom-1-12x12.jpg 12w, https:\/\/www.ecvents.com\/wp-content\/uploads\/2025\/08\/kcvents-g-fan-application-scenarios-bathroom-kitchen-petroom-1-500x500.jpg 500w, https:\/\/www.ecvents.com\/wp-content\/uploads\/2025\/08\/kcvents-g-fan-application-scenarios-bathroom-kitchen-petroom-1-80x80.jpg 80w\" sizes=\"auto, (max-width: 1024px) 100vw, 1024px\" data-no-translation=\"\" \/><\/figure>\n<\/div><\/div><\/div>\n<\/div><\/div>\n\n\n\n<p style=\"margin-top:0;margin-bottom:0;padding-top:0;padding-bottom:0\"><strong><strong>W\u00e4hlen Sie die perfekte Gr\u00f6\u00dfe f\u00fcr Ihr Zimmer<\/strong>\uff1a<\/strong><\/p>\n\n\n\n<p style=\"margin-top:0;margin-bottom:0\">Vermute nicht! W\u00e4hlen Sie das richtige Modell basierend auf Ihrer Raumgr\u00f6\u00dfe.<\/p>\n\n\n\n<figure style=\"margin-top:0;margin-bottom:0\" class=\"wp-block-table\"><table><thead><tr><th>modellieren<\/th><th>Kanalgr\u00f6\u00dfe<\/th><th>Spannung<\/th><th>Leistung (EC-Motor)<\/th><th>Luftstrom (CFM)<\/th><th>Luftstrom (m\u00b3\/h)<\/th><th>Empfohlene Zimmergr\u00f6\u00dfe<\/th><\/tr><\/thead><tbody><tr><td>APC10-G<\/td><td>4 Zoll<\/td><td>80\u2013245V \/ 50\u201360Hz<\/td><td>4w<\/td><td>70 CFM<\/td><td>120 m\u00b3\/h<\/td><td>perfekt f\u00fcr\u00a0<strong>\u2264 80 sq ft<\/strong>\u00a0(\u2264 7,5 \u33a1)<\/td><\/tr><tr><td>APC15-G<\/td><td>6 Zoll<\/td><td>80\u2013245V \/ 50\u201360Hz<\/td><td>5w<\/td><td>124 CFM<\/td><td>210 m\u00b3\/h<\/td><td>ideal f\u00fcr\u00a0<strong>80-110 qm<\/strong>\u00a0(7.5-10.2 \u33a1)<\/td><\/tr><tr><td>APC20-G<\/td><td>8 Zoll<\/td><td>80\u2013245V \/ 50\u201360Hz<\/td><td>7w<\/td><td>171 CFM<\/td><td>290 m\u00b3\/h<\/td><td>Kraftvoll f\u00fcr\u00a0<strong>110-150 qm<\/strong>\u00a0(10-14 \u33a1)<\/td><\/tr><\/tbody><\/table><\/figure>\n\n\n\n<p style=\"margin-top:var(--wp--preset--spacing--20);margin-bottom:0\"><strong>Technische Abmessungen (Installationsspezifikationen)<\/strong><\/p>\n\n\n\n<p style=\"margin-top:0;margin-bottom:0\"><em>Bitte \u00fcberpr\u00fcfen Sie Ihre Wand- \/ Fenster\u00f6ffnungsgr\u00f6\u00dfe vor dem Kauf.<\/em><\/p>\n\n\n\n<div class=\"wp-block-stackable-columns stk-block-columns stk-block stk-2d28ca7\" data-block-id=\"2d28ca7\"><style>.stk-2d28ca7 {margin-top:var(--stk--preset--spacing--none, 0px) !important;margin-bottom:0px !important;}<\/style><div class=\"stk-row stk-inner-blocks stk-block-content stk-content-align stk-2d28ca7-column\">\n<div class=\"wp-block-stackable-column stk-block-column stk-column stk-block stk-cfda450 col-img-full\" data-v=\"4\" data-block-id=\"cfda450\"><style>.stk-cfda450 {margin-right:auto !important;margin-left:auto !important;}@media screen and (min-width:690px){.stk-cfda450 {flex:var(--stk-flex-grow, 1) 1 calc(40% - var(--stk-column-gap, 0px) * 1 \/ 2 ) !important;}}<\/style><div class=\"stk-column-wrapper stk-block-column__content stk-container stk-cfda450-container stk--no-background stk--no-padding\"><div class=\"stk-block-content stk-inner-blocks stk-cfda450-inner-blocks\">\n<figure class=\"wp-block-image size-full\"><img loading=\"lazy\" decoding=\"async\" width=\"614\" height=\"301\" src=\"https:\/\/www.ecvents.com\/wp-content\/uploads\/2026\/01\/kcvents-g-bathroom-exhaust-fan-size.png\" alt=\"High-quality EC motor for industrial applications, featuring efficient design and durable construction, available at ECvents EC Motor Shop for reliable performance.\" class=\"wp-image-4348\" srcset=\"https:\/\/www.ecvents.com\/wp-content\/uploads\/2026\/01\/kcvents-g-bathroom-exhaust-fan-size.png 614w, https:\/\/www.ecvents.com\/wp-content\/uploads\/2026\/01\/kcvents-g-bathroom-exhaust-fan-size-300x147.png 300w, https:\/\/www.ecvents.com\/wp-content\/uploads\/2026\/01\/kcvents-g-bathroom-exhaust-fan-size-18x9.png 18w, https:\/\/www.ecvents.com\/wp-content\/uploads\/2026\/01\/kcvents-g-bathroom-exhaust-fan-size-500x245.png 500w\" sizes=\"auto, (max-width: 614px) 100vw, 614px\" data-no-translation=\"\" \/><\/figure>\n<\/div><\/div><\/div>\n\n\n\n<div class=\"wp-block-stackable-column stk-block-column stk-column stk-block stk-736e1e6\" data-v=\"4\" data-block-id=\"736e1e6\"><style>.stk-736e1e6-container{margin-top:var(--stk--preset--spacing--none, 0px) !important;margin-bottom:var(--stk--preset--spacing--none, 0px) !important;}.stk-736e1e6 {align-self:center !important;}@media screen and (min-width:690px){.stk-736e1e6 {flex:var(--stk-flex-grow, 1) 1 calc(60% - var(--stk-column-gap, 0px) * 1 \/ 2 ) !important;}}<\/style><div class=\"stk-column-wrapper stk-block-column__content stk-container stk-736e1e6-container stk--no-background stk--no-padding\"><div class=\"stk-block-content stk-inner-blocks stk-736e1e6-inner-blocks\">\n<figure class=\"wp-block-table\"><table><thead><tr><th>modellieren <\/th><th>A (mm)<\/th><th>B (mm)<\/th><th>C (mm)<\/th><\/tr><\/thead><tbody><tr><td><strong>APC10-G<\/strong><\/td><td>125<\/td><td>155<\/td><td>100<\/td><\/tr><tr><td><strong>APC15-G<\/strong><\/td><td>125<\/td><td>205<\/td><td>150<\/td><\/tr><tr><td><strong>APC20-G<\/strong><\/td><td>150<\/td><td>245<\/td><td>200<\/td><\/tr><\/tbody><\/table><\/figure>\n<\/div><\/div><\/div>\n<\/div><\/div>\n\n\n\n<p style=\"margin-top:var(--wp--preset--spacing--20);margin-bottom:0\"><strong>2025 Schl\u00fcsselfunktionen, die Kunden am meisten lieben<\/strong><\/p>\n\n\n\n<figure style=\"padding-top:0;padding-bottom:0\" class=\"wp-block-table\"><table><thead><tr><th>Feature<\/th><th>Echter Nutzen f\u00fcr Sie<\/th><\/tr><\/thead><tbody><tr><td><strong>Volle drahtlose Fernbedienung<\/strong><\/td><td>Schalten Sie ein\/aus oder \u00e4ndern Sie die Geschwindigkeit, ohne die Dusche zu verlassen (nur Remote-Version).<\/td><\/tr><tr><td><strong>Hocheffizienter EC-Motor<\/strong><\/td><td>Verbraucht nur 4W\u20137W und verbraucht weniger Energie als eine Standard-LED-Lampe. Monatlicher Verbrauch: nur 3\u20135 kWh (24\/7 Laufzeit).<\/td><\/tr><tr><td><strong>Universalspannung<\/strong><\/td><td>80\u2013245 V breite Spannung. Kompatibel mit den USA, Europa und Asien-Power-Standards. Kein Konverter erforderlich.<\/td><\/tr><tr><td><strong>Echte Fenster- oder Wandinstallation<\/strong><\/td><td>Kein Zugang zum Dachboden erforderlich \u2013 in 15 Minuten installieren.<\/td><\/tr><tr><td><strong>Umweltfreundlich &amp; gesundheitsfreundlich<\/strong><\/td><td>L\u00e4uft cool (\u2264 105\u2103), ETL-zertifizierte Materialien.<\/td><\/tr><\/tbody><\/table><\/figure>\n\n\n\n<h4 class=\"wp-block-heading\" style=\"margin-top:10px;margin-bottom:10px\">Das Paket enth\u00e4lt alles, was Sie f\u00fcr eine schnelle Installation ben\u00f6tigen<\/h4>\n\n\n\n<ul class=\"wp-block-list\">\n<li>1 \u00d7 KCvents G Abluftventilator (Ihre gew\u00e4hlte Gr\u00f6\u00dfe: 4\u2033 \/ 6\u2033 \/ 8\u2033)<\/li>\n\n\n\n<li>1 \u00d7 R\u00fccklaufd\u00e4mpfer (vorinstalliert, fehlersicher &amp; r\u00fccklaufsicher)<\/li>\n\n\n\n<li>1 \u00d7 leicht zu lesendes englisches Benutzerhandbuch + Bohrvorlage<\/li>\n\n\n\n<li>1 \u00d7 Schrauben-Kit f\u00fcr Wand-\/Fenstermontage<\/li>\n<\/ul>\n\n\n\n<p style=\"margin-bottom:10px\"><strong><strong>Upgrade der Fernbedienungsversion:<\/strong><\/strong><\/p>\n\n\n\n<ul class=\"wp-block-list\">\n<li>Enth\u00e4lt alle oben\u00a0<strong>Pluszeichen<\/strong>:<\/li>\n\n\n\n<li>1 \u00d7 drahtlose Fernbedienung + Batterie (einsatzbereit)<br>\u2192 W\u00e4hlen Sie oben auf der Seite die Option \u201cMit Remote\u201d aus, wenn Sie dieses Upgrade w\u00fcnschen<\/li>\n<\/ul>\n\n\n\n<p style=\"margin-bottom:10px\"><strong>Garantie &amp; Support<\/strong><\/p>\n\n\n\n<ul style=\"margin-bottom:10px\" class=\"wp-block-list\">\n<li>3-Jahres-Garantie des EC-Motors<\/li>\n\n\n\n<li>Lebenslanger Kundensupport (Antwort innerhalb von 12 Stunden)<\/li>\n<\/ul>\n\n\n\n<p>Die meisten Kunden beenden die Installation in 15\u201325 Minuten \u2013 kein Elektriker ben\u00f6tigt.<\/p>\n\n\n\n<p><strong><strong>\u26a0\ufe0f Wichtiger Hinweis:\u00a0<\/strong><\/strong><br>Das ist der\u00a0<strong>Klassischer Einwegauspuff<\/strong>\u00a0Modell (zieht Luft aus). Wenn Sie brauchen\u00a0<strong>Umkehrluftstrom<\/strong>\u00a0(Abgas + Frischlufteinlass), bitte \u00fcberpr\u00fcfen Sie unsere\u00a0<strong>APC-G Wendeserie<\/strong>.<\/p>\n\n\n\n<p><\/p>","protected":false},"excerpt":{"rendered":"<ul>\n<li><strong>Ultraleiser Betrieb:<\/strong>\u00a0L\u00e4uft mit \u226435dB und schafft so eine friedliche Umgebung, die im Gegensatz zu lauten traditionellen Fans eine friedliche Umgebung schafft.<\/li>\n<li><strong>Energiesparender EC-Motor:<\/strong>\u00a0Verbraucht nur 4W\u20137W, was Stromrechnungen im Vergleich zu Wechselstrommotoren bis zu 80% spart.<\/li>\n<li><strong>Eingebauter R\u00fcckdraft-D\u00e4mpfer:<\/strong>\u00a0Versiegelt automatisch geschlossen, um Fehler, M\u00fccken und R\u00fcckflussger\u00fcche zu vermeiden.<\/li>\n<li><strong>Haltbares ABS-Geh\u00e4use:<\/strong>\u00a0Hergestellt aus hochwertigem UV-best\u00e4ndigem Material, das wasserdicht, rostfrei und leicht zu reinigen ist.<\/li>\n<li><strong>Flexible Steuerung:<\/strong>\u00a0w\u00e4hlen\u00a0<strong>Handschalter<\/strong>\u00a0Der Einfachheit halber oder\u00a0<strong>Fernbedienung<\/strong>\u00a0F\u00fcr bequeme Geschwindigkeitseinstellung und Timer-Funktionen.<\/li>\n<\/ul>","protected":false},"featured_media":1099,"comment_status":"open","ping_status":"closed","template":"","meta":{"_acf_changed":false},"product_brand":[62],"product_cat":[28],"product_tag":[31,30,29,34,33],"class_list":{"0":"post-4312","1":"product","2":"type-product","3":"status-publish","4":"has-post-thumbnail","6":"product_brand-kcvents","7":"product_cat-exhaust-fan","8":"product_tag-backdraft-damper","9":"product_tag-durable-abs-housing","10":"product_tag-energy-efficient-ec-motor","11":"product_tag-low-noise-operation","12":"product_tag-variable-speed-control","13":"pa_control-mode-manual-switch","14":"pa_control-mode-remote-control","16":"first","17":"instock","18":"sale","19":"purchasable","20":"product-type-variable","21":"has-default-attributes"},"acf":[],"_links":{"self":[{"href":"https:\/\/www.ecvents.com\/de\/wp-json\/wp\/v2\/product\/4312","targetHints":{"allow":["GET"]}}],"collection":[{"href":"https:\/\/www.ecvents.com\/de\/wp-json\/wp\/v2\/product"}],"about":[{"href":"https:\/\/www.ecvents.com\/de\/wp-json\/wp\/v2\/types\/product"}],"replies":[{"embeddable":true,"href":"https:\/\/www.ecvents.com\/de\/wp-json\/wp\/v2\/comments?post=4312"}],"wp:featuredmedia":[{"embeddable":true,"href":"https:\/\/www.ecvents.com\/de\/wp-json\/wp\/v2\/media\/1099"}],"wp:attachment":[{"href":"https:\/\/www.ecvents.com\/de\/wp-json\/wp\/v2\/media?parent=4312"}],"wp:term":[{"taxonomy":"product_brand","embeddable":true,"href":"https:\/\/www.ecvents.com\/de\/wp-json\/wp\/v2\/product_brand?post=4312"},{"taxonomy":"product_cat","embeddable":true,"href":"https:\/\/www.ecvents.com\/de\/wp-json\/wp\/v2\/product_cat?post=4312"},{"taxonomy":"product_tag","embeddable":true,"href":"https:\/\/www.ecvents.com\/de\/wp-json\/wp\/v2\/product_tag?post=4312"}],"curies":[{"name":"WP","href":"https:\/\/api.w.org\/{rel}","templated":true}]}}