{"id":4599,"date":"2026-03-19T06:01:12","date_gmt":"2026-03-19T11:01:12","guid":{"rendered":"https:\/\/www.ecvents.com\/?post_type=product&#038;p=4599"},"modified":"2026-03-19T06:01:41","modified_gmt":"2026-03-19T11:01:41","slug":"ec-motorverschluss-abgasventilator-3","status":"publish","type":"product","link":"https:\/\/www.ecvents.com\/de\/product\/ec-motorverschluss-abgasventilator-3\/","title":{"rendered":"EC Motorverschluss-Abgasventilator"},"content":{"rendered":"<div class=\"someee\">\n<h2><strong>Smart Power. Ruhige Pr\u00e4zision. Gebaut, um echte Luft zu bewegen.<\/strong><\/h2>\n<p>der\u00a0<strong>EC\u202fMotor\u202fShutter\u202fAuspuff\u202fFan<\/strong>\u00a0Ist so konzipiert, dass die Bel\u00fcftung nicht geh\u00f6rt werden muss. Entwickelt f\u00fcr Workshops, Dachb\u00f6den, Gew\u00e4chsh\u00e4user und anspruchsvolle Handelszonen, bewegt es sich durch ein 16-Zoll-Shutter-System mit glatter, kalibrierter Intensit\u00e4t. Ein smart 10-fach PWM-Controller schaltet sofort die Ausgabe ab \u2013 Balancing Geschwindigkeit, Schall und Energieverbrauch in perfekter Proportion.<\/p>\n<p>Seine Form spricht die Sprache der Haltbarkeit.\u00a0<strong>Verzinkte Rolll\u00e4den<\/strong>\u00a0Im Leerlauf fest versiegeln, w\u00e4hrend sie vor Staub und Regen gesch\u00fctzt sind\u00a0<strong>Aerodynamische Aluminiumklingen<\/strong>\u00a0Freilauf durch lange Stunden Dauergebrauch. Innen, eine N\u00e4chste Generation\u00a0<strong>Elektronisch kommutierter Motor<\/strong>\u00a0Transformiert die Leistung in ein stabiles Drehmoment ohne mechanische Belastung und h\u00e4lt einen starken Luftstrom bei nur \u202f 67 \u202f 70 DBA.<\/p>\n<p>Jedes Feature hat einen Zweck.\u00a0<strong>Dual-Kugel-Lager<\/strong>,\u00a0<strong>Dichtung mit IP44-Bewertung<\/strong>, und\u00a0<strong>A\u202fKorrosionsbest\u00e4ndiger Rahmen<\/strong>\u00a0Verl\u00e4ngern Sie die Lebensdauer des L\u00fcfters \u00fcber 67.000 Stunden.\u00a0<strong>Kompatibilit\u00e4t mit UIS-Plattform<\/strong>\u00a0Erm\u00f6glicht die Integration in automatisierten Umgebungen m\u00fchelos, w\u00e4hrend der integrierte Speicher bei jedem Start Ihre letzten Einstellungen abruft. Von Garagen bis hin zu Growing-R\u00e4umen liefert es zuverl\u00e4ssigen Luftstrom ohne Anspruch auf Aufmerksamkeit \u2013 industrielle H\u00e4rte, die f\u00fcr leise Intelligenz geformt wird.<\/p>\n<\/div>\n<hr \/>\n<p>Leistung:<\/p>\n<div class=\"scroll-table-wrapper\">\n<div class=\"scroll-table\">\n<table id=\"tablepress-65\" class=\"tablepress tablepress-id-65\">\n<thead>\n<tr class=\"row-1\">\n\t<th class=\"column-1\">genaue Angaben<\/th><th class=\"column-2\">Detail<\/th>\n<\/tr>\n<\/thead>\n<tbody class=\"row-striping row-hover\">\n<tr class=\"row-2\">\n\t<td class=\"column-1\">L\u00fcftergr\u00f6\u00dfe<\/td><td class=\"column-2\">16 Zoll (40,6 cm)<\/td>\n<\/tr>\n<tr class=\"row-3\">\n\t<td class=\"column-1\">Gesamtabmessungen<\/td><td class=\"column-2\">19,09\" \u00d7 19,09\" \u00d7 7,72\" (48,5 \u00d7 48,5 \u00d7 19,6 cm)<\/td>\n<\/tr>\n<tr class=\"row-4\">\n\t<td class=\"column-1\">Gr\u00f6\u00dfe der Befestigungsbohrung<\/td><td class=\"column-2\">Ungef\u00e4hr 16,92 \"\u00d7 16,92\" (43 \u00d7 43 cm)<\/td>\n<\/tr>\n<tr class=\"row-5\">\n\t<td class=\"column-1\">Luftstromkapazit\u00e4t<\/td><td class=\"column-2\">2.560 CFM (Hochleistungsl\u00fcftung)<\/td>\n<\/tr>\n<tr class=\"row-6\">\n\t<td class=\"column-1\">statischer Druck<\/td><td class=\"column-2\">25,9 mm-H\u2082O (ca. 96 Pa)<\/td>\n<\/tr>\n<tr class=\"row-7\">\n\t<td class=\"column-1\">Ger\u00e4uschpegel<\/td><td class=\"column-2\">Typisch 70 dBA (schwankt zwischen 67\u201370 dBA \u00fcber Quellen hinweg)<\/td>\n<\/tr>\n<tr class=\"row-8\">\n\t<td class=\"column-1\">Antrieb &amp; Kontrolle<\/td><td class=\"column-2\">PWM Intelligente Modulation, 10-fach (einige Modelle 8-fach), mit Speicherfunktion<\/td>\n<\/tr>\n<tr class=\"row-9\">\n\t<td class=\"column-1\">Motortyp<\/td><td class=\"column-2\">EC (elektronisch kommutiert) Energieeffizienter Motor, ger\u00e4uscharm, hoher Wirkungsgrad<\/td>\n<\/tr>\n<tr class=\"row-10\">\n\t<td class=\"column-1\">Strom \/ Strom<\/td><td class=\"column-2\">100 W \/ 1,5 A (100\u2013240 V AC, 50\/60 Hz)<\/td>\n<\/tr>\n<tr class=\"row-11\">\n\t<td class=\"column-1\">Lager &amp; Lebensdauer<\/td><td class=\"column-2\">Doppelkugellager, L10 Lebensdauer von 67.000 Stunden<\/td>\n<\/tr>\n<tr class=\"row-12\">\n\t<td class=\"column-1\">Eintrittsschutz<\/td><td class=\"column-2\">IP-44-bewertet, staub- und wasserbest\u00e4ndig; korrosionsbest\u00e4ndige Konstruktion<\/td>\n<\/tr>\n<\/tbody>\n<\/table>\n<!-- #tablepress-65 from cache --><\/div>\n<\/div>\n<div><\/div>\n<div class=\"woocb\"><a class=\"wocb\" href=\"https:\/\/www.beiaole.com\/wp-content\/uploads\/2025\/08\/EC-Motor-Shutter-Exhaust-Fan-1.pdf\" target=\"_blank\" rel=\"noopener\">formieren<\/a><\/div>\n<div><\/div>","protected":false},"excerpt":{"rendered":"<ul>\n<li>\n<h2>Hochleistungs-Luftstrom:<\/h2>\n<p>\u202f16\u2011in\u202ffan\u202f bewegt sich \u202f2,560\u202fcfm\u202f(\u2248\u202f4,350\u202fm\u00b3\/h)\u202f mit \u202fstatischer \u202fDruck\u202fRunder\u202f96\u202fPA\u202f f\u00fcr \u202f \u202f \u202f \u202f \u202f \u202f \u202f \u202f \u202f \u202f \u202f \u202f \u202f \u202f \u202f \u202f \u202f \u202f \u202f \u202f \u202f \u202f \u202f \u202f \u202f \u202f \u202f \u202f \u202f \u202f \ufffd\ufffd.<\/li>\n<li>\n<h2>Advanced \u202f EC\u202fMotor\u202fTechnologie:<\/h2>\n<p>\u202fPWM\u202fSteuerung \u202fErm\u00f6glicht \u202fPr\u00e4zisionsgeschwindigkeitsmodulation, \u202f10\u2011Ebene\u202fAnpassung, \u202f und \u202f \u00dcberlegener \u202fEnergieeffizienz.<\/li>\n<li>\n<h2>Langlebige Konstruktion:<\/h2>\n<p>\u202fkorrosionsresistente \u202fSteel\u202fSutters\u202fund\u202fLeichtgewicht\u202fBlades\u202fEntworfen\u202fF\u00fcr \u202fkontinuierliche \u202fdiese\u202fin\u202fHumid\u202foder\u202fVerstaubung.<\/li>\n<li>\n<h2>Ruhige\u202fSt\u00e4rke:<\/h2>\n<p>\u202fSound\u202fLevel\u202f zwischen \u202f67\u202f70\u202fDBA\u202fDBA\u202fErnsthafter \u202fLuftstrom\u202fOhne \u202fharsche \u202fMechanische \u202fRauschen.<\/li>\n<li>\n<h2>Langer Dienstleben:<\/h2>\n<p>\u202fDual \u202fBall\u202fBearings\u202fSupport \u202fL10\u202fLifeSpan von \u202f67.000 Stunden\u202fUhren \u202fUnter schwerer Last.<\/li>\n<li>\n<h2>Smart\u202fControl\u202fIntegration:<\/h2>\n<p>\u202fUIS\u2011Plattform\u202fBereit\u202fMit \u202fMemory\u202fFunktion\u202fF\u00fcr \u202fwiederholbare \u202fEinstellungen\u202fEinstellungen.<\/li>\n<li>\n<h2>Umweltschutz:<\/h2>\n<p>\u202fIP44 \u202fBewertung \u202f f\u00fcr \u202f Staub \u202f und \u202f Feuchtigkeit \u202f \u202f sichert \u202f \u202f \u202f \u202f \u202f \u202f jahresrunde.<\/li>\n<\/ul>\n<hr \/>","protected":false},"featured_media":4629,"comment_status":"open","ping_status":"closed","template":"","meta":{"_acf_changed":false},"product_brand":[],"product_cat":[28],"product_tag":[],"class_list":{"0":"post-4599","1":"product","2":"type-product","3":"status-publish","4":"has-post-thumbnail","6":"product_cat-exhaust-fan","8":"first","9":"instock","10":"sale","11":"taxable","12":"shipping-taxable","13":"purchasable","14":"product-type-simple"},"acf":[],"_links":{"self":[{"href":"https:\/\/www.ecvents.com\/de\/wp-json\/wp\/v2\/product\/4599","targetHints":{"allow":["GET"]}}],"collection":[{"href":"https:\/\/www.ecvents.com\/de\/wp-json\/wp\/v2\/product"}],"about":[{"href":"https:\/\/www.ecvents.com\/de\/wp-json\/wp\/v2\/types\/product"}],"replies":[{"embeddable":true,"href":"https:\/\/www.ecvents.com\/de\/wp-json\/wp\/v2\/comments?post=4599"}],"wp:featuredmedia":[{"embeddable":true,"href":"https:\/\/www.ecvents.com\/de\/wp-json\/wp\/v2\/media\/4629"}],"wp:attachment":[{"href":"https:\/\/www.ecvents.com\/de\/wp-json\/wp\/v2\/media?parent=4599"}],"wp:term":[{"taxonomy":"product_brand","embeddable":true,"href":"https:\/\/www.ecvents.com\/de\/wp-json\/wp\/v2\/product_brand?post=4599"},{"taxonomy":"product_cat","embeddable":true,"href":"https:\/\/www.ecvents.com\/de\/wp-json\/wp\/v2\/product_cat?post=4599"},{"taxonomy":"product_tag","embeddable":true,"href":"https:\/\/www.ecvents.com\/de\/wp-json\/wp\/v2\/product_tag?post=4599"}],"curies":[{"name":"WP","href":"https:\/\/api.w.org\/{rel}","templated":true}]}}