{"id":4600,"date":"2026-03-19T06:01:12","date_gmt":"2026-03-19T11:01:12","guid":{"rendered":"https:\/\/www.ecvents.com\/?post_type=product&#038;p=4600"},"modified":"2026-03-19T06:02:35","modified_gmt":"2026-03-19T11:02:35","slug":"deckenentfeuchter","status":"publish","type":"product","link":"https:\/\/www.ecvents.com\/de\/product\/deckenentfeuchter\/","title":{"rendered":"Deckenentfeuchter"},"content":{"rendered":"<div class=\"someee\">\n<h2><strong>Ruhige Balance. Trockener Komfort. Entwickelt f\u00fcr versteckte Leistung.<\/strong><\/h2>\n<p>der\u00a0<strong>Deckenentfeuchter<\/strong>\u00a0Bringt unsichtbare Kontrolle f\u00fcr den Innenkomfort. Diskret montiert, h\u00e4lt es die Feuchtigkeit in Schach und extrahiert Feuchtigkeit, sodass sich jeder Raum leichter, frischer und leichter zu atmen anf\u00fchlt. Kein Eindringen, kein Durcheinander, nur ein st\u00e4ndiges Gef\u00fchl der ruhigen Luft, die sich leise \u00fcber Ihnen bewegt.<\/p>\n<p>dessen\u00a0<strong>Kompakter Rotationskompressor<\/strong>\u00a0Kombiniert mit einem Pr\u00e4zisionsluftstromsystem, um eine stabile, energieintelligente Entfeuchtung zu gew\u00e4hrleisten. Ger\u00e4uschoptimierte Kan\u00e4le und eine ausgewogene L\u00fcfterbaugruppe reduzieren die Vibration und erm\u00f6glichen einen kontinuierlichen Betrieb mit minimalem akustischem Fu\u00dfabdruck. Hinter seinem ruhigen Auftreten steckt eine zuverl\u00e4ssige Leistung f\u00fcr jahrelange Serviceleistungen.<\/p>\n<p>Die Einheit ist\u00a0<strong>Korpus aus verzinktem Stahl<\/strong>\u00a0ist doppelt beschichtet, was die Korrosionsbest\u00e4ndigkeit anbelangt, die strukturelle Integrit\u00e4t und ein sauberes Finish im Laufe der Zeit beibeh\u00e4lt. Innen,\u00a0<strong>Kupferrohre und Aluminiumflossen<\/strong>\u00a0Verwalten Sie den W\u00e4rmeaustausch mit Effizienz und Langlebigkeit. ein\u00a0<strong>Dual-L\u00fcftungskammer<\/strong>\u00a0F\u00f6rdert das nat\u00fcrliche Luftradfahren und ersetzt die feuchte Stagnation durch saubere, atmungsaktive Str\u00f6mung im gesamten Raum.<\/p>\n<p>Interaktion ist intuitiv. der\u00a0<strong>86-Box-Touch-Display-Steuerung<\/strong>\u00a0Stellt die Modi sofort ein, w\u00e4hrend integrierte Sensoren die Feuchte, Temperatur, CO\u2082 und PM2.5 \u00fcberwachen \u2013 automatische Pr\u00e4zision, die Sie nie \u00fcberwachen m\u00fcssen.<\/p>\n<\/div>\n<hr \/>\n<p>Leistung:<\/p>\n<div class=\"scroll-table-wrapper\">\n<div class=\"scroll-table\">\n<table id=\"tablepress-62\" class=\"tablepress tablepress-id-62\">\n<thead>\n<tr class=\"row-1\">\n\t<th class=\"column-1\">modellieren<\/th><th class=\"column-2\">250gxD<\/th><th class=\"column-3\">350gxd<\/th><th class=\"column-4\">500gxd<\/th><th class=\"column-5\">800gxd<\/th>\n<\/tr>\n<\/thead>\n<tbody class=\"row-striping row-hover\">\n<tr class=\"row-2\">\n\t<td class=\"column-1\">Spannung(V)<\/td><td class=\"column-2\">220<\/td><td class=\"column-3\">220<\/td><td class=\"column-4\">220<\/td><td class=\"column-5\">220<\/td>\n<\/tr>\n<tr class=\"row-3\">\n\t<td class=\"column-1\">Luftvolumen (m\u00b3\/h)<\/td><td class=\"column-2\">250<\/td><td class=\"column-3\">350<\/td><td class=\"column-4\">500<\/td><td class=\"column-5\">800<\/td>\n<\/tr>\n<tr class=\"row-4\">\n\t<td class=\"column-1\">Luftstrom (m\u00b3\/h)<\/td><td class=\"column-2\">0~120<\/td><td class=\"column-3\">0~160<\/td><td class=\"column-4\">0~220<\/td><td class=\"column-5\">0~380<\/td>\n<\/tr>\n<tr class=\"row-5\">\n\t<td class=\"column-1\">Entfeuchtungskapazit\u00e4t (l\/Tag)<\/td><td class=\"column-2\">32<\/td><td class=\"column-3\">58<\/td><td class=\"column-4\">70<\/td><td class=\"column-5\">120<\/td>\n<\/tr>\n<tr class=\"row-6\">\n\t<td class=\"column-1\">Leistung (W)<\/td><td class=\"column-2\">580<\/td><td class=\"column-3\">720<\/td><td class=\"column-4\">850<\/td><td class=\"column-5\">1000<\/td>\n<\/tr>\n<tr class=\"row-7\">\n\t<td class=\"column-1\">Externer statischer Druck (PA)<\/td><td class=\"column-2\">80<\/td><td class=\"column-3\">90<\/td><td class=\"column-4\">100<\/td><td class=\"column-5\">120<\/td>\n<\/tr>\n<tr class=\"row-8\">\n\t<td class=\"column-1\">L\u00e4rm (db)<\/td><td class=\"column-2\">38<\/td><td class=\"column-3\">40<\/td><td class=\"column-4\">45<\/td><td class=\"column-5\">65<\/td>\n<\/tr>\n<tr class=\"row-9\">\n\t<td class=\"column-1\">Gewicht (kg)<\/td><td class=\"column-2\">48<\/td><td class=\"column-3\">55<\/td><td class=\"column-4\">68<\/td><td class=\"column-5\">62<\/td>\n<\/tr>\n<tr class=\"row-10\">\n\t<td class=\"column-1\">Abtaumodus<\/td><td class=\"column-2\">Auto<\/td><td class=\"column-3\">Auto<\/td><td class=\"column-4\">Auto<\/td><td class=\"column-5\">Auto<\/td>\n<\/tr>\n<tr class=\"row-11\">\n\t<td class=\"column-1\">Steuermodus<\/td><td class=\"column-2\">86 - Box-Touch-Tastenbildschirm<\/td><td class=\"column-3\">86 - Box-Touch-Tastenbildschirm<\/td><td class=\"column-4\">86 - Box-Touch-Tastenbildschirm<\/td><td class=\"column-5\">86 - Box-Touch-Tastenbildschirm<\/td>\n<\/tr>\n<tr class=\"row-12\">\n\t<td class=\"column-1\">Entw\u00e4sserungsmodus<\/td><td class=\"column-2\">Direkte Entw\u00e4sserung \u00fcber Schlauch<\/td><td class=\"column-3\">Direkte Entw\u00e4sserung \u00fcber Schlauch<\/td><td class=\"column-4\">Direkte Entw\u00e4sserung \u00fcber Schlauch<\/td><td class=\"column-5\">Direkte Entw\u00e4sserung \u00fcber Schlauch<\/td>\n<\/tr>\n<tr class=\"row-13\">\n\t<td class=\"column-1\">Luftauslassgr\u00f6\u00dfe (mm)<\/td><td class=\"column-2\">0150<\/td><td class=\"column-3\">0150<\/td><td class=\"column-4\">0150<\/td><td class=\"column-5\">0200(Optional 0150)<\/td>\n<\/tr>\n<tr class=\"row-14\">\n\t<td class=\"column-1\">Abmessungen (mm)<br \/>\n(L\u00e4nge x Breite x H\u00f6he)<\/td><td class=\"column-2\">1100\u00d7680\u00d7300<\/td><td class=\"column-3\">1100\u00d7680\u00d7300<\/td><td class=\"column-4\">1100\u00d7680\u00d7300<\/td><td class=\"column-5\">1450\u00d71000\u00d7350<\/td>\n<\/tr>\n<\/tbody>\n<\/table>\n<!-- #tablepress-62 from cache --><\/div>\n<\/div>\n<div><\/div>\n<div class=\"woocb\"><a class=\"wocb\" href=\"http:\/\/www.beiaole.com\/wp-content\/uploads\/2025\/09\/d5.1.pdf\" target=\"_blank\" rel=\"noopener\">formieren<\/a><\/div>\n<div><\/div>","protected":false},"excerpt":{"rendered":"<ul>\n<li>\n<h2>Leistungsstarke Entfeuchtung:<\/h2>\n<p>\u202fEntfernt \u202f32\u202f\u2013\u202f120\u202fl\u202fFeuchtigkeit\u202fper \u202fTag\u202fAirflows\u202fRange \u202fvon \u202f von \u202f \u202f 800 \u202f m\u00b3\/h.<\/li>\n<li>\n<h2>Geringe Betriebsweise:<\/h2>\n<p>\u202fakustische Ebenen \u202f als \u202f niedrig \u202f \u202f \u202f db \u202f \u202f \u202f und gest\u00f6rt \u202f \u202f \u202f f\u00fcr das Leben oder schlafen \u202f schl\u00e4ft.<\/li>\n<li>\n<h2>Langlebige\u202fAll\u2011Metall\u202fBau:<\/h2>\n<p>\u202f galvanisierter Stahl\u202fHousing\u202fmit \u202fSchutzbeschichtung\u202fResists\u202fkorrosion\u202fund \u202funter \u202fHumid\u202fBedingungen.<\/li>\n<li>\n<h2>Effizienter \u202f W\u00e4rme\u202faustausch:<\/h2>\n<p>\u202fKupfer\u202fRohre\u202fund\u202fFinnen\u202fFinnen\u202fMaximieren der thermischen \u202fTransfer\u202fund \u202fLangzeit\u2011Stabilit\u00e4t.<\/li>\n<li>\n<h2>Smart-Umwelt-Sensoren:<\/h2>\n<p>\u202fEingebaute\u202fCO\u2082, \u202fTemperatur, und \u202fPM2.5\u202f\u00dcberwachung\u202f f\u00fcr \u202fAnpassung\u202fKlimamanagement.<\/li>\n<li>\n<h2>Benutzerfreundliche\u202fSteuerung:<\/h2>\n<p>\u202f86\u2011box\u202ftouch\u202finterface\u202fF\u00fcr \u202fMode\u202fSelection\u202fund \u202fFeedback\u202fAt\u202fA\u202fBlick.<\/li>\n<li>\n<h2>Flexible Entw\u00e4sserung\u202fund\u202fAbtauung:<\/h2>\n<p>\u202fAutomatisch\u202fEntfrostung\u202fund \u202fDirekte\u202fDrainage\u202fVereinfachen\u202fWartung.<\/li>\n<li>\n<h2>Kompaktes Deckendesign:<\/h2>\n<p>\u202fUltra-Thin\u202fform\u202fFaktor \u202f(300\u2013350 \u202fmm \u202fH\u00f6he) \u202fIntegriert \u202f nahtlos in \u202f moderne \u202fDecken integriert.<\/li>\n<\/ul>\n<hr \/>","protected":false},"featured_media":4631,"comment_status":"open","ping_status":"closed","template":"","meta":{"_acf_changed":false},"product_brand":[],"product_cat":[64],"product_tag":[],"class_list":{"0":"post-4600","1":"product","2":"type-product","3":"status-publish","4":"has-post-thumbnail","6":"product_cat-dehumidifier-series","8":"first","9":"outofstock","10":"taxable","11":"shipping-taxable","12":"purchasable","13":"product-type-variable"},"acf":[],"_links":{"self":[{"href":"https:\/\/www.ecvents.com\/de\/wp-json\/wp\/v2\/product\/4600","targetHints":{"allow":["GET"]}}],"collection":[{"href":"https:\/\/www.ecvents.com\/de\/wp-json\/wp\/v2\/product"}],"about":[{"href":"https:\/\/www.ecvents.com\/de\/wp-json\/wp\/v2\/types\/product"}],"replies":[{"embeddable":true,"href":"https:\/\/www.ecvents.com\/de\/wp-json\/wp\/v2\/comments?post=4600"}],"wp:featuredmedia":[{"embeddable":true,"href":"https:\/\/www.ecvents.com\/de\/wp-json\/wp\/v2\/media\/4631"}],"wp:attachment":[{"href":"https:\/\/www.ecvents.com\/de\/wp-json\/wp\/v2\/media?parent=4600"}],"wp:term":[{"taxonomy":"product_brand","embeddable":true,"href":"https:\/\/www.ecvents.com\/de\/wp-json\/wp\/v2\/product_brand?post=4600"},{"taxonomy":"product_cat","embeddable":true,"href":"https:\/\/www.ecvents.com\/de\/wp-json\/wp\/v2\/product_cat?post=4600"},{"taxonomy":"product_tag","embeddable":true,"href":"https:\/\/www.ecvents.com\/de\/wp-json\/wp\/v2\/product_tag?post=4600"}],"curies":[{"name":"WP","href":"https:\/\/api.w.org\/{rel}","templated":true}]}}