{"id":4601,"date":"2026-03-19T06:01:12","date_gmt":"2026-03-19T11:01:12","guid":{"rendered":"https:\/\/www.ecvents.com\/?post_type=product&#038;p=4601"},"modified":"2026-03-19T06:02:35","modified_gmt":"2026-03-19T11:02:35","slug":"querstrom-luftschleier-q-serie","status":"publish","type":"product","link":"https:\/\/www.ecvents.com\/de\/product\/querstrom-luftschleier-q-serie\/","title":{"rendered":"Querstrom-Luftschleier Q-Serie"},"content":{"rendered":"<div class=\"someee\">\n<h2><strong>Ruhiger Schild. Best\u00e4ndiger Komfort. Entworfen, um jeden Eingang zu definieren.<\/strong><\/h2>\n<p>der\u00a0<strong>Querstrom-Luftschleier\u202fQ\u202fSerie<\/strong>\u00a0Bringt stille Pr\u00e4zision an die Schwelle zwischen Innen und Au\u00dfen. Seine Pflicht ist einfach und doch wichtig - die Luft in der Au\u00dfenw\u00e4rme und den Staub zu halten und eine sanfte, unsichtbare Komfortbarriere zu schaffen. Ideal f\u00fcr Gesch\u00e4fte, Caf\u00e9s und gewerbliche K\u00fcchen, stabilisiert es das Raumklima, spart Energie und h\u00e4lt jede T\u00fcr einladend.<\/p>\n<p>der\u00a0<strong>stromlinienf\u00f6rmiges gebogenes Geh\u00e4use<\/strong>\u00a0Vermischt Haltbarkeit mit Eleganz. Aus rostfreiem Metall gefertigt, f\u00fchlt es sich ohne \u00dcbergewicht fest an. Diskrete Einlassstreifen sind nicht nur visuell - sie gleichen den Luftstrom gleichm\u00e4\u00dfig \u00fcber die gesamte Breite aus, um eine gleichm\u00e4\u00dfige Abdeckung zu erzielen. Die raffinierte Struktur macht die Installation schnell und wartungsfrei.<\/p>\n<p>Innen ein\u00a0<strong>Reiner Kupfermotor<\/strong>\u00a0und\u00a0<strong>Pr\u00e4zisions-Querstromrad<\/strong>\u00a0Erhalten Sie eine leistungsstarke Leistung mit bemerkenswert wenig Ger\u00e4usch. Luftrichtung l\u00e4sst sich leicht durch a\u00a0<strong>\u00dcberarbeitete F\u00fchrungsleiste<\/strong>, und das\u00a0<strong>Zwei-Drehzahl-Steuerschalter<\/strong>\u00a0Verlagert sich von einer weichen Brise zu einem starken Schutzstrom, wenn eine h\u00f6here Trennung erforderlich ist. Getestet f\u00fcr \u00fcber\u00a0<strong>8.000 Stunden Dauerbetrieb<\/strong>, Die \u202fq\u202f-Serie liefert die leise Sicherheit der Konstruktion, die f\u00fcr die Ewigkeit gebaut wurde.<\/p>\n<\/div>\n<hr \/>\n<p>Leistung:<\/p>\n<div class=\"scroll-table-wrapper\">\n<div class=\"scroll-table\">\n<table id=\"tablepress-54\" class=\"tablepress tablepress-id-54\">\n<thead>\n<tr class=\"row-1\">\n\t<th class=\"column-1\">modellieren<\/th><th class=\"column-2\">Abmessungen (mm)<\/th><th class=\"column-3\">Spannung(V)<\/th><th class=\"column-4\">Frequenz (Hz)<\/th><th class=\"column-5\">Leistung (W)<\/th><th class=\"column-6\">Geschwindigkeit (m \/ s)<\/th><th class=\"column-7\">Luftstrom (m\u00b3\/h)<\/th><th class=\"column-8\">L\u00e4rm (db)<\/th><th class=\"column-9\">Gewicht (kg)<\/th>\n<\/tr>\n<\/thead>\n<tbody class=\"row-striping row-hover\">\n<tr class=\"row-2\">\n\t<td class=\"column-1\">FM-125-06<\/td><td class=\"column-2\">600x145\u00d7185<\/td><td class=\"column-3\">220<\/td><td class=\"column-4\">50<\/td><td class=\"column-5\">105<\/td><td class=\"column-6\">9-11<\/td><td class=\"column-7\">1200<\/td><td class=\"column-8\">50<\/td><td class=\"column-9\">5.5<\/td>\n<\/tr>\n<tr class=\"row-3\">\n\t<td class=\"column-1\">FM-125-09<\/td><td class=\"column-2\">900x145\u00d7185<\/td><td class=\"column-3\">220<\/td><td class=\"column-4\">50<\/td><td class=\"column-5\">105<\/td><td class=\"column-6\">9-11<\/td><td class=\"column-7\">1300<\/td><td class=\"column-8\">57<\/td><td class=\"column-9\">7<\/td>\n<\/tr>\n<tr class=\"row-4\">\n\t<td class=\"column-1\">FM-125-10<\/td><td class=\"column-2\">1000\u00d7145\u00d7185<\/td><td class=\"column-3\">220<\/td><td class=\"column-4\">50<\/td><td class=\"column-5\">130<\/td><td class=\"column-6\">9-11<\/td><td class=\"column-7\">1500<\/td><td class=\"column-8\">58<\/td><td class=\"column-9\">7.5<\/td>\n<\/tr>\n<tr class=\"row-5\">\n\t<td class=\"column-1\">FM-125-12<\/td><td class=\"column-2\">1200x145\u00d7185<\/td><td class=\"column-3\">220<\/td><td class=\"column-4\">50<\/td><td class=\"column-5\">160<\/td><td class=\"column-6\">9-11<\/td><td class=\"column-7\">1700<\/td><td class=\"column-8\">58<\/td><td class=\"column-9\">8.5<\/td>\n<\/tr>\n<tr class=\"row-6\">\n\t<td class=\"column-1\">FM-125-15<\/td><td class=\"column-2\">1500x145\u00d7185<\/td><td class=\"column-3\">220<\/td><td class=\"column-4\">50<\/td><td class=\"column-5\">200<\/td><td class=\"column-6\">9-11<\/td><td class=\"column-7\">2150<\/td><td class=\"column-8\">59<\/td><td class=\"column-9\">10<\/td>\n<\/tr>\n<tr class=\"row-7\">\n\t<td class=\"column-1\">FM-125-18<\/td><td class=\"column-2\">1800 \u00d7 145 x 185<\/td><td class=\"column-3\">220<\/td><td class=\"column-4\">50<\/td><td class=\"column-5\">250<\/td><td class=\"column-6\">9-11<\/td><td class=\"column-7\">2600<\/td><td class=\"column-8\">60<\/td><td class=\"column-9\">13<\/td>\n<\/tr>\n<tr class=\"row-8\">\n\t<td class=\"column-1\">FM-125-20<\/td><td class=\"column-2\">2000x145\u00d7185<\/td><td class=\"column-3\">220<\/td><td class=\"column-4\">50<\/td><td class=\"column-5\">280<\/td><td class=\"column-6\">9-11<\/td><td class=\"column-7\">2900<\/td><td class=\"column-8\">61<\/td><td class=\"column-9\">13.5<\/td>\n<\/tr>\n<\/tbody>\n<\/table>\n<!-- #tablepress-54 from cache --><\/div>\n<\/div>\n<div><\/div>\n<div class=\"woocb\"><a class=\"wocb\" href=\"http:\/\/www.beiaole.com\/wp-content\/uploads\/2025\/10\/d4.2.pdf\" target=\"_blank\" rel=\"noopener\">formieren<\/a><\/div>\n<div><\/div>","protected":false},"excerpt":{"rendered":"<ul>\n<li>\n<h2>Stabile Luftschutzbarriere:<\/h2>\n<p>\u202fBeh\u00e4lt die Trennung zwischen \u202findoor\u202fund\u202f\u202fUmwelt\u202f f\u00fcr \u202f effektive Temperatur\u202f und \u202f \u202f Kontrolle.<\/li>\n<li>\n<h2>Ger\u00e4uscharme Leistung:<\/h2>\n<p>\u202fKreuzfluss\u202fAerodynamik\u202fund\u202fPr\u00e4zision\u2011ausgeglichene \u202fRad\u202fRad\u202fSchall zu \u202f als \u202f s\u202f s\u202f s\u202f \u202f 61\u202f db.<\/li>\n<li>\n<h2>Langlebiger \u202f rost-sicherer K\u00f6rper:<\/h2>\n<p>\u202fMetal\u202fHousing\u202fResists\u202fKorrosion\u202fund \u202fAbnutzung f\u00fcr \u202flangen\u202fwerden\u202fwerden.<\/li>\n<li>\n<h2>Einstellbare Luftrichtung:<\/h2>\n<p>\u202ftilting\u202fguide \u202fBar\u202fBar \u202fgenauer \u202fAir\u202fLieferung\u202ff\u00fcr \u202f unterschiedliche H\u00f6hen\u202fH\u00f6hen\u202f und \u202fVerkehrsbedingungen.<\/li>\n<li>\n<h2>Zwei-Geschwindigkeit-Steuerung:<\/h2>\n<p>\u202f Einfache \u202f Schl\u00fcssel \u202f f\u00fcr \u202f schnelle Operation \u202f - \u202f \u202f \u202f \u202f \u202f \u202f \u202f \u202f \u202f \u202f \u202f \u202f \u202f wie erforderlich \u202f \u202f \u202f \u202f \u202f hoch \u202f \u202f \u202f \u202f wie n\u00f6tig.<\/li>\n<li>\n<h2>Energieeffizienter Antrieb:<\/h2>\n<p>\u202fKupfer\u202fMotor\u202fErst\u00e4ndungen\u202fStrong\u202fAusgabe\u202fMit geringer \u202fPower\u202fKonsum.<\/li>\n<li>\n<h2>Erweiterter Service \u202fLife:<\/h2>\n<p>\u202f\u00dcber\u202f8.000 Stunden \u202fgetestet\u202fkontinuierliche \u202fBetrieb\u202f f\u00fcr \u202fZuverl\u00e4ssig, \u202fWartung\u2011Licht \u202fUse.<\/li>\n<\/ul>\n<hr \/>","protected":false},"featured_media":4632,"comment_status":"open","ping_status":"closed","template":"","meta":{"_acf_changed":false},"product_brand":[],"product_cat":[65],"product_tag":[],"class_list":{"0":"post-4601","1":"product","2":"type-product","3":"status-publish","4":"has-post-thumbnail","6":"product_cat-air-curtain","8":"first","9":"instock","10":"taxable","11":"shipping-taxable","12":"purchasable","13":"product-type-variable","14":"has-default-attributes"},"acf":[],"_links":{"self":[{"href":"https:\/\/www.ecvents.com\/de\/wp-json\/wp\/v2\/product\/4601","targetHints":{"allow":["GET"]}}],"collection":[{"href":"https:\/\/www.ecvents.com\/de\/wp-json\/wp\/v2\/product"}],"about":[{"href":"https:\/\/www.ecvents.com\/de\/wp-json\/wp\/v2\/types\/product"}],"replies":[{"embeddable":true,"href":"https:\/\/www.ecvents.com\/de\/wp-json\/wp\/v2\/comments?post=4601"}],"wp:featuredmedia":[{"embeddable":true,"href":"https:\/\/www.ecvents.com\/de\/wp-json\/wp\/v2\/media\/4632"}],"wp:attachment":[{"href":"https:\/\/www.ecvents.com\/de\/wp-json\/wp\/v2\/media?parent=4601"}],"wp:term":[{"taxonomy":"product_brand","embeddable":true,"href":"https:\/\/www.ecvents.com\/de\/wp-json\/wp\/v2\/product_brand?post=4601"},{"taxonomy":"product_cat","embeddable":true,"href":"https:\/\/www.ecvents.com\/de\/wp-json\/wp\/v2\/product_cat?post=4601"},{"taxonomy":"product_tag","embeddable":true,"href":"https:\/\/www.ecvents.com\/de\/wp-json\/wp\/v2\/product_tag?post=4601"}],"curies":[{"name":"WP","href":"https:\/\/api.w.org\/{rel}","templated":true}]}}