{"id":4602,"date":"2026-03-19T06:01:12","date_gmt":"2026-03-19T11:01:12","guid":{"rendered":"https:\/\/www.ecvents.com\/?post_type=product&#038;p=4602"},"modified":"2026-03-19T06:02:04","modified_gmt":"2026-03-19T11:02:04","slug":"hochdruck-lufter-schrankventilator","status":"publish","type":"product","link":"https:\/\/www.ecvents.com\/de\/product\/hochdruck-lufter-schrankventilator\/","title":{"rendered":"Hochdruck-L\u00fcfter-Schrankventilator"},"content":{"rendered":"<div class=\"someee\">\n<h2><strong>h\u00f6herer Druck. breitere Reichweite. Vertrauen in jeden Fluss.<\/strong><\/h2>\n<p>Wenn die L\u00fcftungswege l\u00e4nger werden und Widerstand aufgebaut wird,\u00a0<strong>Hochdruck-L\u00fcfter-Schrankventilator<\/strong>\u00a0H\u00e4lt die Leistung stabil. Zweckm\u00e4\u00dfig f\u00fcr hohe Anforderungen an die gewerbliche Umgebung \u2013 gewerbliche K\u00fcchen, verl\u00e4ngerte Kanall\u00e4ufe oder Luftwege mit mehreren Zonen \u2013 kombiniert den starken statischen Druck eines Kreiselventilators mit der Luftbewegungseffizienz eines Schranksystems. Das Ergebnis: Robuster, gleichm\u00e4\u00dfiger Luftstrom, der dort unter Druck bleibt, wo normale Ventilatoren an Schwung verlieren.<\/p>\n<p>Im Kern ein\u00a0<strong>Kupfermotor mit IP54-bewertet<\/strong>\u00a0Eingeh\u00fcllt in eine hochfeste Aluminiumschale liefert langlebige, k\u00fchle Laufleistung. dessen\u00a0<strong>All-Metall-Laufrad<\/strong>\u00a0und\u00a0<strong>Optimiertes internes Kanaldesign<\/strong>\u00a0Erzeugen Sie \u00fcber gro\u00dfe Entfernungen einen ausgeglichenen Luftstrom mit hoher Geschwindigkeit und unterdr\u00fccken Sie gleichzeitig Vibrationen und halten Sie das Ger\u00e4usch f\u00fcr seine Ausgangsklasse beeindruckend niedrig.<\/p>\n<p>Trotz seiner Muskeln bleibt der L\u00fcfter kompakt. der\u00a0<strong>Integrierte Motorkonfiguration<\/strong>\u00a0Verringert die Gesamtabmessungen und passt in enge Deckenhohlr\u00e4ume, die in Restaurant- und Einzelhandelsinstallationen \u00fcblich sind. Er ist f\u00fcr den Dauerbetrieb gebaut und arbeitet Tag f\u00fcr Tag mit leiser Autorit\u00e4t.<\/p>\n<p>Intelligente Wartungspunkte runden das Design ab.\u00a0<strong>Inspektionsabdeckungen f\u00fcr die Schnellspanner<\/strong>\u00a0Die durchschnittliche Reinigung oder Wartung kann in wenigen Minuten durchgef\u00fchrt werden - keine vollst\u00e4ndige Demontage, keine l\u00e4ngere Ausfallzeit.<\/p>\n<\/div>\n<hr \/>\n<p>Abmessungen (Einheit: mm):<\/p>\n<div class=\"scroll-table-wrapper\">\n<div class=\"scroll-table\">\n<table id=\"tablepress-16\" class=\"tablepress tablepress-id-16\">\n<thead>\n<tr class=\"row-1\">\n\t<th class=\"column-1\">modellieren<\/th><th class=\"column-2\">L<\/th><th class=\"column-3\">l1<\/th><th class=\"column-4\">W<\/th><th class=\"column-5\">W1<\/th><th class=\"column-6\">H<\/th><th class=\"column-7\">Hi<\/th><th class=\"column-8\">d1<\/th><th class=\"column-9\">F<\/th><th class=\"column-10\">Luftauslassgr\u00f6\u00dfe<br \/>\n(AXB)<\/th><th class=\"column-11\">Lufteinlassgr\u00f6\u00dfe<br \/>\n(CxD)<\/th>\n<\/tr>\n<\/thead>\n<tbody class=\"row-striping row-hover\">\n<tr class=\"row-2\">\n\t<td class=\"column-1\">DT28-6000<\/td><td class=\"column-2\">620<\/td><td class=\"column-3\">520<\/td><td class=\"column-4\">700<\/td><td class=\"column-5\">750<\/td><td class=\"column-6\">615<\/td><td class=\"column-7\">100<\/td><td class=\"column-8\">50<\/td><td class=\"column-9\">25<\/td><td class=\"column-10\">405x285<\/td><td class=\"column-11\">630x565<\/td>\n<\/tr>\n<tr class=\"row-3\">\n\t<td class=\"column-1\">DT30-8000<\/td><td class=\"column-2\">650<\/td><td class=\"column-3\">550<\/td><td class=\"column-4\">750<\/td><td class=\"column-5\">800<\/td><td class=\"column-6\">650<\/td><td class=\"column-7\">100<\/td><td class=\"column-8\">50<\/td><td class=\"column-9\">25<\/td><td class=\"column-10\">430x300<\/td><td class=\"column-11\">680x600<\/td>\n<\/tr>\n<tr class=\"row-4\">\n\t<td class=\"column-1\">DT30-10000<\/td><td class=\"column-2\">650<\/td><td class=\"column-3\">550<\/td><td class=\"column-4\">750<\/td><td class=\"column-5\">800<\/td><td class=\"column-6\">650<\/td><td class=\"column-7\">100<\/td><td class=\"column-8\">50<\/td><td class=\"column-9\">25<\/td><td class=\"column-10\">430x300<\/td><td class=\"column-11\">680x600<\/td>\n<\/tr>\n<tr class=\"row-5\">\n\t<td class=\"column-1\">DT32-12000<\/td><td class=\"column-2\">725<\/td><td class=\"column-3\">625<\/td><td class=\"column-4\">800<\/td><td class=\"column-5\">850<\/td><td class=\"column-6\">725<\/td><td class=\"column-7\">100<\/td><td class=\"column-8\">50<\/td><td class=\"column-9\">25<\/td><td class=\"column-10\">405x330<\/td><td class=\"column-11\">730x675<\/td>\n<\/tr>\n<\/tbody>\n<\/table>\n<!-- #tablepress-16 from cache --><\/div>\n<\/div>\n<div><\/div>\n<div class=\"woocb\"><a class=\"wocb\" href=\"http:\/\/www.beiaole.com\/wp-content\/uploads\/2025\/08\/d2.1.1.pdf\" target=\"_blank\" rel=\"noopener\">formieren<\/a><\/div>\n<div><\/div>\n<div><img loading=\"lazy\" decoding=\"async\" class=\"aligncenter wp-image-15946 size-large\" src=\"http:\/\/www.beiaole.com\/wp-content\/uploads\/2025\/08\/s2.1-1024x813.png\" alt=\"High Pressure Air Cabinet Fan-size\" width=\"1024\" height=\"813\" data-no-translation=\"\" \/><\/div>\n<p>Leistung:<\/p>\n<div class=\"scroll-table-wrapper\">\n<div class=\"scroll-table\">\n<table id=\"tablepress-17\" class=\"tablepress tablepress-id-17\">\n<thead>\n<tr class=\"row-1\">\n\t<th class=\"column-1\">modellieren<\/th><th class=\"column-2\">Spannung(V)<\/th><th class=\"column-3\">Frequenz (Hz)<\/th><th class=\"column-4\">Geschwindigkeit (U\/min)<\/th><th class=\"column-5\">Leistung (W)<\/th><th class=\"column-6\">Luftstrom (m\u00b3\/h)<\/th><th class=\"column-7\">statischer Druck (PA)<\/th><th class=\"column-8\">L\u00e4rm (db)<\/th><th class=\"column-9\">N.M (kg)<\/th>\n<\/tr>\n<\/thead>\n<tbody class=\"row-striping row-hover\">\n<tr class=\"row-2\">\n\t<td class=\"column-1\">DT28-6000<\/td><td class=\"column-2\">380<\/td><td class=\"column-3\">50<\/td><td class=\"column-4\">1400-1450<\/td><td class=\"column-5\">1500<\/td><td class=\"column-6\">6500-4800<\/td><td class=\"column-7\">520-710<\/td><td class=\"column-8\">64<\/td><td class=\"column-9\">60<\/td>\n<\/tr>\n<tr class=\"row-3\">\n\t<td class=\"column-1\">DT30-8000<\/td><td class=\"column-2\">380<\/td><td class=\"column-3\">50<\/td><td class=\"column-4\">1400-1450<\/td><td class=\"column-5\">2200<\/td><td class=\"column-6\">8500-6500<\/td><td class=\"column-7\">640-740<\/td><td class=\"column-8\">67<\/td><td class=\"column-9\">68<\/td>\n<\/tr>\n<tr class=\"row-4\">\n\t<td class=\"column-1\">DT30-10000<\/td><td class=\"column-2\">380<\/td><td class=\"column-3\">50<\/td><td class=\"column-4\">1400-1450<\/td><td class=\"column-5\">3000<\/td><td class=\"column-6\">10500-8500<\/td><td class=\"column-7\">720-800<\/td><td class=\"column-8\">70<\/td><td class=\"column-9\">72<\/td>\n<\/tr>\n<tr class=\"row-5\">\n\t<td class=\"column-1\">DT32-12000<\/td><td class=\"column-2\">380<\/td><td class=\"column-3\">50<\/td><td class=\"column-4\">1400-1450<\/td><td class=\"column-5\">4000<\/td><td class=\"column-6\">12500-9000<\/td><td class=\"column-7\">740-850<\/td><td class=\"column-8\">73<\/td><td class=\"column-9\">90<\/td>\n<\/tr>\n<\/tbody>\n<\/table>\n<!-- #tablepress-17 from cache --><\/div>\n<\/div>\n<div><\/div>\n<div class=\"woocb\"><a class=\"wocb\" href=\"http:\/\/www.beiaole.com\/wp-content\/uploads\/2025\/08\/d2.1.2.pdf\" target=\"_blank\" rel=\"noopener\">formieren<\/a><\/div>\n<div><\/div>\n<div><img loading=\"lazy\" decoding=\"async\" class=\"aligncenter wp-image-17232 size-large\" src=\"http:\/\/www.beiaole.com\/wp-content\/uploads\/2025\/08\/x2.1.1-1024x395.jpg\" alt=\"High Pressure Air Cabinet Fan-q1\" width=\"1024\" height=\"395\" data-no-translation=\"\" \/><\/div>\n<div><img loading=\"lazy\" decoding=\"async\" class=\"aligncenter wp-image-17233 size-large\" src=\"http:\/\/www.beiaole.com\/wp-content\/uploads\/2025\/08\/x2.1.2-1024x393.jpg\" alt=\"High Pressure Air Cabinet Fan-q2\" width=\"1024\" height=\"393\" data-no-translation=\"\" \/><\/div>","protected":false},"excerpt":{"rendered":"<ul>\n<li>\n<h2>Hochdruckleistung:<\/h2>\n<p>\u202fstatische \u202fDruckbereich \u202f bis \u202f \u202f \u202f \u202f \u202f \u202f \u202f stabil \u202f \u202f lieferung \u202f \u202f \u202f \u202f \u202f hoch \u2011 \u202f \u202f \u202f \u202f \u202f \u202f \u202f \u202f \u202f \u202f \u202f \u202f \u202f \u202f \u202f \u202f \u202f \u202f \u202f \u202f \u202f sichert \u202f stabil \ufffd\ufffd.<\/li>\n<li>\n<h2>Starker \u202fLuftstrom\u202fAusgang:<\/h2>\n<p>\u202f bewegt \u202f 4,800 \u202f \u202f 12,500 \u202f m\u00b3 \/ h \u202f \u202f AT \u202f 1,400 rpm\u202f f\u00fcr \u202f f\u00fcr \u202f \u202f \u202f kommerzielle \u202f \u202f \u202f \u202f \u202f \u202f \u202f \u202f \u202f \u202f \u202f \u202f \u202f rpm\u202f f\u00fcr \u202f vs.<\/li>\n<li>\n<h2>Langlebig\u202fIP54-bewertet\u202fMotor:<\/h2>\n<p>\u202fKupfer\u202fKern\u202fMit \u202fAluminium\u202fAlloy\u202fHousing, \u202fResistent\u202fHitze, Feuchtigkeit, \u202fFeuchtigkeit, und \u202fSchmierumwelt.<\/li>\n<li>\n<h2>All-Metall-Impeller:<\/h2>\n<p>\u202fPr\u00e4zisionsausgleich f\u00fcr hohe Effizienz\u202f und \u202f Lange\u2011Air\u202fProjektion.<\/li>\n<li>\n<h2>Kompaktes Decken-Fit-Design:<\/h2>\n<p>\u202fIntegrierte \u202fMotor\u202fStruktur\u202fRettung \u202fRaum\u202fDense\u202fInstallationen\u202fSolche\u202fK\u00fcchen\u202fK\u00fcchen\u202fUnten \u202fSchafsen.<\/li>\n<li>\n<h2>Erreichbare \u202fWartung:<\/h2>\n<p>\u202fSeite \u202fInspektion\u202fPorts\u202fAktivieren \u202fRapid\u202fReinigung\u202fund \u202fKomponente \u202fErsatz\u202fOhne System \u202fZulassung.<\/li>\n<li>\n<h2>Schallgestimmt\u202fBetrieb:<\/h2>\n<p>\u202fNoise\u202fLevels\u202fFrom 64\u202fTo\u202f73\u202fDB\u202fBehalten Sie \u202f\u00dcberwachbar\u202fausgleich\u202fausgleich f\u00fcr \u202fKaufrechte Einstellungen.<\/li>\n<\/ul>\n<hr \/>","protected":false},"featured_media":4638,"comment_status":"open","ping_status":"closed","template":"","meta":{"_acf_changed":false},"product_brand":[],"product_cat":[66],"product_tag":[],"class_list":{"0":"post-4602","1":"product","2":"type-product","3":"status-publish","4":"has-post-thumbnail","6":"product_cat-cabinet-fan","8":"first","9":"instock","10":"taxable","11":"shipping-taxable","12":"purchasable","13":"product-type-variable","14":"has-default-attributes"},"acf":[],"_links":{"self":[{"href":"https:\/\/www.ecvents.com\/de\/wp-json\/wp\/v2\/product\/4602","targetHints":{"allow":["GET"]}}],"collection":[{"href":"https:\/\/www.ecvents.com\/de\/wp-json\/wp\/v2\/product"}],"about":[{"href":"https:\/\/www.ecvents.com\/de\/wp-json\/wp\/v2\/types\/product"}],"replies":[{"embeddable":true,"href":"https:\/\/www.ecvents.com\/de\/wp-json\/wp\/v2\/comments?post=4602"}],"wp:featuredmedia":[{"embeddable":true,"href":"https:\/\/www.ecvents.com\/de\/wp-json\/wp\/v2\/media\/4638"}],"wp:attachment":[{"href":"https:\/\/www.ecvents.com\/de\/wp-json\/wp\/v2\/media?parent=4602"}],"wp:term":[{"taxonomy":"product_brand","embeddable":true,"href":"https:\/\/www.ecvents.com\/de\/wp-json\/wp\/v2\/product_brand?post=4602"},{"taxonomy":"product_cat","embeddable":true,"href":"https:\/\/www.ecvents.com\/de\/wp-json\/wp\/v2\/product_cat?post=4602"},{"taxonomy":"product_tag","embeddable":true,"href":"https:\/\/www.ecvents.com\/de\/wp-json\/wp\/v2\/product_tag?post=4602"}],"curies":[{"name":"WP","href":"https:\/\/api.w.org\/{rel}","templated":true}]}}