{"id":4603,"date":"2026-03-19T06:01:12","date_gmt":"2026-03-19T11:01:12","guid":{"rendered":"https:\/\/www.ecvents.com\/?post_type=product&#038;p=4603"},"modified":"2026-03-19T06:02:04","modified_gmt":"2026-03-19T11:02:04","slug":"energieruckgewinnungseinheit-fur-zu-hause","status":"publish","type":"product","link":"https:\/\/www.ecvents.com\/de\/product\/energieruckgewinnungseinheit-fur-zu-hause\/","title":{"rendered":"Energier\u00fcckgewinnungseinheit f\u00fcr zu Hause"},"content":{"rendered":"<div class=\"someee\">\n<h2><strong>Reine Luft. Ruhige Energie. Entworfen f\u00fcr ges\u00fcnderes Leben.<\/strong><\/h2>\n<p>der\u00a0<strong>Home Energy Recovery Unit (Haze &amp; \u202fPM2.5\u202fEntfernung)<\/strong>\u00a0Macht frische Innenluft zu einer ruhigen Sicherheit. angetrieben von a\u00a0<strong>Hocheffizienter Kupfer-Kern-Motor<\/strong>\u00a0und Pr\u00e4zisionslager, es liefert eine gleichm\u00e4\u00dfige Luftzirkulation bei minimalem Energieverbrauch. Einmal installiert, wird es leise in den Hintergrund geraten - unbemerkt, bis auf die ruhige, sauberere Atmosph\u00e4re, die es jeden Tag aufbaut.<\/p>\n<p>dessen\u00a0<strong>Nano-verst\u00e4rktes Filtersystem<\/strong>, gest\u00e4rkt mit Graphen kombiniert antibakterielle und hydrophobe Eigenschaften, um feine Tr\u00fcbungspartikel, Bakterien und Restger\u00fcche zu entfernen. Das Ergebnis ist Luft, die sich von Natur aus leichter anf\u00fchlt - sp\u00fcrbar frischer ohne L\u00e4rm oder Unterbrechung.<\/p>\n<p>Dank an eine\u00a0<strong>Ultra-schlankes 20-cm-Profil<\/strong>, Das Ger\u00e4t passt leicht in Decken und schmale R\u00e4ume, die f\u00fcr moderne Wohnungen typischerweise sind und Leistung mit Diskretion verbinden. Unabh\u00e4ngige Zu- und Abgaswege balancieren den Druck zwischen den R\u00e4umen aus, um einen gleichm\u00e4\u00dfigen Luftstrom ohne Zug- oder Temperaturschwankungen aufrechtzuerhalten.<\/p>\n<\/div>\n<hr \/>\n<p>Abmessungen (Einheit: mm):<\/p>\n<div class=\"scroll-table-wrapper\">\n<div class=\"scroll-table\">\n<table id=\"tablepress-1\" class=\"tablepress tablepress-id-1\">\n<thead>\n<tr class=\"row-1\">\n\t<th class=\"column-1\">modellieren<\/th><th class=\"column-2\">L<\/th><th class=\"column-3\">l1<\/th><th class=\"column-4\">l2<\/th><th class=\"column-5\">W<\/th><th class=\"column-6\">W1<\/th><th class=\"column-7\">W2<\/th><th class=\"column-8\">H<\/th><th class=\"column-9\">h1<\/th><th class=\"column-10\">D<\/th><th class=\"column-11\">E<\/th><th class=\"column-12\">F<\/th>\n<\/tr>\n<\/thead>\n<tbody class=\"row-striping row-hover\">\n<tr class=\"row-2\">\n\t<td class=\"column-1\">QRXF-150<\/td><td class=\"column-2\">867<\/td><td class=\"column-3\">746<\/td><td class=\"column-4\">602<\/td><td class=\"column-5\">816<\/td><td class=\"column-6\">460<\/td><td class=\"column-7\">854<\/td><td class=\"column-8\">222<\/td><td class=\"column-9\">11.5<\/td><td class=\"column-10\">563<\/td><td class=\"column-11\">62<\/td><td class=\"column-12\">\u03c6100<\/td>\n<\/tr>\n<tr class=\"row-3\">\n\t<td class=\"column-1\">QRXF-250<\/td><td class=\"column-2\">893<\/td><td class=\"column-3\">746<\/td><td class=\"column-4\">602<\/td><td class=\"column-5\">816<\/td><td class=\"column-6\">460<\/td><td class=\"column-7\">854<\/td><td class=\"column-8\">222<\/td><td class=\"column-9\">11.5<\/td><td class=\"column-10\">563<\/td><td class=\"column-11\">75<\/td><td class=\"column-12\">\u03c6150<\/td>\n<\/tr>\n<tr class=\"row-4\">\n\t<td class=\"column-1\">QRXF-350<\/td><td class=\"column-2\">893<\/td><td class=\"column-3\">746<\/td><td class=\"column-4\">602<\/td><td class=\"column-5\">816<\/td><td class=\"column-6\">460<\/td><td class=\"column-7\">854<\/td><td class=\"column-8\">252<\/td><td class=\"column-9\">11.5<\/td><td class=\"column-10\">563<\/td><td class=\"column-11\">75<\/td><td class=\"column-12\">\u03c6150<\/td>\n<\/tr>\n<tr class=\"row-5\">\n\t<td class=\"column-1\">QRXF-500<\/td><td class=\"column-2\">885<\/td><td class=\"column-3\">746<\/td><td class=\"column-4\">602<\/td><td class=\"column-5\">816<\/td><td class=\"column-6\">460<\/td><td class=\"column-7\">854<\/td><td class=\"column-8\">282<\/td><td class=\"column-9\">11.5<\/td><td class=\"column-10\">523<\/td><td class=\"column-11\">71<\/td><td class=\"column-12\">\u03c6200<\/td>\n<\/tr>\n<\/tbody>\n<\/table>\n<!-- #tablepress-1 from cache --><\/div>\n<\/div>\n<div><\/div>\n<div class=\"woocb\"><a class=\"wocb\" href=\"http:\/\/www.beiaole.com\/wp-content\/uploads\/2025\/08\/d1.2.1.pdf\" target=\"_blank\" rel=\"noopener\">formieren<\/a><\/div>\n<div><\/div>\n<div><img loading=\"lazy\" decoding=\"async\" class=\"aligncenter wp-image-15446 size-large\" src=\"http:\/\/www.beiaole.com\/wp-content\/uploads\/2025\/08\/s1.1.2-1024x456.png\" alt=\"Home Energy Recovery Unit(Haze &amp; PM2.5 Removal)-size\" width=\"1024\" height=\"456\" data-no-translation=\"\" \/><\/div>\n<div><\/div>\n<p>Leistung:<\/p>\n<div class=\"scroll-table-wrapper\">\n<div class=\"scroll-table\">\n<table id=\"tablepress-2\" class=\"tablepress tablepress-id-2 tbody-has-connected-cells\">\n<thead>\n<tr class=\"row-1\">\n\t<th class=\"column-1\">modellieren<\/th><th class=\"column-2\">Spannung(V)<\/th><th class=\"column-3\">Frequenz (Hz)<\/th><th class=\"column-4\">ausrichten<\/th><th class=\"column-5\">Leistung (W)<\/th><th class=\"column-6\">Luftstrom (m\u00b3\/h)<\/th><th class=\"column-7\">statischer Druck (PA)<\/th><th class=\"column-8\">Prim\u00e4rfilter (%)<\/th><th class=\"column-9\">Hochleistungsfilter (%)<\/th><th colspan=\"2\" class=\"column-10\">Austausch-Effizienzrate (%)<\/th><th colspan=\"2\" class=\"column-12\">Enthalpie-Wechselkurs(%)<\/th><th class=\"column-14\">L\u00e4rm (db)<\/th><th class=\"column-15\">Kanalgr\u00f6\u00dfe (mm)<\/th><th class=\"column-16\">Anwendungsgebiet(m\u00b2)<\/th><th class=\"column-17\">N.W. (kg)<\/th>\n<\/tr>\n<\/thead>\n<tbody class=\"row-striping row-hover\">\n<tr class=\"row-2\">\n\t<td class=\"column-1\"><\/td><td class=\"column-2\"><\/td><td class=\"column-3\"><\/td><td class=\"column-4\"><\/td><td class=\"column-5\"><\/td><td class=\"column-6\"><\/td><td class=\"column-7\"><\/td><td class=\"column-8\"><\/td><td class=\"column-9\"><\/td><td class=\"column-10\">k\u00fchlend<\/td><td class=\"column-11\">Heizung<\/td><td class=\"column-12\">k\u00fchlend<\/td><td class=\"column-13\">Heizung<\/td><td class=\"column-14\"><\/td><td class=\"column-15\"><\/td><td class=\"column-16\"><\/td><td class=\"column-17\"><\/td>\n<\/tr>\n<tr class=\"row-3\">\n\t<td rowspan=\"2\" class=\"column-1\">QRXF-150<\/td><td rowspan=\"2\" class=\"column-2\">220<\/td><td rowspan=\"2\" class=\"column-3\">50<\/td><td class=\"column-4\">high<\/td><td class=\"column-5\">100<\/td><td class=\"column-6\">150<\/td><td class=\"column-7\">200<\/td><td rowspan=\"2\" class=\"column-8\">76.1<\/td><td rowspan=\"2\" class=\"column-9\">99.9<\/td><td class=\"column-10\">63<\/td><td class=\"column-11\">78<\/td><td class=\"column-12\">64<\/td><td class=\"column-13\">68<\/td><td class=\"column-14\">37<\/td><td rowspan=\"2\" class=\"column-15\">\u03c6100<\/td><td rowspan=\"2\" class=\"column-16\">80<\/td><td rowspan=\"2\" class=\"column-17\">25.3<\/td>\n<\/tr>\n<tr class=\"row-4\">\n\t<td class=\"column-4\">naturge<\/td><td class=\"column-5\">76<\/td><td class=\"column-6\">120<\/td><td class=\"column-7\">170<\/td><td class=\"column-10\">65<\/td><td class=\"column-11\">79<\/td><td class=\"column-12\">66<\/td><td class=\"column-13\">73<\/td><td class=\"column-14\">35<\/td>\n<\/tr>\n<tr class=\"row-5\">\n\t<td rowspan=\"2\" class=\"column-1\">QRXF-250<\/td><td rowspan=\"2\" class=\"column-2\">220<\/td><td rowspan=\"2\" class=\"column-3\">50<\/td><td class=\"column-4\">high<\/td><td class=\"column-5\">150<\/td><td class=\"column-6\">250<\/td><td class=\"column-7\">210<\/td><td rowspan=\"2\" class=\"column-8\">76.1<\/td><td rowspan=\"2\" class=\"column-9\">99.9<\/td><td class=\"column-10\">62<\/td><td class=\"column-11\">77<\/td><td class=\"column-12\">64<\/td><td class=\"column-13\">67<\/td><td class=\"column-14\">41<\/td><td rowspan=\"2\" class=\"column-15\">\u03c6150<\/td><td rowspan=\"2\" class=\"column-16\">80-100<\/td><td rowspan=\"2\" class=\"column-17\">27.5<\/td>\n<\/tr>\n<tr class=\"row-6\">\n\t<td class=\"column-4\">naturge<\/td><td class=\"column-5\">132<\/td><td class=\"column-6\">180<\/td><td class=\"column-7\">185<\/td><td class=\"column-10\">65<\/td><td class=\"column-11\">80<\/td><td class=\"column-12\">63<\/td><td class=\"column-13\">69<\/td><td class=\"column-14\">39<\/td>\n<\/tr>\n<tr class=\"row-7\">\n\t<td rowspan=\"2\" class=\"column-1\">QRXF-350<\/td><td rowspan=\"2\" class=\"column-2\">220<\/td><td rowspan=\"2\" class=\"column-3\">50<\/td><td class=\"column-4\">high<\/td><td class=\"column-5\">200<\/td><td class=\"column-6\">350<\/td><td class=\"column-7\">230<\/td><td rowspan=\"2\" class=\"column-8\">76.1<\/td><td rowspan=\"2\" class=\"column-9\">99.9<\/td><td class=\"column-10\">62<\/td><td class=\"column-11\">78<\/td><td class=\"column-12\">61<\/td><td class=\"column-13\">67<\/td><td class=\"column-14\">41<\/td><td rowspan=\"2\" class=\"column-15\">\u03c6150<\/td><td rowspan=\"2\" class=\"column-16\">100-130<\/td><td rowspan=\"2\" class=\"column-17\">28<\/td>\n<\/tr>\n<tr class=\"row-8\">\n\t<td class=\"column-4\">naturge<\/td><td class=\"column-5\">160<\/td><td class=\"column-6\">250<\/td><td class=\"column-7\">200<\/td><td class=\"column-10\">66<\/td><td class=\"column-11\">81<\/td><td class=\"column-12\">65<\/td><td class=\"column-13\">68<\/td><td class=\"column-14\">39<\/td>\n<\/tr>\n<tr class=\"row-9\">\n\t<td rowspan=\"2\" class=\"column-1\">QRXF-500<\/td><td rowspan=\"2\" class=\"column-2\">220<\/td><td rowspan=\"2\" class=\"column-3\">50<\/td><td class=\"column-4\">high<\/td><td class=\"column-5\">230<\/td><td class=\"column-6\">550<\/td><td class=\"column-7\">255<\/td><td rowspan=\"2\" class=\"column-8\">76.1<\/td><td rowspan=\"2\" class=\"column-9\">99.9<\/td><td class=\"column-10\">61<\/td><td class=\"column-11\">70<\/td><td class=\"column-12\">64<\/td><td class=\"column-13\">69<\/td><td class=\"column-14\">42<\/td><td rowspan=\"2\" class=\"column-15\">\u03c6200<\/td><td rowspan=\"2\" class=\"column-16\">150-200<\/td><td rowspan=\"2\" class=\"column-17\">32.2<\/td>\n<\/tr>\n<tr class=\"row-10\">\n\t<td class=\"column-4\">naturge<\/td><td class=\"column-5\">177<\/td><td class=\"column-6\">400<\/td><td class=\"column-7\">240<\/td><td class=\"column-10\">59<\/td><td class=\"column-11\">72<\/td><td class=\"column-12\">65<\/td><td class=\"column-13\">69<\/td><td class=\"column-14\">40<\/td>\n<\/tr>\n<\/tbody>\n<\/table>\n<!-- #tablepress-2 from cache --><\/div>\n<\/div>\n<div><\/div>\n<div class=\"woocb\"><a class=\"wocb\" href=\"http:\/\/www.beiaole.com\/wp-content\/uploads\/2025\/08\/d1.2.2.pdf\" target=\"_blank\" rel=\"noopener\">formieren<\/a><\/div>\n<div><\/div>\n<p><img loading=\"lazy\" decoding=\"async\" class=\"aligncenter wp-image-17216 size-large\" src=\"http:\/\/www.beiaole.com\/wp-content\/uploads\/2025\/08\/x1.2.1-1024x463.jpg\" alt=\"Home Energy Recovery Unit(Haze &amp; PM2.5 Removal)-q1\" width=\"1024\" height=\"463\" data-no-translation=\"\" \/><br \/>\n<img loading=\"lazy\" decoding=\"async\" class=\"aligncenter wp-image-17217 size-large\" src=\"http:\/\/www.beiaole.com\/wp-content\/uploads\/2025\/08\/x1.2.2-1024x463.jpg\" alt=\"Home Energy Recovery Unit(Haze &amp; PM2.5 Removal)-q2\" width=\"1024\" height=\"463\" data-no-translation=\"\" \/><\/p>\n<div class=\"viddd\">\n<div class=\"lyte-wrapper\" style=\"width:560px;max-width:100%;margin:5px auto;\"><div class=\"lyMe\" id=\"WYL_XM7wpj8RP5Q\"><div id=\"lyte_XM7wpj8RP5Q\" data-src=\"https:\/\/www.ecvents.com\/wp-content\/plugins\/wp-youtube-lyte\/lyteCache.php?origThumbUrl=%2F%2Fi.ytimg.com%2Fvi%2FXM7wpj8RP5Q%2Fhqdefault.jpg\" class=\"pL\"><div class=\"tC\"><div class=\"tT\"><\/div><\/div><div class=\"play\"><\/div><div class=\"ctrl\"><div class=\"Lctrl\"><\/div><div class=\"Rctrl\"><\/div><\/div><\/div><noscript><a href=\"https:\/\/youtu.be\/XM7wpj8RP5Q\" rel=\"nofollow noopener\" target=\"_blank\"><img loading=\"lazy\" decoding=\"async\" src=\"https:\/\/www.ecvents.com\/wp-content\/plugins\/wp-youtube-lyte\/lyteCache.php?origThumbUrl=https%3A%2F%2Fi.ytimg.com%2Fvi%2FXM7wpj8RP5Q%2F0.jpg\" alt=\"YouTube video thumbnail\" width=\"560\" height=\"295\" data-no-translation=\"\" \/><br \/>Sehen Sie sich dieses Video auf YouTube an<\/a><\/noscript><\/div><\/div><div class=\"lL\" style=\"max-width:100%;width:560px;margin:5px auto;\"><\/div><\/p>\n<\/div>\n<p><img loading=\"lazy\" decoding=\"async\" class=\"aligncenter wp-image-23089 size-full\" src=\"http:\/\/www.beiaole.com\/wp-content\/uploads\/2022\/01\/KCQR-Energy-Recovery-Unitm1.jpg\" alt=\"Home Energy Recovery Unit-m1\" width=\"1200\" height=\"985\" data-no-translation=\"\" \/><\/p>\n<p><img loading=\"lazy\" decoding=\"async\" class=\"aligncenter wp-image-23093 size-full\" src=\"http:\/\/www.beiaole.com\/wp-content\/uploads\/2022\/01\/KCQR-Energy-Recovery-Unitm2.jpg\" alt=\"Home Energy Recovery Unit-m2\" width=\"1200\" height=\"837\" data-no-translation=\"\" \/><\/p>\n<p><img loading=\"lazy\" decoding=\"async\" class=\"aligncenter wp-image-23092 size-full\" src=\"http:\/\/www.beiaole.com\/wp-content\/uploads\/2022\/01\/KCQR-Energy-Recovery-Unitm3.jpg\" alt=\"Home Energy Recovery Unit-m3\" width=\"1200\" height=\"1383\" data-no-translation=\"\" \/><\/p>\n<p><img loading=\"lazy\" decoding=\"async\" class=\"aligncenter wp-image-23090 size-full\" src=\"http:\/\/www.beiaole.com\/wp-content\/uploads\/2022\/01\/KCQR-Energy-Recovery-Unitm4.jpg\" alt=\"Home Energy Recovery Unit-m4\" width=\"1200\" height=\"531\" data-no-translation=\"\" \/><\/p>\n<p><img loading=\"lazy\" decoding=\"async\" class=\"aligncenter wp-image-23091 size-full\" src=\"http:\/\/www.beiaole.com\/wp-content\/uploads\/2022\/01\/KCQR-Energy-Recovery-Unitm5.jpg\" alt=\"Home Energy Recovery Unit-m5\" width=\"1200\" height=\"1197\" data-no-translation=\"\" \/><\/p>","protected":false},"excerpt":{"rendered":"<ul>\n<li>\n<h2>Hochleistungs-Luftstrom:<\/h2>\n<p>\u202f Lieferen \u202f 120 \u202f \u202f 550 \u202f M\u00b3 \/ H \u202f mit \u202f \u202f \u202f \u202f Druck \u202f \u202f \u202f \u202f \u202f \u202f \u202f f\u00fcr \u202f stabile \u202f \u202faustauschen \u202f in \u202f \u202f \u202f \u202f \u202f \u202f \u202f \u202f \u202f \u202f \u202f \u202f \u202f \u202f \u202f \u202f \u202f \u202f \u202f \u202f \u202f \u202f .<\/li>\n<li>\n<h2>Advanced\u202fFiltration\u202fSystem:<\/h2>\n<p>\u202fDrei-Schichten-Design\u202fWashable\u202fMetal\u202fPre\u2011Filter, \u202faktiviert\u202f-Dorn-Ebene, \u202f und \u202fH11-Grade-PTFE-Filter\u202f-Aktiviert \u202f 9% \u202f von \u202fpm2.5\u202fpm2.5\u202f.<\/li>\n<li>\n<h2>Graphen\u202fNano\u202fBeschichtung:<\/h2>\n<p>\u202fbietet \u202fantibakteriell\u202fund\u202ffeuchtigkeits-durchl\u00e4ssige \u202fEigenschaften\u202ff\u00fcr \u202flangfristige Luft\u202fSicherheit\u202fund \u202fReinigung.<\/li>\n<li>\n<h2>Energie-Wiederherstellung \u202fKern:<\/h2>\n<p>\u202f Cross\u2011Flow\u202fEnthalpie\u202fKern\u202fErf\u00fcllung \u202fTo\u202f79%\u202fHeat\u202fund \u202fFeuchtigkeit\u202fAustausch \u202fEffizienz\u202ff\u00fcr \u202fReduzierte \u202fEnergie\u202fVerlust.<\/li>\n<li>\n<h2>Schlankes Profil:<\/h2>\n<p>\u202fnur \u202f20\u202fcm\u202fThick\u202fF\u00fcr \u202fTight\u202fDecken\u202fInstalliert\u202f ohne \u202f Kompromisse \u202fLeistung.<\/li>\n<li>\n<h2>Niedriger \u202fakustischer Fu\u00dfabdruck:<\/h2>\n<p>\u202fNoise\u202fLevels\u202fVon \u202f35\u202f42\u202fDB\u202fEnable\u202fBesorgung \u202fSchlafende \u202f oder \u202flebende Zonen.<\/li>\n<li>\n<h2>Einfacher Service\u202fZugang:<\/h2>\n<p>\u202fInspektion\u202fPorts\u202fund\u202fremoveable\u202fFront\u202fPanels\u202fSchnell\u202fFilter\u202fReinigung und \u202fErsatz\u202fOHNE \u202fWerkzeuge zulassen.<\/li>\n<\/ul>\n<hr \/>","protected":false},"featured_media":4639,"comment_status":"open","ping_status":"closed","template":"","meta":{"_acf_changed":false},"product_brand":[],"product_cat":[71],"product_tag":[],"class_list":{"0":"post-4603","1":"product","2":"type-product","3":"status-publish","4":"has-post-thumbnail","6":"product_cat-energy-recovery-ventilator-2","8":"first","9":"instock","10":"taxable","11":"shipping-taxable","12":"purchasable","13":"product-type-variable","14":"has-default-attributes"},"acf":[],"_links":{"self":[{"href":"https:\/\/www.ecvents.com\/de\/wp-json\/wp\/v2\/product\/4603","targetHints":{"allow":["GET"]}}],"collection":[{"href":"https:\/\/www.ecvents.com\/de\/wp-json\/wp\/v2\/product"}],"about":[{"href":"https:\/\/www.ecvents.com\/de\/wp-json\/wp\/v2\/types\/product"}],"replies":[{"embeddable":true,"href":"https:\/\/www.ecvents.com\/de\/wp-json\/wp\/v2\/comments?post=4603"}],"wp:featuredmedia":[{"embeddable":true,"href":"https:\/\/www.ecvents.com\/de\/wp-json\/wp\/v2\/media\/4639"}],"wp:attachment":[{"href":"https:\/\/www.ecvents.com\/de\/wp-json\/wp\/v2\/media?parent=4603"}],"wp:term":[{"taxonomy":"product_brand","embeddable":true,"href":"https:\/\/www.ecvents.com\/de\/wp-json\/wp\/v2\/product_brand?post=4603"},{"taxonomy":"product_cat","embeddable":true,"href":"https:\/\/www.ecvents.com\/de\/wp-json\/wp\/v2\/product_cat?post=4603"},{"taxonomy":"product_tag","embeddable":true,"href":"https:\/\/www.ecvents.com\/de\/wp-json\/wp\/v2\/product_tag?post=4603"}],"curies":[{"name":"WP","href":"https:\/\/api.w.org\/{rel}","templated":true}]}}