{"id":4604,"date":"2026-03-19T06:01:13","date_gmt":"2026-03-19T11:01:13","guid":{"rendered":"https:\/\/www.ecvents.com\/?post_type=product&#038;p=4604"},"modified":"2026-03-19T06:06:47","modified_gmt":"2026-03-19T11:06:47","slug":"einweg-inline-box-fan","status":"publish","type":"product","link":"https:\/\/www.ecvents.com\/de\/product\/einweg-inline-box-fan\/","title":{"rendered":"Einweg-Inline-Box-Fan"},"content":{"rendered":"<div class=\"someee\">\n<h2><strong>Ruhige Kraft. stetiger Fluss. Gebaut f\u00fcr reale Luftsysteme.<\/strong><\/h2>\n<p>der\u00a0<strong>Einweg-Inline-Box-Fan<\/strong>\u00a0Ist f\u00fcr einen einfachen Zweck konzipiert - zuverl\u00e4ssige Bel\u00fcftung, die jeden Tag leise und effizient arbeitet. Angetrieben von einem langlebigen All-Kupfer-Motor liefert es einen gleichm\u00e4\u00dfigen Luftstrom und h\u00e4lt gleichzeitig den Energieverbrauch niedrig. Pr\u00e4zisionskugellager und eine stromlinienf\u00f6rmige innere Kanalstruktur sorgen f\u00fcr einen reibungslosen, leisen Betrieb ohne Vibration oder Erm\u00fcdung. Es ist die Art von Leistung, die einfach funktioniert und sich nach der Schicht bewegt.<\/p>\n<p>Ausdauer entwickelt,\u00a0<strong>Ganzmetallschrank<\/strong>\u00a0Widerstand gegen Korrosion, Verformung und Ger\u00e4uschresonanz. Jedes Panel f\u00fchlt sich solide und gut verarbeitet an \u2013 f\u00fcr Umgebungen, die langfristige Stabilit\u00e4t und saubere \u00c4sthetik erwarten. Seine raffinierte Konstruktion macht die Wartung minimal und zuverl\u00e4ssig.<\/p>\n<p>Dieser L\u00fcfter wurde angepasst und integriert sich problemlos in eine Vielzahl von L\u00fcftungseinstellungen - von Wohnwohnungen bis zu B\u00fcrodecken, Einzelhandelsgesch\u00e4ften oder \u00f6ffentlichen Einrichtungen. Mehrere Einheiten k\u00f6nnen miteinander verbunden werden, um den Luftstrom \u00fcber Zonen hinweg zu erweitern, was skalierbare Flexibilit\u00e4t bei komplexen Luftsystemen bietet. Trotz seiner kompakten Form liefert die interne Aerodynamik\u00a0<strong>Hoher statischer Druck<\/strong>\u00a0F\u00fcr Fernluftbewegungen auf begrenzten Raum.<\/p>\n<\/div>\n<hr \/>\n<p>Abmessungen (Einheit: mm):<\/p>\n<div class=\"scroll-table-wrapper\">\n<div class=\"scroll-table\">\n<table id=\"tablepress-24\" class=\"tablepress tablepress-id-24\">\n<thead>\n<tr class=\"row-1\">\n\t<th class=\"column-1\">modellieren<\/th><th class=\"column-2\">L<\/th><th class=\"column-3\">l1<\/th><th class=\"column-4\">w<\/th><th class=\"column-5\">W1<\/th><th class=\"column-6\">H<\/th><th class=\"column-7\">h1<\/th><th class=\"column-8\">C<\/th>\n<\/tr>\n<\/thead>\n<tbody class=\"row-striping row-hover\">\n<tr class=\"row-2\">\n\t<td class=\"column-1\">DPT10-12B<\/td><td class=\"column-2\">462<\/td><td class=\"column-3\">388<\/td><td class=\"column-4\">240<\/td><td class=\"column-5\">180<\/td><td class=\"column-6\">200<\/td><td class=\"column-7\">45<\/td><td class=\"column-8\">\u03c696<\/td>\n<\/tr>\n<tr class=\"row-3\">\n\t<td class=\"column-1\">DPT10-24B<\/td><td class=\"column-2\">462<\/td><td class=\"column-3\">388<\/td><td class=\"column-4\">240<\/td><td class=\"column-5\">180<\/td><td class=\"column-6\">200<\/td><td class=\"column-7\">45<\/td><td class=\"column-8\">\u03c696<\/td>\n<\/tr>\n<tr class=\"row-4\">\n\t<td class=\"column-1\">DPT15-32B<\/td><td class=\"column-2\">488<\/td><td class=\"column-3\">388<\/td><td class=\"column-4\">240<\/td><td class=\"column-5\">186<\/td><td class=\"column-6\">238<\/td><td class=\"column-7\">40<\/td><td class=\"column-8\">\u03c6148<\/td>\n<\/tr>\n<tr class=\"row-5\">\n\t<td class=\"column-1\">DPT15-42B<\/td><td class=\"column-2\">540<\/td><td class=\"column-3\">440<\/td><td class=\"column-4\">270<\/td><td class=\"column-5\">210<\/td><td class=\"column-6\">280<\/td><td class=\"column-7\">51<\/td><td class=\"column-8\">\u03c6148<\/td>\n<\/tr>\n<tr class=\"row-6\">\n\t<td class=\"column-1\">DPT20-54B<\/td><td class=\"column-2\">562<\/td><td class=\"column-3\">470<\/td><td class=\"column-4\">340<\/td><td class=\"column-5\">270<\/td><td class=\"column-6\">282<\/td><td class=\"column-7\">52<\/td><td class=\"column-8\">\u03c6198<\/td>\n<\/tr>\n<tr class=\"row-7\">\n\t<td class=\"column-1\">DPT20-54C<\/td><td class=\"column-2\">632<\/td><td class=\"column-3\">540<\/td><td class=\"column-4\">370<\/td><td class=\"column-5\">270<\/td><td class=\"column-6\">320<\/td><td class=\"column-7\">71<\/td><td class=\"column-8\">\u03c6198<\/td>\n<\/tr>\n<tr class=\"row-8\">\n\t<td class=\"column-1\">DPT20-65B<\/td><td class=\"column-2\">662<\/td><td class=\"column-3\">570<\/td><td class=\"column-4\">401<\/td><td class=\"column-5\">300<\/td><td class=\"column-6\">365<\/td><td class=\"column-7\">94<\/td><td class=\"column-8\">\u03c6198<\/td>\n<\/tr>\n<tr class=\"row-9\">\n\t<td class=\"column-1\">DPT25-76B<\/td><td class=\"column-2\">662<\/td><td class=\"column-3\">570<\/td><td class=\"column-4\">401<\/td><td class=\"column-5\">300<\/td><td class=\"column-6\">365<\/td><td class=\"column-7\">94<\/td><td class=\"column-8\">\u03c6250<\/td>\n<\/tr>\n<tr class=\"row-10\">\n\t<td class=\"column-1\">DPT25-76C<\/td><td class=\"column-2\">732<\/td><td class=\"column-3\">640<\/td><td class=\"column-4\">401<\/td><td class=\"column-5\">340<\/td><td class=\"column-6\">380<\/td><td class=\"column-7\">61<\/td><td class=\"column-8\">\u03c6250<\/td>\n<\/tr>\n<tr class=\"row-11\">\n\t<td class=\"column-1\">DPT25-86B<\/td><td class=\"column-2\">732<\/td><td class=\"column-3\">640<\/td><td class=\"column-4\">401<\/td><td class=\"column-5\">340<\/td><td class=\"column-6\">380<\/td><td class=\"column-7\">61<\/td><td class=\"column-8\">\u03c6250<\/td>\n<\/tr>\n<\/tbody>\n<\/table>\n<!-- #tablepress-24 from cache --><\/div>\n<\/div>\n<div><\/div>\n<div class=\"woocb\"><a class=\"wocb\" href=\"http:\/\/www.beiaole.com\/wp-content\/uploads\/2025\/08\/d3.1.1.pdf\" target=\"_blank\" rel=\"noopener\">formieren<\/a><\/div>\n<div><\/div>\n<p><img loading=\"lazy\" decoding=\"async\" class=\"aligncenter wp-image-16139 size-large\" src=\"http:\/\/www.beiaole.com\/wp-content\/uploads\/2025\/08\/s3.1-1024x464.png\" alt=\"Single Way Inline Box Fan-size\" width=\"1024\" height=\"464\" data-no-translation=\"\" \/><br \/>\nLeistung:<\/p>\n<div class=\"scroll-table-wrapper\">\n<div class=\"scroll-table\">\n<table id=\"tablepress-25\" class=\"tablepress tablepress-id-25\">\n<thead>\n<tr class=\"row-1\">\n\t<th class=\"column-1\">modellieren<\/th><th class=\"column-2\">Leistung (W)<\/th><th class=\"column-3\">Spannung(V)<\/th><th class=\"column-4\">Frequenz (Hz)<\/th><th class=\"column-5\">Luftstrom (m\u00b3\/h)<\/th><th class=\"column-6\">statischer Druck (PA)<\/th><th class=\"column-7\">L\u00e4rm (db)<\/th><th class=\"column-8\">Kanalgr\u00f6\u00dfe (mm)<\/th><th class=\"column-9\">Anwendungsgebiet(m\u00b2)<\/th><th class=\"column-10\">N.M (kg)<\/th>\n<\/tr>\n<\/thead>\n<tbody class=\"row-striping row-hover\">\n<tr class=\"row-2\">\n\t<td class=\"column-1\">DPT10-12B<\/td><td class=\"column-2\">20<\/td><td class=\"column-3\">220<\/td><td class=\"column-4\">50<\/td><td class=\"column-5\">100<\/td><td class=\"column-6\">80<\/td><td class=\"column-7\">20<\/td><td class=\"column-8\">\u03c6100<\/td><td class=\"column-9\">4-8<\/td><td class=\"column-10\">6.1<\/td>\n<\/tr>\n<tr class=\"row-3\">\n\t<td class=\"column-1\">DPT10-24B<\/td><td class=\"column-2\">25\/20<\/td><td class=\"column-3\">220<\/td><td class=\"column-4\">50<\/td><td class=\"column-5\">200\/150<\/td><td class=\"column-6\">125\/100<\/td><td class=\"column-7\">23<\/td><td class=\"column-8\">\u03c6100<\/td><td class=\"column-9\">8-13<\/td><td class=\"column-10\">6.2<\/td>\n<\/tr>\n<tr class=\"row-4\">\n\t<td class=\"column-1\">DPT15-32B<\/td><td class=\"column-2\">50\/35<\/td><td class=\"column-3\">220<\/td><td class=\"column-4\">50<\/td><td class=\"column-5\">360\/250<\/td><td class=\"column-6\">160\/120<\/td><td class=\"column-7\">27<\/td><td class=\"column-8\">\u03c6150<\/td><td class=\"column-9\">20-25<\/td><td class=\"column-10\">7.4<\/td>\n<\/tr>\n<tr class=\"row-5\">\n\t<td class=\"column-1\">DPT15-42B<\/td><td class=\"column-2\">100\/95<\/td><td class=\"column-3\">220<\/td><td class=\"column-4\">50<\/td><td class=\"column-5\">500\/400<\/td><td class=\"column-6\">190\/165<\/td><td class=\"column-7\">29<\/td><td class=\"column-8\">\u03c6150<\/td><td class=\"column-9\">25-28<\/td><td class=\"column-10\">10<\/td>\n<\/tr>\n<tr class=\"row-6\">\n\t<td class=\"column-1\">DPT20-54B<\/td><td class=\"column-2\">110\/100<\/td><td class=\"column-3\">220<\/td><td class=\"column-4\">50<\/td><td class=\"column-5\">770\/600<\/td><td class=\"column-6\">200\/195<\/td><td class=\"column-7\">35<\/td><td class=\"column-8\">\u03c6200<\/td><td class=\"column-9\">28-40<\/td><td class=\"column-10\">11.4<\/td>\n<\/tr>\n<tr class=\"row-7\">\n\t<td class=\"column-1\">DPT20-54C<\/td><td class=\"column-2\">210\/180<\/td><td class=\"column-3\">220<\/td><td class=\"column-4\">50<\/td><td class=\"column-5\">920\/800<\/td><td class=\"column-6\">240\/220<\/td><td class=\"column-7\">37<\/td><td class=\"column-8\">\u03c6200<\/td><td class=\"column-9\">40-50<\/td><td class=\"column-10\">16<\/td>\n<\/tr>\n<tr class=\"row-8\">\n\t<td class=\"column-1\">DPT20-65B<\/td><td class=\"column-2\">280\/225<\/td><td class=\"column-3\">220<\/td><td class=\"column-4\">50<\/td><td class=\"column-5\">1200\/1000<\/td><td class=\"column-6\">360\/320<\/td><td class=\"column-7\">41<\/td><td class=\"column-8\">\u03c6200<\/td><td class=\"column-9\">58-75<\/td><td class=\"column-10\">19<\/td>\n<\/tr>\n<tr class=\"row-9\">\n\t<td class=\"column-1\">DPT25-76B<\/td><td class=\"column-2\">300\/280<\/td><td class=\"column-3\">220<\/td><td class=\"column-4\">50<\/td><td class=\"column-5\">1700\/1500<\/td><td class=\"column-6\">420\/410<\/td><td class=\"column-7\">43<\/td><td class=\"column-8\">\u03c6250<\/td><td class=\"column-9\">85-150<\/td><td class=\"column-10\">19.5<\/td>\n<\/tr>\n<tr class=\"row-10\">\n\t<td class=\"column-1\">DPT25-76C<\/td><td class=\"column-2\">320\/290<\/td><td class=\"column-3\">220<\/td><td class=\"column-4\">50<\/td><td class=\"column-5\">1900\/1800<\/td><td class=\"column-6\">430\/425<\/td><td class=\"column-7\">46<\/td><td class=\"column-8\">\u03c6250<\/td><td class=\"column-9\">210-240<\/td><td class=\"column-10\">23<\/td>\n<\/tr>\n<tr class=\"row-11\">\n\t<td class=\"column-1\">DPT25-86B<\/td><td class=\"column-2\">530\/500<\/td><td class=\"column-3\">220<\/td><td class=\"column-4\">50<\/td><td class=\"column-5\">2600\/2400<\/td><td class=\"column-6\">530\/510<\/td><td class=\"column-7\">46<\/td><td class=\"column-8\">\u03c6250<\/td><td class=\"column-9\">240-270<\/td><td class=\"column-10\">24<\/td>\n<\/tr>\n<\/tbody>\n<\/table>\n<!-- #tablepress-25 from cache --><\/div>\n<\/div>\n<div><\/div>\n<div class=\"woocb\"><a class=\"wocb\" href=\"http:\/\/www.beiaole.com\/wp-content\/uploads\/2025\/08\/d3.1.2.pdf\" target=\"_blank\" rel=\"noopener\">formieren<\/a><\/div>\n<div><\/div>\n<p><img loading=\"lazy\" decoding=\"async\" class=\"aligncenter wp-image-17249 size-large\" src=\"http:\/\/www.beiaole.com\/wp-content\/uploads\/2025\/08\/x3.1-1024x312.jpg\" alt=\"Single Way Inline Box Fan-q1\" width=\"1024\" height=\"312\" data-no-translation=\"\" \/><\/p>","protected":false},"excerpt":{"rendered":"<ul>\n<li>\n<h2>Effizienter Luftstrom\u202fAusgang:<\/h2>\n<p>\u202fbietet \u202f100\u202f\u2013\u202f2,600\u202fm\u00b3\/h\u202fAir\u202fVolume\u202fmit \u202fstatischer\u202fdruck\u202fup\u202f530\u202fPa\u202f f\u00fcr \u202fkonsistente \u202fauslieferung\u202f-durch \u202f-DuT-Networks.<\/li>\n<li>\n<h2>Langlebiger\u202fKupfer-Kern\u202fMotor:<\/h2>\n<p>\u202fEnergie-effiziente \u202fAntriebe\u202fEntworfen\u202ff\u00fcr \u202fStadium,\u202fkontinuierliche \u202fBetrieb.<\/li>\n<li>\n<h2>Ger\u00e4uscharme Leistung:<\/h2>\n<p>\u202fOptimiert \u202fImpeller\u202fund \u202fFlow\u202fChannel\u202fKeep\u202fSound\u202fLevels\u202fas\u202flows\u202f20\u202f\u2013\u202f46\u202fDB.<\/li>\n<li>\n<h2>ALL\u2011Metall\u202fSchr\u00e4nke:<\/h2>\n<p>\u202fPrecision\u2011Baustahl\u202fFramework\u202fRissten\u202fRust,\u202fauswirkung,\u202fund \u202fvibration\u202f f\u00fcr \u202flang\u2011dauer\u202fStability.<\/li>\n<li>\n<h2>Kompakt-Formfaktor:<\/h2>\n<p>\u202fSchleim \u202fK\u00f6rper\u202fpasst\u202fin \u202fDecken\u202foder\u202fSchmale\u202fMechanische R\u00e4ume\u202fOhne \u202fopfernde \u202fDruck\u202f oder \u202fAbdeckung.<\/li>\n<li>\n<h2>Flexibles System\u202fIntegration:<\/h2>\n<p>\u202fkompatibel mit \u202fanderen \u202fFans\u202fF\u00fcr \u202fmodulare Entl\u00fcftung\u202fErweiterung\u202fgebucht\u202fMultiple\u202fZonen.<\/li>\n<li>\n<h2>Einfache Wartung:<\/h2>\n<p>\u202fZugangsf\u00e4higes \u202fPanel\u202fDesign \u202fEinfache Reinigung \u202f und \u202fService-Inspektionen.<\/li>\n<\/ul>\n<hr \/>","protected":false},"featured_media":4645,"comment_status":"open","ping_status":"closed","template":"","meta":{"_acf_changed":false},"product_brand":[],"product_cat":[27],"product_tag":[],"class_list":{"0":"post-4604","1":"product","2":"type-product","3":"status-publish","4":"has-post-thumbnail","6":"product_cat-inline-duct-fan","8":"first","9":"instock","10":"taxable","11":"shipping-taxable","12":"purchasable","13":"product-type-variable","14":"has-default-attributes"},"acf":[],"_links":{"self":[{"href":"https:\/\/www.ecvents.com\/de\/wp-json\/wp\/v2\/product\/4604","targetHints":{"allow":["GET"]}}],"collection":[{"href":"https:\/\/www.ecvents.com\/de\/wp-json\/wp\/v2\/product"}],"about":[{"href":"https:\/\/www.ecvents.com\/de\/wp-json\/wp\/v2\/types\/product"}],"replies":[{"embeddable":true,"href":"https:\/\/www.ecvents.com\/de\/wp-json\/wp\/v2\/comments?post=4604"}],"wp:featuredmedia":[{"embeddable":true,"href":"https:\/\/www.ecvents.com\/de\/wp-json\/wp\/v2\/media\/4645"}],"wp:attachment":[{"href":"https:\/\/www.ecvents.com\/de\/wp-json\/wp\/v2\/media?parent=4604"}],"wp:term":[{"taxonomy":"product_brand","embeddable":true,"href":"https:\/\/www.ecvents.com\/de\/wp-json\/wp\/v2\/product_brand?post=4604"},{"taxonomy":"product_cat","embeddable":true,"href":"https:\/\/www.ecvents.com\/de\/wp-json\/wp\/v2\/product_cat?post=4604"},{"taxonomy":"product_tag","embeddable":true,"href":"https:\/\/www.ecvents.com\/de\/wp-json\/wp\/v2\/product_tag?post=4604"}],"curies":[{"name":"WP","href":"https:\/\/api.w.org\/{rel}","templated":true}]}}