{"id":4609,"date":"2026-03-19T06:01:13","date_gmt":"2026-03-19T11:01:13","guid":{"rendered":"https:\/\/www.ecvents.com\/?post_type=product&#038;p=4609"},"modified":"2026-03-19T06:02:35","modified_gmt":"2026-03-19T11:02:35","slug":"kommerzieller-energieruckgewinnungsventilator","status":"publish","type":"product","link":"https:\/\/www.ecvents.com\/de\/product\/kommerzieller-energieruckgewinnungsventilator\/","title":{"rendered":"Kommerzieller Energier\u00fcckgewinnungsventilator"},"content":{"rendered":"<div class=\"someee\">\n<h2><strong>Sauberer Austausch. Ruhige Kraft. Gebaut f\u00fcr intelligenten Luftstrom.<\/strong><\/h2>\n<p>der\u00a0<strong>Kommerzieller Energier\u00fcckgewinnungsventilator<\/strong>\u00a0Bringt Pr\u00e4zisionsl\u00fcftung in gro\u00dfe, gesch\u00e4ftige Umgebungen - frische Luft, abgestandene Luft und zwischendurch erhaltene Energie. Entwickelt f\u00fcr B\u00fcros, Einzelhandelszonen und Gewerbehallen, beh\u00e4lt es einen stabilen Luftstrom mit bemerkenswert geringen Ger\u00e4uschen bei und setzt die Disziplin der Ingenieurstechnik in den Alltagskomfort um.<\/p>\n<p>Im Kern ist ein\u00a0<strong>Energiesparender Kupfermotor<\/strong>\u00a0trotz\u00a0<strong>Pr\u00e4zisionskugellager<\/strong>, reibungslose, kontinuierliche Betriebsweise und langfristige Zuverl\u00e4ssigkeit. der\u00a0<strong>Querstrom-W\u00e4rme\u2011Austauschkern<\/strong>, hergestellt aus hochwertigen Papiermedien, \u00fcbertr\u00e4gt sowohl W\u00e4rme als auch Feuchtigkeit effizient und reduziert den Energiebedarf des Systems und h\u00e4lt die Bedingungen im Raum ausbalanciert.<\/p>\n<p>Jedes Detail dient der Leistung. selbstst\u00e4ndig\u00a0<strong>Versorgungs- und Abgaskan\u00e4le<\/strong>\u00a0Halten Sie den ausgeglichenen Luftdruck in gro\u00dfen R\u00e4umen aufrecht, damit die Bel\u00fcftung nat\u00fcrlich anf\u00fchlt - keine Zugluft, keine toten Zonen. integriert\u00a0<strong>Zweischichtfiltration<\/strong>\u00a0F\u00e4ngt Staub und Ger\u00fcche vor, bevor sie zirkulieren, w\u00e4hrend die langlebige Ganzmetallkonstruktion und die abgedichtete Isolierung die Vibration und die akustische Ausgabe minimieren.<\/p>\n<p>Die Wartung wird f\u00fcr den realen Gebrauch vereinfacht.\u00a0<strong>Schnellzugriffs-Service-Panels<\/strong>\u00a0Durch dedizierte Inspektionsports k\u00f6nnen Filter innerhalb von Minuten ausgetauscht oder Kerne gereinigt werden - keine speziellen Werkzeuge, keine St\u00f6rung der t\u00e4glichen Arbeit.<\/p>\n<\/div>\n<hr \/>\n<p>Abmessungen (Einheit: mm):<\/p>\n<div class=\"scroll-table-wrapper\">\n<div class=\"scroll-table\">\n<table id=\"tablepress-6\" class=\"tablepress tablepress-id-6\">\n<thead>\n<tr class=\"row-1\">\n\t<th class=\"column-1\">modellieren<\/th><th class=\"column-2\">L<\/th><th class=\"column-3\">l1<\/th><th class=\"column-4\">l2<\/th><th class=\"column-5\">W<\/th><th class=\"column-6\">W1<\/th><th class=\"column-7\">W2<\/th><th class=\"column-8\">H<\/th><th class=\"column-9\">h1<\/th><th class=\"column-10\">M<\/th>\n<\/tr>\n<\/thead>\n<tbody class=\"row-striping row-hover\">\n<tr class=\"row-2\">\n\t<td class=\"column-1\">SYQR-1000<\/td><td class=\"column-2\">1255<\/td><td class=\"column-3\">1156<\/td><td class=\"column-4\">1116<\/td><td class=\"column-5\">832<\/td><td class=\"column-6\">719<\/td><td class=\"column-7\">400<\/td><td class=\"column-8\">365<\/td><td class=\"column-9\">15<\/td><td class=\"column-10\">\u03c6200<\/td>\n<\/tr>\n<tr class=\"row-3\">\n\t<td class=\"column-1\">SYQR-1500<\/td><td class=\"column-2\">1255<\/td><td class=\"column-3\">1156<\/td><td class=\"column-4\">1116<\/td><td class=\"column-5\">832<\/td><td class=\"column-6\">719<\/td><td class=\"column-7\">400<\/td><td class=\"column-8\">365<\/td><td class=\"column-9\">15<\/td><td class=\"column-10\">\u03c6250<\/td>\n<\/tr>\n<tr class=\"row-4\">\n\t<td class=\"column-1\">SYQR-2000<\/td><td class=\"column-2\">1299<\/td><td class=\"column-3\">1200<\/td><td class=\"column-4\">1160<\/td><td class=\"column-5\">832<\/td><td class=\"column-6\">734<\/td><td class=\"column-7\">400<\/td><td class=\"column-8\">380<\/td><td class=\"column-9\">15<\/td><td class=\"column-10\">\u03c6250<\/td>\n<\/tr>\n<tr class=\"row-5\">\n\t<td class=\"column-1\">SYQR-2500<\/td><td class=\"column-2\">1478<\/td><td class=\"column-3\">1379<\/td><td class=\"column-4\">1338<\/td><td class=\"column-5\">975<\/td><td class=\"column-6\">877<\/td><td class=\"column-7\">485<\/td><td class=\"column-8\">421<\/td><td class=\"column-9\">15<\/td><td class=\"column-10\">\u03c6250<\/td>\n<\/tr>\n<\/tbody>\n<\/table>\n<!-- #tablepress-6 from cache --><\/div>\n<\/div>\n<div><\/div>\n<div class=\"woocb\"><a class=\"wocb\" href=\"http:\/\/www.beiaole.com\/wp-content\/uploads\/2025\/08\/d1.4.1.pdf\" target=\"_blank\" rel=\"noopener\">formieren<\/a><\/div>\n<div><\/div>\n<p><img loading=\"lazy\" decoding=\"async\" class=\"aligncenter wp-image-15756 size-large\" src=\"http:\/\/www.beiaole.com\/wp-content\/uploads\/2025\/08\/s1.4.1-e1754985354976-1024x353.png\" alt=\"Commercial Energy Recovery Ventilator-size\" width=\"1024\" height=\"353\" data-no-translation=\"\" \/><br \/>\nAbmessungen (Einheit: mm):<\/p>\n<div class=\"scroll-table-wrapper\">\n<div class=\"scroll-table\">\n<table id=\"tablepress-7\" class=\"tablepress tablepress-id-7\">\n<thead>\n<tr class=\"row-1\">\n\t<th class=\"column-1\">modellieren<\/th><th class=\"column-2\">L<\/th><th class=\"column-3\">l1<\/th><th class=\"column-4\">l2<\/th><th class=\"column-5\">W<\/th><th class=\"column-6\">W1<\/th><th class=\"column-7\">W2<\/th><th class=\"column-8\">H<\/th><th class=\"column-9\">h1<\/th><th class=\"column-10\">F<\/th><th class=\"column-11\">MXN<\/th><th class=\"column-12\">m1xn1<\/th>\n<\/tr>\n<\/thead>\n<tbody class=\"row-striping row-hover\">\n<tr class=\"row-2\">\n\t<td class=\"column-1\"><\/td><td class=\"column-2\"><\/td><td class=\"column-3\"><\/td><td class=\"column-4\"><\/td><td class=\"column-5\"><\/td><td class=\"column-6\"><\/td><td class=\"column-7\"><\/td><td class=\"column-8\"><\/td><td class=\"column-9\"><\/td><td class=\"column-10\"><\/td><td class=\"column-11\">(Luftauslassgr\u00f6\u00dfe)<\/td><td class=\"column-12\">(Lufteinlassgr\u00f6\u00dfe)<\/td>\n<\/tr>\n<tr class=\"row-3\">\n\t<td class=\"column-1\">SYQR-3000<\/td><td class=\"column-2\">1452<\/td><td class=\"column-3\">1395<\/td><td class=\"column-4\">1355<\/td><td class=\"column-5\">1185<\/td><td class=\"column-6\">1087<\/td><td class=\"column-7\">590<\/td><td class=\"column-8\">440<\/td><td class=\"column-9\">15<\/td><td class=\"column-10\">25<\/td><td class=\"column-11\">335x320<\/td><td class=\"column-12\">430x312<\/td>\n<\/tr>\n<tr class=\"row-4\">\n\t<td class=\"column-1\">SYQR-4000<\/td><td class=\"column-2\">1452<\/td><td class=\"column-3\">1395<\/td><td class=\"column-4\">1355<\/td><td class=\"column-5\">1185<\/td><td class=\"column-6\">1087<\/td><td class=\"column-7\">590<\/td><td class=\"column-8\">440<\/td><td class=\"column-9\">15<\/td><td class=\"column-10\">25<\/td><td class=\"column-11\">335x320<\/td><td class=\"column-12\">430x312<\/td>\n<\/tr>\n<tr class=\"row-5\">\n\t<td class=\"column-1\">SYQR-5000<\/td><td class=\"column-2\">2009<\/td><td class=\"column-3\">1757<\/td><td class=\"column-4\">1912<\/td><td class=\"column-5\">1201<\/td><td class=\"column-6\">1321<\/td><td class=\"column-7\">536<\/td><td class=\"column-8\">730<\/td><td class=\"column-9\">130<\/td><td class=\"column-10\">25<\/td><td class=\"column-11\">400x460<\/td><td class=\"column-12\">400x460<\/td>\n<\/tr>\n<tr class=\"row-6\">\n\t<td class=\"column-1\">SYQR-6000<\/td><td class=\"column-2\">2009<\/td><td class=\"column-3\">1757<\/td><td class=\"column-4\">1912<\/td><td class=\"column-5\">1201<\/td><td class=\"column-6\">1321<\/td><td class=\"column-7\">536<\/td><td class=\"column-8\">730<\/td><td class=\"column-9\">130<\/td><td class=\"column-10\">25<\/td><td class=\"column-11\">400x460<\/td><td class=\"column-12\">400x460<\/td>\n<\/tr>\n<tr class=\"row-7\">\n\t<td class=\"column-1\">SYQR-8000<\/td><td class=\"column-2\">2009<\/td><td class=\"column-3\">1757<\/td><td class=\"column-4\">1912<\/td><td class=\"column-5\">1201<\/td><td class=\"column-6\">1321<\/td><td class=\"column-7\">556<\/td><td class=\"column-8\">795<\/td><td class=\"column-9\">130<\/td><td class=\"column-10\">25<\/td><td class=\"column-11\">440x460<\/td><td class=\"column-12\">440x460<\/td>\n<\/tr>\n<\/tbody>\n<\/table>\n<!-- #tablepress-7 from cache --><\/div>\n<\/div>\n<div><\/div>\n<div class=\"woocb\"><a class=\"wocb\" href=\"http:\/\/www.beiaole.com\/wp-content\/uploads\/2025\/08\/d1.4.2.pdf\" target=\"_blank\" rel=\"noopener\">formieren<\/a><\/div>\n<div><\/div>\n<p><img loading=\"lazy\" decoding=\"async\" class=\"aligncenter wp-image-15661 size-large\" src=\"http:\/\/www.beiaole.com\/wp-content\/uploads\/2025\/08\/s1.4.2-1024x336.png\" alt=\"Commercial Energy Recovery Ventilator-size\" width=\"1024\" height=\"336\" data-no-translation=\"\" \/><br \/>\nLeistung:<\/p>\n<div class=\"scroll-table-wrapper\">\n<div class=\"scroll-table\">\n<table id=\"tablepress-8\" class=\"tablepress tablepress-id-8\">\n<thead>\n<tr class=\"row-1\">\n\t<th class=\"column-1\">modellieren<\/th><th class=\"column-2\">ausrichten<\/th><th class=\"column-3\">Spannung(V)<\/th><th class=\"column-4\">Frequenz (Hz)<\/th><th class=\"column-5\">Leistung (W)<\/th><th class=\"column-6\">Luftstrom (m\u00b3\/h)<\/th><th class=\"column-7\">statischer Druck (PA)<\/th><th class=\"column-8\">L\u00e4rm (db)<\/th><th class=\"column-9\">Prim\u00e4rfilter (%)<\/th><th colspan=\"2\" class=\"column-10\">Austausch-Effizienzrate (%)<\/th><th colspan=\"2\" class=\"column-12\">Enthalpie-Wechselkurs(%)<\/th><th class=\"column-14\">N.W. (kg)<\/th>\n<\/tr>\n<\/thead>\n<tbody class=\"row-striping row-hover\">\n<tr class=\"row-2\">\n\t<td class=\"column-1\"><\/td><td class=\"column-2\"><\/td><td class=\"column-3\"><\/td><td class=\"column-4\"><\/td><td class=\"column-5\"><\/td><td class=\"column-6\"><\/td><td class=\"column-7\"><\/td><td class=\"column-8\"><\/td><td class=\"column-9\"><\/td><td class=\"column-10\">k\u00fchlend<\/td><td class=\"column-11\">Heizung<\/td><td class=\"column-12\">k\u00fchlend<\/td><td class=\"column-13\">Heizung<\/td><td class=\"column-14\"><\/td>\n<\/tr>\n<tr class=\"row-3\">\n\t<td class=\"column-1\">SYQR-1000<\/td><td class=\"column-2\">h \/ l<\/td><td class=\"column-3\">220<\/td><td class=\"column-4\">50<\/td><td class=\"column-5\">600\/500<\/td><td class=\"column-6\">1000\/800<\/td><td class=\"column-7\">245\/210<\/td><td class=\"column-8\">48\/46<\/td><td class=\"column-9\">76.1<\/td><td class=\"column-10\">61\/63<\/td><td class=\"column-11\">60\/69<\/td><td class=\"column-12\">61\/65<\/td><td class=\"column-13\">65\/69<\/td><td class=\"column-14\">66.5<\/td>\n<\/tr>\n<tr class=\"row-4\">\n\t<td class=\"column-1\">SYQR-1500<\/td><td class=\"column-2\">h \/ l<\/td><td class=\"column-3\">220<\/td><td class=\"column-4\">50<\/td><td class=\"column-5\">1100\/900<\/td><td class=\"column-6\">1500\/1200<\/td><td class=\"column-7\">265\/230<\/td><td class=\"column-8\">52\/50<\/td><td class=\"column-9\">76.1<\/td><td class=\"column-10\">65\/66<\/td><td class=\"column-11\">68\/71<\/td><td class=\"column-12\">64\/68<\/td><td class=\"column-13\">65\/71<\/td><td class=\"column-14\">67<\/td>\n<\/tr>\n<tr class=\"row-5\">\n\t<td class=\"column-1\">SYQR-2000<\/td><td class=\"column-2\">h \/ l<\/td><td class=\"column-3\">220<\/td><td class=\"column-4\">50<\/td><td class=\"column-5\">1400\/1200<\/td><td class=\"column-6\">2000\/1700<\/td><td class=\"column-7\">270\/245<\/td><td class=\"column-8\">55\/53<\/td><td class=\"column-9\">76.1<\/td><td class=\"column-10\">64\/66<\/td><td class=\"column-11\">65\/73<\/td><td class=\"column-12\">63\/68<\/td><td class=\"column-13\">66\/73<\/td><td class=\"column-14\">83<\/td>\n<\/tr>\n<tr class=\"row-6\">\n\t<td class=\"column-1\">SYQR-2500<\/td><td class=\"column-2\">h \/ l<\/td><td class=\"column-3\">220<\/td><td class=\"column-4\">50<\/td><td class=\"column-5\">1600\/1400<\/td><td class=\"column-6\">2500\/2200<\/td><td class=\"column-7\">285\/255<\/td><td class=\"column-8\">56\/53<\/td><td class=\"column-9\">76.1<\/td><td class=\"column-10\">64\/69<\/td><td class=\"column-11\">63\/76<\/td><td class=\"column-12\">63\/68<\/td><td class=\"column-13\">62\/72<\/td><td class=\"column-14\">85<\/td>\n<\/tr>\n<tr class=\"row-7\">\n\t<td class=\"column-1\">SYQR-3000<\/td><td class=\"column-2\">\/<\/td><td class=\"column-3\">220\/380<\/td><td class=\"column-4\">50<\/td><td class=\"column-5\">1900<\/td><td class=\"column-6\">3000<\/td><td class=\"column-7\">275<\/td><td class=\"column-8\">57<\/td><td class=\"column-9\">76.1<\/td><td class=\"column-10\">65<\/td><td class=\"column-11\">69<\/td><td class=\"column-12\">66<\/td><td class=\"column-13\">69<\/td><td class=\"column-14\">106.5<\/td>\n<\/tr>\n<tr class=\"row-8\">\n\t<td class=\"column-1\">SYQR-4000<\/td><td class=\"column-2\">\/<\/td><td class=\"column-3\">220\/380<\/td><td class=\"column-4\">50<\/td><td class=\"column-5\">2200<\/td><td class=\"column-6\">4000<\/td><td class=\"column-7\">305<\/td><td class=\"column-8\">58<\/td><td class=\"column-9\">76.1<\/td><td class=\"column-10\">63<\/td><td class=\"column-11\">71<\/td><td class=\"column-12\">64<\/td><td class=\"column-13\">70<\/td><td class=\"column-14\">107.5<\/td>\n<\/tr>\n<tr class=\"row-9\">\n\t<td class=\"column-1\">SYQR-5000<\/td><td class=\"column-2\">\/<\/td><td class=\"column-3\">380<\/td><td class=\"column-4\">50<\/td><td class=\"column-5\">3000<\/td><td class=\"column-6\">5000<\/td><td class=\"column-7\">320<\/td><td class=\"column-8\">60<\/td><td class=\"column-9\">76.1<\/td><td class=\"column-10\">67<\/td><td class=\"column-11\">74<\/td><td class=\"column-12\">60<\/td><td class=\"column-13\">68<\/td><td class=\"column-14\">164<\/td>\n<\/tr>\n<tr class=\"row-10\">\n\t<td class=\"column-1\">SYQR-6000<\/td><td class=\"column-2\">\/<\/td><td class=\"column-3\">380<\/td><td class=\"column-4\">50<\/td><td class=\"column-5\">3300<\/td><td class=\"column-6\">6000<\/td><td class=\"column-7\">345<\/td><td class=\"column-8\">62<\/td><td class=\"column-9\">76.1<\/td><td class=\"column-10\">70<\/td><td class=\"column-11\">77<\/td><td class=\"column-12\">63<\/td><td class=\"column-13\">70<\/td><td class=\"column-14\">195<\/td>\n<\/tr>\n<tr class=\"row-11\">\n\t<td class=\"column-1\">SYQR-8000<\/td><td class=\"column-2\">\/<\/td><td class=\"column-3\">380<\/td><td class=\"column-4\">50<\/td><td class=\"column-5\">4400<\/td><td class=\"column-6\">8000<\/td><td class=\"column-7\">370<\/td><td class=\"column-8\">65<\/td><td class=\"column-9\">76.1<\/td><td class=\"column-10\">71<\/td><td class=\"column-11\">75<\/td><td class=\"column-12\">67<\/td><td class=\"column-13\">72<\/td><td class=\"column-14\">284<\/td>\n<\/tr>\n<\/tbody>\n<\/table>\n<!-- #tablepress-8 from cache --><\/div>\n<\/div>\n<div><\/div>\n<div class=\"woocb\"><a class=\"wocb\" href=\"http:\/\/www.beiaole.com\/wp-content\/uploads\/2025\/08\/d1.4.3.pdf\" target=\"_blank\" rel=\"noopener\">formieren<\/a><\/div>\n<div><\/div>\n<p><img loading=\"lazy\" decoding=\"async\" class=\"aligncenter wp-image-17221 size-full\" src=\"http:\/\/www.beiaole.com\/wp-content\/uploads\/2025\/08\/x1.4.1.jpg\" alt=\"Commercial Energy Recovery Ventilator-q1\" width=\"924\" height=\"421\" data-no-translation=\"\" \/><\/p>\n<p><img loading=\"lazy\" decoding=\"async\" class=\"aligncenter wp-image-17222 size-full\" src=\"http:\/\/www.beiaole.com\/wp-content\/uploads\/2025\/08\/x1.4.2.jpg\" alt=\"Commercial Energy Recovery Ventilator-q2\" width=\"958\" height=\"431\" data-no-translation=\"\" \/><\/p>\n<p><img loading=\"lazy\" decoding=\"async\" class=\"aligncenter wp-image-17223 size-full\" src=\"http:\/\/www.beiaole.com\/wp-content\/uploads\/2025\/08\/x1.4.3.jpg\" alt=\"Commercial Energy Recovery Ventilator-q3\" width=\"937\" height=\"426\" data-no-translation=\"\" \/><\/p>\n<p><img loading=\"lazy\" decoding=\"async\" class=\"aligncenter wp-image-17224 size-full\" src=\"http:\/\/www.beiaole.com\/wp-content\/uploads\/2025\/08\/x1.4.4.jpg\" alt=\"Commercial Energy Recovery Ventilator-q4\" width=\"951\" height=\"427\" data-no-translation=\"\" \/><\/p>","protected":false},"excerpt":{"rendered":"<ul>\n<li>\n<h2>Luftstromkapazit\u00e4t:<\/h2>\n<p>\u202f1,000\u202f\u2013\u202f8.000\u202fm\u00b3\/h\u202fmit \u202fstatischer Druck\u202f-Up\u202fTo\u202f370\u202fPa, \u202fdie \u202fMittel\u202fMittel\u202f und \u202fGro\u00dfe \u202f-Berufung.<\/li>\n<li>\n<h2>Energie-Wiederherstellung \u202fKern:<\/h2>\n<p>\u202f Hochwertiges Papier \u202f W\u00e4rme\u202f Austauscher \u202f bis \u202f77%\u202f Enthalpie \u202f Effizienz\u202f f\u00fcr \u202f \u202f \u202f \u202f \u202f \u202f \u202f \u202f \u202f \u202f \u202f \u202f \u202f \u202f \u202f \u202f \u202f \u202f \u202f \u202f \u202f heizung \u202f erreicht \u202f bis \u202f771 tp3t.<\/li>\n<li>\n<h2>Ausgewogenes \u202fBeatmung\u202fSystem:<\/h2>\n<p>\u202funabh\u00e4ngige \u202f Angebote \u202f und \u202f \u202f \u202f \u202f \u202f stabile \u202f Druck \u202f und \u202f \u202f \u202f \u202f Verteilung \u202f \u202f \u202f stabile \u202f Druck \u202f und \u202f \u202f \u202f Verteilung \u202f \u202f \u202f besetzt \u202f \u202f \u202f \u202f \u202f \u202f \u202f \u202f \u202f \u202f \ufffd.<\/li>\n<li>\n<h2>Langlebige \u202f Laufwerk\u202f Montage:<\/h2>\n<p>\u202fKupfer\u202fMotor\u202fmit \u202fPr\u00e4zision\u202fLagerungen\u202fRuhe, \u202fNiedrig-Vibration\u202fLeistung\u202fTag\u202fTag\u202fNight.<\/li>\n<li>\n<h2>Zweistufige Filterung:<\/h2>\n<p>\u202fPrim\u00e4rer \u202fFilter\u202fEffizienz\u202f von \u202f76%\u202fWirklich \u202fF\u00e4llen\u202fUst\u202fund \u202fVerunreinigungen,\u202fkonsistente \u202fgestaltete Qualit\u00e4t.<\/li>\n<li>\n<h2>\u202fakustisch\u202fProfil:<\/h2>\n<p>\u202fNoise\u202fLevels\u202fRanging\u202fVon \u202f46\u202f65\u202fDB\u202fUnterst\u00fctzung\u202fKomfortable \u202fBedienung\u202fIn\u202f\u00d6ffnen\u202fOpen\u202fWorkspaces.<\/li>\n<li>\n<h2>Servicefreundliches Design:<\/h2>\n<p>\u202fZugangsf\u00e4hige Wartung \u202ft\u00fcren\u202fund \u202finspektion\u202fPorts\u202fVereinfachen\u202fReinigung und Filter\u202fErsatz.<\/li>\n<\/ul>\n<hr \/>","protected":false},"featured_media":4646,"comment_status":"open","ping_status":"closed","template":"","meta":{"_acf_changed":false},"product_brand":[],"product_cat":[71],"product_tag":[],"class_list":{"0":"post-4609","1":"product","2":"type-product","3":"status-publish","4":"has-post-thumbnail","6":"product_cat-energy-recovery-ventilator-2","8":"first","9":"instock","10":"taxable","11":"shipping-taxable","12":"purchasable","13":"product-type-variable","14":"has-default-attributes"},"acf":[],"_links":{"self":[{"href":"https:\/\/www.ecvents.com\/de\/wp-json\/wp\/v2\/product\/4609","targetHints":{"allow":["GET"]}}],"collection":[{"href":"https:\/\/www.ecvents.com\/de\/wp-json\/wp\/v2\/product"}],"about":[{"href":"https:\/\/www.ecvents.com\/de\/wp-json\/wp\/v2\/types\/product"}],"replies":[{"embeddable":true,"href":"https:\/\/www.ecvents.com\/de\/wp-json\/wp\/v2\/comments?post=4609"}],"wp:featuredmedia":[{"embeddable":true,"href":"https:\/\/www.ecvents.com\/de\/wp-json\/wp\/v2\/media\/4646"}],"wp:attachment":[{"href":"https:\/\/www.ecvents.com\/de\/wp-json\/wp\/v2\/media?parent=4609"}],"wp:term":[{"taxonomy":"product_brand","embeddable":true,"href":"https:\/\/www.ecvents.com\/de\/wp-json\/wp\/v2\/product_brand?post=4609"},{"taxonomy":"product_cat","embeddable":true,"href":"https:\/\/www.ecvents.com\/de\/wp-json\/wp\/v2\/product_cat?post=4609"},{"taxonomy":"product_tag","embeddable":true,"href":"https:\/\/www.ecvents.com\/de\/wp-json\/wp\/v2\/product_tag?post=4609"}],"curies":[{"name":"WP","href":"https:\/\/api.w.org\/{rel}","templated":true}]}}