{"id":4660,"date":"2026-03-19T06:02:09","date_gmt":"2026-03-19T11:02:09","guid":{"rendered":"https:\/\/www.ecvents.com\/?post_type=product&#038;p=4660"},"modified":"2026-03-19T06:02:35","modified_gmt":"2026-03-19T11:02:35","slug":"home-frischluftventilator","status":"publish","type":"product","link":"https:\/\/www.ecvents.com\/de\/product\/home-frischluftventilator\/","title":{"rendered":"Home Frischluftventilator"},"content":{"rendered":"<div class=\"someee\">\n<h2><strong>saubere Luft. Ruhiger Komfort. F\u00fcr den Alltag entwickelt.<\/strong><\/h2>\n<p>der\u00a0<strong>Home Frischluftventilator<\/strong>\u00a0Ist um ein Ziel herum aufgebaut - die Luft, in der Sie leben, f\u00fchlt sich richtig an. Sauber, ausgewogen und leise erfrischend. Unter seinem raffinierten \u00c4u\u00dferen,\u00a0<strong>Kupfer-Kern-Motor<\/strong>\u00a0Und Pr\u00e4zisionskugellager liefern einen gleichm\u00e4\u00dfigen, effizienten Luftstrom, der den Energieverbrauch niedrig h\u00e4lt und den Komfort hoch h\u00e4lt.<\/p>\n<p>Ein vollst\u00e4ndig\u00a0<strong>Ganzmetallk\u00f6rper<\/strong>\u00a0F\u00fcgt eine beruhigende Festigkeit, Korrosion, Sto\u00df und mechanische Resonanz zu, die weniger Einheiten erm\u00fcden kann. Es ist die Art von Produkt, die einst installiert und seit Jahren vertrauensw\u00fcrdig ist - leise, stabil und f\u00fcr den Dauerbetrieb ausgelegt.<\/p>\n<p>gerade bei\u00a0<strong>12\u202f Zentimeter dick<\/strong>, integriert sich der L\u00fcfter m\u00fchelos in Decken und Wandr\u00e4ume, in denen der Raum begrenzt ist. Zwei unabh\u00e4ngige Kan\u00e4le greifen die Versorgung und Abgase an und halten einen ausgeglichenen Druck \u00fcber R\u00e4ume f\u00fcr die nat\u00fcrliche Lufterneuerung ohne Zugluft oder Temperaturschwankungen aufrecht.<\/p>\n<p>Bevor die Luft den Raum erreicht, geht sie durch\u00a0<strong>Dual-Filter-System<\/strong>: Eine Prim\u00e4rschicht f\u00fcr Staub und eine hocheffiziente Schicht f\u00fcr feine Partikel und Restger\u00fcche. Das Ergebnis ist subtil und doch unverkennbar - eine leichtere Atmosph\u00e4re, sauberere Morgen und ruhigeres Atmen.<\/p>\n<\/div>\n<hr \/>\n<p>Abmessungen (Einheit: mm):<\/p>\n<div class=\"scroll-table-wrapper\">\n<div class=\"scroll-table\">\n<table id=\"tablepress-9\" class=\"tablepress tablepress-id-9\">\n<thead>\n<tr class=\"row-1\">\n\t<th class=\"column-1\">modellieren<\/th><th class=\"column-2\">L<\/th><th class=\"column-3\">l1<\/th><th class=\"column-4\">W<\/th><th class=\"column-5\">W1<\/th><th class=\"column-6\">H<\/th><th class=\"column-7\">h1<\/th><th class=\"column-8\">D<\/th><th class=\"column-9\">F<\/th><th class=\"column-10\">E<\/th><th class=\"column-11\">G<\/th>\n<\/tr>\n<\/thead>\n<tbody class=\"row-striping row-hover\">\n<tr class=\"row-2\">\n\t<td class=\"column-1\">DUT10-34<\/td><td class=\"column-2\">875<\/td><td class=\"column-3\">845<\/td><td class=\"column-4\">703<\/td><td class=\"column-5\">420<\/td><td class=\"column-6\">123<\/td><td class=\"column-7\">93<\/td><td class=\"column-8\">583<\/td><td class=\"column-9\">192<\/td><td class=\"column-10\">393<\/td><td class=\"column-11\">\u03c6100<\/td>\n<\/tr>\n<tr class=\"row-3\">\n\t<td class=\"column-1\">DUT15-45<\/td><td class=\"column-2\">875<\/td><td class=\"column-3\">845<\/td><td class=\"column-4\">673<\/td><td class=\"column-5\">420<\/td><td class=\"column-6\">197<\/td><td class=\"column-7\">167<\/td><td class=\"column-8\">583<\/td><td class=\"column-9\">192<\/td><td class=\"column-10\">393<\/td><td class=\"column-11\">\u03c6150<\/td>\n<\/tr>\n<tr class=\"row-4\">\n\t<td class=\"column-1\">dut20-60<\/td><td class=\"column-2\">875<\/td><td class=\"column-3\">845<\/td><td class=\"column-4\">700<\/td><td class=\"column-5\">420<\/td><td class=\"column-6\">247<\/td><td class=\"column-7\">217<\/td><td class=\"column-8\">544<\/td><td class=\"column-9\">192<\/td><td class=\"column-10\">393<\/td><td class=\"column-11\">\u03c6200<\/td>\n<\/tr>\n<\/tbody>\n<\/table>\n<!-- #tablepress-9 from cache --><\/div>\n<\/div>\n<div><\/div>\n<div class=\"woocb\"><a class=\"wocb\" href=\"http:\/\/www.beiaole.com\/wp-content\/uploads\/2025\/08\/d1.5.1.pdf\" target=\"_blank\" rel=\"noopener\">formieren<\/a><\/div>\n<div><\/div>\n<p><img loading=\"lazy\" decoding=\"async\" class=\"aligncenter wp-image-15704 size-large\" src=\"http:\/\/www.beiaole.com\/wp-content\/uploads\/2025\/08\/s1.5-1024x438.png\" alt=\"Home Fresh Air Ventilator-size\" width=\"1024\" height=\"438\" data-no-translation=\"\" \/><br \/>\nLeistung:<\/p>\n<div class=\"scroll-table-wrapper\">\n<div class=\"scroll-table\">\n<table id=\"tablepress-10\" class=\"tablepress tablepress-id-10\">\n<thead>\n<tr class=\"row-1\">\n\t<th class=\"column-1\">modellieren<\/th><th class=\"column-2\">Spannung(V)<\/th><th class=\"column-3\">Frequenz (Hz)<\/th><th class=\"column-4\">ausrichten<\/th><th class=\"column-5\">Leistung (W)<\/th><th class=\"column-6\">Luftstrom (m\u00b3\/h)<\/th><th class=\"column-7\">statischer Druck (PA)<\/th><th class=\"column-8\">L\u00e4rm (db)<\/th><th class=\"column-9\">Prim\u00e4rfilter (%)<\/th><th class=\"column-10\">Anwendungsgebiet(m\u00b2)<\/th><th class=\"column-11\">N.M (kg)<\/th>\n<\/tr>\n<\/thead>\n<tbody class=\"row-striping row-hover\">\n<tr class=\"row-2\">\n\t<td class=\"column-1\">DUT10-34<\/td><td class=\"column-2\">220<\/td><td class=\"column-3\">50<\/td><td class=\"column-4\">h \/ l<\/td><td class=\"column-5\">108\/86<\/td><td class=\"column-6\">230\/180<\/td><td class=\"column-7\">210\/110<\/td><td class=\"column-8\">30\/33<\/td><td class=\"column-9\">\u03c6100<\/td><td class=\"column-10\">80-100<\/td><td class=\"column-11\">17.9<\/td>\n<\/tr>\n<tr class=\"row-3\">\n\t<td class=\"column-1\">DUT15-45<\/td><td class=\"column-2\">220<\/td><td class=\"column-3\">50<\/td><td class=\"column-4\">h \/ l<\/td><td class=\"column-5\">151\/124<\/td><td class=\"column-6\">550\/350<\/td><td class=\"column-7\">240\/160<\/td><td class=\"column-8\">36\/33<\/td><td class=\"column-9\">\u03c6150<\/td><td class=\"column-10\">75-150<\/td><td class=\"column-11\">20.3<\/td>\n<\/tr>\n<tr class=\"row-4\">\n\t<td class=\"column-1\">dut20-60<\/td><td class=\"column-2\">220<\/td><td class=\"column-3\">50<\/td><td class=\"column-4\">h \/ l<\/td><td class=\"column-5\">240\/186<\/td><td class=\"column-6\">1200\/800<\/td><td class=\"column-7\">320\/270<\/td><td class=\"column-8\">45\/41<\/td><td class=\"column-9\">\u03c6200<\/td><td class=\"column-10\">165-330<\/td><td class=\"column-11\">24.5<\/td>\n<\/tr>\n<\/tbody>\n<\/table>\n<!-- #tablepress-10 from cache --><\/div>\n<\/div>\n<div><\/div>\n<div class=\"woocb\"><a class=\"wocb\" href=\"http:\/\/www.beiaole.com\/wp-content\/uploads\/2025\/08\/d1.5.2.pdf\" target=\"_blank\" rel=\"noopener\">formieren<\/a><\/div>\n<div><\/div>","protected":false},"excerpt":{"rendered":"<ul>\n<li>\n<h2>Ausgewogener Luftstrom:<\/h2>\n<p>\u202fUnabh\u00e4ngige Ansaug- und Abgaskan\u00e4le tauschen gleichzeitig Frisch- und abgestandene Luft f\u00fcr eine gleichm\u00e4\u00dfige Bel\u00fcftung aus.<\/li>\n<li>\n<h2>Optimiertes Luftvolumen:<\/h2>\n<p>\u202f Lieferen \u202f 180 \u202f \u202f 1200 \u202f m\u00b3 \/ h \u202f mit \u202f statischem \u202f Druck \u202f \u202f \u202f320 \u202f \u202f f\u00fcr \u202f f\u00fcr \u202f ausbalanciert \u202f \u202f \u202f \u202f \u202f \u202f \u202f \u202f \u202f \u202f \u202f \u202f f\u00fcr \u202f \u202f ausbalanciert \u202f \u202f \u202f \u202f \u202f \u202f \u202f \u202f \u202f \u202f f\u00fcr \u202f f\u00fcr \u202f sead.<\/li>\n<li>\n<h2>Schlankes, integriertes Design:<\/h2>\n<p>\u202fnur \u202f12\u202fcm\u202fThick\u202fF\u00fcr \u202fdiskrete Installation\u202f\u00dcber den Decken\u202foder\u202fin\u202fTight\u202farchitekturale \u202fR\u00e4ume.<\/li>\n<li>\n<h2>Langlebiges Metall-Wohnen:<\/h2>\n<p>\u202f starre \u202f \u202f konstruktiv \u202f widersteht \u202f korrosion \u202f und \u202f mechanisch vibration \u202f f\u00fcr \u202f lange\u2011 zeitstabil.<\/li>\n<li>\n<h2>Energieeffizienter Antrieb:<\/h2>\n<p>\u202fKupfer-Kern\u202fMotor\u202fUnd \u202fNiedriger Widerstand\u202fAir\u202fPfad\u202fMinimimieren Sie die Kraft \u202fUse\u202fUnder\u202fcontinuous \u202fDuty.<\/li>\n<li>\n<h2>Ger\u00e4uscharme Funktion:<\/h2>\n<p>\u202fakustische Optimierung \u202fKeeps \u202fat\u202f30\u202f\u2013\u202f45\u202fDB, \u202funterst\u00fctzende\u202fUngest\u00f6rte \u202fKomfort.<\/li>\n<li>\n<h2>Fortgeschrittene Filtration:<\/h2>\n<p>\u202fprim\u00e4r\u202fund\u202fHocheffiziente\u202fFilter\u202fF\u00e4nger, \u202ffeine \u202fTeilchen, \u202fund \u202fDore\u202ff\u00fcr\u202fkonsistent\u202fReinigen\u202fReinigen\u202fAir.<\/li>\n<\/ul>\n<hr \/>","protected":false},"featured_media":4669,"comment_status":"open","ping_status":"closed","template":"","meta":{"_acf_changed":false},"product_brand":[],"product_cat":[71],"product_tag":[],"class_list":{"0":"post-4660","1":"product","2":"type-product","3":"status-publish","4":"has-post-thumbnail","6":"product_cat-energy-recovery-ventilator-2","8":"first","9":"instock","10":"taxable","11":"shipping-taxable","12":"purchasable","13":"product-type-variable","14":"has-default-attributes"},"acf":[],"_links":{"self":[{"href":"https:\/\/www.ecvents.com\/de\/wp-json\/wp\/v2\/product\/4660","targetHints":{"allow":["GET"]}}],"collection":[{"href":"https:\/\/www.ecvents.com\/de\/wp-json\/wp\/v2\/product"}],"about":[{"href":"https:\/\/www.ecvents.com\/de\/wp-json\/wp\/v2\/types\/product"}],"replies":[{"embeddable":true,"href":"https:\/\/www.ecvents.com\/de\/wp-json\/wp\/v2\/comments?post=4660"}],"wp:featuredmedia":[{"embeddable":true,"href":"https:\/\/www.ecvents.com\/de\/wp-json\/wp\/v2\/media\/4669"}],"wp:attachment":[{"href":"https:\/\/www.ecvents.com\/de\/wp-json\/wp\/v2\/media?parent=4660"}],"wp:term":[{"taxonomy":"product_brand","embeddable":true,"href":"https:\/\/www.ecvents.com\/de\/wp-json\/wp\/v2\/product_brand?post=4660"},{"taxonomy":"product_cat","embeddable":true,"href":"https:\/\/www.ecvents.com\/de\/wp-json\/wp\/v2\/product_cat?post=4660"},{"taxonomy":"product_tag","embeddable":true,"href":"https:\/\/www.ecvents.com\/de\/wp-json\/wp\/v2\/product_tag?post=4660"}],"curies":[{"name":"WP","href":"https:\/\/api.w.org\/{rel}","templated":true}]}}