{"id":4664,"date":"2026-03-19T06:02:10","date_gmt":"2026-03-19T11:02:10","guid":{"rendered":"https:\/\/www.ecvents.com\/?post_type=product&#038;p=4664"},"modified":"2026-03-19T06:03:03","modified_gmt":"2026-03-19T11:03:03","slug":"einweg-frischluft-inline-lufter","status":"publish","type":"product","link":"https:\/\/www.ecvents.com\/de\/product\/einweg-frischluft-inline-lufter\/","title":{"rendered":"Einweg-Frischluft-Inline-L\u00fcfter"},"content":{"rendered":"<div class=\"someee\">\n<h2><strong>St\u00e4ndige Frische. Ruhige Sicherheit. F\u00fcr die Leistung konstruiert.<\/strong><\/h2>\n<p>der\u00a0<strong>Einweg-Frischluft-Inline-L\u00fcfter<\/strong>\u00a0Bringt Pr\u00e4zisionstechnik und dezente Effizienz zusammen. Entwickelt f\u00fcr den Dauerbetrieb in modernen L\u00fcftungsanlagen, beh\u00e4lt es einen gleichm\u00e4\u00dfigen Strom sauberer, leiser Luft, der Komfort, Gesundheit und Produktivit\u00e4t unterst\u00fctzt.<\/p>\n<p>In seinem kompakten Rahmen,\u00a0<strong>Kupfer-Kern-Motor<\/strong>\u00a0L\u00e4uft mit Pr\u00e4zisionskugellagern, um eine gleichm\u00e4\u00dfige, vibrationsarme Leistung und eine l\u00e4ngere Lebensdauer zu gew\u00e4hrleisten. ein\u00a0<strong>Zweistufiges Filtersystem<\/strong>\u2014Prim\u00e4r und hocheffizient \u2013 filtert Feinstaub und Ger\u00fcche direkt an der Quelle, wodurch die Luftqualit\u00e4t im Laufe der Zeit erhalten bleibt.<\/p>\n<p>Der Fan\u00a0<strong>Ultraschlankes, ausgewogenes Geh\u00e4use<\/strong>\u00a0Integriert sich leicht \u00fcber Decken, in Kan\u00e4len oder hinter Wandpaneele und passt sich mit minimalem Installationsaufwand an enge oder architektonische R\u00e4ume an. Die Einheiten k\u00f6nnen auch in Reihe oder parallel verschaltet werden, wodurch skalierbare Luftstrommodule entstehen, die sich an die Systemanforderungen orientieren.<\/p>\n<\/div>\n<hr \/>\n<p>Abmessungen (Einheit: mm):<\/p>\n<div class=\"scroll-table-wrapper\">\n<div class=\"scroll-table\">\n<table id=\"tablepress-14\" class=\"tablepress tablepress-id-14\">\n<thead>\n<tr class=\"row-1\">\n\t<th class=\"column-1\">modellieren<\/th><th class=\"column-2\">L<\/th><th class=\"column-3\">l1<\/th><th class=\"column-4\">l2<\/th><th class=\"column-5\">W<\/th><th class=\"column-6\">W1<\/th><th class=\"column-7\">H<\/th><th class=\"column-8\">h1<\/th><th class=\"column-9\">D<\/th>\n<\/tr>\n<\/thead>\n<tbody class=\"row-striping row-hover\">\n<tr class=\"row-2\">\n\t<td class=\"column-1\">DPT10-35J<\/td><td class=\"column-2\">701<\/td><td class=\"column-3\">523<\/td><td class=\"column-4\">420<\/td><td class=\"column-5\">400<\/td><td class=\"column-6\">447<\/td><td class=\"column-7\">121<\/td><td class=\"column-8\">30<\/td><td class=\"column-9\">\u03c6100<\/td>\n<\/tr>\n<tr class=\"row-3\">\n\t<td class=\"column-1\">DPT15-45J<\/td><td class=\"column-2\">673<\/td><td class=\"column-3\">523<\/td><td class=\"column-4\">420<\/td><td class=\"column-5\">400<\/td><td class=\"column-6\">447<\/td><td class=\"column-7\">196<\/td><td class=\"column-8\">30<\/td><td class=\"column-9\">\u03c6150<\/td>\n<\/tr>\n<tr class=\"row-4\">\n\t<td class=\"column-1\">DPT20-55J<\/td><td class=\"column-2\">700<\/td><td class=\"column-3\">523<\/td><td class=\"column-4\">420<\/td><td class=\"column-5\">400<\/td><td class=\"column-6\">447<\/td><td class=\"column-7\">246<\/td><td class=\"column-8\">30<\/td><td class=\"column-9\">\u03c6200<\/td>\n<\/tr>\n<\/tbody>\n<\/table>\n<!-- #tablepress-14 from cache --><\/div>\n<\/div>\n<div><\/div>\n<div class=\"woocb\"><a class=\"wocb\" href=\"http:\/\/www.beiaole.com\/wp-content\/uploads\/2025\/09\/d1.7.1.pdf\" target=\"_blank\" rel=\"noopener\">formieren<\/a><\/div>\n<div><\/div>\n<p><img loading=\"lazy\" decoding=\"async\" class=\"aligncenter wp-image-15811 size-large\" src=\"http:\/\/www.beiaole.com\/wp-content\/uploads\/2025\/08\/s1.7-1024x500.png\" alt=\"Single Way Fresh Air Inline Fan-size\" width=\"1024\" height=\"500\" data-no-translation=\"\" \/><br \/>\nLeistung:<\/p>\n<div class=\"scroll-table-wrapper\">\n<div class=\"scroll-table\">\n<table id=\"tablepress-15\" class=\"tablepress tablepress-id-15 tbody-has-connected-cells\">\n<thead>\n<tr class=\"row-1\">\n\t<th class=\"column-1\">modellieren<\/th><th class=\"column-2\">Spannung(V)<\/th><th class=\"column-3\">Frequenz (Hz)<\/th><th class=\"column-4\">ausrichten<\/th><th class=\"column-5\">Leistung (W)<\/th><th class=\"column-6\">Luftstrom (m\u00b3\/h)<\/th><th class=\"column-7\">statischer Druck (PA)<\/th><th class=\"column-8\">L\u00e4rm (db)<\/th><th class=\"column-9\">Kanalgr\u00f6\u00dfe (mm)<\/th><th class=\"column-10\">Anwendungsgebiet(m\u00b2)<\/th><th class=\"column-11\">N.M (kg)<\/th>\n<\/tr>\n<\/thead>\n<tbody class=\"row-striping row-hover\">\n<tr class=\"row-2\">\n\t<td rowspan=\"2\" class=\"column-1\">DPT10-35J<\/td><td rowspan=\"2\" class=\"column-2\">220<\/td><td rowspan=\"2\" class=\"column-3\">50<\/td><td class=\"column-4\">high<\/td><td class=\"column-5\">53<\/td><td class=\"column-6\">160<\/td><td class=\"column-7\">192<\/td><td class=\"column-8\">31<\/td><td rowspan=\"2\" class=\"column-9\">\u03c6100<\/td><td rowspan=\"2\" class=\"column-10\">8-15<\/td><td rowspan=\"2\" class=\"column-11\">9<\/td>\n<\/tr>\n<tr class=\"row-3\">\n\t<td class=\"column-4\">naturge<\/td><td class=\"column-5\">44<\/td><td class=\"column-6\">120<\/td><td class=\"column-7\">170<\/td><td class=\"column-8\">25<\/td>\n<\/tr>\n<tr class=\"row-4\">\n\t<td rowspan=\"2\" class=\"column-1\">DPT15-45J<\/td><td rowspan=\"2\" class=\"column-2\">220<\/td><td rowspan=\"2\" class=\"column-3\">50<\/td><td class=\"column-4\">high<\/td><td class=\"column-5\">88<\/td><td class=\"column-6\">350<\/td><td class=\"column-7\">270<\/td><td class=\"column-8\">42<\/td><td rowspan=\"2\" class=\"column-9\">\u03c6150<\/td><td rowspan=\"2\" class=\"column-10\">25-30<\/td><td rowspan=\"2\" class=\"column-11\">11<\/td>\n<\/tr>\n<tr class=\"row-5\">\n\t<td class=\"column-4\">naturge<\/td><td class=\"column-5\">78<\/td><td class=\"column-6\">290<\/td><td class=\"column-7\">250<\/td><td class=\"column-8\">38<\/td>\n<\/tr>\n<tr class=\"row-6\">\n\t<td rowspan=\"2\" class=\"column-1\">DPT20-55J<\/td><td rowspan=\"2\" class=\"column-2\">220<\/td><td rowspan=\"2\" class=\"column-3\">50<\/td><td class=\"column-4\">high<\/td><td class=\"column-5\">143<\/td><td class=\"column-6\">650<\/td><td class=\"column-7\">365<\/td><td class=\"column-8\">45<\/td><td rowspan=\"2\" class=\"column-9\">\u03c6200<\/td><td rowspan=\"2\" class=\"column-10\">30-40<\/td><td rowspan=\"2\" class=\"column-11\">13<\/td>\n<\/tr>\n<tr class=\"row-7\">\n\t<td class=\"column-4\">naturge<\/td><td class=\"column-5\">122<\/td><td class=\"column-6\">500<\/td><td class=\"column-7\">300<\/td><td class=\"column-8\">32<\/td>\n<\/tr>\n<\/tbody>\n<\/table>\n<!-- #tablepress-15 from cache --><\/div>\n<\/div>\n<div><\/div>\n<div class=\"woocb\"><a class=\"wocb\" href=\"http:\/\/www.beiaole.com\/wp-content\/uploads\/2025\/09\/d1.7.2.pdf\" target=\"_blank\" rel=\"noopener\">formieren<\/a><\/div>\n<div><\/div>\n<p><img loading=\"lazy\" decoding=\"async\" class=\"aligncenter wp-image-17228 size-large\" src=\"http:\/\/www.beiaole.com\/wp-content\/uploads\/2025\/08\/x1.7-1024x317.jpg\" alt=\"Single Way Fresh Air Inline Fan-q1\" width=\"1024\" height=\"317\" data-no-translation=\"\" \/><\/p>","protected":false},"excerpt":{"rendered":"<ul>\n<li>\n<h2>Effizienz der Luftmanagement:<\/h2>\n<p>\u00a0Luftstrombereich von 120\u202f bis 650\u202fm\u00b3\/h mit statischem Druck bis 365\u202fPa, ausgelegt f\u00fcr stabile, kontrollierte Bel\u00fcftung.<\/li>\n<li>\n<h2>leise Zuverl\u00e4ssigkeit:<\/h2>\n<p>\u00a0Schallleistung von nur 25 \u202f dB erm\u00f6glicht den Betrieb in belegten und ger\u00e4uschempfindlichen Bereichen.<\/li>\n<li>\n<h2>Energiebewusster Antrieb:<\/h2>\n<p>\u00a0Hocheffizienter Kupfermotor und aerodynamischer Laufrad minimieren den Verbrauch im Dauerbetrieb.<\/li>\n<li>\n<h2>Dual-Filtertechnik:<\/h2>\n<p>\u00a0Der sequentielle Filtrationsprozess eliminiert Partikel und Restger\u00fcche f\u00fcr eine dauerhafte Luftqualit\u00e4t.<\/li>\n<li>\n<h2>Kompakte Integration:<\/h2>\n<p>\u00a0Die schlanke Konstruktion erm\u00f6glicht versteckte Installationen in Decken, Kan\u00e4len und Servicekorridoren.<\/li>\n<li>\n<h2>Modulares Design:<\/h2>\n<p>\u00a0Konfigurierbar als einzelne oder vernetzte Einheiten zur Erweiterung der Luftstromkapazit\u00e4t bei Bedarf.<\/li>\n<\/ul>\n<hr \/>","protected":false},"featured_media":4670,"comment_status":"open","ping_status":"closed","template":"","meta":{"_acf_changed":false},"product_brand":[],"product_cat":[71],"product_tag":[],"class_list":{"0":"post-4664","1":"product","2":"type-product","3":"status-publish","4":"has-post-thumbnail","6":"product_cat-energy-recovery-ventilator-2","8":"first","9":"instock","10":"taxable","11":"shipping-taxable","12":"purchasable","13":"product-type-variable","14":"has-default-attributes"},"acf":[],"_links":{"self":[{"href":"https:\/\/www.ecvents.com\/de\/wp-json\/wp\/v2\/product\/4664","targetHints":{"allow":["GET"]}}],"collection":[{"href":"https:\/\/www.ecvents.com\/de\/wp-json\/wp\/v2\/product"}],"about":[{"href":"https:\/\/www.ecvents.com\/de\/wp-json\/wp\/v2\/types\/product"}],"replies":[{"embeddable":true,"href":"https:\/\/www.ecvents.com\/de\/wp-json\/wp\/v2\/comments?post=4664"}],"wp:featuredmedia":[{"embeddable":true,"href":"https:\/\/www.ecvents.com\/de\/wp-json\/wp\/v2\/media\/4670"}],"wp:attachment":[{"href":"https:\/\/www.ecvents.com\/de\/wp-json\/wp\/v2\/media?parent=4664"}],"wp:term":[{"taxonomy":"product_brand","embeddable":true,"href":"https:\/\/www.ecvents.com\/de\/wp-json\/wp\/v2\/product_brand?post=4664"},{"taxonomy":"product_cat","embeddable":true,"href":"https:\/\/www.ecvents.com\/de\/wp-json\/wp\/v2\/product_cat?post=4664"},{"taxonomy":"product_tag","embeddable":true,"href":"https:\/\/www.ecvents.com\/de\/wp-json\/wp\/v2\/product_tag?post=4664"}],"curies":[{"name":"WP","href":"https:\/\/api.w.org\/{rel}","templated":true}]}}