{"id":4668,"date":"2026-03-19T06:02:10","date_gmt":"2026-03-19T11:02:10","guid":{"rendered":"https:\/\/www.ecvents.com\/?post_type=product&#038;p=4668"},"modified":"2026-03-19T06:03:03","modified_gmt":"2026-03-19T11:03:03","slug":"schranklufter-mit-ip55-motor","status":"publish","type":"product","link":"https:\/\/www.ecvents.com\/de\/product\/schranklufter-mit-ip55-motor\/","title":{"rendered":"Schrankl\u00fcfter mit IP55-Motor"},"content":{"rendered":"<div class=\"someee\">\n<h2><strong>Robustes \u202f von Design.\u202f Ruhige \u202f in \u202f Leistung.\u202f Gebaut f\u00fcr \u202f kontinuierliche \u202f \u202f ventilation.<\/strong><\/h2>\n<p>der <strong>Kabinett\u202fFan\u202fMit \u202fIP55\u202fMotor<\/strong>\u00a0H\u00e4lt die Luft k\u00fchl und stabil, ohne Aufmerksamkeit zu fordern. drinnen ist ein\u00a0<strong>Solid\u202fKupfer\u2011Kern\u202fMotor<\/strong>\u202f - \u202feffizient, stark und gebaut, um sich lange zu drehen, nachdem andere aufgeh\u00f6rt haben. trotz\u00a0<strong>Hochwertige Kugellager<\/strong>, Es liefert eine ruhigere und leisere Bewegung, als Sie es von etwas so f\u00e4higem erwarten.<\/p>\n<p>der\u00a0<strong>IP55-bewertetes Aluminium-Haushalt<\/strong>\u00a0Nicht nur f\u00fcr das Aussehen, sondern steht fest gegen Staub, Feuchtigkeit und den Verschlei\u00df eines st\u00e4ndigen Betriebs. der\u00a0<strong>Metall\u202fFan\u202fRad<\/strong>\u00a0treibt die Luft mit Autorit\u00e4t an, h\u00e4lt hohen Druck und Fernstrom bei jedem System aufrecht.<\/p>\n<p>Die Pflege ist erfrischend einfach.\u00a0<strong>Seiteninspektion \u202fPorts<\/strong>\u00a0Sie k\u00f6nnen Komponenten schnell \u00f6ffnen, reinigen oder austauschen \u2013 \u202f Keine vollst\u00e4ndige Demontage oder zeitaufw\u00e4ndige Anpassungen erforderlich. Es ist ein unkomplizierter Service f\u00fcr einen Ventilator, der ohne Beschwerde hart arbeiten soll.<\/p>\n<\/div>\n<hr \/>\n<p>Abmessungen (Einheit: mm):<\/p>\n<div class=\"scroll-table-wrapper\">\n<div class=\"scroll-table\">\n<table id=\"tablepress-18\" class=\"tablepress tablepress-id-18\">\n<thead>\n<tr class=\"row-1\">\n\t<th class=\"column-1\">modellieren<\/th><th class=\"column-2\">L<\/th><th class=\"column-3\">l1<\/th><th class=\"column-4\">W<\/th><th class=\"column-5\">W1<\/th><th class=\"column-6\">H<\/th><th class=\"column-7\">Hi<\/th><th class=\"column-8\">d1<\/th><th class=\"column-9\">F<\/th><th class=\"column-10\">Luftauslassgr\u00f6\u00dfe<br \/>\n(AXB)<\/th><th class=\"column-11\">Lufteinlassgr\u00f6\u00dfe<br \/>\n(CxD)<\/th>\n<\/tr>\n<\/thead>\n<tbody class=\"row-striping row-hover\">\n<tr class=\"row-2\">\n\t<td class=\"column-1\">ktj23-20d<\/td><td class=\"column-2\">490<\/td><td class=\"column-3\">452<\/td><td class=\"column-4\">490<\/td><td class=\"column-5\">530<\/td><td class=\"column-6\">372<\/td><td class=\"column-7\">36<\/td><td class=\"column-8\">50<\/td><td class=\"column-9\">25<\/td><td class=\"column-10\">270 \u00d7 265<\/td><td class=\"column-11\">350x312<\/td>\n<\/tr>\n<tr class=\"row-3\">\n\t<td class=\"column-1\">ktj23-26d<\/td><td class=\"column-2\">490<\/td><td class=\"column-3\">452<\/td><td class=\"column-4\">490<\/td><td class=\"column-5\">530<\/td><td class=\"column-6\">372<\/td><td class=\"column-7\">36<\/td><td class=\"column-8\">50<\/td><td class=\"column-9\">25<\/td><td class=\"column-10\">300x280<\/td><td class=\"column-11\">430x312<\/td>\n<\/tr>\n<tr class=\"row-4\">\n\t<td class=\"column-1\">ktj23-31d<\/td><td class=\"column-2\">524<\/td><td class=\"column-3\">486<\/td><td class=\"column-4\">592<\/td><td class=\"column-5\">632<\/td><td class=\"column-6\">440<\/td><td class=\"column-7\">36<\/td><td class=\"column-8\">50<\/td><td class=\"column-9\">25<\/td><td class=\"column-10\">335x320<\/td><td class=\"column-11\">335x320<\/td>\n<\/tr>\n<tr class=\"row-5\">\n\t<td class=\"column-1\">ktj23-41d<\/td><td class=\"column-2\">524<\/td><td class=\"column-3\">486<\/td><td class=\"column-4\">592<\/td><td class=\"column-5\">632<\/td><td class=\"column-6\">440<\/td><td class=\"column-7\">36<\/td><td class=\"column-8\">50<\/td><td class=\"column-9\">25<\/td><td class=\"column-10\">335x320<\/td><td class=\"column-11\">550x380<\/td>\n<\/tr>\n<tr class=\"row-6\">\n\t<td class=\"column-1\">ktj23-20<\/td><td class=\"column-2\">490<\/td><td class=\"column-3\">452<\/td><td class=\"column-4\">490<\/td><td class=\"column-5\">530<\/td><td class=\"column-6\">372<\/td><td class=\"column-7\">36<\/td><td class=\"column-8\">50<\/td><td class=\"column-9\">25<\/td><td class=\"column-10\">270 \u00d7 265<\/td><td class=\"column-11\">350 \u00d7 312<\/td>\n<\/tr>\n<tr class=\"row-7\">\n\t<td class=\"column-1\">ktj23-26<\/td><td class=\"column-2\">490<\/td><td class=\"column-3\">452<\/td><td class=\"column-4\">490<\/td><td class=\"column-5\">530<\/td><td class=\"column-6\">372<\/td><td class=\"column-7\">36<\/td><td class=\"column-8\">50<\/td><td class=\"column-9\">25<\/td><td class=\"column-10\">300x280<\/td><td class=\"column-11\">430x312<\/td>\n<\/tr>\n<tr class=\"row-8\">\n\t<td class=\"column-1\">ktj23-31<\/td><td class=\"column-2\">524<\/td><td class=\"column-3\">486<\/td><td class=\"column-4\">592<\/td><td class=\"column-5\">632<\/td><td class=\"column-6\">440<\/td><td class=\"column-7\">36<\/td><td class=\"column-8\">50<\/td><td class=\"column-9\">25<\/td><td class=\"column-10\">335x320<\/td><td class=\"column-11\">335x320<\/td>\n<\/tr>\n<tr class=\"row-9\">\n\t<td class=\"column-1\">ktj23-41<\/td><td class=\"column-2\">524<\/td><td class=\"column-3\">486<\/td><td class=\"column-4\">592<\/td><td class=\"column-5\">632<\/td><td class=\"column-6\">440<\/td><td class=\"column-7\">36<\/td><td class=\"column-8\">50<\/td><td class=\"column-9\">25<\/td><td class=\"column-10\">335x320<\/td><td class=\"column-11\">550x380<\/td>\n<\/tr>\n<tr class=\"row-10\">\n\t<td class=\"column-1\">ktj28-51<\/td><td class=\"column-2\">640<\/td><td class=\"column-3\">568<\/td><td class=\"column-4\">700<\/td><td class=\"column-5\">743<\/td><td class=\"column-6\">535<\/td><td class=\"column-7\">35<\/td><td class=\"column-8\">50<\/td><td class=\"column-9\">25<\/td><td class=\"column-10\">410x358<\/td><td class=\"column-11\">640x465<\/td>\n<\/tr>\n<tr class=\"row-11\">\n\t<td class=\"column-1\">ktj28-61<\/td><td class=\"column-2\">700<\/td><td class=\"column-3\">628<\/td><td class=\"column-4\">740<\/td><td class=\"column-5\">783<\/td><td class=\"column-6\">600<\/td><td class=\"column-7\">35<\/td><td class=\"column-8\">50<\/td><td class=\"column-9\">25<\/td><td class=\"column-10\">400x460<\/td><td class=\"column-11\">550x460<\/td>\n<\/tr>\n<tr class=\"row-12\">\n\t<td class=\"column-1\">ktj31-71<\/td><td class=\"column-2\">700<\/td><td class=\"column-3\">628<\/td><td class=\"column-4\">740<\/td><td class=\"column-5\">783<\/td><td class=\"column-6\">600<\/td><td class=\"column-7\">35<\/td><td class=\"column-8\">50<\/td><td class=\"column-9\">25<\/td><td class=\"column-10\">400x460<\/td><td class=\"column-11\">550x460<\/td>\n<\/tr>\n<tr class=\"row-13\">\n\t<td class=\"column-1\">ktj31-81<\/td><td class=\"column-2\">700<\/td><td class=\"column-3\">628<\/td><td class=\"column-4\">780<\/td><td class=\"column-5\">823<\/td><td class=\"column-6\">600<\/td><td class=\"column-7\">35<\/td><td class=\"column-8\">50<\/td><td class=\"column-9\">25<\/td><td class=\"column-10\">400x460<\/td><td class=\"column-11\">745x535<\/td>\n<\/tr>\n<tr class=\"row-14\">\n\t<td class=\"column-1\">KTJ35-100<\/td><td class=\"column-2\">810<\/td><td class=\"column-3\">738<\/td><td class=\"column-4\">780<\/td><td class=\"column-5\">823<\/td><td class=\"column-6\">665<\/td><td class=\"column-7\">35<\/td><td class=\"column-8\">50<\/td><td class=\"column-9\">25<\/td><td class=\"column-10\">440x460<\/td><td class=\"column-11\">745x535<\/td>\n<\/tr>\n<tr class=\"row-15\">\n\t<td class=\"column-1\">KTJ35-120<\/td><td class=\"column-2\">810<\/td><td class=\"column-3\">738<\/td><td class=\"column-4\">880<\/td><td class=\"column-5\">923<\/td><td class=\"column-6\">715<\/td><td class=\"column-7\">35<\/td><td class=\"column-8\">50<\/td><td class=\"column-9\">25<\/td><td class=\"column-10\">440x460<\/td><td class=\"column-11\">745x535<\/td>\n<\/tr>\n<tr class=\"row-16\">\n\t<td class=\"column-1\">KTJ40-150<\/td><td class=\"column-2\">848<\/td><td class=\"column-3\">753<\/td><td class=\"column-4\">947<\/td><td class=\"column-5\">1067<\/td><td class=\"column-6\">802<\/td><td class=\"column-7\">35<\/td><td class=\"column-8\">50<\/td><td class=\"column-9\">25<\/td><td class=\"column-10\">455x460<\/td><td class=\"column-11\">835x600<\/td>\n<\/tr>\n<tr class=\"row-17\">\n\t<td class=\"column-1\">KTJ40-200<\/td><td class=\"column-2\">900<\/td><td class=\"column-3\">801<\/td><td class=\"column-4\">1012<\/td><td class=\"column-5\">1132<\/td><td class=\"column-6\">820<\/td><td class=\"column-7\">35<\/td><td class=\"column-8\">50<\/td><td class=\"column-9\">25<\/td><td class=\"column-10\">455x460<\/td><td class=\"column-11\">900 \u00d7 700<\/td>\n<\/tr>\n<\/tbody>\n<\/table>\n<!-- #tablepress-18 from cache --><\/div>\n<\/div>\n<div><\/div>\n<div class=\"woocb\"><a class=\"wocb\" href=\"http:\/\/www.beiaole.com\/wp-content\/uploads\/2025\/08\/d2.2.1.pdf\" target=\"_blank\" rel=\"noopener\">formieren<\/a><\/div>\n<div><\/div>\n<p><img loading=\"lazy\" decoding=\"async\" class=\"aligncenter wp-image-15965 size-large\" src=\"http:\/\/www.beiaole.com\/wp-content\/uploads\/2025\/08\/s2.2-1024x679.png\" alt=\"Cabinet Fan With IP55 Motor-size\" width=\"1024\" height=\"679\" data-no-translation=\"\" \/><br \/>\nLeistung:<\/p>\n<div class=\"scroll-table-wrapper\">\n<div class=\"scroll-table\">\n<table id=\"tablepress-19\" class=\"tablepress tablepress-id-19\">\n<thead>\n<tr class=\"row-1\">\n\t<th class=\"column-1\">modellieren<\/th><th class=\"column-2\">Spannung(V)<\/th><th class=\"column-3\">Frequenz (Hz)<\/th><th class=\"column-4\">Geschwindigkeit (U\/min)<\/th><th class=\"column-5\">Leistung (W)<\/th><th class=\"column-6\">Luftstrom (m\u00b3\/h)<\/th><th class=\"column-7\">statischer Druck (PA)<\/th><th class=\"column-8\">L\u00e4rm (db)<\/th><th class=\"column-9\">N.M (kg)<\/th>\n<\/tr>\n<\/thead>\n<tbody class=\"row-striping row-hover\">\n<tr class=\"row-2\">\n\t<td class=\"column-1\">ktj23-20d<\/td><td class=\"column-2\">220<\/td><td class=\"column-3\">50<\/td><td class=\"column-4\">1350<\/td><td class=\"column-5\">250<\/td><td class=\"column-6\">2000<\/td><td class=\"column-7\">400<\/td><td class=\"column-8\">55<\/td><td class=\"column-9\">26<\/td>\n<\/tr>\n<tr class=\"row-3\">\n\t<td class=\"column-1\">ktj23-26d<\/td><td class=\"column-2\">220<\/td><td class=\"column-3\">50<\/td><td class=\"column-4\">1350<\/td><td class=\"column-5\">370<\/td><td class=\"column-6\">2600<\/td><td class=\"column-7\">420<\/td><td class=\"column-8\">56<\/td><td class=\"column-9\">27<\/td>\n<\/tr>\n<tr class=\"row-4\">\n\t<td class=\"column-1\">ktj23-31d<\/td><td class=\"column-2\">220<\/td><td class=\"column-3\">50<\/td><td class=\"column-4\">1350<\/td><td class=\"column-5\">550<\/td><td class=\"column-6\">3100<\/td><td class=\"column-7\">440<\/td><td class=\"column-8\">61<\/td><td class=\"column-9\">33<\/td>\n<\/tr>\n<tr class=\"row-5\">\n\t<td class=\"column-1\">ktj23-41d<\/td><td class=\"column-2\">220<\/td><td class=\"column-3\">50<\/td><td class=\"column-4\">1350<\/td><td class=\"column-5\">750<\/td><td class=\"column-6\">4100<\/td><td class=\"column-7\">460<\/td><td class=\"column-8\">65<\/td><td class=\"column-9\">34<\/td>\n<\/tr>\n<tr class=\"row-6\">\n\t<td class=\"column-1\">ktj23-20<\/td><td class=\"column-2\">380<\/td><td class=\"column-3\">50<\/td><td class=\"column-4\">1350<\/td><td class=\"column-5\">250<\/td><td class=\"column-6\">2000<\/td><td class=\"column-7\">400<\/td><td class=\"column-8\">55<\/td><td class=\"column-9\">25.5<\/td>\n<\/tr>\n<tr class=\"row-7\">\n\t<td class=\"column-1\">ktj23-26<\/td><td class=\"column-2\">380<\/td><td class=\"column-3\">50<\/td><td class=\"column-4\">1350<\/td><td class=\"column-5\">370<\/td><td class=\"column-6\">2600<\/td><td class=\"column-7\">420<\/td><td class=\"column-8\">56<\/td><td class=\"column-9\">26<\/td>\n<\/tr>\n<tr class=\"row-8\">\n\t<td class=\"column-1\">ktj23-31<\/td><td class=\"column-2\">380<\/td><td class=\"column-3\">50<\/td><td class=\"column-4\">1350<\/td><td class=\"column-5\">550<\/td><td class=\"column-6\">3100<\/td><td class=\"column-7\">440<\/td><td class=\"column-8\">61<\/td><td class=\"column-9\">33<\/td>\n<\/tr>\n<tr class=\"row-9\">\n\t<td class=\"column-1\">ktj23-41<\/td><td class=\"column-2\">380<\/td><td class=\"column-3\">50<\/td><td class=\"column-4\">1350<\/td><td class=\"column-5\">750<\/td><td class=\"column-6\">4100<\/td><td class=\"column-7\">460<\/td><td class=\"column-8\">65<\/td><td class=\"column-9\">34<\/td>\n<\/tr>\n<tr class=\"row-10\">\n\t<td class=\"column-1\">ktj28-51<\/td><td class=\"column-2\">380<\/td><td class=\"column-3\">50<\/td><td class=\"column-4\">940<\/td><td class=\"column-5\">750<\/td><td class=\"column-6\">5100<\/td><td class=\"column-7\">400<\/td><td class=\"column-8\">67<\/td><td class=\"column-9\">58.5<\/td>\n<\/tr>\n<tr class=\"row-11\">\n\t<td class=\"column-1\">ktj28-61<\/td><td class=\"column-2\">380<\/td><td class=\"column-3\">50<\/td><td class=\"column-4\">940<\/td><td class=\"column-5\">1100<\/td><td class=\"column-6\">6100<\/td><td class=\"column-7\">420<\/td><td class=\"column-8\">68<\/td><td class=\"column-9\">66<\/td>\n<\/tr>\n<tr class=\"row-12\">\n\t<td class=\"column-1\">ktj31-71<\/td><td class=\"column-2\">380<\/td><td class=\"column-3\">50<\/td><td class=\"column-4\">940<\/td><td class=\"column-5\">1500<\/td><td class=\"column-6\">7100<\/td><td class=\"column-7\">440<\/td><td class=\"column-8\">69<\/td><td class=\"column-9\">70<\/td>\n<\/tr>\n<tr class=\"row-13\">\n\t<td class=\"column-1\">ktj31-81<\/td><td class=\"column-2\">380<\/td><td class=\"column-3\">50<\/td><td class=\"column-4\">940<\/td><td class=\"column-5\">1500<\/td><td class=\"column-6\">8100<\/td><td class=\"column-7\">461<\/td><td class=\"column-8\">70<\/td><td class=\"column-9\">72<\/td>\n<\/tr>\n<tr class=\"row-14\">\n\t<td class=\"column-1\">KTJ35-100<\/td><td class=\"column-2\">380<\/td><td class=\"column-3\">50<\/td><td class=\"column-4\">940<\/td><td class=\"column-5\">2200<\/td><td class=\"column-6\">10000<\/td><td class=\"column-7\">551<\/td><td class=\"column-8\">71<\/td><td class=\"column-9\">84.5<\/td>\n<\/tr>\n<tr class=\"row-15\">\n\t<td class=\"column-1\">KTJ35-120<\/td><td class=\"column-2\">380<\/td><td class=\"column-3\">50<\/td><td class=\"column-4\">940<\/td><td class=\"column-5\">2500<\/td><td class=\"column-6\">12000<\/td><td class=\"column-7\">591<\/td><td class=\"column-8\">72<\/td><td class=\"column-9\">86.5<\/td>\n<\/tr>\n<tr class=\"row-16\">\n\t<td class=\"column-1\">KTJ40-150<\/td><td class=\"column-2\">380<\/td><td class=\"column-3\">50<\/td><td class=\"column-4\">940<\/td><td class=\"column-5\">3000<\/td><td class=\"column-6\">15000<\/td><td class=\"column-7\">700<\/td><td class=\"column-8\">75<\/td><td class=\"column-9\">111<\/td>\n<\/tr>\n<tr class=\"row-17\">\n\t<td class=\"column-1\">KTJ40-200<\/td><td class=\"column-2\">380<\/td><td class=\"column-3\">50<\/td><td class=\"column-4\">940<\/td><td class=\"column-5\">5000<\/td><td class=\"column-6\">20000<\/td><td class=\"column-7\">725<\/td><td class=\"column-8\">77<\/td><td class=\"column-9\">128<\/td>\n<\/tr>\n<\/tbody>\n<\/table>\n<!-- #tablepress-19 from cache --><\/div>\n<\/div>\n<div><\/div>\n<div class=\"woocb\"><a class=\"wocb\" href=\"http:\/\/www.beiaole.com\/wp-content\/uploads\/2025\/08\/d2.2.2.pdf\" target=\"_blank\" rel=\"noopener\">formieren<\/a><\/div>\n<div><\/div>\n<p><img loading=\"lazy\" decoding=\"async\" class=\"aligncenter wp-image-17237 size-large\" src=\"http:\/\/www.beiaole.com\/wp-content\/uploads\/2025\/08\/x2.2-1024x312.jpg\" alt=\"Cabinet Fan With IP55 Motor-q1\" width=\"1024\" height=\"312\" data-no-translation=\"\" \/><\/p>","protected":false},"excerpt":{"rendered":"<ul>\n<li>\n<h2>IP55\u202fSchutz:<\/h2>\n<p>\u00a0Gedichtetes Aluminiumgeh\u00e4use blockiert Staub und Feuchtigkeit f\u00fcr zuverl\u00e4ssige Leistung unter harten Bedingungen.<\/li>\n<li>\n<h2>Kupfer-Kern-Motor:<\/h2>\n<p>\u00a0Energieeffizienter Motor mit Kugellagern sorgt f\u00fcr leisen, langlebigen und stabilen Betrieb.<\/li>\n<li>\n<h2>Starke Ausgang:<\/h2>\n<p>\u00a0Luftstrom\u202fvon 2.000 \u202f20.000 \u202fm\u00b3\/h\u202fmit \u202fstatischer Druck\u202f-UP\u202f bis \u202f725 \u202fPa.<\/li>\n<li>\n<h2>ALL\u2011Metall\u202fBau:<\/h2>\n<p>\u00a0Hochwertige Stahl\u202fund\u202fAluminium\u202fBauen\u202fBau\u202fKorrosion\u202fund \u202fVibration\u202fW\u00e4hrend\u202fKontinuierlicher \u202fUse.<\/li>\n<li>\n<h2>Geringe Rausch-, \u202fHohe\u202fPerformance:<\/h2>\n<p>\u202fBetween \u202f55\u202fund\u202f77\u202fdb, \u202fausgleichen\u202fPower\u202fund\u202fKomfort\u202fF\u00fcr \u202fRuhe-R\u00e4ume.<\/li>\n<li>\n<h2>Einfache Wartung:<\/h2>\n<p>\u202fZugangsf\u00e4hige Inspektion \u202fPorts \u202fSchnelldienst zulassen; \u202fNo\u202fVolle \u202fTeardown\u202fErforderlich.<\/li>\n<li>\n<h2>Stabiler Lauf:<\/h2>\n<p>\u202f \u202f \u202f \u202f design unterst\u00fctzt \u202f stabile \u202f luftstr\u00f6mung \u202f und \u202f lang\u202f \u202f \u202f \u202f LEBEN.<\/li>\n<\/ul>\n<hr \/>","protected":false},"featured_media":4697,"comment_status":"open","ping_status":"closed","template":"","meta":{"_acf_changed":false},"product_brand":[],"product_cat":[66],"product_tag":[],"class_list":{"0":"post-4668","1":"product","2":"type-product","3":"status-publish","4":"has-post-thumbnail","6":"product_cat-cabinet-fan","8":"first","9":"instock","10":"taxable","11":"shipping-taxable","12":"purchasable","13":"product-type-variable","14":"has-default-attributes"},"acf":[],"_links":{"self":[{"href":"https:\/\/www.ecvents.com\/de\/wp-json\/wp\/v2\/product\/4668","targetHints":{"allow":["GET"]}}],"collection":[{"href":"https:\/\/www.ecvents.com\/de\/wp-json\/wp\/v2\/product"}],"about":[{"href":"https:\/\/www.ecvents.com\/de\/wp-json\/wp\/v2\/types\/product"}],"replies":[{"embeddable":true,"href":"https:\/\/www.ecvents.com\/de\/wp-json\/wp\/v2\/comments?post=4668"}],"wp:featuredmedia":[{"embeddable":true,"href":"https:\/\/www.ecvents.com\/de\/wp-json\/wp\/v2\/media\/4697"}],"wp:attachment":[{"href":"https:\/\/www.ecvents.com\/de\/wp-json\/wp\/v2\/media?parent=4668"}],"wp:term":[{"taxonomy":"product_brand","embeddable":true,"href":"https:\/\/www.ecvents.com\/de\/wp-json\/wp\/v2\/product_brand?post=4668"},{"taxonomy":"product_cat","embeddable":true,"href":"https:\/\/www.ecvents.com\/de\/wp-json\/wp\/v2\/product_cat?post=4668"},{"taxonomy":"product_tag","embeddable":true,"href":"https:\/\/www.ecvents.com\/de\/wp-json\/wp\/v2\/product_tag?post=4668"}],"curies":[{"name":"WP","href":"https:\/\/api.w.org\/{rel}","templated":true}]}}