{"id":4687,"date":"2026-03-19T06:02:42","date_gmt":"2026-03-19T11:02:42","guid":{"rendered":"https:\/\/www.ecvents.com\/?post_type=product&#038;p=4687"},"modified":"2026-03-19T06:03:04","modified_gmt":"2026-03-19T11:03:04","slug":"kommerzielle-frischluftventilator","status":"publish","type":"product","link":"https:\/\/www.ecvents.com\/de\/product\/kommerzielle-frischluftventilator\/","title":{"rendered":"Kommerzielle Frischluftventilator"},"content":{"rendered":"<div class=\"someee\">\n<h2>Saubere Luft.\u202f Ruhige Balance.\u202f Gebaut f\u00fcr \u202f kontinuierliche \u202f \u202f ventilation.<\/h2>\n<p>der\u00a0<strong>Kommerzielle Frischluftventilator<\/strong>\u00a0Ist so konzipiert, dass die Raumluft leiser wird - frischer, sauberer und komfortabler, so wie es sein sollte. Es bringt frische Luft, w\u00e4hrend es abgestandene Luft aussendet und die Atmosph\u00e4re des Raums ausbalanciert, ohne die Aufmerksamkeit auf sich zu lenken.<\/p>\n<p>Im Kern ist ein\u00a0<strong>All\u2011Kupfer Energiesparmotor<\/strong>\u00a0Gepaart mit hochwertigen Kugellagern f\u00fcr eine stabile und effiziente Leistung. Schrank und Luftkanal sind in einem\u00a0<strong>einzelne stromlinienf\u00f6rmige Struktur<\/strong>, , Luftstrom reibungslos und Betrieb fl\u00fcstern und gleichzeitig den Energieverbrauch senken.<\/p>\n<p>Das Ganzmetallgeh\u00e4use bietet die solide Zuverl\u00e4ssigkeit, die jedes kommerzielle System ben\u00f6tigt. gebildet aus\u00a0<strong>Edelstahl<\/strong>, Es widersteht Rost, Vibration und Verformung - ideal f\u00fcr B\u00fcros, Restaurants, Fitnessstudios oder Besprechungsr\u00e4ume, in denen die Bel\u00fcftung den ganzen Tag \u00fcber ruhig und leise laufen muss.<\/p>\n<p>dessen\u00a0<strong>Unabh\u00e4ngige Zu- und Abgaskan\u00e4le<\/strong>\u00a0stelle es auseinander. Frische Au\u00dfenluft str\u00f6mt ein, w\u00e4hrend gleichzeitig abgestandene Innenluft absaugt. Das Ergebnis ist eine ausgewogene, komfortable Umgebung ohne verstopfte Taschen oder ungleichm\u00e4\u00dfige Temperaturen \u2013 nur eine gleichm\u00e4\u00dfige Brise frischer, komfortabler Luft.<\/p>\n<\/div>\n<hr \/>\n<p>Abmessungen (Einheit: mm):<\/p>\n<div class=\"scroll-table-wrapper\">\n<div class=\"scroll-table\">\n<table id=\"tablepress-11\" class=\"tablepress tablepress-id-11\">\n<thead>\n<tr class=\"row-1\">\n\t<th class=\"column-1\">modellieren<\/th><th class=\"column-2\">L<\/th><th class=\"column-3\">l1<\/th><th class=\"column-4\">W<\/th><th class=\"column-5\">W1<\/th><th class=\"column-6\">H<\/th><th class=\"column-7\">h1<\/th><th class=\"column-8\">D<\/th><th class=\"column-9\">G<\/th>\n<\/tr>\n<\/thead>\n<tbody class=\"row-striping row-hover\">\n<tr class=\"row-2\">\n\t<td class=\"column-1\">dut20-66<\/td><td class=\"column-2\">869<\/td><td class=\"column-3\">731<\/td><td class=\"column-4\">795<\/td><td class=\"column-5\">698<\/td><td class=\"column-6\">365<\/td><td class=\"column-7\">17<\/td><td class=\"column-8\">400<\/td><td class=\"column-9\">\u03c6200<\/td>\n<\/tr>\n<tr class=\"row-3\">\n\t<td class=\"column-1\">dut25-76<\/td><td class=\"column-2\">869<\/td><td class=\"column-3\">731<\/td><td class=\"column-4\">795<\/td><td class=\"column-5\">698<\/td><td class=\"column-6\">365<\/td><td class=\"column-7\">17<\/td><td class=\"column-8\">400<\/td><td class=\"column-9\">\u03c6250<\/td>\n<\/tr>\n<\/tbody>\n<\/table>\n<!-- #tablepress-11 from cache --><\/div>\n<\/div>\n<div><\/div>\n<div class=\"woocb\"><a class=\"wocb\" href=\"http:\/\/www.beiaole.com\/wp-content\/uploads\/2025\/08\/d1.6.1.pdf\" target=\"_blank\" rel=\"noopener\">formieren<\/a><\/div>\n<div><\/div>\n<p><img loading=\"lazy\" decoding=\"async\" class=\"aligncenter wp-image-15778 size-large\" src=\"http:\/\/www.beiaole.com\/wp-content\/uploads\/2025\/08\/s1.6.1-1024x308.png\" alt=\"Commercial Fresh Air Ventilator-size1\" width=\"1024\" height=\"308\" data-no-translation=\"\" \/><br \/>\nAbmessungen (Einheit: mm):<\/p>\n<div class=\"scroll-table-wrapper\">\n<div class=\"scroll-table\">\n<table id=\"tablepress-12\" class=\"tablepress tablepress-id-12\">\n<thead>\n<tr class=\"row-1\">\n\t<th class=\"column-1\">modellieren<\/th><th class=\"column-2\">L<\/th><th class=\"column-3\">l1<\/th><th class=\"column-4\">l2<\/th><th class=\"column-5\">W<\/th><th class=\"column-6\">W1<\/th><th class=\"column-7\">H<\/th><th class=\"column-8\">h1<\/th><th class=\"column-9\">D<\/th><th class=\"column-10\">C<\/th><th class=\"column-11\">F<\/th><th class=\"column-12\"> MXN (Lufteinlass \/ Auslassgr\u00f6\u00dfe)<\/th>\n<\/tr>\n<\/thead>\n<tbody class=\"row-striping row-hover\">\n<tr class=\"row-2\">\n\t<td class=\"column-1\">DUT25-3000F<\/td><td class=\"column-2\">1000<\/td><td class=\"column-3\">1050<\/td><td class=\"column-4\">897<\/td><td class=\"column-5\">580<\/td><td class=\"column-6\">621<\/td><td class=\"column-7\">376<\/td><td class=\"column-8\">17<\/td><td class=\"column-9\">500<\/td><td class=\"column-10\">85<\/td><td class=\"column-11\">25<\/td><td class=\"column-12\">270x270<\/td>\n<\/tr>\n<tr class=\"row-3\">\n\t<td class=\"column-1\">DUT25-4000F<\/td><td class=\"column-2\">1000<\/td><td class=\"column-3\">1050<\/td><td class=\"column-4\">897<\/td><td class=\"column-5\">580<\/td><td class=\"column-6\">621<\/td><td class=\"column-7\">376<\/td><td class=\"column-8\">17<\/td><td class=\"column-9\">500<\/td><td class=\"column-10\">85<\/td><td class=\"column-11\">25<\/td><td class=\"column-12\">270x270<\/td>\n<\/tr>\n<\/tbody>\n<\/table>\n<!-- #tablepress-12 from cache --><\/div>\n<\/div>\n<div><\/div>\n<div class=\"woocb\"><a class=\"wocb\" href=\"http:\/\/www.beiaole.com\/wp-content\/uploads\/2025\/08\/d1.6.2.pdf\" target=\"_blank\" rel=\"noopener\">formieren<\/a><\/div>\n<div><\/div>\n<p><img loading=\"lazy\" decoding=\"async\" class=\"aligncenter wp-image-15779 size-large\" src=\"http:\/\/www.beiaole.com\/wp-content\/uploads\/2025\/08\/s1.6.2-1024x290.png\" alt=\"Commercial Fresh Air Ventilator-size2\" width=\"1024\" height=\"290\" data-no-translation=\"\" \/><br \/>\nLeistung:<\/p>\n<div class=\"scroll-table-wrapper\">\n<div class=\"scroll-table\">\n<table id=\"tablepress-13\" class=\"tablepress tablepress-id-13\">\n<thead>\n<tr class=\"row-1\">\n\t<th class=\"column-1\">modellieren<\/th><th class=\"column-2\">Spannung(V)<\/th><th class=\"column-3\">Frequenz (Hz)<\/th><th class=\"column-4\">ausrichten<\/th><th class=\"column-5\">Leistung (W)<\/th><th class=\"column-6\">Luftstrom (m\u00b3\/h)<\/th><th class=\"column-7\">statischer Druck (PA)<\/th><th class=\"column-8\">L\u00e4rm (db)<\/th><th class=\"column-9\">Kanalgr\u00f6\u00dfe (mm)<\/th><th class=\"column-10\">Anwendungsgebiet(m\u00b2)<\/th><th class=\"column-11\">N.M (kg)<\/th>\n<\/tr>\n<\/thead>\n<tbody class=\"row-striping row-hover\">\n<tr class=\"row-2\">\n\t<td class=\"column-1\">dut20-66<\/td><td class=\"column-2\">220<\/td><td class=\"column-3\">50<\/td><td class=\"column-4\">h \/ l<\/td><td class=\"column-5\">500\/435<\/td><td class=\"column-6\">1500\/1200<\/td><td class=\"column-7\">350\/320<\/td><td class=\"column-8\">50\/45<\/td><td class=\"column-9\">\u03c6200<\/td><td class=\"column-10\">250-500<\/td><td class=\"column-11\">39<\/td>\n<\/tr>\n<tr class=\"row-3\">\n\t<td class=\"column-1\">dut25-76<\/td><td class=\"column-2\">220<\/td><td class=\"column-3\">50<\/td><td class=\"column-4\">h \/ l<\/td><td class=\"column-5\">565\/450<\/td><td class=\"column-6\">2000\/1700<\/td><td class=\"column-7\">370\/340<\/td><td class=\"column-8\">53\/50<\/td><td class=\"column-9\">\u03c6250<\/td><td class=\"column-10\">330-660<\/td><td class=\"column-11\">39<\/td>\n<\/tr>\n<tr class=\"row-4\">\n\t<td class=\"column-1\">DUT25-3000F<\/td><td class=\"column-2\">220<\/td><td class=\"column-3\">50<\/td><td class=\"column-4\">h \/ l<\/td><td class=\"column-5\">722\/665<\/td><td class=\"column-6\">3000\/2600<\/td><td class=\"column-7\">410\/385<\/td><td class=\"column-8\">60\/55<\/td><td class=\"column-9\">\/<\/td><td class=\"column-10\">\/<\/td><td class=\"column-11\">52<\/td>\n<\/tr>\n<tr class=\"row-5\">\n\t<td class=\"column-1\">DUT25-4000F<\/td><td class=\"column-2\">220<\/td><td class=\"column-3\">50<\/td><td class=\"column-4\">h \/ l<\/td><td class=\"column-5\">752\/695<\/td><td class=\"column-6\">4000\/3600<\/td><td class=\"column-7\">445\/390<\/td><td class=\"column-8\">62\/60<\/td><td class=\"column-9\">\/<\/td><td class=\"column-10\">\/<\/td><td class=\"column-11\">55<\/td>\n<\/tr>\n<\/tbody>\n<\/table>\n<!-- #tablepress-13 from cache --><\/div>\n<\/div>\n<div><\/div>\n<div class=\"woocb\"><a class=\"wocb\" href=\"http:\/\/www.beiaole.com\/wp-content\/uploads\/2025\/08\/d1.6.3.pdf\" target=\"_blank\" rel=\"noopener\">formieren<\/a><\/div>\n<div><\/div>","protected":false},"excerpt":{"rendered":"<ul>\n<li>\n<h2>Doppel-Versorgung und Abgasanlage:<\/h2>\n<p>\u00a0Liefert gleichzeitig Frischluft und entfernt abgestandene Luft f\u00fcr eine ausgeglichene Bel\u00fcftung.<\/li>\n<li>\n<h2>Energiesparender Kupfermotor:<\/h2>\n<p>\u00a0All\u2011Kupferkern mit Kugellagern f\u00fcr leise, effiziente und langlebige Bedienung.<\/li>\n<li>\n<h2>Integriertes Schrank- und Kanaldesign:<\/h2>\n<p>\u00a0Einteilige aerodynamische Struktur reduziert Vibration und Luftwiderstand f\u00fcr einen gleichm\u00e4\u00dfigen Durchfluss.<\/li>\n<li>\n<h2>Langlebige Ganzmetallkonstruktion:<\/h2>\n<p>\u00a0Das Geh\u00e4use aus Edelstahlblech widersteht Korrosion und Sto\u00df f\u00fcr Dauerbetrieb.<\/li>\n<li>\n<h2>leise Leistung:<\/h2>\n<p>\u00a0Ger\u00e4uschpegel von 45 bis 62 \u202f db sorgen f\u00fcr komfortabel und ablenkungsfrei.<\/li>\n<li>\n<h2>Leistungsstarke Luftstrom-Reichweite:<\/h2>\n<p>\u00a0Luftvolumen von 1.200 bis 4.000 \u202fm\u00b3\/h mit statischem Druck bis 445\u202fPa f\u00fcr mittel- bis \u202fbreite R\u00e4ume.<\/li>\n<li>\n<h2>Geringer Energieverbrauch:<\/h2>\n<p>\u00a0Effizientes Motordesign liefert hohe Leistung ohne Abfall.<\/li>\n<li>\n<h2>Einfache Wartung:<\/h2>\n<p>\u00a0Kompaktes Aufbau und zug\u00e4ngliches Layout machen die Installation und Wartung einfach.<\/li>\n<\/ul>\n<hr \/>","protected":false},"featured_media":4698,"comment_status":"open","ping_status":"closed","template":"","meta":{"_acf_changed":false},"product_brand":[],"product_cat":[71],"product_tag":[],"class_list":{"0":"post-4687","1":"product","2":"type-product","3":"status-publish","4":"has-post-thumbnail","6":"product_cat-energy-recovery-ventilator-2","8":"first","9":"outofstock","10":"taxable","11":"shipping-taxable","12":"purchasable","13":"product-type-variable"},"acf":[],"_links":{"self":[{"href":"https:\/\/www.ecvents.com\/de\/wp-json\/wp\/v2\/product\/4687","targetHints":{"allow":["GET"]}}],"collection":[{"href":"https:\/\/www.ecvents.com\/de\/wp-json\/wp\/v2\/product"}],"about":[{"href":"https:\/\/www.ecvents.com\/de\/wp-json\/wp\/v2\/types\/product"}],"replies":[{"embeddable":true,"href":"https:\/\/www.ecvents.com\/de\/wp-json\/wp\/v2\/comments?post=4687"}],"wp:featuredmedia":[{"embeddable":true,"href":"https:\/\/www.ecvents.com\/de\/wp-json\/wp\/v2\/media\/4698"}],"wp:attachment":[{"href":"https:\/\/www.ecvents.com\/de\/wp-json\/wp\/v2\/media?parent=4687"}],"wp:term":[{"taxonomy":"product_brand","embeddable":true,"href":"https:\/\/www.ecvents.com\/de\/wp-json\/wp\/v2\/product_brand?post=4687"},{"taxonomy":"product_cat","embeddable":true,"href":"https:\/\/www.ecvents.com\/de\/wp-json\/wp\/v2\/product_cat?post=4687"},{"taxonomy":"product_tag","embeddable":true,"href":"https:\/\/www.ecvents.com\/de\/wp-json\/wp\/v2\/product_tag?post=4687"}],"curies":[{"name":"WP","href":"https:\/\/api.w.org\/{rel}","templated":true}]}}