{"id":4692,"date":"2026-03-19T06:02:43","date_gmt":"2026-03-19T11:02:43","guid":{"rendered":"https:\/\/www.ecvents.com\/?post_type=product&#038;p=4692"},"modified":"2026-03-19T06:04:03","modified_gmt":"2026-03-19T11:04:03","slug":"ktj-schrankventilator-serie","status":"publish","type":"product","link":"https:\/\/www.ecvents.com\/de\/product\/ktj-schrankventilator-serie\/","title":{"rendered":"KTJ-Schrankventilator-Serie"},"content":{"rendered":"<div class=\"someee\">\n<h2><strong>saubere Luft. leiser Wirkungsgrad. Gebaut f\u00fcr kontinuierliche Bel\u00fcftung.<\/strong><\/h2>\n<p>der\u00a0<strong>ktj\u202fSchr\u00e4nke\u202fFan\u202fSerie<\/strong>\u00a0ist speziell f\u00fcr R\u00e4ume gebaut, die einen zuverl\u00e4ssigen, gleichm\u00e4\u00dfigen Luftstrom ohne zus\u00e4tzliche Ger\u00e4usche oder Komplexit\u00e4t ben\u00f6tigen. Kompakt, langlebig und effizient, sorgt es daf\u00fcr, dass die Luft in B\u00fcros, Werkst\u00e4tten, Lagerh\u00e4usern und Industrieanlagen, in denen eine ununterbrochene Bel\u00fcftung wirklich wichtig ist, reibungslos im Umlauf ist.<\/p>\n<p>Im Zentrum jeder Einheit steht ein\u00a0<strong>All\u2011Kupfer\u202fEnergiesparender\u202fMotor<\/strong>\u00a0unterst\u00fctzt von\u00a0<strong>Hochwertige Kugellager<\/strong>, , dauere Lebensdauer, stabilen Betrieb und fl\u00fcsterleise Leistung. Der Schrank und der Luftkanal sind in einer einzigen stromlinienf\u00f6rmigen Struktur integriert, die einen stabilen Druck und einen gleichm\u00e4\u00dfigen Luftstrom bietet und gleichzeitig Vibrationen und mechanisches Ger\u00e4usch minimiert.<\/p>\n<p>Jeder L\u00fcfter der Serie ist mit einem\u00a0<strong>Eingebautes Filtersystem<\/strong>\u00a0Staub, Ger\u00fcche und Luftpartikel vor dem Umlauf der Luft einzufangen, um die Umgebung sauberer und komfortabler zu halten. Es ist eine einfache, integrierte L\u00f6sung f\u00fcr die Aufrechterhaltung der frischen, ausgewogenen Luftqualit\u00e4t unter anspruchsvollen Bedingungen.<\/p>\n<p>der\u00a0<strong>ktj\u202fSchr\u00e4nke\u202fFan\u202fSerie<\/strong>\u00a0ist ebenso vielseitig wie robust. mit Luftstromkapazit\u00e4ten ab\u00a0<strong>2.000\u202f bis 6,100\u202fm\u00b3\/h<\/strong>, Diese Ventilatoren k\u00f6nnen Umgebungen in jeder Gr\u00f6\u00dfenordnung verarbeiten - von kleinen B\u00fcros oder Serverr\u00e4umen bis hin zu gro\u00dfen Fabrikhallen. Das kompakte Design jeder Einheit erm\u00f6glicht eine einfache Installation auf engstem Raum und eingebaut\u00a0<strong>Inspektionsports<\/strong>\u00a0Machen Sie den Filterzugriff und die Wartung m\u00fchelos - \u202f Keine Demontage erforderlich.<\/p>\n<p>Die KTJ-Schr\u00e4nke \u202fFan\u202f-Serien sind leise, stark und langlebig. Sie werden mehr als Luft bewegen - es reinigt, balanciert und sch\u00fctzt Ihr Raumklima zuverl\u00e4ssig.<\/p>\n<\/div>\n<hr \/>\n<p>Abmessungen (Einheit: mm):<\/p>\n<div class=\"scroll-table-wrapper\">\n<div class=\"scroll-table\">\n<table id=\"tablepress-20\" class=\"tablepress tablepress-id-20\">\n<thead>\n<tr class=\"row-1\">\n\t<th class=\"column-1\">modellieren<\/th><th class=\"column-2\">L<\/th><th class=\"column-3\">l1<\/th><th class=\"column-4\">W<\/th><th class=\"column-5\">W1<\/th><th class=\"column-6\">H<\/th><th class=\"column-7\">h1<\/th><th class=\"column-8\">d1<\/th><th class=\"column-9\">F<\/th><th class=\"column-10\">Luftauslassgr\u00f6\u00dfe<br \/>\n(AXB)<\/th><th class=\"column-11\">Lufteinlassgr\u00f6\u00dfe<br \/>\n(CxD)<\/th>\n<\/tr>\n<\/thead>\n<tbody class=\"row-striping row-hover\">\n<tr class=\"row-2\">\n\t<td class=\"column-1\">ktj22-20dg<\/td><td class=\"column-2\">719<\/td><td class=\"column-3\">452<\/td><td class=\"column-4\">490<\/td><td class=\"column-5\">530<\/td><td class=\"column-6\">372<\/td><td class=\"column-7\">36<\/td><td class=\"column-8\">50<\/td><td class=\"column-9\">25<\/td><td class=\"column-10\">270x265<\/td><td class=\"column-11\">430x312<\/td>\n<\/tr>\n<tr class=\"row-3\">\n\t<td class=\"column-1\">ktj23-31dg<\/td><td class=\"column-2\">753<\/td><td class=\"column-3\">524<\/td><td class=\"column-4\">592<\/td><td class=\"column-5\">632<\/td><td class=\"column-6\">440<\/td><td class=\"column-7\">36<\/td><td class=\"column-8\">50<\/td><td class=\"column-9\">25<\/td><td class=\"column-10\">335 \u00d7 320<\/td><td class=\"column-11\">550x380<\/td>\n<\/tr>\n<tr class=\"row-4\">\n\t<td class=\"column-1\">ktj23-41dg<\/td><td class=\"column-2\">753<\/td><td class=\"column-3\">524<\/td><td class=\"column-4\">592<\/td><td class=\"column-5\">632<\/td><td class=\"column-6\">440<\/td><td class=\"column-7\">36<\/td><td class=\"column-8\">50<\/td><td class=\"column-9\">25<\/td><td class=\"column-10\">335x320<\/td><td class=\"column-11\">550x380<\/td>\n<\/tr>\n<tr class=\"row-5\">\n\t<td class=\"column-1\">ktj22-20g<\/td><td class=\"column-2\">719<\/td><td class=\"column-3\">452<\/td><td class=\"column-4\">490<\/td><td class=\"column-5\">530<\/td><td class=\"column-6\">372<\/td><td class=\"column-7\">36<\/td><td class=\"column-8\">50<\/td><td class=\"column-9\">25<\/td><td class=\"column-10\">270x265<\/td><td class=\"column-11\">430x312<\/td>\n<\/tr>\n<tr class=\"row-6\">\n\t<td class=\"column-1\">ktj23-31g<\/td><td class=\"column-2\">753<\/td><td class=\"column-3\">524<\/td><td class=\"column-4\">592<\/td><td class=\"column-5\">632<\/td><td class=\"column-6\">440<\/td><td class=\"column-7\">36<\/td><td class=\"column-8\">50<\/td><td class=\"column-9\">25<\/td><td class=\"column-10\">335x320<\/td><td class=\"column-11\">550x380<\/td>\n<\/tr>\n<tr class=\"row-7\">\n\t<td class=\"column-1\">ktj23-41g<\/td><td class=\"column-2\">753<\/td><td class=\"column-3\">524<\/td><td class=\"column-4\">592<\/td><td class=\"column-5\">632<\/td><td class=\"column-6\">440<\/td><td class=\"column-7\">36<\/td><td class=\"column-8\">50<\/td><td class=\"column-9\">25<\/td><td class=\"column-10\">335x320<\/td><td class=\"column-11\">550x380<\/td>\n<\/tr>\n<tr class=\"row-8\">\n\t<td class=\"column-1\">ktj28-51g<\/td><td class=\"column-2\">869<\/td><td class=\"column-3\">568<\/td><td class=\"column-4\">700<\/td><td class=\"column-5\">743<\/td><td class=\"column-6\">535<\/td><td class=\"column-7\">35<\/td><td class=\"column-8\">50<\/td><td class=\"column-9\">25<\/td><td class=\"column-10\">410x358<\/td><td class=\"column-11\">640x465<\/td>\n<\/tr>\n<tr class=\"row-9\">\n\t<td class=\"column-1\">ktj28-61g<\/td><td class=\"column-2\">929<\/td><td class=\"column-3\">628<\/td><td class=\"column-4\">740<\/td><td class=\"column-5\">783<\/td><td class=\"column-6\">600<\/td><td class=\"column-7\">35<\/td><td class=\"column-8\">50<\/td><td class=\"column-9\">25<\/td><td class=\"column-10\">400x460<\/td><td class=\"column-11\">550x460<\/td>\n<\/tr>\n<\/tbody>\n<\/table>\n<!-- #tablepress-20 from cache --><\/div>\n<\/div>\n<div><\/div>\n<div class=\"woocb\"><a class=\"wocb\" href=\"http:\/\/www.beiaole.com\/wp-content\/uploads\/2025\/08\/d2.3.1.pdf\" target=\"_blank\" rel=\"noopener\">formieren<\/a><\/div>\n<div><\/div>\n<p><img loading=\"lazy\" decoding=\"async\" class=\"aligncenter wp-image-15995 size-large\" src=\"http:\/\/www.beiaole.com\/wp-content\/uploads\/2025\/08\/s2.3-1024x695.png\" alt=\"KTJ Cabinet Fan Series-size\" width=\"1024\" height=\"695\" data-no-translation=\"\" \/><br \/>\nLeistung:<\/p>\n<div class=\"scroll-table-wrapper\">\n<div class=\"scroll-table\">\n<table id=\"tablepress-21\" class=\"tablepress tablepress-id-21\">\n<thead>\n<tr class=\"row-1\">\n\t<th class=\"column-1\">modellieren<\/th><th class=\"column-2\">Spannung(V)<\/th><th class=\"column-3\">Frequenz (Hz)<\/th><th class=\"column-4\">Leistung (W)<\/th><th class=\"column-5\">Luftstrom (m\u00b3\/h)<\/th><th class=\"column-6\">statischer Druck (PA)<\/th><th class=\"column-7\">Geschwindigkeit (U\/min)<\/th><th class=\"column-8\">L\u00e4rm (db)<\/th><th class=\"column-9\">N.M (kg)<\/th>\n<\/tr>\n<\/thead>\n<tbody class=\"row-striping row-hover\">\n<tr class=\"row-2\">\n\t<td class=\"column-1\">ktj22-20dg<\/td><td class=\"column-2\">220<\/td><td class=\"column-3\">50<\/td><td class=\"column-4\">250<\/td><td class=\"column-5\">2000<\/td><td class=\"column-6\">430<\/td><td class=\"column-7\">1340<\/td><td class=\"column-8\">55<\/td><td class=\"column-9\">32<\/td>\n<\/tr>\n<tr class=\"row-3\">\n\t<td class=\"column-1\">ktj23-31dg<\/td><td class=\"column-2\">220<\/td><td class=\"column-3\">50<\/td><td class=\"column-4\">550<\/td><td class=\"column-5\">3100<\/td><td class=\"column-6\">440<\/td><td class=\"column-7\">1340<\/td><td class=\"column-8\">61<\/td><td class=\"column-9\">41<\/td>\n<\/tr>\n<tr class=\"row-4\">\n\t<td class=\"column-1\">ktj23-41dg<\/td><td class=\"column-2\">220<\/td><td class=\"column-3\">50<\/td><td class=\"column-4\">750<\/td><td class=\"column-5\">4100<\/td><td class=\"column-6\">460<\/td><td class=\"column-7\">1340<\/td><td class=\"column-8\">65<\/td><td class=\"column-9\">43<\/td>\n<\/tr>\n<tr class=\"row-5\">\n\t<td class=\"column-1\">ktj22-20g<\/td><td class=\"column-2\">380<\/td><td class=\"column-3\">50<\/td><td class=\"column-4\">250<\/td><td class=\"column-5\">2000<\/td><td class=\"column-6\">430<\/td><td class=\"column-7\">1340<\/td><td class=\"column-8\">55<\/td><td class=\"column-9\">32<\/td>\n<\/tr>\n<tr class=\"row-6\">\n\t<td class=\"column-1\">ktj23-31g<\/td><td class=\"column-2\">380<\/td><td class=\"column-3\">50<\/td><td class=\"column-4\">550<\/td><td class=\"column-5\">3100<\/td><td class=\"column-6\">440<\/td><td class=\"column-7\">1340<\/td><td class=\"column-8\">61<\/td><td class=\"column-9\">41<\/td>\n<\/tr>\n<tr class=\"row-7\">\n\t<td class=\"column-1\">ktj23-41g<\/td><td class=\"column-2\">380<\/td><td class=\"column-3\">50<\/td><td class=\"column-4\">750<\/td><td class=\"column-5\">4100<\/td><td class=\"column-6\">460<\/td><td class=\"column-7\">1340<\/td><td class=\"column-8\">65<\/td><td class=\"column-9\">43<\/td>\n<\/tr>\n<tr class=\"row-8\">\n\t<td class=\"column-1\">ktj28-51g<\/td><td class=\"column-2\">380<\/td><td class=\"column-3\">50<\/td><td class=\"column-4\">750<\/td><td class=\"column-5\">5100<\/td><td class=\"column-6\">300<\/td><td class=\"column-7\">940<\/td><td class=\"column-8\">67<\/td><td class=\"column-9\">60<\/td>\n<\/tr>\n<tr class=\"row-9\">\n\t<td class=\"column-1\">ktj28-61g<\/td><td class=\"column-2\">380<\/td><td class=\"column-3\">50<\/td><td class=\"column-4\">1100<\/td><td class=\"column-5\">6100<\/td><td class=\"column-6\">410<\/td><td class=\"column-7\">940<\/td><td class=\"column-8\">68<\/td><td class=\"column-9\">70.3<\/td>\n<\/tr>\n<\/tbody>\n<\/table>\n<!-- #tablepress-21 from cache --><\/div>\n<\/div>\n<div><\/div>\n<div class=\"woocb\"><a class=\"wocb\" href=\"http:\/\/www.beiaole.com\/wp-content\/uploads\/2025\/08\/d2.3.2.pdf\" target=\"_blank\" rel=\"noopener\">formieren<\/a><\/div>\n<div><\/div>\n<p><img loading=\"lazy\" decoding=\"async\" class=\"aligncenter wp-image-17241 size-large\" src=\"http:\/\/www.beiaole.com\/wp-content\/uploads\/2025\/08\/x2.3-1024x344.jpg\" alt=\"KTJ Cabinet Fan Series-q1\" width=\"1024\" height=\"344\" data-no-translation=\"\" \/><\/p>","protected":false},"excerpt":{"rendered":"<ul>\n<li>\n<h2>Integriertes Kabinett\u202fund\u202fDuct\u202fDesign:<\/h2>\n<p>Minimiert die \u202fTurbulenz\u202fund \u202fVibration\u202ff\u00fcr eine stabile, \u202fKraftful-Luftstr\u00f6mung.<\/li>\n<li>\n<h2>Energiesparender\u202fKupfer\u202fMotor:<\/h2>\n<p>\u202fHochleistungs-Motor\u202f und \u202f Kugellager\u202fBereitschaft \u202fger\u00e4uscharm, \u202flange\u2011lebens\u202fBetrieb.<\/li>\n<li>\n<h2>Eingebautes Filtersystem:<\/h2>\n<p>\u202f F\u00e4ngt \u202f Staub, \u202f \u202f \u202f und \u202f \u202f \u202f \u202f \u202f \u202f \u202f \u202f \u202f \u202f \u202f \u202f \u202f \u202f room wieder zu betreten.<\/li>\n<li>\n<h2>Flexibler Leistungsbereich:<\/h2>\n<p>\u202f Lieferen\u202f zwischen \u202f<strong>2.000\u202fund\u202f6.100\u202fm\u00b3\/h<\/strong>\u202fof \u202fLuftstrom\u202fmit \u202fstatischer Druck\u202fUp\u202fTo\u202f460\u202fPa.<\/li>\n<li>\n<h2>Ruhige Funktion:<\/h2>\n<p>\u202fNoise\u202fLevels\u202fas\u202flow\u202fas\u202f<strong>55\u202f\u2013\u202f68\u202fDB<\/strong>\u202fIt\u202fIdeal\u202ff\u00fcr \u202fBeides \u202fgewerbliche\u202f und \u202fIndustrial \u202fEinstellungen.<\/li>\n<li>\n<h2>ALL\u2011Metall\u202fBau:<\/h2>\n<p>\u202fhoch\u202fSteel\u202fSchr\u00e4nke\u202fResists\u202fKorrosion, Druck, \u202fund \u202funtere \u202fSchieber.<\/li>\n<li>\n<h2>Einfache Wartung:<\/h2>\n<p>\u202fSeite \u202fInspektion\u202fPorts\u202fF\u00fcr \u202fSchnell\u202fFilter\u202f\u00c4nderungen\u202fund\u202fService\u202fOhne Zerlegen.<\/li>\n<li>\n<h2>Langlebig\u202fund\u202fZuverl\u00e4ssig:<\/h2>\n<p>\u202fEntwickelt f\u00fcr \u202fkontinuierliche \u202fin\u202fHumid \u202f oder \u202f staubige Umgebung.<\/li>\n<\/ul>\n<hr \/>","protected":false},"featured_media":4699,"comment_status":"open","ping_status":"closed","template":"","meta":{"_acf_changed":false},"product_brand":[],"product_cat":[66],"product_tag":[],"class_list":{"0":"post-4692","1":"product","2":"type-product","3":"status-publish","4":"has-post-thumbnail","6":"product_cat-cabinet-fan","8":"first","9":"instock","10":"taxable","11":"shipping-taxable","12":"purchasable","13":"product-type-variable","14":"has-default-attributes"},"acf":[],"_links":{"self":[{"href":"https:\/\/www.ecvents.com\/de\/wp-json\/wp\/v2\/product\/4692","targetHints":{"allow":["GET"]}}],"collection":[{"href":"https:\/\/www.ecvents.com\/de\/wp-json\/wp\/v2\/product"}],"about":[{"href":"https:\/\/www.ecvents.com\/de\/wp-json\/wp\/v2\/types\/product"}],"replies":[{"embeddable":true,"href":"https:\/\/www.ecvents.com\/de\/wp-json\/wp\/v2\/comments?post=4692"}],"wp:featuredmedia":[{"embeddable":true,"href":"https:\/\/www.ecvents.com\/de\/wp-json\/wp\/v2\/media\/4699"}],"wp:attachment":[{"href":"https:\/\/www.ecvents.com\/de\/wp-json\/wp\/v2\/media?parent=4692"}],"wp:term":[{"taxonomy":"product_brand","embeddable":true,"href":"https:\/\/www.ecvents.com\/de\/wp-json\/wp\/v2\/product_brand?post=4692"},{"taxonomy":"product_cat","embeddable":true,"href":"https:\/\/www.ecvents.com\/de\/wp-json\/wp\/v2\/product_cat?post=4692"},{"taxonomy":"product_tag","embeddable":true,"href":"https:\/\/www.ecvents.com\/de\/wp-json\/wp\/v2\/product_tag?post=4692"}],"curies":[{"name":"WP","href":"https:\/\/api.w.org\/{rel}","templated":true}]}}