{"id":4704,"date":"2026-03-19T06:03:40","date_gmt":"2026-03-19T11:03:40","guid":{"rendered":"https:\/\/www.ecvents.com\/?post_type=product&#038;p=4704"},"modified":"2026-03-19T06:04:04","modified_gmt":"2026-03-19T11:04:04","slug":"schrankkasten-lufter","status":"publish","type":"product","link":"https:\/\/www.ecvents.com\/de\/product\/schrankkasten-lufter\/","title":{"rendered":"Schrankkasten-L\u00fcfter"},"content":{"rendered":"<div class=\"someee\">\n<h2><strong>Harter Luftstrom. Ruhiges Vertrauen. Gebaut f\u00fcr echte K\u00fcchen.<\/strong><\/h2>\n<p>der\u00a0<strong>Kabinett\u202fBox\u202fFan<\/strong>\u00a0wurde f\u00fcr die K\u00fcchen gemacht, die niemals langsamer werden - - wo W\u00e4rme, Dampf und L\u00e4rm Teil des t\u00e4glichen Rhythmus sind. Es ist ein L\u00fcfter, der f\u00fcr eine lange Lebensdauer gebaut wurde, um ruhig zu bleiben, und so gebaut, dass die Luftreinigung eine Sache weniger ist, \u00fcber die man sich Sorgen machen muss.<\/p>\n<p>Im Kern ist ein\u00a0<strong>Lotus\u2011blattf\u00f6rmiges L\u00fcfterrad<\/strong>, beschichtet mit einem\u00a0<strong>Nano\u202fAnti\u2011\u00d6l\u202fSchicht<\/strong>\u00a0Das st\u00f6\u00dft Fett und Ansammlungen ab. Dieses clevere Design h\u00e4lt den Luftstrom sauber und konsistent und beseitigt die Verlangsamung, die im Laufe der Zeit durch R\u00fcckst\u00e4nde entsteht. Das Ergebnis ist eine klare, kraftvolle Leistungsschicht nach der Schicht, Tag f\u00fcr Tag.<\/p>\n<p>der\u00a0<strong>Versiegelt\u202fAll\u2011Kupfer\u202fMotor\u202fMit \u202fIP54\u202fSchutz<\/strong>\u00a0Steht stark gegen Hitze, Feuchtigkeit und \u00d6l. Es ist belastbar, stabil und f\u00fcr den ununterbrochenen Betrieb in anspruchsvollen Umgebungen gebaut. Das Geh\u00e4use ist gleicherma\u00dfen zuverl\u00e4ssig \u2013 ein schwerer Metallschrank mit ausgekleidetem\u00a0<strong>Schallabsorbierende \u202fPanels<\/strong>\u00a0Auf beiden Seiten, um den L\u00e4rm angenehm niedrig zu halten und das Hintergrundsummen zu reduzieren, so dass die K\u00fcchen ohne Ablenkung konzentriert bleiben.<\/p>\n<p>Praktikabilit\u00e4t ist aus jedem Blickwinkel eingebaut:\u00a0<strong>Doppel-Inspektion\u202fT\u00fcren<\/strong>\u00a0Machen Sie die Wartung schnell und einfach - keine Werkzeuge, keine Demontage.\u202f Und wenn die Reinigungszeit kommt,\u00a0<strong>Integriertes \u00d6l\u202fund \u202fWasser\u202fAbfl\u00fcsse<\/strong>\u00a0Machen Sie an der Basis das Abwaschen m\u00fchelos und halten Sie das System sauber und bereit f\u00fcr den n\u00e4chsten Ansturm.<\/p>\n<p>Langlebig, effizient und intelligent gestaltet, arbeitet der Cabinet-Box-Fan\u202f im Hintergrund leise, tut genau das, was Sie brauchen - \u202f \u202f \u202f \u202f \u202f \u202f \u202f \u202f \u202f L\u00f6schen von Rauch und atmungsaktiver K\u00fcche.<\/p>\n<\/div>\n<hr \/>\n<p>Abmessungen (Einheit: mm):<\/p>\n<div class=\"scroll-table-wrapper\">\n<div class=\"scroll-table\">\n<table id=\"tablepress-22\" class=\"tablepress tablepress-id-22\">\n<thead>\n<tr class=\"row-1\">\n\t<th class=\"column-1\">modellieren<\/th><th class=\"column-2\">L<\/th><th class=\"column-3\">l1<\/th><th class=\"column-4\">W<\/th><th class=\"column-5\">W1<\/th><th class=\"column-6\">H<\/th><th class=\"column-7\">h1<\/th><th class=\"column-8\">d1<\/th><th class=\"column-9\">F<\/th><th class=\"column-10\">Luftauslassgr\u00f6\u00dfe<br \/>\n(AXB)<\/th><th class=\"column-11\">Lufteinlassgr\u00f6\u00dfe<br \/>\n(CxD)<\/th>\n<\/tr>\n<\/thead>\n<tbody class=\"row-striping row-hover\">\n<tr class=\"row-2\">\n\t<td class=\"column-1\">KTJ25-20DT<\/td><td class=\"column-2\">510<\/td><td class=\"column-3\">473<\/td><td class=\"column-4\">429<\/td><td class=\"column-5\">468<\/td><td class=\"column-6\">376<\/td><td class=\"column-7\">36<\/td><td class=\"column-8\">51<\/td><td class=\"column-9\">25<\/td><td class=\"column-10\">270x280<\/td><td class=\"column-11\">270x270<\/td>\n<\/tr>\n<tr class=\"row-3\">\n\t<td class=\"column-1\">KTJ25-31DT<\/td><td class=\"column-2\">580<\/td><td class=\"column-3\">543<\/td><td class=\"column-4\">500<\/td><td class=\"column-5\">540<\/td><td class=\"column-6\">376<\/td><td class=\"column-7\">36<\/td><td class=\"column-8\">51<\/td><td class=\"column-9\">25<\/td><td class=\"column-10\">300 \u00d7 280<\/td><td class=\"column-11\">335 \u00d7 312<\/td>\n<\/tr>\n<tr class=\"row-4\">\n\t<td class=\"column-1\">KTJ25-41DT<\/td><td class=\"column-2\">580<\/td><td class=\"column-3\">543<\/td><td class=\"column-4\">500<\/td><td class=\"column-5\">540<\/td><td class=\"column-6\">376<\/td><td class=\"column-7\">36<\/td><td class=\"column-8\">51<\/td><td class=\"column-9\">25<\/td><td class=\"column-10\">300x280<\/td><td class=\"column-11\">335x312<\/td>\n<\/tr>\n<\/tbody>\n<\/table>\n<!-- #tablepress-22 from cache --><\/div>\n<\/div>\n<div><\/div>\n<div class=\"woocb\"><a class=\"wocb\" href=\"http:\/\/www.beiaole.com\/wp-content\/uploads\/2025\/09\/d2.4.1.pdf\" target=\"_blank\" rel=\"noopener\">formieren<\/a><\/div>\n<div><\/div>\n<p><img loading=\"lazy\" decoding=\"async\" class=\"aligncenter wp-image-16013 size-large\" src=\"http:\/\/www.beiaole.com\/wp-content\/uploads\/2025\/08\/s2.4-1024x756.png\" alt=\"Cabinet Box Fan-size\" width=\"1024\" height=\"756\" data-no-translation=\"\" \/><br \/>\nLeistung:<\/p>\n<div class=\"scroll-table-wrapper\">\n<div class=\"scroll-table\">\n<table id=\"tablepress-23\" class=\"tablepress tablepress-id-23\">\n<thead>\n<tr class=\"row-1\">\n\t<th class=\"column-1\">modellieren<\/th><th class=\"column-2\">Spannung(V)<\/th><th class=\"column-3\">Frequenz (Hz)<\/th><th class=\"column-4\">ausrichten<\/th><th class=\"column-5\">Leistung (W)<\/th><th class=\"column-6\">Luftstrom (m\u00b3\/h)<\/th><th class=\"column-7\">statischer Druck (PA)<\/th><th class=\"column-8\">L\u00e4rm (db)<\/th><th class=\"column-9\">N.M (kg)<\/th>\n<\/tr>\n<\/thead>\n<tbody class=\"row-striping row-hover\">\n<tr class=\"row-2\">\n\t<td class=\"column-1\">KTJ25-20DT<\/td><td class=\"column-2\">220<\/td><td class=\"column-3\">50<\/td><td class=\"column-4\">h \/ l<\/td><td class=\"column-5\">470\/345<\/td><td class=\"column-6\">2000\/1600<\/td><td class=\"column-7\">395\/350<\/td><td class=\"column-8\">49\/46<\/td><td class=\"column-9\">20<\/td>\n<\/tr>\n<tr class=\"row-3\">\n\t<td class=\"column-1\">KTJ25-31DT<\/td><td class=\"column-2\">220<\/td><td class=\"column-3\">50<\/td><td class=\"column-4\">h \/ l<\/td><td class=\"column-5\">480\/427<\/td><td class=\"column-6\">3000\/2600<\/td><td class=\"column-7\">410\/385<\/td><td class=\"column-8\">57\/54<\/td><td class=\"column-9\">24<\/td>\n<\/tr>\n<tr class=\"row-4\">\n\t<td class=\"column-1\">KTJ25-41DT<\/td><td class=\"column-2\">220<\/td><td class=\"column-3\">50<\/td><td class=\"column-4\">h \/ l<\/td><td class=\"column-5\">510\/457<\/td><td class=\"column-6\">4000\/3600<\/td><td class=\"column-7\">445\/390<\/td><td class=\"column-8\">62\/60<\/td><td class=\"column-9\">25<\/td>\n<\/tr>\n<\/tbody>\n<\/table>\n<!-- #tablepress-23 from cache --><\/div>\n<\/div>\n<div><\/div>\n<div class=\"woocb\"><a class=\"wocb\" href=\"http:\/\/www.beiaole.com\/wp-content\/uploads\/2025\/09\/d2.4.2.pdf\" target=\"_blank\" rel=\"noopener\">formieren<\/a><\/div>\n<div><\/div>\n<p><img loading=\"lazy\" decoding=\"async\" class=\"aligncenter wp-image-17245 size-large\" src=\"http:\/\/www.beiaole.com\/wp-content\/uploads\/2025\/08\/x2.4-1024x356.jpg\" alt=\"Cabinet Box Fan-q1\" width=\"1024\" height=\"356\" data-no-translation=\"\" \/><\/p>","protected":false},"excerpt":{"rendered":"<ul>\n<li>\n<h2>Fettbest\u00e4ndiges \u202f L\u00fcfterrad:<\/h2>\n<p>\u202fLotus\u2011Leaf\u202fDesign\u202fMit \u202fNano\u2011Beschichtung\u202fAbstich\u202f\u00d6l\u202fBuildup, \u202fBewahrt den Luftstrom, \u202f und \u202fReinigungszeit zu reduzieren.<\/li>\n<li>\n<h2>Versiegelt\u202fKupfer\u202fMotor:<\/h2>\n<p>\u202fIP54-bewertet\u202fmotorisch \u202fRuhe \u202fRuhe und\u202fverl\u00e4sslich\u202fin\u202fin \u202fhumid, \u202f oder \u202fhochtemperatur\u202fkitchen\u202fkitchen.<\/li>\n<li>\n<h2>Leistungsstarke Leistung:<\/h2>\n<p>\u202fLuftstrom \u202f bis \u202f \u202f \u202f \u202f m\u00b3\/h\u202fund\u202fstatische Druck\u202f \u202f bis \u202f \u202f \u202f \u202f f\u00fcr \u202f konsistente \u202f \u202f \u202f \u202f variiert \u202f \u202f \u202f variiert \u202f \u202f \u202f \u202f \u202f \u202f \u202f \u202f \u202f \u202f \u202f \u202f \u202f \u202f \u202f \u202f \u202f \u202f \u202f \ufffd\ufffd.<\/li>\n<li>\n<h2>Ger\u00e4uscharme Funktion:<\/h2>\n<p>\u202fSound\u2011Absorbierende \u202fAndere Seiten\u202fR\u00fcckst\u00e4nde \u202fRauschen\u202fTo\u202fAls\u202fAs\u202f46\u202f-\u202f62\u202fDB\u202f f\u00fcr \u202f als \u202fKleine \u202f-Einheiten.<\/li>\n<li>\n<h2>Einfache Wartung:<\/h2>\n<p>\u202fDuale \u202fInspektion\u202ft\u00fcren\u202fSchnellzugriff zulassen, und \u202fin\u202f\u00d6l\u202fund\u202fWasser\u202fEntw\u00e4sserung \u202fEinfache Aufr\u00e4umen.<\/li>\n<li>\n<h2>Langlebigkeit: Dauerhaftigkeit:<\/h2>\n<p>\u202fAlle Metall\u202fKonstruktion\u202fResists \u202f Korrosion, Vibration, \u202fund \u202fm\u00fcde\u202f f\u00fcr \u202fkontinuierliche \u202fin\u202fin\u202f-Einstellung.<\/li>\n<li>\n<h2>Kompaktes Box\u202fDesign:<\/h2>\n<p>\u202fOptimiert \u202f f\u00fcr \u202feffiziente \u202fVerteilung \u202fWhile\u202f in \u202f \u202f \u202f mechanischer \u202f \u202f \u202f \u202f \u202f \u202f \u202f \u202f optimiert.<\/li>\n<\/ul>\n<hr \/>","protected":false},"featured_media":4730,"comment_status":"open","ping_status":"closed","template":"","meta":{"_acf_changed":false},"product_brand":[],"product_cat":[66],"product_tag":[],"class_list":{"0":"post-4704","1":"product","2":"type-product","3":"status-publish","4":"has-post-thumbnail","6":"product_cat-cabinet-fan","8":"first","9":"instock","10":"taxable","11":"shipping-taxable","12":"purchasable","13":"product-type-variable","14":"has-default-attributes"},"acf":[],"_links":{"self":[{"href":"https:\/\/www.ecvents.com\/de\/wp-json\/wp\/v2\/product\/4704","targetHints":{"allow":["GET"]}}],"collection":[{"href":"https:\/\/www.ecvents.com\/de\/wp-json\/wp\/v2\/product"}],"about":[{"href":"https:\/\/www.ecvents.com\/de\/wp-json\/wp\/v2\/types\/product"}],"replies":[{"embeddable":true,"href":"https:\/\/www.ecvents.com\/de\/wp-json\/wp\/v2\/comments?post=4704"}],"wp:featuredmedia":[{"embeddable":true,"href":"https:\/\/www.ecvents.com\/de\/wp-json\/wp\/v2\/media\/4730"}],"wp:attachment":[{"href":"https:\/\/www.ecvents.com\/de\/wp-json\/wp\/v2\/media?parent=4704"}],"wp:term":[{"taxonomy":"product_brand","embeddable":true,"href":"https:\/\/www.ecvents.com\/de\/wp-json\/wp\/v2\/product_brand?post=4704"},{"taxonomy":"product_cat","embeddable":true,"href":"https:\/\/www.ecvents.com\/de\/wp-json\/wp\/v2\/product_cat?post=4704"},{"taxonomy":"product_tag","embeddable":true,"href":"https:\/\/www.ecvents.com\/de\/wp-json\/wp\/v2\/product_tag?post=4704"}],"curies":[{"name":"WP","href":"https:\/\/api.w.org\/{rel}","templated":true}]}}