{"id":4708,"date":"2026-03-19T06:03:40","date_gmt":"2026-03-19T11:03:40","guid":{"rendered":"https:\/\/www.ecvents.com\/?post_type=product&#038;p=4708"},"modified":"2026-03-19T06:04:04","modified_gmt":"2026-03-19T11:04:04","slug":"in-reihenserie","status":"publish","type":"product","link":"https:\/\/www.ecvents.com\/de\/product\/in-reihenserie\/","title":{"rendered":"Reihenserie"},"content":{"rendered":"<div class=\"someee\">\n<h2><strong>stetiger Luftstrom. leiser Wirkungsgrad. Gebaut f\u00fcr die t\u00e4gliche Bel\u00fcftung.<\/strong><\/h2>\n<p>der\u00a0<strong>In-Line-Serien\u202fFan<\/strong>\u00a0ist eines dieser ruhigen Wesensarten, die einfach alles ausgeglichen f\u00fchlen. Es bewegt sich stetig, l\u00e4uft effizient und f\u00fcgt sich in den Hintergrund ein - die Art von Ausr\u00fcstung, die jeden Tag funktioniert, ohne dass Aufmerksamkeit erforderlich ist.<\/p>\n<p>Im Kern ist ein\u00a0<strong>All\u2011Kupfer\u202fMotor<\/strong>, Pr\u00e4zisions-Engineering f\u00fcr ein einheitliches Gleichgewicht zwischen Energie und Energieeinsparung. gepaart mit\u00a0<strong>Hochwertige Kugellager<\/strong>, Es arbeitet reibungslos und leise und erzeugt nur ein sanftes Summen, das in den Hintergrund tritt. Das integrierte \u202f einteilige\u202fmotorische und \u202f luft-d\u00fcnstige Design\u202f \u202f vibrieren \u202f und \u202f turbulenzen, \u202f \u202f stabiler \u202f \u202f \u202f \u202f \u202f \u202f \u202f \u202f \u202f \u202f \u202f \u202f \u202f \u202f \u202f \u202f \u202f \u202f \u202f \u2011 luftdurchl\u00e4ssig zu strapazieren.<\/p>\n<p>aus gebaut\u00a0<strong>Dicker, hochwertiger \u202fStahl<\/strong>, der K\u00f6rper ist solide und elastisch. Es widersteht Biege, Korrosion und Verschlei\u00df \u2013 \u202fbaubar, um dem kontinuierlichen Betrieb in \u202f feuchtigkeits- oder \u202f \u202f \u202f Umgebungsbedingungen standzuhalten.\u202f Die \u202fkompakte, arbeitsf\u00e4hige\u202faufbau\u202faufbau\u202fSt\u00e4rke\u202fohne \u202fAbenteuer, das es \u202f es \u202f einfach\u202f zu installieren \u202f es \u202f es \u202f zu \u202f zu \u202f \u202f zu montieren.<\/p>\n<p>In \u202fmehreren Gr\u00f6\u00dfen verf\u00fcgbar, die \u202fin\u2011in\u202fserien\u202fadaptiert\u202fan\u202fProjekte\u202falle\u202fKinden\u202f-\u202faus der Wohnung\u202fEntl\u00fcftung\u202f und B\u00fcro\u202f-Beste\u202f-Zulassungen\u202f-zu-\u202f-Werkshops\u202f und \u202f Seine \u202foptimierte Struktur \u202f sichert \u202f kraftvoll\u202f und \u202f \u202f \u202f \u202f \u202f \u202f \u202f \u202f \u202f \u202f \u202f \u202f \u202f \u202f \u202f \u202f \u202f \u202f \u202f \u202f \u202f \u202f \u202f , das layout \u202f \u202f \u202f \u202f \u202f \u202f \u202f \u202f \u202f \u202f \u202f \u202f \u202f \u202f \u202f \u202f \u202f \u202f \u202f \u202f \ufffd\ufffd.<\/p>\n<p>Einfach, leise und zuverl\u00e4ssig \u202f die Reihenreihen\u202ffan\u202fIsn't \u202f\u00dcber das Ablegen von \u202f Es geht darum, die Luft zu regeln, um richtig, nach dem Tag zu flie\u00dfen.<\/p>\n<\/div>\n<hr \/>\n<p>Abmessungen (Einheit: mm):<\/p>\n<div class=\"scroll-table-wrapper\">\n<div class=\"scroll-table\">\n<table id=\"tablepress-26\" class=\"tablepress tablepress-id-26\">\n<thead>\n<tr class=\"row-1\">\n\t<th class=\"column-1\">modellieren<\/th><th class=\"column-2\">L<\/th><th class=\"column-3\">l1<\/th><th class=\"column-4\">l2<\/th><th class=\"column-5\">W<\/th><th class=\"column-6\">W1<\/th><th class=\"column-7\">H<\/th><th class=\"column-8\">h1<\/th><th class=\"column-9\">E<\/th><th class=\"column-10\">I<\/th>\n<\/tr>\n<\/thead>\n<tbody class=\"row-striping row-hover\">\n<tr class=\"row-2\">\n\t<td class=\"column-1\">DPT10-11<\/td><td class=\"column-2\">246<\/td><td class=\"column-3\">181<\/td><td class=\"column-4\">122.5<\/td><td class=\"column-5\">206<\/td><td class=\"column-6\">111.5<\/td><td class=\"column-7\">194<\/td><td class=\"column-8\">139<\/td><td class=\"column-9\">\u03c698<\/td><td class=\"column-10\">\u03c698<\/td>\n<\/tr>\n<tr class=\"row-3\">\n\t<td class=\"column-1\">DPT10-11F<\/td><td class=\"column-2\">246<\/td><td class=\"column-3\">181<\/td><td class=\"column-4\">122.5<\/td><td class=\"column-5\">206<\/td><td class=\"column-6\">111.5<\/td><td class=\"column-7\">194<\/td><td class=\"column-8\">139<\/td><td class=\"column-9\">\u03c698<\/td><td class=\"column-10\">\u03c698<\/td>\n<\/tr>\n<tr class=\"row-4\">\n\t<td class=\"column-1\">DPT15-34<\/td><td class=\"column-2\">306<\/td><td class=\"column-3\">230<\/td><td class=\"column-4\">122.5<\/td><td class=\"column-5\">247<\/td><td class=\"column-6\">141.5<\/td><td class=\"column-7\">259<\/td><td class=\"column-8\">176<\/td><td class=\"column-9\">\u03c6150<\/td><td class=\"column-10\">\u03c6150<\/td>\n<\/tr>\n<tr class=\"row-5\">\n\t<td class=\"column-1\">DPT15-34F<\/td><td class=\"column-2\">306<\/td><td class=\"column-3\">230<\/td><td class=\"column-4\">122.5<\/td><td class=\"column-5\">247<\/td><td class=\"column-6\">141.5<\/td><td class=\"column-7\">259<\/td><td class=\"column-8\">176<\/td><td class=\"column-9\">\u03c6150<\/td><td class=\"column-10\">\u03c6150<\/td>\n<\/tr>\n<tr class=\"row-6\">\n\t<td class=\"column-1\">DPT20-45F<\/td><td class=\"column-2\">369<\/td><td class=\"column-3\">297<\/td><td class=\"column-4\">170<\/td><td class=\"column-5\">290<\/td><td class=\"column-6\">185.5<\/td><td class=\"column-7\">325<\/td><td class=\"column-8\">220<\/td><td class=\"column-9\">\u03c6200<\/td><td class=\"column-10\">\u03c6200<\/td>\n<\/tr>\n<tr class=\"row-7\">\n\t<td class=\"column-1\">DPT20-65F<\/td><td class=\"column-2\">369<\/td><td class=\"column-3\">297<\/td><td class=\"column-4\">170<\/td><td class=\"column-5\">290<\/td><td class=\"column-6\">185.5<\/td><td class=\"column-7\">325<\/td><td class=\"column-8\">220<\/td><td class=\"column-9\">\u03c6200<\/td><td class=\"column-10\">\u03c6200<\/td>\n<\/tr>\n<tr class=\"row-8\">\n\t<td class=\"column-1\">DPT20-75<\/td><td class=\"column-2\">403<\/td><td class=\"column-3\">331<\/td><td class=\"column-4\">198<\/td><td class=\"column-5\">323<\/td><td class=\"column-6\">226<\/td><td class=\"column-7\">362<\/td><td class=\"column-8\">295<\/td><td class=\"column-9\">\u03c6200<\/td><td class=\"column-10\">\u03c6200<\/td>\n<\/tr>\n<\/tbody>\n<\/table>\n<!-- #tablepress-26 from cache --><\/div>\n<\/div>\n<div><\/div>\n<div class=\"woocb\"><a class=\"wocb\" href=\"http:\/\/www.beiaole.com\/wp-content\/uploads\/2025\/09\/d3.2.1.pdf\" target=\"_blank\" rel=\"noopener\">formieren<\/a><\/div>\n<div><\/div>\n<p><img loading=\"lazy\" decoding=\"async\" class=\"aligncenter wp-image-16164 size-large\" src=\"http:\/\/www.beiaole.com\/wp-content\/uploads\/2025\/08\/s3.2-1024x450.png\" alt=\"In-Line Series-size\" width=\"1024\" height=\"450\" data-no-translation=\"\" \/><br \/>\nLeistung:<\/p>\n<div class=\"scroll-table-wrapper\">\n<div class=\"scroll-table\">\n<table id=\"tablepress-27\" class=\"tablepress tablepress-id-27\">\n<thead>\n<tr class=\"row-1\">\n\t<th class=\"column-1\">modellieren<\/th><th class=\"column-2\">Spannung(V)<\/th><th class=\"column-3\">Frequenz (Hz)<\/th><th class=\"column-4\">ausrichten<\/th><th class=\"column-5\">Leistung (W)<\/th><th class=\"column-6\">Luftstrom (m\u00b3\/h)<\/th><th class=\"column-7\">statischer Druck (PA)<\/th><th class=\"column-8\">L\u00e4rm (db)<\/th><th class=\"column-9\">Kanalgr\u00f6\u00dfe (mm)<\/th><th class=\"column-10\">Anwendungsgebiet(m\u00b2)<\/th><th class=\"column-11\">N.M (kg)<\/th><th class=\"column-12\">Box \/ St\u00fcck<\/th>\n<\/tr>\n<\/thead>\n<tbody class=\"row-striping row-hover\">\n<tr class=\"row-2\">\n\t<td class=\"column-1\">DPT10-11<\/td><td class=\"column-2\">220<\/td><td class=\"column-3\">50<\/td><td class=\"column-4\">h \/ l<\/td><td class=\"column-5\">28\/23<\/td><td class=\"column-6\">150\/100<\/td><td class=\"column-7\">65\/55<\/td><td class=\"column-8\">40\/35<\/td><td class=\"column-9\">\u03c6100<\/td><td class=\"column-10\">6-10<\/td><td class=\"column-11\">2.3<\/td><td class=\"column-12\">8<\/td>\n<\/tr>\n<tr class=\"row-3\">\n\t<td class=\"column-1\">DPT10-11F<\/td><td class=\"column-2\">220<\/td><td class=\"column-3\">50<\/td><td class=\"column-4\">h \/ l<\/td><td class=\"column-5\">30\/26<\/td><td class=\"column-6\">250\/180<\/td><td class=\"column-7\">106\/80<\/td><td class=\"column-8\">45\/40<\/td><td class=\"column-9\">\u03c6100<\/td><td class=\"column-10\">10-12<\/td><td class=\"column-11\">2.3<\/td><td class=\"column-12\">8<\/td>\n<\/tr>\n<tr class=\"row-4\">\n\t<td class=\"column-1\">DPT15-34<\/td><td class=\"column-2\">220<\/td><td class=\"column-3\">50<\/td><td class=\"column-4\">h \/ l<\/td><td class=\"column-5\">33\/27<\/td><td class=\"column-6\">400\/300<\/td><td class=\"column-7\">127\/120<\/td><td class=\"column-8\">42\/38<\/td><td class=\"column-9\">\u03c6150<\/td><td class=\"column-10\">10-25<\/td><td class=\"column-11\">3.5<\/td><td class=\"column-12\">4<\/td>\n<\/tr>\n<tr class=\"row-5\">\n\t<td class=\"column-1\">DPT15-34F<\/td><td class=\"column-2\">220<\/td><td class=\"column-3\">50<\/td><td class=\"column-4\">h \/ l<\/td><td class=\"column-5\">70\/53<\/td><td class=\"column-6\">600\/500<\/td><td class=\"column-7\">170\/150<\/td><td class=\"column-8\">46\/42<\/td><td class=\"column-9\">\u03c6150<\/td><td class=\"column-10\">10-25<\/td><td class=\"column-11\">4.6<\/td><td class=\"column-12\">4<\/td>\n<\/tr>\n<tr class=\"row-6\">\n\t<td class=\"column-1\">DPT20-45F<\/td><td class=\"column-2\">220<\/td><td class=\"column-3\">50<\/td><td class=\"column-4\">h \/ l<\/td><td class=\"column-5\">120\/106<\/td><td class=\"column-6\">900\/750<\/td><td class=\"column-7\">207\/190<\/td><td class=\"column-8\">48\/46<\/td><td class=\"column-9\">\u03c6200<\/td><td class=\"column-10\">25-38<\/td><td class=\"column-11\">7.8<\/td><td class=\"column-12\">1<\/td>\n<\/tr>\n<tr class=\"row-7\">\n\t<td class=\"column-1\">DPT20-65F<\/td><td class=\"column-2\">220<\/td><td class=\"column-3\">50<\/td><td class=\"column-4\">h \/ l<\/td><td class=\"column-5\">190\/180<\/td><td class=\"column-6\">1500\/1350<\/td><td class=\"column-7\">220\/200<\/td><td class=\"column-8\">52\/50<\/td><td class=\"column-9\">\u03c6200<\/td><td class=\"column-10\">48-80<\/td><td class=\"column-11\">8.5<\/td><td class=\"column-12\">1<\/td>\n<\/tr>\n<tr class=\"row-8\">\n\t<td class=\"column-1\">DPT20-75<\/td><td class=\"column-2\">220<\/td><td class=\"column-3\">50<\/td><td class=\"column-4\">h \/ l<\/td><td class=\"column-5\">270\/265<\/td><td class=\"column-6\">2100\/1800<\/td><td class=\"column-7\">380\/290<\/td><td class=\"column-8\">62\/55<\/td><td class=\"column-9\">\u03c6200<\/td><td class=\"column-10\">80-90<\/td><td class=\"column-11\">10.5<\/td><td class=\"column-12\">1<\/td>\n<\/tr>\n<\/tbody>\n<\/table>\n<!-- #tablepress-27 from cache --><\/div>\n<\/div>\n<div><\/div>\n<div class=\"woocb\"><a class=\"wocb\" href=\"http:\/\/www.beiaole.com\/wp-content\/uploads\/2025\/09\/d3.2.2.pdf\" target=\"_blank\" rel=\"noopener\">formieren<\/a><\/div>\n<div><\/div>\n<p><img loading=\"lazy\" decoding=\"async\" class=\"aligncenter wp-image-17253 size-large\" src=\"http:\/\/www.beiaole.com\/wp-content\/uploads\/2025\/08\/x3.2-1024x304.jpg\" alt=\"In-Line Series-q1\" width=\"1024\" height=\"304\" data-no-translation=\"\" \/><\/p>","protected":false},"excerpt":{"rendered":"<ul>\n<li>\n<h2>Energiesparender\u202fKupfer\u202fMotor:<\/h2>\n<p>\u202fAll\u2011Kupfer\u202fKern\u202fMit \u202fHochgenauigkeit\u202fLagerungen\u202fSicherungen \u202fRuhe, \u202feffiziente \u202fBetrieb.<\/li>\n<li>\n<h2>Einteilige Luftkanalstruktur:<\/h2>\n<p>\u202f Optimiert \u202f motorisch und \u202f \u202f design \u202f \u202f resistenz \u202f f\u00fcr \u202f smoother luftstrom.<\/li>\n<li>\n<h2>ALL\u2011Metall\u202fBau:<\/h2>\n<p>\u202fThick \u202fSteel\u202fHousing\u202fResists\u202fRust, Vibration, \u202f und \u202fauswirkungen f\u00fcr lange \u2011lange Dauerhaftigkeit.<\/li>\n<li>\n<h2>High-Air-Performance:<\/h2>\n<p>\u202fDer Luftstrom\u202fvon \u202f von 150 bis \u202f2,100 \u202fm\u00b3\/h\u202fund\u202fdruck \u202f bis \u202f380\u202f PA\u202f \u202f lang \u202f \u202f \u202f \u202f \u202f \u202f \u202f \u202f \u202f \u202f \u202f \u202f \u202f \u202f \u202f \u202f \u202f von \u202f \u202f \u202f \u202f 2,100 \u202f m\u00b3\/h\u202fund\u202f.<\/li>\n<li>\n<h2>Ruhige Funktion:<\/h2>\n<p>\u202fOptimiertes \u202fImpeller\u202fDynamik\u202fKeep\u202fNoise\u202fUnter\u202f62\u202fDB\u202fAbh\u00e4ngig von der Geschwindigkeit des Modells\u202fund \u202fSchnell.<\/li>\n<li>\n<h2>Doppelgeschwindigkeitssteuerung:<\/h2>\n<p>\u202fhoch \u202f\/\u202fniedrigere \u202f\u202f\u202f\u202fHandbucheinstellung\u202f\u202fzumachten\u202fRaum\u202f und \u202f Saisonanforderungen zulassen.<\/li>\n<li>\n<h2>Kompakt\u202fund\u202fflexibel:<\/h2>\n<p>\u202fpasst\u202fduct\u202fsizes\u202ffrom\u202f\u00f8100\u202fmm\u202f\u00f8200mm, \u202fideal\u202f f\u00fcr \u202fResidenal\u202f oder \u202f kommerzielle Systeme.<\/li>\n<li>\n<h2>\u202fWartung:<\/h2>\n<p>\u202fEinfache \u202fInstallation\u202fund \u202fZugriffskomponenten\u202fReinigung\u202fReinigung und \u202fService\u202fEinfach.<\/li>\n<\/ul>\n<hr \/>","protected":false},"featured_media":4731,"comment_status":"open","ping_status":"closed","template":"","meta":{"_acf_changed":false},"product_brand":[],"product_cat":[27],"product_tag":[],"class_list":{"0":"post-4708","1":"product","2":"type-product","3":"status-publish","4":"has-post-thumbnail","6":"product_cat-inline-duct-fan","8":"first","9":"instock","10":"taxable","11":"shipping-taxable","12":"purchasable","13":"product-type-variable","14":"has-default-attributes"},"acf":[],"_links":{"self":[{"href":"https:\/\/www.ecvents.com\/de\/wp-json\/wp\/v2\/product\/4708","targetHints":{"allow":["GET"]}}],"collection":[{"href":"https:\/\/www.ecvents.com\/de\/wp-json\/wp\/v2\/product"}],"about":[{"href":"https:\/\/www.ecvents.com\/de\/wp-json\/wp\/v2\/types\/product"}],"replies":[{"embeddable":true,"href":"https:\/\/www.ecvents.com\/de\/wp-json\/wp\/v2\/comments?post=4708"}],"wp:featuredmedia":[{"embeddable":true,"href":"https:\/\/www.ecvents.com\/de\/wp-json\/wp\/v2\/media\/4731"}],"wp:attachment":[{"href":"https:\/\/www.ecvents.com\/de\/wp-json\/wp\/v2\/media?parent=4708"}],"wp:term":[{"taxonomy":"product_brand","embeddable":true,"href":"https:\/\/www.ecvents.com\/de\/wp-json\/wp\/v2\/product_brand?post=4708"},{"taxonomy":"product_cat","embeddable":true,"href":"https:\/\/www.ecvents.com\/de\/wp-json\/wp\/v2\/product_cat?post=4708"},{"taxonomy":"product_tag","embeddable":true,"href":"https:\/\/www.ecvents.com\/de\/wp-json\/wp\/v2\/product_tag?post=4708"}],"curies":[{"name":"WP","href":"https:\/\/api.w.org\/{rel}","templated":true}]}}