{"id":4716,"date":"2026-03-19T06:03:41","date_gmt":"2026-03-19T11:03:41","guid":{"rendered":"https:\/\/www.ecvents.com\/?post_type=product&#038;p=4716"},"modified":"2026-03-19T06:04:04","modified_gmt":"2026-03-19T11:04:04","slug":"in-linie-serie-2-wege","status":"publish","type":"product","link":"https:\/\/www.ecvents.com\/de\/product\/in-linie-serie-2-wege\/","title":{"rendered":"Inline-Serien 2-Wege"},"content":{"rendered":"<div class=\"someee\">\n<h2><strong>Doppelstrom. Stetige Kraft. Gebaut f\u00fcr kontinuierliche Bel\u00fcftung.<\/strong><\/h2>\n<p>der\u00a0<strong>In-Line-Serien\u202f2\u202fFan<\/strong>\u00a0Entwickelt, um die Luft \u00fcber lange Kanall\u00e4ufe reibungslos und leise zu halten - kompakt, solide Konstruktion und effizient in jedem Detail. Es ist die Art von L\u00fcftungsger\u00e4ten, die im Hintergrund leise funktioniert und Tag f\u00fcr Tag einen zuverl\u00e4ssigen Luftstrom liefert, ohne die Aufmerksamkeit auf sich zu ziehen.<\/p>\n<p>Im Kern ein\u00a0<strong>All\u2011Kupfer\u202fEnergiesparender\u202fMotor<\/strong>\u00a0gepaart mit\u00a0<strong>Hochwertige Kugellager<\/strong>\u00a0Gew\u00e4hrleistet einen reibungslosen Betrieb und eine au\u00dfergew\u00f6hnliche Langlebigkeit. Der Motor, das Laufrad und der Luftkanal sind als einzelne stromlinienf\u00f6rmige Struktur konzipiert, sodass sich die Luft mit minimalem Widerstand frei bewegen kann. Diese pr\u00e4zise Integration reduziert nicht nur Vibrationen, sondern beh\u00e4lt auch eine stabile Leistung und einen geringeren Energieverbrauch \u00fcber die Lebensdauer hinweg.<\/p>\n<p>aus gebaut\u00a0<strong>Hochwertiger Stahl<\/strong>, Das Ganzmetallgeh\u00e4use f\u00fchlt sich vom Moment an, in dem Sie damit umgehen, robust und zuverl\u00e4ssig. Das Chassis ist einteilig und widersteht Rost, Verformung und mechanischer Beanspruchung - gebaut f\u00fcr Haltbarkeit sowohl unter Wohn- als auch unter industriellen Bedingungen.<\/p>\n<p>Die Serie bietet\u00a0<strong>Mehrere Modelloptionen<\/strong>\u00a0Mit unterschiedlichen Luftstromkapazit\u00e4ten und Kanalgr\u00f6\u00dfen, die es an eine Vielzahl von L\u00fcftungssystemen anpassbar machen. Es kann als eine \u202falleine\u202f-L\u00f6sung oder eine Verbindung in die Serien\u202f mit den anderen \u202fFans\u202f zu \u202f \u202f \u202f \u202f \u202f \u202f \u202f \u202f \u202f \u202f \u202f \u202f \u202f \u202f \u202f \u202f \u202f \u202f \u202f \u202f \u202f \u202f \u202f \u202f \u202f \u202f \u202f \u202f \u202f \u202f \u202f \ufffd\ufffd Trotz seiner St\u00e4rke arbeitet es leise und h\u00e4lt einen effizienten und ausgeglichenen Luftstrom in jeder Ecke des Systems aufrecht.<\/p>\n<p>Stark, stabil und intelligent, die Reihenreihen-Serien\u202f2\u202ffan\u202fDelivers\u202fDelivers\u202fDelivers\u202fDer \u202fununterbrochene \u202fEntl\u00fcftung\u202fSie\u202fwiederkehren\u202f, aber \u202fausserhalb \u202f Notice\u202f-dass Sie \u202f \u202f \u202f \u202f \u202f \u202f \u202f \u202f \u202f \u202f \u202f \u202f \u202f \u202f \u202f \u202f \u202f \u202f \u202f \u202f \u202f \u202f \u202f \u202f \u202f \u202f \u202f \u202f \u202f \u202f \u202f \u202f \u202f \u202f \u202f \u202f \u202f \u202f \u202f \ufffd.<\/p>\n<\/div>\n<hr \/>\n<p>Abmessungen (Einheit: mm):<\/p>\n<div class=\"scroll-table-wrapper\">\n<div class=\"scroll-table\">\n<table id=\"tablepress-28\" class=\"tablepress tablepress-id-28\">\n<thead>\n<tr class=\"row-1\">\n\t<th class=\"column-1\">modellieren<\/th><th class=\"column-2\">L<\/th><th class=\"column-3\">l1<\/th><th class=\"column-4\">l2<\/th><th class=\"column-5\">\u03c6e<\/th><th class=\"column-6\">W<\/th><th class=\"column-7\">W1<\/th><th class=\"column-8\">H<\/th><th class=\"column-9\">h1<\/th><th class=\"column-10\">\u03c6i<\/th>\n<\/tr>\n<\/thead>\n<tbody class=\"row-striping row-hover\">\n<tr class=\"row-2\">\n\t<td class=\"column-1\">DPT10-11(1T2)<\/td><td class=\"column-2\">246<\/td><td class=\"column-3\">181<\/td><td class=\"column-4\">122.5<\/td><td class=\"column-5\">75<\/td><td class=\"column-6\">210<\/td><td class=\"column-7\">111.5<\/td><td class=\"column-8\">194<\/td><td class=\"column-9\">139<\/td><td class=\"column-10\">98<\/td>\n<\/tr>\n<tr class=\"row-3\">\n\t<td class=\"column-1\">DPT10-11F(1T2)<\/td><td class=\"column-2\">246<\/td><td class=\"column-3\">180<\/td><td class=\"column-4\">122.5<\/td><td class=\"column-5\">75<\/td><td class=\"column-6\">210<\/td><td class=\"column-7\">111.5<\/td><td class=\"column-8\">194<\/td><td class=\"column-9\">139<\/td><td class=\"column-10\">98<\/td>\n<\/tr>\n<tr class=\"row-4\">\n\t<td class=\"column-1\">DPT15-34(1T2)<\/td><td class=\"column-2\">306<\/td><td class=\"column-3\">230<\/td><td class=\"column-4\">122.5<\/td><td class=\"column-5\">100<\/td><td class=\"column-6\">243<\/td><td class=\"column-7\">141.5<\/td><td class=\"column-8\">259<\/td><td class=\"column-9\">176<\/td><td class=\"column-10\">150<\/td>\n<\/tr>\n<\/tbody>\n<\/table>\n<!-- #tablepress-28 from cache --><\/div>\n<\/div>\n<div><\/div>\n<div class=\"woocb\"><a class=\"wocb\" href=\"http:\/\/www.beiaole.com\/wp-content\/uploads\/2025\/09\/d3.3.1.pdf\" target=\"_blank\" rel=\"noopener\">formieren<\/a><\/div>\n<div><\/div>\n<p><img loading=\"lazy\" decoding=\"async\" class=\"aligncenter wp-image-16183 size-large\" src=\"http:\/\/www.beiaole.com\/wp-content\/uploads\/2025\/08\/s3.3-1024x442.png\" alt=\"In-Line Series 2 Ways-size\" width=\"1024\" height=\"442\" data-no-translation=\"\" \/><br \/>\nLeistung:<\/p>\n<div class=\"scroll-table-wrapper\">\n<div class=\"scroll-table\">\n<table id=\"tablepress-29\" class=\"tablepress tablepress-id-29\">\n<thead>\n<tr class=\"row-1\">\n\t<th class=\"column-1\">modellieren<\/th><th class=\"column-2\">Spannung(V)<\/th><th class=\"column-3\">Frequenz (Hz)<\/th><th class=\"column-4\">ausrichten<\/th><th class=\"column-5\">Leistung (W)<\/th><th class=\"column-6\">Luftstrom (m\u00b3\/h)<\/th><th class=\"column-7\">statischer Druck (PA)<\/th><th class=\"column-8\">L\u00e4rm (db)<\/th><th class=\"column-9\">Kanalgr\u00f6\u00dfe (mm)<\/th><th class=\"column-10\">Anwendungsgebiet(m\u00b2)<\/th><th class=\"column-11\">N.M (kg)<\/th><th class=\"column-12\">Box \/ St\u00fcck<\/th>\n<\/tr>\n<\/thead>\n<tbody class=\"row-striping row-hover\">\n<tr class=\"row-2\">\n\t<td class=\"column-1\">DPT10-11(1T2)<\/td><td class=\"column-2\">220<\/td><td class=\"column-3\">50<\/td><td class=\"column-4\">h \/ l<\/td><td class=\"column-5\">28\/23<\/td><td class=\"column-6\">160\/130<\/td><td class=\"column-7\">75\/65<\/td><td class=\"column-8\">38\/35<\/td><td class=\"column-9\">IN80 \/ OUT100<\/td><td class=\"column-10\">7-15<\/td><td class=\"column-11\">2.3<\/td><td class=\"column-12\">4<\/td>\n<\/tr>\n<tr class=\"row-3\">\n\t<td class=\"column-1\">DPT10-11F(1T2)<\/td><td class=\"column-2\">220<\/td><td class=\"column-3\">50<\/td><td class=\"column-4\">h \/ l<\/td><td class=\"column-5\">30\/26<\/td><td class=\"column-6\">200\/180<\/td><td class=\"column-7\">200\/180<\/td><td class=\"column-8\">43\/38<\/td><td class=\"column-9\">IN80 \/ OUT100<\/td><td class=\"column-10\">7-15<\/td><td class=\"column-11\">2.6<\/td><td class=\"column-12\">4<\/td>\n<\/tr>\n<tr class=\"row-4\">\n\t<td class=\"column-1\">DPT15-34(1T2)<\/td><td class=\"column-2\">220<\/td><td class=\"column-3\">50<\/td><td class=\"column-4\">h \/ l<\/td><td class=\"column-5\">42\/43<\/td><td class=\"column-6\">400\/320<\/td><td class=\"column-7\">155\/145<\/td><td class=\"column-8\">52\/49<\/td><td class=\"column-9\">IN100 \/ OUT150<\/td><td class=\"column-10\">7-15<\/td><td class=\"column-11\">4.6<\/td><td class=\"column-12\">4<\/td>\n<\/tr>\n<\/tbody>\n<\/table>\n<!-- #tablepress-29 from cache --><\/div>\n<\/div>\n<div><\/div>\n<div class=\"woocb\"><a class=\"wocb\" href=\"http:\/\/www.beiaole.com\/wp-content\/uploads\/2025\/09\/d3.3.2.pdf\" target=\"_blank\" rel=\"noopener\">formieren<\/a><\/div>\n<div><\/div>\n<p><img loading=\"lazy\" decoding=\"async\" class=\"aligncenter wp-image-17257 size-large\" src=\"http:\/\/www.beiaole.com\/wp-content\/uploads\/2025\/08\/x3.3-1024x329.jpg\" alt=\"In-Line Series 2 Ways-q1\" width=\"1024\" height=\"329\" data-no-translation=\"\" \/><\/p>","protected":false},"excerpt":{"rendered":"<ul>\n<li>\n<h2>Dual-Einlass-Design:<\/h2>\n<p>\u202f1\u2011bis\u202f-Pfad\u202fStruktur \u202fOptimiert \u202fDruckstabilit\u00e4t\u202fund \u202fVerteilung\u202fVerteilung \u202fDurch \u202fL\u00e4nge \u202fDurchg\u00e4nge.<\/li>\n<li>\n<h2>Energieeffizient\u202fKupfer\u202fMotor:<\/h2>\n<p>\u202fdauerbar, \u202fger\u00e4uscharm\u202fmotor\u202f mit \u202f ball\u202f \u202f \u202f \u202f sicheren \u202f glatte, \u202f kontinuierliche \u202f operation.<\/li>\n<li>\n<h2>ALL\u2011Metall\u202fBau:<\/h2>\n<p>\u202fEinzel\u2011Steel\u202fHousing\u202fWidering\u202fRust, \u202fWehen, \u202f und Vibration\u202f f\u00fcr \u202flangen\u2011industrial \u202fNutzen.<\/li>\n<li>\n<h2>Kompaktes, stromlinienf\u00f6rmiges System:<\/h2>\n<p>\u202fEingebaute\u202fmotorische und \u202fausrichtung \u202fReduzieren der Turbulenz\u202fund \u202fdie \u202fLuftstromeffizienz steigern.<\/li>\n<li>\n<h2>leise \u202f Leistung:<\/h2>\n<p>\u202fNoise\u202fLevels\u202fas\u202fnows\u202fas\u202f35\u202f52\u202fDB\u202fBedienung \u202fdiskret\u202faus \u202fLeben \u202fLebens\u202f oder \u202fRuhung \u202fR\u00e4ume.<\/li>\n<li>\n<h2>Hochdruckluft\u202fDruckf\u00e4higkeit:<\/h2>\n<p>\u202fStatischer Druck\u202fUp\u202fTo\u202f200\u202fPa\u202fF\u00fcr \u202fStrong\u202fDurchzug \u202fErweiterte \u202fDukt\u202fL\u00e4ufe.<\/li>\n<li>\n<h2>Flexible Integration:<\/h2>\n<p>\u202fVerf\u00fcgbar\u202fin \u202fMultiple\u202fGr\u00f6\u00dfen\u202ff\u00fcr \u202funabh\u00e4ngige \u202f oder \u202fMulti\u2011Fan\u202fSystem\u202fAnwendungen.<\/li>\n<li>\n<h2>\u202fWartung:<\/h2>\n<p>\u202fKompakt\u202fK\u00f6rper\u202fMit \u202f einfachem Zugriff \u202fF\u00fcr \u202fReinigung\u202f und \u202fService.<\/li>\n<\/ul>\n<hr \/>","protected":false},"featured_media":4732,"comment_status":"open","ping_status":"closed","template":"","meta":{"_acf_changed":false},"product_brand":[],"product_cat":[27],"product_tag":[],"class_list":{"0":"post-4716","1":"product","2":"type-product","3":"status-publish","4":"has-post-thumbnail","6":"product_cat-inline-duct-fan","8":"first","9":"instock","10":"taxable","11":"shipping-taxable","12":"purchasable","13":"product-type-variable","14":"has-default-attributes"},"acf":[],"_links":{"self":[{"href":"https:\/\/www.ecvents.com\/de\/wp-json\/wp\/v2\/product\/4716","targetHints":{"allow":["GET"]}}],"collection":[{"href":"https:\/\/www.ecvents.com\/de\/wp-json\/wp\/v2\/product"}],"about":[{"href":"https:\/\/www.ecvents.com\/de\/wp-json\/wp\/v2\/types\/product"}],"replies":[{"embeddable":true,"href":"https:\/\/www.ecvents.com\/de\/wp-json\/wp\/v2\/comments?post=4716"}],"wp:featuredmedia":[{"embeddable":true,"href":"https:\/\/www.ecvents.com\/de\/wp-json\/wp\/v2\/media\/4732"}],"wp:attachment":[{"href":"https:\/\/www.ecvents.com\/de\/wp-json\/wp\/v2\/media?parent=4716"}],"wp:term":[{"taxonomy":"product_brand","embeddable":true,"href":"https:\/\/www.ecvents.com\/de\/wp-json\/wp\/v2\/product_brand?post=4716"},{"taxonomy":"product_cat","embeddable":true,"href":"https:\/\/www.ecvents.com\/de\/wp-json\/wp\/v2\/product_cat?post=4716"},{"taxonomy":"product_tag","embeddable":true,"href":"https:\/\/www.ecvents.com\/de\/wp-json\/wp\/v2\/product_tag?post=4716"}],"curies":[{"name":"WP","href":"https:\/\/api.w.org\/{rel}","templated":true}]}}