{"id":4720,"date":"2026-03-19T06:03:42","date_gmt":"2026-03-19T11:03:42","guid":{"rendered":"https:\/\/www.ecvents.com\/?post_type=product&#038;p=4720"},"modified":"2026-03-19T06:04:04","modified_gmt":"2026-03-19T11:04:04","slug":"stiller-kanalventilator","status":"publish","type":"product","link":"https:\/\/www.ecvents.com\/de\/product\/stiller-kanalventilator\/","title":{"rendered":"Stiller Kanalventilator"},"content":{"rendered":"<div class=\"someee\">\n<h2><strong>Ruhiger Fluss. Starke Leistung. Gebaut f\u00fcr kontinuierlichen Komfort.<\/strong><\/h2>\n<p>der\u00a0<strong>Silent\u202fDuct\u202fFan<\/strong>\u00a0ist f\u00fcr einen einzigen Zweck konzipiert - um die Luft leise, effizient und zuverl\u00e4ssig in Bewegung zu halten. Es ist die Art von L\u00fcfter, die Sie einmal installieren, einschalten und dann vergessen, weil er einfach seine Arbeit weiterf\u00fchrt - einen gleichm\u00e4\u00dfigen Luftstrom ohne Ton oder Aufhebens.<\/p>\n<p>Im Herzen liegt ein\u00a0<strong>All\u2011Kupfer\u202fEnergiesparender\u202fMotor<\/strong>\u00a0gepaart mit\u00a0<strong>Hochwertige Kugellager<\/strong>, stabile, langfristige Betriebsweise ohne Ger\u00e4usche. Die integrierte Luft- und Geh\u00e4usekonstruktion erm\u00f6glicht eine reibungslose Bewegung des Luftstroms und minimiert Vibrationen und Turbulenzen. Das Ergebnis ist eine kraftvolle, gleichm\u00e4\u00dfige Bel\u00fcftung, die sich m\u00fchelos anf\u00fchlt und fast unsichtbar klingt.<\/p>\n<p>gebaut mit einem\u00a0<strong>All\u2011Metall\u202fStahl-Schale<\/strong>, der L\u00fcfterk\u00f6rper bietet echte Haltbarkeit. Es widersteht Rost, Hitze und Verformung - \u202f ideal f\u00fcr feuchte oder anspruchsvolle R\u00e4ume wie Werkst\u00e4tten, K\u00fcchen, B\u00fcros oder Wohnungen. Kompakt und dennoch stark, erzeugt jede Einheit einen hohen Luftdruck und einen Luftstrom, der selbst tiefe Kanalnetze auffrischt, in denen gew\u00f6hnliche L\u00fcfter zu kurz kommen.<\/p>\n<p>Der Silent-Duct\u202fFan ist in mehreren Modellen und Gr\u00f6\u00dfen erh\u00e4ltlich und passt sich problemlos an verschiedene Systeme an: Verwenden Sie ihn f\u00fcr kleinere Bereiche oder kombinieren Sie ihn mit anderen Inline-L\u00fcftern, um den Druck \u00fcber lange Kan\u00e4le zu erh\u00f6hen. Zuverl\u00e4ssig, effizient und f\u00fcr leise Ausdauer ausgelegt, liefert es leise den Luftstrom, von dem Ihre Umgebung abh\u00e4ngt.<\/p>\n<\/div>\n<hr \/>\n<p>Abmessungen (Einheit: mm):<\/p>\n<div class=\"scroll-table-wrapper\">\n<div class=\"scroll-table\">\n<table id=\"tablepress-30\" class=\"tablepress tablepress-id-30\">\n<thead>\n<tr class=\"row-1\">\n\t<th class=\"column-1\">modellieren<\/th><th class=\"column-2\">L<\/th><th class=\"column-3\">l1<\/th><th class=\"column-4\">l2<\/th><th class=\"column-5\">W<\/th><th class=\"column-6\">W1<\/th><th class=\"column-7\">H<\/th><th class=\"column-8\">h1<\/th><th class=\"column-9\">D<\/th>\n<\/tr>\n<\/thead>\n<tbody class=\"row-striping row-hover\">\n<tr class=\"row-2\">\n\t<td class=\"column-1\">DPT10-24H<\/td><td class=\"column-2\">533<\/td><td class=\"column-3\">352<\/td><td class=\"column-4\">251<\/td><td class=\"column-5\">397<\/td><td class=\"column-6\">447<\/td><td class=\"column-7\">121<\/td><td class=\"column-8\">30<\/td><td class=\"column-9\">\u03c6100<\/td>\n<\/tr>\n<tr class=\"row-3\">\n\t<td class=\"column-1\">DPT15-34H<\/td><td class=\"column-2\">504<\/td><td class=\"column-3\">352<\/td><td class=\"column-4\">251<\/td><td class=\"column-5\">397<\/td><td class=\"column-6\">447<\/td><td class=\"column-7\">196<\/td><td class=\"column-8\">30<\/td><td class=\"column-9\">\u03c6150<\/td>\n<\/tr>\n<tr class=\"row-4\">\n\t<td class=\"column-1\">DPT15-45H<\/td><td class=\"column-2\">504<\/td><td class=\"column-3\">352<\/td><td class=\"column-4\">251<\/td><td class=\"column-5\">397<\/td><td class=\"column-6\">447<\/td><td class=\"column-7\">196<\/td><td class=\"column-8\">30<\/td><td class=\"column-9\">\u03c6150<\/td>\n<\/tr>\n<tr class=\"row-5\">\n\t<td class=\"column-1\">DPT20-56H<\/td><td class=\"column-2\">531<\/td><td class=\"column-3\">353<\/td><td class=\"column-4\">251<\/td><td class=\"column-5\">397<\/td><td class=\"column-6\">447<\/td><td class=\"column-7\">246<\/td><td class=\"column-8\">30<\/td><td class=\"column-9\">\u03c6200<\/td>\n<\/tr>\n<tr class=\"row-6\">\n\t<td class=\"column-1\">DPT20-66H<\/td><td class=\"column-2\">531<\/td><td class=\"column-3\">353<\/td><td class=\"column-4\">251<\/td><td class=\"column-5\">397<\/td><td class=\"column-6\">447<\/td><td class=\"column-7\">246<\/td><td class=\"column-8\">30<\/td><td class=\"column-9\">\u03c6200<\/td>\n<\/tr>\n<\/tbody>\n<\/table>\n<!-- #tablepress-30 from cache --><\/div>\n<\/div>\n<div><\/div>\n<div class=\"woocb\"><a class=\"wocb\" href=\"http:\/\/www.beiaole.com\/wp-content\/uploads\/2025\/09\/d3.4.1.pdf\" target=\"_blank\" rel=\"noopener\">formieren<\/a><\/div>\n<div><\/div>\n<p><img loading=\"lazy\" decoding=\"async\" class=\"aligncenter wp-image-16553 size-large\" src=\"http:\/\/www.beiaole.com\/wp-content\/uploads\/2025\/08\/s3.4-1024x589.png\" alt=\"Silent Duct Fan-size\" width=\"1024\" height=\"589\" data-no-translation=\"\" \/><br \/>\nLeistung:<\/p>\n<div class=\"scroll-table-wrapper\">\n<div class=\"scroll-table\">\n<table id=\"tablepress-31\" class=\"tablepress tablepress-id-31\">\n<thead>\n<tr class=\"row-1\">\n\t<th class=\"column-1\">modellieren<\/th><th class=\"column-2\">Spannung(V)<\/th><th class=\"column-3\">Frequenz (Hz)<\/th><th class=\"column-4\">ausrichten<\/th><th class=\"column-5\">Leistung (W)<\/th><th class=\"column-6\">Luftstrom (m\u00b3\/h)<\/th><th class=\"column-7\">statischer Druck (PA)<\/th><th class=\"column-8\">L\u00e4rm (db)<\/th><th class=\"column-9\">Kanalgr\u00f6\u00dfe (mm)<\/th><th class=\"column-10\">Anwendungsgebiet(m\u00b2)<\/th><th class=\"column-11\">N.M (kg)<\/th>\n<\/tr>\n<\/thead>\n<tbody class=\"row-striping row-hover\">\n<tr class=\"row-2\">\n\t<td class=\"column-1\">DPT10-24H<\/td><td class=\"column-2\">220<\/td><td class=\"column-3\">50<\/td><td class=\"column-4\">h \/ l<\/td><td class=\"column-5\">48\/38<\/td><td class=\"column-6\">230\/180<\/td><td class=\"column-7\">160<\/td><td class=\"column-8\">25<\/td><td class=\"column-9\">\u03c6100<\/td><td class=\"column-10\">8-15<\/td><td class=\"column-11\">6.5<\/td>\n<\/tr>\n<tr class=\"row-3\">\n\t<td class=\"column-1\">DPT15-34H<\/td><td class=\"column-2\">220<\/td><td class=\"column-3\">50<\/td><td class=\"column-4\">h \/ l<\/td><td class=\"column-5\">60\/45<\/td><td class=\"column-6\">350\/250<\/td><td class=\"column-7\">220<\/td><td class=\"column-8\">30<\/td><td class=\"column-9\">\u03c6150<\/td><td class=\"column-10\">20-25<\/td><td class=\"column-11\">8.4<\/td>\n<\/tr>\n<tr class=\"row-4\">\n\t<td class=\"column-1\">DPT15-45H<\/td><td class=\"column-2\">220<\/td><td class=\"column-3\">50<\/td><td class=\"column-4\">h \/ l<\/td><td class=\"column-5\">84\/78<\/td><td class=\"column-6\">500\/420<\/td><td class=\"column-7\">260<\/td><td class=\"column-8\">34<\/td><td class=\"column-9\">\u03c6150<\/td><td class=\"column-10\">25-30<\/td><td class=\"column-11\">8.8<\/td>\n<\/tr>\n<tr class=\"row-5\">\n\t<td class=\"column-1\">DPT20-56H<\/td><td class=\"column-2\">220<\/td><td class=\"column-3\">50<\/td><td class=\"column-4\">h \/ l<\/td><td class=\"column-5\">104\/80<\/td><td class=\"column-6\">920\/700<\/td><td class=\"column-7\">365<\/td><td class=\"column-8\">38<\/td><td class=\"column-9\">\u03c6200<\/td><td class=\"column-10\">40-47<\/td><td class=\"column-11\">10.5<\/td>\n<\/tr>\n<tr class=\"row-6\">\n\t<td class=\"column-1\">DPT20-66H<\/td><td class=\"column-2\">220<\/td><td class=\"column-3\">50<\/td><td class=\"column-4\">h \/ l<\/td><td class=\"column-5\">135\/103<\/td><td class=\"column-6\">1200\/1050<\/td><td class=\"column-7\">410<\/td><td class=\"column-8\">45<\/td><td class=\"column-9\">\u03c6200<\/td><td class=\"column-10\">40-60<\/td><td class=\"column-11\">10.6<\/td>\n<\/tr>\n<\/tbody>\n<\/table>\n<!-- #tablepress-31 from cache --><\/div>\n<\/div>\n<div><\/div>\n<div class=\"woocb\"><a class=\"wocb\" href=\"http:\/\/www.beiaole.com\/wp-content\/uploads\/2025\/09\/d3.4.2.pdf\" target=\"_blank\" rel=\"noopener\">formieren<\/a><\/div>\n<div><\/div>\n<p><img loading=\"lazy\" decoding=\"async\" class=\"aligncenter wp-image-17261 size-large\" src=\"http:\/\/www.beiaole.com\/wp-content\/uploads\/2025\/08\/x3.4-1024x334.jpg\" alt=\"Silent Duct Fan-q1\" width=\"1024\" height=\"334\" data-no-translation=\"\" \/><\/p>","protected":false},"excerpt":{"rendered":"<ul>\n<li>\n<h2>Ruhige Funktion:<\/h2>\n<p>\u202ffortschritten\u202fmotorisch und \u202fausgeglichen\u202fAerodynamische \u202fdesign\u202fbehalten\u202fniedrigere \u202fNiveaus\u202f(25\u202f\u2013\u202f45\u202fDB)\u202fF\u00fcr \u202f\u202fUmwelt.<\/li>\n<li>\n<h2>Effizienter Kupfer\u202fMotor:<\/h2>\n<p>\u202fEnergie-Sparen\u202fAll\u2011Kupfer\u202fKern\u202fMotor\u202fMit Ball\u202fLagern\u202fF\u00fcr \u202f-Smooth, \u202fStabile Leistung.<\/li>\n<li>\n<h2>St\u00e4rke \u202f und \u202f Haltbarkeit:<\/h2>\n<p>\u202fAlle Metall\u202fSteel\u202fHousing\u202fResists\u202fKorrosion\u202fund \u202fVibration\u202fJahre \u202fder \u202fkontinuierliche \u202fUse.<\/li>\n<li>\n<h2>Glattes Luftstrom\u202fSystem:<\/h2>\n<p>\u202fintegrierter \u202fmotorischer und \u202fduct\u202fstruktur\u202fStruktur reduziert die Resistenz\u202fund\u202fvibration\u202f f\u00fcr \u202f gleichm\u00e4\u00dfige \u202fVerteilung.<\/li>\n<li>\n<h2>Leistungsstarke Leistung:<\/h2>\n<p>\u202fLuftstr\u00f6mungsbereiche\u202fvon \u202f230\u202f1,200\u202fm\u00b3\/h\u202fmit \u202fstatischer Druck\u202fUp\u202fbis\u202f410\u202fPa\u202f-\u202f-\u202fIdeal\u202ff\u00fcr \u202flange \u202f-Duct\u202f-Runs.<\/li>\n<li>\n<h2>Dual-Speed-Optionen:<\/h2>\n<p>\u202fhoch \u202f\/\u202fniedrigere \u202fG\u00e4nge\u202fBestimmung \u202f\u00dcberatmung\u202fSt\u00e4rke\u202fund \u202fPower\u202fUse.<\/li>\n<li>\n<h2>Kompakt\u202fund\u202fflexibel:<\/h2>\n<p>\u202fpasst\u202fduct\u202fsizes\u202f\u00f8100\u202f\u00f8200mm, \u202fperfekt \u202ff\u00fcr \u202fWerks,\u202fgewerbe,\u202foder\u202fIndustrial\u202fInstallationen.<\/li>\n<li>\n<h2>\u202fWartung:<\/h2>\n<p>\u202f rugged \u202f construction \u202f und \u202f accessible \u202f design \u202f vereinfachen \u202f s\u00e4ubern \u202f und \u202f service.<\/li>\n<\/ul>\n<hr \/>","protected":false},"featured_media":4733,"comment_status":"open","ping_status":"closed","template":"","meta":{"_acf_changed":false},"product_brand":[],"product_cat":[27],"product_tag":[],"class_list":{"0":"post-4720","1":"product","2":"type-product","3":"status-publish","4":"has-post-thumbnail","6":"product_cat-inline-duct-fan","8":"first","9":"instock","10":"taxable","11":"shipping-taxable","12":"purchasable","13":"product-type-variable","14":"has-default-attributes"},"acf":[],"_links":{"self":[{"href":"https:\/\/www.ecvents.com\/de\/wp-json\/wp\/v2\/product\/4720","targetHints":{"allow":["GET"]}}],"collection":[{"href":"https:\/\/www.ecvents.com\/de\/wp-json\/wp\/v2\/product"}],"about":[{"href":"https:\/\/www.ecvents.com\/de\/wp-json\/wp\/v2\/types\/product"}],"replies":[{"embeddable":true,"href":"https:\/\/www.ecvents.com\/de\/wp-json\/wp\/v2\/comments?post=4720"}],"wp:featuredmedia":[{"embeddable":true,"href":"https:\/\/www.ecvents.com\/de\/wp-json\/wp\/v2\/media\/4733"}],"wp:attachment":[{"href":"https:\/\/www.ecvents.com\/de\/wp-json\/wp\/v2\/media?parent=4720"}],"wp:term":[{"taxonomy":"product_brand","embeddable":true,"href":"https:\/\/www.ecvents.com\/de\/wp-json\/wp\/v2\/product_brand?post=4720"},{"taxonomy":"product_cat","embeddable":true,"href":"https:\/\/www.ecvents.com\/de\/wp-json\/wp\/v2\/product_cat?post=4720"},{"taxonomy":"product_tag","embeddable":true,"href":"https:\/\/www.ecvents.com\/de\/wp-json\/wp\/v2\/product_tag?post=4720"}],"curies":[{"name":"WP","href":"https:\/\/api.w.org\/{rel}","templated":true}]}}