{"id":4726,"date":"2026-03-19T06:03:43","date_gmt":"2026-03-19T11:03:43","guid":{"rendered":"https:\/\/www.ecvents.com\/?post_type=product&#038;p=4726"},"modified":"2026-03-19T06:04:31","modified_gmt":"2026-03-19T11:04:31","slug":"1-bis-2-slim-inline-lufter","status":"publish","type":"product","link":"https:\/\/www.ecvents.com\/de\/product\/1-bis-2-slim-inline-lufter\/","title":{"rendered":"1 bis 2 Slim Inline-L\u00fcfter"},"content":{"rendered":"<div class=\"someee\">\n<h2><strong>Kompakte St\u00e4rke. leiser Betrieb. Gebaut f\u00fcr enge R\u00e4ume.<\/strong><\/h2>\n<p>der\u00a0<strong>1\u202fto\u202f2\u202fSchleim inline\u202ffan<\/strong>\u00a0ist f\u00fcr R\u00e4ume gemacht, in denen der Luftstrom kritisch ist, aber jeder Zentimeter z\u00e4hlt. Mit seinem schlanken Profil passt es m\u00fchelos in Decken, schmale Kan\u00e4le oder kompakte Installationen und liefert gleichzeitig den gleichm\u00e4\u00dfigen Hochdruck-Luftstrom, der erforderlich ist, um die Luft durch lange L\u00e4ufe gleichm\u00e4\u00dfig und leise in Bewegung zu halten.<\/p>\n<p>Im Inneren ein\u00a0<strong>All\u2011Kupfer\u202fEnergiesparender\u202fMotor<\/strong>\u00a0gepaart mit\u00a0<strong>Hochwertige Kugellager<\/strong>\u00a0Gew\u00e4hrleistet eine reibungslose und vibrationsarme Leistung im Dauerbetrieb. Das integrierte Design \u2013 bei dem der Schrank und der Luftkanal eine einzige stromlinienf\u00f6rmige Einheit bilden \u2013 erh\u00f6ht die Stabilit\u00e4t, reduziert mechanische Ger\u00e4usche und sorgt f\u00fcr einen effizienten Luftstrom bei jedem Einsatz.<\/p>\n<p>eingeh\u00fcllt in\u00a0<strong>Hochwertiger Stahl<\/strong>, Das Geh\u00e4use f\u00fchlt sich solide und f\u00fcr die Lebensdauer an. Es ist best\u00e4ndig gegen Rost, St\u00f6\u00dfe und Verwerfungen und h\u00e4lt starken Einsatz in anspruchsvollen Umgebungen stand - von Wohnungsdecken bis zu Werkst\u00e4tten oder Anbaur\u00e4umen. Trotz der robusten Bauweise bleibt es kompakt, einfach zu installieren und au\u00dfergew\u00f6hnlich leise.<\/p>\n<p>Mit mehreren Gr\u00f6\u00dfen und Einstellungen f\u00fcr hohe\/niedrige Geschwindigkeit passt der 1\u202f bis 2\u202f slim \u202fFan reibungslos in jedes L\u00fcftungsnetzwerk. Es kann als eigenst\u00e4ndige L\u00f6sung f\u00fcr kleinere R\u00e4ume fungieren oder f\u00fcr gr\u00f6\u00dfere, komplexere Systeme mit anderen Ventilatoren arbeiten. Egal wo es platziert ist, es funktioniert leise - ein starker, gleichm\u00e4\u00dfiger Luftstrom, der jeden Raum ausgeglichen und frisch h\u00e4lt.<\/p>\n<\/div>\n<hr \/>\n<p>Abmessungen (Einheit: mm):<\/p>\n<div class=\"scroll-table-wrapper\">\n<div class=\"scroll-table\">\n<table id=\"tablepress-32\" class=\"tablepress tablepress-id-32\">\n<thead>\n<tr class=\"row-1\">\n\t<th class=\"column-1\">modellieren<\/th><th class=\"column-2\">L<\/th><th class=\"column-3\">l1<\/th><th class=\"column-4\">l2<\/th><th class=\"column-5\">W<\/th><th class=\"column-6\">W1<\/th><th class=\"column-7\">H<\/th><th class=\"column-8\">h1<\/th><th class=\"column-9\">D<\/th>\n<\/tr>\n<\/thead>\n<tbody class=\"row-striping row-hover\">\n<tr class=\"row-2\">\n\t<td class=\"column-1\">DPT07-12H (1T2)<\/td><td class=\"column-2\">406<\/td><td class=\"column-3\">300<\/td><td class=\"column-4\">198<\/td><td class=\"column-5\">300<\/td><td class=\"column-6\">340<\/td><td class=\"column-7\">85<\/td><td class=\"column-8\">15<\/td><td class=\"column-9\">\u03c665<\/td>\n<\/tr>\n<tr class=\"row-3\">\n\t<td class=\"column-1\">DPT10-24H(1T2)<\/td><td class=\"column-2\">580<\/td><td class=\"column-3\">403<\/td><td class=\"column-4\">300<\/td><td class=\"column-5\">400<\/td><td class=\"column-6\">437<\/td><td class=\"column-7\">121<\/td><td class=\"column-8\">30<\/td><td class=\"column-9\">\u03c6100<\/td>\n<\/tr>\n<tr class=\"row-4\">\n\t<td class=\"column-1\">DPT15-34H(1T2)<\/td><td class=\"column-2\">551<\/td><td class=\"column-3\">403<\/td><td class=\"column-4\">300<\/td><td class=\"column-5\">400<\/td><td class=\"column-6\">437<\/td><td class=\"column-7\">196<\/td><td class=\"column-8\">30<\/td><td class=\"column-9\">\u03c6150<\/td>\n<\/tr>\n<tr class=\"row-5\">\n\t<td class=\"column-1\">DPT15-45H(1T2)<\/td><td class=\"column-2\">551<\/td><td class=\"column-3\">403<\/td><td class=\"column-4\">300<\/td><td class=\"column-5\">400<\/td><td class=\"column-6\">437<\/td><td class=\"column-7\">196<\/td><td class=\"column-8\">30<\/td><td class=\"column-9\">\u03c6150<\/td>\n<\/tr>\n<\/tbody>\n<\/table>\n<!-- #tablepress-32 from cache --><\/div>\n<\/div>\n<div><\/div>\n<div class=\"woocb\"><a class=\"wocb\" href=\"http:\/\/www.beiaole.com\/wp-content\/uploads\/2025\/09\/d3.5.1.pdf\" target=\"_blank\" rel=\"noopener\">formieren<\/a><\/div>\n<div><\/div>\n<p><img loading=\"lazy\" decoding=\"async\" class=\"aligncenter wp-image-16569 size-large\" src=\"http:\/\/www.beiaole.com\/wp-content\/uploads\/2025\/08\/s3.5-1024x489.png\" alt=\"1 to 2 Slim Inline Fan-size\" width=\"1024\" height=\"489\" data-no-translation=\"\" \/><br \/>\nLeistung:<\/p>\n<div class=\"scroll-table-wrapper\">\n<div class=\"scroll-table\">\n<table id=\"tablepress-33\" class=\"tablepress tablepress-id-33\">\n<thead>\n<tr class=\"row-1\">\n\t<th class=\"column-1\">modellieren<\/th><th class=\"column-2\">Spannung(V)<\/th><th class=\"column-3\">Frequenz (Hz)<\/th><th class=\"column-4\">ausrichten<\/th><th class=\"column-5\">Leistung (W)<\/th><th class=\"column-6\">Luftstrom (m\u00b3\/h)<\/th><th class=\"column-7\">statischer Druck (PA)<\/th><th class=\"column-8\">L\u00e4rm (db)<\/th><th class=\"column-9\">Kanalgr\u00f6\u00dfe (mm)<\/th><th class=\"column-10\">Anwendungsgebiet(m\u00b2)<\/th><th class=\"column-11\">N.M (kg)<\/th>\n<\/tr>\n<\/thead>\n<tbody class=\"row-striping row-hover\">\n<tr class=\"row-2\">\n\t<td class=\"column-1\">DPT07-12H (1T2)<\/td><td class=\"column-2\">220<\/td><td class=\"column-3\">50<\/td><td class=\"column-4\">h \/ l<\/td><td class=\"column-5\">25\/18<\/td><td class=\"column-6\">110\/80<\/td><td class=\"column-7\">155<\/td><td class=\"column-8\">20<\/td><td class=\"column-9\">\u03c675<\/td><td class=\"column-10\">5-10<\/td><td class=\"column-11\">5.0<\/td>\n<\/tr>\n<tr class=\"row-3\">\n\t<td class=\"column-1\">DPT10-24H(1T2)<\/td><td class=\"column-2\">220<\/td><td class=\"column-3\">50<\/td><td class=\"column-4\">h \/ l<\/td><td class=\"column-5\">48\/38<\/td><td class=\"column-6\">230\/180<\/td><td class=\"column-7\">160<\/td><td class=\"column-8\">25<\/td><td class=\"column-9\">\u03c6100<\/td><td class=\"column-10\">8-15<\/td><td class=\"column-11\">6.5<\/td>\n<\/tr>\n<tr class=\"row-4\">\n\t<td class=\"column-1\">DPT15-34H(1T2)<\/td><td class=\"column-2\">220<\/td><td class=\"column-3\">50<\/td><td class=\"column-4\">h \/ l<\/td><td class=\"column-5\">60\/45<\/td><td class=\"column-6\">350\/250<\/td><td class=\"column-7\">220<\/td><td class=\"column-8\">30<\/td><td class=\"column-9\">\u03c6150<\/td><td class=\"column-10\">20-25<\/td><td class=\"column-11\">8.4<\/td>\n<\/tr>\n<tr class=\"row-5\">\n\t<td class=\"column-1\">DPT15-45H(1T2)<\/td><td class=\"column-2\">220<\/td><td class=\"column-3\">50<\/td><td class=\"column-4\">h \/ l<\/td><td class=\"column-5\">84\/78<\/td><td class=\"column-6\">500\/420<\/td><td class=\"column-7\">260<\/td><td class=\"column-8\">34<\/td><td class=\"column-9\">\u03c6150<\/td><td class=\"column-10\">25-30<\/td><td class=\"column-11\">8.8<\/td>\n<\/tr>\n<\/tbody>\n<\/table>\n<!-- #tablepress-33 from cache --><\/div>\n<\/div>\n<div><\/div>\n<div class=\"woocb\"><a class=\"wocb\" href=\"http:\/\/www.beiaole.com\/wp-content\/uploads\/2025\/09\/d3.5.2.pdf\" target=\"_blank\" rel=\"noopener\">formieren<\/a><\/div>\n<div><\/div>\n<p><img loading=\"lazy\" decoding=\"async\" class=\"aligncenter wp-image-17265 size-large\" src=\"http:\/\/www.beiaole.com\/wp-content\/uploads\/2025\/08\/x3.5-1024x307.jpg\" alt=\"1 to 2 Slim Inline Fan-q1\" width=\"1024\" height=\"307\" data-no-translation=\"\" \/><\/p>","protected":false},"excerpt":{"rendered":"<ul>\n<li>\n<h2>Schlankes und \u202fKompaktes Design:<\/h2>\n<p>\u202fpasst \u202f einfach \u202f in \u202f tight \u202f \u202f und \u202f \u202f installationen \u202f ohne operieren \u202f \u202f \u202f oder \u202f luftstrom.<\/li>\n<li>\n<h2>Hocheffizienter Kupfer-Motor:<\/h2>\n<p>\u202fEnergie-Saving\u202fDesign\u202f l\u00e4uft \u202f glatt \u202f und \u202f leise \u202f unter \u202f kontinuierliche \u202f \u202f \u202f \u202f \u202f \u202f \u202f leise \u202f \u202f \u202f \u202f \u202f \u202f \u202f \u202f \ufffd.<\/li>\n<li>\n<h2>Kugellager\u202fStabilit\u00e4t:<\/h2>\n<p>\u202f Pr\u00e4zisions-Engineered \u202f Lagern \u202f Langfristige Operationen \u202f mit minimaler \u202f Wartungsarbeiten.<\/li>\n<li>\n<h2>Langlebige\u202fAll\u2011Metall\u202fBau:<\/h2>\n<p>\u202fHeavy-Duty\u202fSteel\u202fHousing\u202fWidling \u202fVerformung, \u202fVibration, \u202f und \u202fkorrosion\u202f f\u00fcr \u202f industrial \u202f oder \u202f \u202f \u202f \u202f \u202f \u202f \u202f \u202f \u202f \u202f \u202f \u202f \u202f \u202f \u202f \u202f \u202f \u202f \u202f \u202f \u202f \u202f \u202f.<\/li>\n<li>\n<h2>Starke \u202f Air\u202f Performance:<\/h2>\n<p>\u202f von \u202f \u202f \u202f \u202f \u202f \u202f \u202f \u202f m\u00b3\/h\u202fund\u202fdruck \u202f \u202f \u202f260\u202f PA\u202f f\u00fcr \u202f f\u00fcr \u202f \u202f \u202f \u202f \u202f \u202f \u202f \u202f \u202f \u202f \u202f \u202f \u202f \u202f \u202f \u202f \u202f \u202f \u202f \u202f \u202f \u202f \u202f von \u202f \u202f von .<\/li>\n<li>\n<h2>Ruhige Funktion:<\/h2>\n<p>\u202fNoise\u202fLevels\u202fs\u202fniedrig-AS\u202f20\u202f34\u202fDB\u202fUmweltbequemlichkeit\u202fkomfortabel\u202f und \u202f ablenken\u202f frei.<\/li>\n<li>\n<h2>Flexible Integration:<\/h2>\n<p>\u202fBetreibt \u202fAlone\u202f oder\u202fIn Serien\u202fMit mehrfachen \u202fFans\u202fTo\u202fBoost\u202fEntl\u00fcftung\u202fLeistung.<\/li>\n<li>\n<h2>Niedrig\u202fEnergie\u202fVerwenden:<\/h2>\n<p>\u202fVerbraucht\u202f25\u202f\u2013\u202f84\u202fw, \u202fLeistungsvolle \u202fLuftstr\u00f6mung \u202fohne \u202fVerschwendung von \u202fVerschwendung.<\/li>\n<\/ul>\n<hr \/>","protected":false},"featured_media":4734,"comment_status":"open","ping_status":"closed","template":"","meta":{"_acf_changed":false},"product_brand":[],"product_cat":[27],"product_tag":[],"class_list":{"0":"post-4726","1":"product","2":"type-product","3":"status-publish","4":"has-post-thumbnail","6":"product_cat-inline-duct-fan","8":"first","9":"instock","10":"taxable","11":"shipping-taxable","12":"purchasable","13":"product-type-variable","14":"has-default-attributes"},"acf":[],"_links":{"self":[{"href":"https:\/\/www.ecvents.com\/de\/wp-json\/wp\/v2\/product\/4726","targetHints":{"allow":["GET"]}}],"collection":[{"href":"https:\/\/www.ecvents.com\/de\/wp-json\/wp\/v2\/product"}],"about":[{"href":"https:\/\/www.ecvents.com\/de\/wp-json\/wp\/v2\/types\/product"}],"replies":[{"embeddable":true,"href":"https:\/\/www.ecvents.com\/de\/wp-json\/wp\/v2\/comments?post=4726"}],"wp:featuredmedia":[{"embeddable":true,"href":"https:\/\/www.ecvents.com\/de\/wp-json\/wp\/v2\/media\/4734"}],"wp:attachment":[{"href":"https:\/\/www.ecvents.com\/de\/wp-json\/wp\/v2\/media?parent=4726"}],"wp:term":[{"taxonomy":"product_brand","embeddable":true,"href":"https:\/\/www.ecvents.com\/de\/wp-json\/wp\/v2\/product_brand?post=4726"},{"taxonomy":"product_cat","embeddable":true,"href":"https:\/\/www.ecvents.com\/de\/wp-json\/wp\/v2\/product_cat?post=4726"},{"taxonomy":"product_tag","embeddable":true,"href":"https:\/\/www.ecvents.com\/de\/wp-json\/wp\/v2\/product_tag?post=4726"}],"curies":[{"name":"WP","href":"https:\/\/api.w.org\/{rel}","templated":true}]}}