{"id":4736,"date":"2026-03-19T06:04:07","date_gmt":"2026-03-19T11:04:07","guid":{"rendered":"https:\/\/www.ecvents.com\/?post_type=product&#038;p=4736"},"modified":"2026-03-19T06:04:31","modified_gmt":"2026-03-19T11:04:31","slug":"single-way-inline-box-fan-2","status":"publish","type":"product","link":"https:\/\/www.ecvents.com\/de\/product\/single-way-inline-box-fan-2\/","title":{"rendered":"Einweg-Inline-Box-Fan"},"content":{"rendered":"<div class=\"someee\">\n<h2><strong>Starker Fluss. stetige Leistung. Gebaut f\u00fcr kontinuierliche Bel\u00fcftung.<\/strong><\/h2>\n<p>der\u00a0<strong>Einweg\u202fInline\u202fBox\u202fFan<\/strong>\u00a0Ist f\u00fcr diejenigen konzipiert, die einen zuverl\u00e4ssigen Luftstrom ohne L\u00e4rm oder Komplexit\u00e4t verlangen. Kompakt, langlebig und effizient, bietet eine konsistente Bel\u00fcftung \u00fcber lange Kanalsysteme - die Art von L\u00fcfter, die Sie einmal installieren und dann vergessen, weil er einfach seine Arbeit fortsetzt.<\/p>\n<p>Kern des Systems ist ein\u00a0<strong>All\u2011Kupfer\u202fEnergiesparender\u202fMotor<\/strong>\u00a0gepaart mit\u00a0<strong>Hochwertige Kugellager<\/strong>\u00a0F\u00fcr Langzeitstabilit\u00e4t und ultra-leiser Betrieb. Der Motor und der Luftkanal sind als einzelne, aerodynamische Einheit konstruiert, sodass die Luft mit minimalem Widerstand reibungslos durchstr\u00f6mt wird. Dieses Pr\u00e4zisionsdesign sorgt f\u00fcr einen starken Luftstrom und einen ausgeglichenen Druck bei niedrigem Energieverbrauch.<\/p>\n<p>Gebaut aus\u00a0<strong>Hochwertiger Stahl<\/strong>, das Geh\u00e4use aus Metall verleiht dem Ventilator sein solides Gewicht und Zuverl\u00e4ssigkeit. Es ist als einteilige Schale gefertigt, die Rost, Vibration und Verformung widersteht - ideal f\u00fcr anspruchsvolle Umgebungen wie Industrieanlagen, Werkst\u00e4tten oder kommerzielle L\u00fcftungssysteme.<\/p>\n<p>Was es besonders vielseitig macht, ist sein\u00a0<strong>Flexible Gr\u00f6\u00dfen und Kompatibilit\u00e4t<\/strong>. drohen Mit mehreren Modellen\u202fund\u202fLuftkapazit\u00e4ten\u202f von \u202f300\u202f\u202f4.000 m\u00b3\/h passt es sich sowohl an kleine als auch gro\u00dfe R\u00e4ume an und arbeitet als eigenst\u00e4ndige Einheit \u2013 oder als \u202f als \u202f \u202f \u202f \u202f ver\u00e4nderbar. Die Installation ist straightforward, und \u202faus und \u202fEinmal l\u00e4uft es, es ist eine \u2011ger\u00e4uscharme\u202fLeistung\u202fund \u202fausgang\u202fausgabe\u202f es ist eine \u202fgesunde \u202fEmpfehlung\u202fjedes \u202fgesaugte System.<\/p>\n<p>Ruhige St\u00e4rke, effizientes Design und zuverl\u00e4ssiger Luftstrom \u2013 der einseitige Box-Fan sorgt f\u00fcr ein ausgeglichenes und angenehmes Raumklima, ohne um Aufmerksamkeit zu bitten.<\/p>\n<\/div>\n<hr \/>\n<p>Abmessungen (Einheit: mm):<\/p>\n<div class=\"scroll-table-wrapper\">\n<div class=\"scroll-table\">\n<table id=\"tablepress-34\" class=\"tablepress tablepress-id-34\">\n<thead>\n<tr class=\"row-1\">\n\t<th class=\"column-1\">modellieren<\/th><th class=\"column-2\">L<\/th><th class=\"column-3\">l1<\/th><th class=\"column-4\">W<\/th><th class=\"column-5\">W1<\/th><th class=\"column-6\">H<\/th><th class=\"column-7\">h1<\/th><th class=\"column-8\">C<\/th>\n<\/tr>\n<\/thead>\n<tbody class=\"row-striping row-hover\">\n<tr class=\"row-2\">\n\t<td class=\"column-1\">DPT15-40<\/td><td class=\"column-2\">450<\/td><td class=\"column-3\">200<\/td><td class=\"column-4\">310<\/td><td class=\"column-5\">349<\/td><td class=\"column-6\">226<\/td><td class=\"column-7\">30<\/td><td class=\"column-8\">\u03c6150<\/td>\n<\/tr>\n<tr class=\"row-3\">\n\t<td class=\"column-1\">DPT20-70<\/td><td class=\"column-2\">463<\/td><td class=\"column-3\">263<\/td><td class=\"column-4\">325<\/td><td class=\"column-5\">363<\/td><td class=\"column-6\">240<\/td><td class=\"column-7\">126.5<\/td><td class=\"column-8\">\u03c6200<\/td>\n<\/tr>\n<tr class=\"row-4\">\n\t<td class=\"column-1\">DPT20-150<\/td><td class=\"column-2\">513<\/td><td class=\"column-3\">313<\/td><td class=\"column-4\">385<\/td><td class=\"column-5\">423<\/td><td class=\"column-6\">260<\/td><td class=\"column-7\">136.5<\/td><td class=\"column-8\">\u03c6200<\/td>\n<\/tr>\n<tr class=\"row-5\">\n\t<td class=\"column-1\">DPT25-210<\/td><td class=\"column-2\">553<\/td><td class=\"column-3\">353<\/td><td class=\"column-4\">417<\/td><td class=\"column-5\">455<\/td><td class=\"column-6\">300<\/td><td class=\"column-7\">155.5<\/td><td class=\"column-8\">\u03c6250<\/td>\n<\/tr>\n<tr class=\"row-6\">\n\t<td class=\"column-1\">DPT25-260<\/td><td class=\"column-2\">570<\/td><td class=\"column-3\">370<\/td><td class=\"column-4\">442<\/td><td class=\"column-5\">480<\/td><td class=\"column-6\">300<\/td><td class=\"column-7\">155.5<\/td><td class=\"column-8\">\u03c6250<\/td>\n<\/tr>\n<tr class=\"row-7\">\n\t<td class=\"column-1\">DPT25-320<\/td><td class=\"column-2\">615<\/td><td class=\"column-3\">423<\/td><td class=\"column-4\">500<\/td><td class=\"column-5\">538<\/td><td class=\"column-6\">375<\/td><td class=\"column-7\">173.5<\/td><td class=\"column-8\">\u03c6300<\/td>\n<\/tr>\n<\/tbody>\n<\/table>\n<!-- #tablepress-34 from cache --><\/div>\n<\/div>\n<div><\/div>\n<div class=\"woocb\"><a class=\"wocb\" href=\"http:\/\/www.beiaole.com\/wp-content\/uploads\/2025\/08\/d3.6.1.pdf\" target=\"_blank\" rel=\"noopener\">formieren<\/a><\/div>\n<div><\/div>\n<p><img loading=\"lazy\" decoding=\"async\" class=\"aligncenter wp-image-16592 size-large\" src=\"http:\/\/www.beiaole.com\/wp-content\/uploads\/2025\/08\/s3.6-1024x475.png\" alt=\"Single Way Inline Box Fan-size\" width=\"1024\" height=\"475\" data-no-translation=\"\" \/><br \/>\nLeistung:<\/p>\n<div class=\"scroll-table-wrapper\">\n<div class=\"scroll-table\">\n<table id=\"tablepress-35\" class=\"tablepress tablepress-id-35\">\n<thead>\n<tr class=\"row-1\">\n\t<th class=\"column-1\">modellieren<\/th><th class=\"column-2\">Spannung(V)<\/th><th class=\"column-3\">Frequenz (Hz)<\/th><th class=\"column-4\">ausrichten<\/th><th class=\"column-5\">Leistung (W)<\/th><th class=\"column-6\">Luftstrom (m\u00b3\/h)<\/th><th class=\"column-7\">statischer Druck (PA)<\/th><th class=\"column-8\">L\u00e4rm (db)<\/th><th class=\"column-9\">Kanalgr\u00f6\u00dfe (mm)<\/th><th class=\"column-10\">Anwendungsgebiet(m\u00b2)<\/th><th class=\"column-11\">N.W. (kg)<\/th>\n<\/tr>\n<\/thead>\n<tbody class=\"row-striping row-hover\">\n<tr class=\"row-2\">\n\t<td class=\"column-1\">DPT15-40<\/td><td class=\"column-2\">220<\/td><td class=\"column-3\">50<\/td><td class=\"column-4\">h \/ l<\/td><td class=\"column-5\">53\/70<\/td><td class=\"column-6\">300\/400<\/td><td class=\"column-7\">150-170<\/td><td class=\"column-8\">40<\/td><td class=\"column-9\">\u03c6150<\/td><td class=\"column-10\">20-25<\/td><td class=\"column-11\">7.5<\/td>\n<\/tr>\n<tr class=\"row-3\">\n\t<td class=\"column-1\">DPT20-70<\/td><td class=\"column-2\">220<\/td><td class=\"column-3\">50<\/td><td class=\"column-4\">h \/ l<\/td><td class=\"column-5\">110\/95<\/td><td class=\"column-6\">500\/700<\/td><td class=\"column-7\">180\/160<\/td><td class=\"column-8\">45<\/td><td class=\"column-9\">\u03c6200<\/td><td class=\"column-10\">30-35<\/td><td class=\"column-11\">8.5<\/td>\n<\/tr>\n<tr class=\"row-4\">\n\t<td class=\"column-1\">DPT20-150<\/td><td class=\"column-2\">220<\/td><td class=\"column-3\">50<\/td><td class=\"column-4\">h \/ l<\/td><td class=\"column-5\">160\/120<\/td><td class=\"column-6\">1200\/1500<\/td><td class=\"column-7\">350\/320<\/td><td class=\"column-8\">48<\/td><td class=\"column-9\">\u03c6200<\/td><td class=\"column-10\">60-80<\/td><td class=\"column-11\">15.5<\/td>\n<\/tr>\n<tr class=\"row-5\">\n\t<td class=\"column-1\">DPT25-210<\/td><td class=\"column-2\">220<\/td><td class=\"column-3\">50<\/td><td class=\"column-4\">h \/ l<\/td><td class=\"column-5\">240\/150<\/td><td class=\"column-6\">1700\/2100<\/td><td class=\"column-7\">400\/370<\/td><td class=\"column-8\">50<\/td><td class=\"column-9\">\u03c6250<\/td><td class=\"column-10\">85-120<\/td><td class=\"column-11\">19.0<\/td>\n<\/tr>\n<tr class=\"row-6\">\n\t<td class=\"column-1\">DPT25-260<\/td><td class=\"column-2\">220<\/td><td class=\"column-3\">50<\/td><td class=\"column-4\">h \/ l<\/td><td class=\"column-5\">300\/200<\/td><td class=\"column-6\">2300\/2600<\/td><td class=\"column-7\">450\/420<\/td><td class=\"column-8\">55<\/td><td class=\"column-9\">\u03c6250<\/td><td class=\"column-10\">150-210<\/td><td class=\"column-11\">20.0<\/td>\n<\/tr>\n<tr class=\"row-7\">\n\t<td class=\"column-1\">DPT30-320<\/td><td class=\"column-2\">220<\/td><td class=\"column-3\">50<\/td><td class=\"column-4\">h \/ l<\/td><td class=\"column-5\">350\/450<\/td><td class=\"column-6\">2800\/3200<\/td><td class=\"column-7\">500\/530<\/td><td class=\"column-8\">62<\/td><td class=\"column-9\">\u03c6300<\/td><td class=\"column-10\">240-270<\/td><td class=\"column-11\">22.0<\/td>\n<\/tr>\n<tr class=\"row-8\">\n\t<td class=\"column-1\">DPT30-400<\/td><td class=\"column-2\">220<\/td><td class=\"column-3\">50<\/td><td class=\"column-4\">h \/ l<\/td><td class=\"column-5\">510\/457<\/td><td class=\"column-6\">4000\/3600<\/td><td class=\"column-7\">560\/530<\/td><td class=\"column-8\">66<\/td><td class=\"column-9\">\u03c6300<\/td><td class=\"column-10\">300-270<\/td><td class=\"column-11\">25.0<\/td>\n<\/tr>\n<\/tbody>\n<\/table>\n<!-- #tablepress-35 from cache --><\/div>\n<\/div>\n<div><\/div>\n<div class=\"woocb\"><a class=\"wocb\" href=\"http:\/\/www.beiaole.com\/wp-content\/uploads\/2025\/08\/d3.6.2.pdf\" target=\"_blank\" rel=\"noopener\">formieren<\/a><\/div>\n<div><\/div>\n<p><img loading=\"lazy\" decoding=\"async\" class=\"aligncenter wp-image-17269 size-large\" src=\"http:\/\/www.beiaole.com\/wp-content\/uploads\/2025\/08\/x3.6-1024x298.jpg\" alt=\"Single Way Inline Box Fan-q1\" width=\"1024\" height=\"298\" data-no-translation=\"\" \/><\/p>","protected":false},"excerpt":{"rendered":"<ul>\n<li>\n<h2>Effizienter Kupfer\u202fMotor:<\/h2>\n<p>\u202fEnergie-Sparen\u202fMotor\u202fMit \u202fBall\u202fLagerungen\u202fStabiler\u202fLeistung\u202fund\u202fger\u00e4uscharmer Betrieb.<\/li>\n<li>\n<h2>Alles-Metall-Unterhaltung:<\/h2>\n<p>\u202fEinzel\u2011Steel\u202fKonstruktion\u202fResists\u202fKorrosion\u202fund \u202fVibration\u202fF\u00fcr \u202flangfristige\u202fIndustrial\u202fZuverl\u00e4ssigkeit.<\/li>\n<li>\n<h2>Hochdruck-Luftstrom:<\/h2>\n<p>\u202fgeneriert \u202fstatische \u202fDruck\u202fUp\u202fTo\u202f560\u202fPA\u202fF\u00fcr \u202feffizierende \u202fLangl\u00e4ufer\u202fLangl\u00e4ufe.<\/li>\n<li>\n<h2>Ruhige Funktion:<\/h2>\n<p>\u202fOptimierter \u202fAir\u202fChannel\u202fDesign\u202fDesign\u202fR\u00e4ume \u202fwie \u202fKleine\u202fAs\u202f66\u202fDB, \u202fAbh\u00e4ngig von der Geschwindigkeit des Modells\u202f und \u202f Geschwindigkeit.<\/li>\n<li>\n<h2>Flexible Leistung:<\/h2>\n<p>\u202fzwei-Speed\u202fSteuerung (hoch \u202f\/\u202fniedrig)\u202fBalance\u202fPower\u202f und Wirkungsgrad\u202f f\u00fcr \u202f unterschiedliche \u202f \u202f \u202f \u202f \u202f \u202f \u202f \u202f \u202f \u202f \u202f \u202f \u202f \u202f \u202f unterschiedliche \u202f \u202f \u202f \u202f \u202f kontrolle.<\/li>\n<li>\n<h2>Starke Ausgang:<\/h2>\n<p>\u202f zwischen \u202f300\u202fund\u202f4,000\u202fm\u00b3\/h\u202ff\u00fcr \u202fR\u00e4tsel \u202f270\u202fm\u00b2, \u202fZur\u00fcck \u202findische Anwendungen.<\/li>\n<li>\n<h2>Einfache Installation \u202fund \u202fWartung:<\/h2>\n<p>\u202fKompakt\u202fK\u00f6rper\u202fund \u202fZugriffsdesign\u202fVereinfachen\u202fSetup\u202fund \u202fReinigung f\u00fcr \u202fJede \u202fEntl\u00fcftung\u202fSystem.<\/li>\n<li>\n<h2>Langlebigkeit: Dauerhaftigkeit:<\/h2>\n<p>\u202fEntworfen\u202fF\u00fcr \u202fkontinuierliche \u202fUse\u202fMit \u202fStabiler \u202fBetrieb\u202fund \u202fMinimale\u202fAbnutzung\u202f\u00dcber die Zeit.<\/li>\n<\/ul>\n<hr \/>","protected":false},"featured_media":4763,"comment_status":"open","ping_status":"closed","template":"","meta":{"_acf_changed":false},"product_brand":[],"product_cat":[27],"product_tag":[],"class_list":{"0":"post-4736","1":"product","2":"type-product","3":"status-publish","4":"has-post-thumbnail","6":"product_cat-inline-duct-fan","8":"first","9":"outofstock","10":"taxable","11":"shipping-taxable","12":"purchasable","13":"product-type-variable"},"acf":[],"_links":{"self":[{"href":"https:\/\/www.ecvents.com\/de\/wp-json\/wp\/v2\/product\/4736","targetHints":{"allow":["GET"]}}],"collection":[{"href":"https:\/\/www.ecvents.com\/de\/wp-json\/wp\/v2\/product"}],"about":[{"href":"https:\/\/www.ecvents.com\/de\/wp-json\/wp\/v2\/types\/product"}],"replies":[{"embeddable":true,"href":"https:\/\/www.ecvents.com\/de\/wp-json\/wp\/v2\/comments?post=4736"}],"wp:featuredmedia":[{"embeddable":true,"href":"https:\/\/www.ecvents.com\/de\/wp-json\/wp\/v2\/media\/4763"}],"wp:attachment":[{"href":"https:\/\/www.ecvents.com\/de\/wp-json\/wp\/v2\/media?parent=4736"}],"wp:term":[{"taxonomy":"product_brand","embeddable":true,"href":"https:\/\/www.ecvents.com\/de\/wp-json\/wp\/v2\/product_brand?post=4736"},{"taxonomy":"product_cat","embeddable":true,"href":"https:\/\/www.ecvents.com\/de\/wp-json\/wp\/v2\/product_cat?post=4736"},{"taxonomy":"product_tag","embeddable":true,"href":"https:\/\/www.ecvents.com\/de\/wp-json\/wp\/v2\/product_tag?post=4736"}],"curies":[{"name":"WP","href":"https:\/\/api.w.org\/{rel}","templated":true}]}}