{"id":4743,"date":"2026-03-19T06:04:08","date_gmt":"2026-03-19T11:04:08","guid":{"rendered":"https:\/\/www.ecvents.com\/?post_type=product&#038;p=4743"},"modified":"2026-03-19T06:04:59","modified_gmt":"2026-03-19T11:04:59","slug":"metall-runder-zentrifugal-inline-lufter","status":"publish","type":"product","link":"https:\/\/www.ecvents.com\/de\/product\/metall-runder-zentrifugal-inline-lufter\/","title":{"rendered":"Metall runder Zentrifugal-Inline-L\u00fcfter"},"content":{"rendered":"<div class=\"someee\">\n<h2><strong>Solide Bauweise. stetiger Druck. Gebaut f\u00fcr langfristige Zuverl\u00e4ssigkeit.<\/strong><\/h2>\n<p>der\u00a0<strong>Metall\u202fRund\u202fZentrifugal\u202fInline\u202fFan<\/strong>\u00a0Ist f\u00fcr einen einfachen Zweck konzipiert - um die Luft Tag f\u00fcr Tag reibungslos, leise und kraftvoll zu halten. Es ist die Art von zuverl\u00e4ssiger Maschine, die Sie einmal installieren, vertrauen und selten wieder dar\u00fcber nachdenken.<\/p>\n<p>Im Kern sitzt ein\u00a0<strong>All\u2011Kupfer\u202fEnergiesparender\u202fMotor<\/strong>, ausdauernd und effizient. verbunden mit\u00a0<strong>Hochwertige Kugellager<\/strong>, Es l\u00e4uft mit minimaler Vibration oder Ger\u00e4usche - und liefert zuverl\u00e4ssige Leistung \u00fcber Jahre hinweg. Die Balance und Haltbarkeit des Motors machen ihn zum ruhigen, stabilen Herzen der zuverl\u00e4ssigen Bel\u00fcftung.<\/p>\n<p>Die St\u00e4rke des L\u00fcfters kommt von seiner\u00a0<strong>All\u2011Metall\u202fKonstruktion<\/strong>, aus dickem Stahl f\u00fcr Steifigkeit und Schutz. Das nahtlose Geh\u00e4use widersteht Korrosion, Biegung und Verwerfung - und eignet sich perfekt f\u00fcr Gew\u00e4chsh\u00e4user, Werkst\u00e4tten, Keller oder Fabrikumgebungen, in denen Feuchtigkeit und Druck st\u00e4ndig Herausforderungen sind. Einmal installiert, bleibt es reibungslos und funktioniert ohne Anpassungen.<\/p>\n<p>Kompakt in Form aber stark in der Leistung,\u00a0<strong>Zentrifugal\u202fImpeller<\/strong>\u00a0Das Design bietet einen Luftstrom mit hohem Druck und Fernluft, ideal f\u00fcr ged\u00fcbte Anwendungen, die eine gleichbleibende Leistung erfordern. Mit mehreren Gr\u00f6\u00dfen von \u202f 100 \u202f mm \u202f bis 315 mm integriert, l\u00e4sst es sich problemlos integrieren, ob als Einzelger\u00e4t oder mit anderen L\u00fcftern f\u00fcr erweiterte Reichweite oder h\u00f6here Luftvolumen.<\/p>\n<p>Zuverl\u00e4ssig, energieeffizient und leise im Betrieb, der metallene zentrifugal inline \u202ffan\u202ffan\u202f\u00dcberproduziert nicht \u2013 es liefert nur einen stufigen Luftstrom\u202fgenau, wo es n\u00f6tig ist.<\/p>\n<\/div>\n<hr \/>\n<p>Abmessungen (Einheit: mm):<\/p>\n<div class=\"scroll-table-wrapper\">\n<div class=\"scroll-table\">\n<table id=\"tablepress-36\" class=\"tablepress tablepress-id-36\">\n<thead>\n<tr class=\"row-1\">\n\t<th class=\"column-1\">modellieren<\/th><th class=\"column-2\">a<\/th><th class=\"column-3\">b<\/th><th class=\"column-4\">c<\/th><th class=\"column-5\">\u00d8D<\/th>\n<\/tr>\n<\/thead>\n<tbody class=\"row-striping row-hover\">\n<tr class=\"row-2\">\n\t<td class=\"column-1\">DJT10-25B<\/td><td class=\"column-2\">195<\/td><td class=\"column-3\">30<\/td><td class=\"column-4\">237<\/td><td class=\"column-5\">98<\/td>\n<\/tr>\n<tr class=\"row-3\">\n\t<td class=\"column-1\">DJT12-35B<\/td><td class=\"column-2\">196<\/td><td class=\"column-3\">30<\/td><td class=\"column-4\">237<\/td><td class=\"column-5\">123<\/td>\n<\/tr>\n<tr class=\"row-4\">\n\t<td class=\"column-1\">DJT15-45B<\/td><td class=\"column-2\">238<\/td><td class=\"column-3\">30<\/td><td class=\"column-4\">326<\/td><td class=\"column-5\">148<\/td>\n<\/tr>\n<tr class=\"row-5\">\n\t<td class=\"column-1\">DJT16-45B<\/td><td class=\"column-2\">240<\/td><td class=\"column-3\">30<\/td><td class=\"column-4\">326<\/td><td class=\"column-5\">158<\/td>\n<\/tr>\n<tr class=\"row-6\">\n\t<td class=\"column-1\">DJT20-46B<\/td><td class=\"column-2\">224<\/td><td class=\"column-3\">30<\/td><td class=\"column-4\">326<\/td><td class=\"column-5\">198<\/td>\n<\/tr>\n<tr class=\"row-7\">\n\t<td class=\"column-1\">DJT25-66B<\/td><td class=\"column-2\">224<\/td><td class=\"column-3\">30<\/td><td class=\"column-4\">326<\/td><td class=\"column-5\">248<\/td>\n<\/tr>\n<tr class=\"row-8\">\n\t<td class=\"column-1\">DJT31 -66b<\/td><td class=\"column-2\">240<\/td><td class=\"column-3\">30<\/td><td class=\"column-4\">396<\/td><td class=\"column-5\">313<\/td>\n<\/tr>\n<\/tbody>\n<\/table>\n<!-- #tablepress-36 from cache --><\/div>\n<\/div>\n<div><\/div>\n<div class=\"woocb\"><a class=\"wocb\" href=\"http:\/\/www.beiaole.com\/wp-content\/uploads\/2025\/08\/d3.7.1.pdf\" target=\"_blank\" rel=\"noopener\">formieren<\/a><\/div>\n<div><\/div>\n<p><img loading=\"lazy\" decoding=\"async\" class=\"aligncenter wp-image-16614 size-large\" src=\"http:\/\/www.beiaole.com\/wp-content\/uploads\/2025\/08\/s3.7-1024x965.png\" alt=\"Metal Round Centrifugal Inline Fan-size\" width=\"1024\" height=\"965\" data-no-translation=\"\" \/><br \/>\nLeistung:<\/p>\n<div class=\"scroll-table-wrapper\">\n<div class=\"scroll-table\">\n<table id=\"tablepress-37\" class=\"tablepress tablepress-id-37\">\n<thead>\n<tr class=\"row-1\">\n\t<th class=\"column-1\">modellieren<\/th><th class=\"column-2\">Spannung(V)<\/th><th class=\"column-3\">Frequenz (Hz)<\/th><th class=\"column-4\">Luftstrom (m\u00b3\/h)<\/th><th class=\"column-5\">Leistung (W)<\/th><th class=\"column-6\">statischer Druck (PA)<\/th><th class=\"column-7\">L\u00e4rm (db)<\/th><th class=\"column-8\">Kanalgr\u00f6\u00dfe (mm)<\/th><th class=\"column-9\">Anwendungsgebiet(m\u00b2)<\/th><th class=\"column-10\">Verpackungsgr\u00f6\u00dfe (cm)<\/th><th class=\"column-11\">Verpackungsgewicht (kg)<\/th>\n<\/tr>\n<\/thead>\n<tbody class=\"row-striping row-hover\">\n<tr class=\"row-2\">\n\t<td class=\"column-1\">DJT10-25B<\/td><td class=\"column-2\">220~240<\/td><td class=\"column-3\">50<\/td><td class=\"column-4\">300<\/td><td class=\"column-5\">61<\/td><td class=\"column-6\">377<\/td><td class=\"column-7\">62<\/td><td class=\"column-8\">\u00d8100<\/td><td class=\"column-9\">12-16<\/td><td class=\"column-10\">31*31*25<\/td><td class=\"column-11\">3.5<\/td>\n<\/tr>\n<tr class=\"row-3\">\n\t<td class=\"column-1\">DJT12-35B<\/td><td class=\"column-2\">220~240<\/td><td class=\"column-3\">50<\/td><td class=\"column-4\">385<\/td><td class=\"column-5\">62<\/td><td class=\"column-6\">339<\/td><td class=\"column-7\">61<\/td><td class=\"column-8\">\u00d8125<\/td><td class=\"column-9\">16-21<\/td><td class=\"column-10\">31*31*25<\/td><td class=\"column-11\">3.5<\/td>\n<\/tr>\n<tr class=\"row-4\">\n\t<td class=\"column-1\">DJT15-45B<\/td><td class=\"column-2\">220~240<\/td><td class=\"column-3\">50<\/td><td class=\"column-4\">700<\/td><td class=\"column-5\">88<\/td><td class=\"column-6\">399<\/td><td class=\"column-7\">66<\/td><td class=\"column-8\">\u00d8150<\/td><td class=\"column-9\">29-38<\/td><td class=\"column-10\">40*40*29<\/td><td class=\"column-11\">5<\/td>\n<\/tr>\n<tr class=\"row-5\">\n\t<td class=\"column-1\">DJT16-45B<\/td><td class=\"column-2\">220~240<\/td><td class=\"column-3\">50<\/td><td class=\"column-4\">760<\/td><td class=\"column-5\">91<\/td><td class=\"column-6\">352<\/td><td class=\"column-7\">67<\/td><td class=\"column-8\">\u00d8160<\/td><td class=\"column-9\">31-42<\/td><td class=\"column-10\">40*40*29<\/td><td class=\"column-11\">5<\/td>\n<\/tr>\n<tr class=\"row-6\">\n\t<td class=\"column-1\">DJT20-46B<\/td><td class=\"column-2\">220~240<\/td><td class=\"column-3\">50<\/td><td class=\"column-4\">1165<\/td><td class=\"column-5\">168<\/td><td class=\"column-6\">594<\/td><td class=\"column-7\">70<\/td><td class=\"column-8\">\u00d8200<\/td><td class=\"column-9\">48-64<\/td><td class=\"column-10\">40*40*29<\/td><td class=\"column-11\">5.8<\/td>\n<\/tr>\n<tr class=\"row-7\">\n\t<td class=\"column-1\">DJT25-66B<\/td><td class=\"column-2\">220~240<\/td><td class=\"column-3\">50<\/td><td class=\"column-4\">1255<\/td><td class=\"column-5\">185<\/td><td class=\"column-6\">596<\/td><td class=\"column-7\">70<\/td><td class=\"column-8\">\u00d8250<\/td><td class=\"column-9\">52-69<\/td><td class=\"column-10\">40*40*29<\/td><td class=\"column-11\">5.9<\/td>\n<\/tr>\n<tr class=\"row-8\">\n\t<td class=\"column-1\">DJT31 -66b<\/td><td class=\"column-2\">220~240<\/td><td class=\"column-3\">50<\/td><td class=\"column-4\">1740<\/td><td class=\"column-5\">223<\/td><td class=\"column-6\">720<\/td><td class=\"column-7\">76<\/td><td class=\"column-8\">\u00d8315<\/td><td class=\"column-9\">72-96<\/td><td class=\"column-10\">46*43.5*32<\/td><td class=\"column-11\">7<\/td>\n<\/tr>\n<\/tbody>\n<\/table>\n<!-- #tablepress-37 from cache --><\/div>\n<\/div>\n<div><\/div>\n<div class=\"woocb\"><a class=\"wocb\" href=\"http:\/\/www.beiaole.com\/wp-content\/uploads\/2025\/08\/d3.7.2.pdf\" target=\"_blank\" rel=\"noopener\">formieren<\/a><\/div>\n<div><\/div>\n<p><img loading=\"lazy\" decoding=\"async\" class=\"aligncenter wp-image-17276 size-large\" src=\"http:\/\/www.beiaole.com\/wp-content\/uploads\/2025\/08\/x3.7.1-1024x222.jpg\" alt=\"Metal Round Centrifugal Inline Fan-q1\" width=\"1024\" height=\"222\" data-no-translation=\"\" \/><br \/>\n<img loading=\"lazy\" decoding=\"async\" class=\"aligncenter wp-image-17277 size-large\" src=\"http:\/\/www.beiaole.com\/wp-content\/uploads\/2025\/08\/x3.7.2-1024x215.jpg\" alt=\"Metal Round Centrifugal Inline Fan-q2\" width=\"1024\" height=\"215\" data-no-translation=\"\" \/><\/p>","protected":false},"excerpt":{"rendered":"<ul>\n<li>\n<h2>Langlebige\u202fAll\u2011Metall\u202fBau:<\/h2>\n<p>\u202fHeavy\u2011Duty\u202fSteel\u202fHousing\u202fResists\u202fRust\u202fund\u202fDeformation\u202fF\u00fcr \u202flangen\u2011industrial \u202fUse.<\/li>\n<li>\n<h2>Energiesparender\u202fKupfer\u202fMotor:<\/h2>\n<p>\u202f Hochleistungsmotorisch \u202f mit \u202f Kugellager\u202f l\u00e4uft \u202f glatt \u202f und \u202f leise \u202fw\u00e4hrend \u202f \u202f \u202f \u202f verbrauch \u202f \u202f \u202f verbrauch .<\/li>\n<li>\n<h2>Zentrifugal\u202fLuftstrom\u202fSystem:<\/h2>\n<p>\u202fStrong \u202fStatischer Druck\u202f(377\u202f\u2013\u202f720\u202fpa)\u202fSicherungen\u202fEffektive \u202fLieferung\u202fDurchgang \u202fL\u00e4nge \u202fDurchg\u00e4nge.<\/li>\n<li>\n<h2>leise \u202f Leistung:<\/h2>\n<p>\u202f \u202f \u202f \u202f \u202f Ausgabe \u202f (61 \u202f \u202f 76 \u202f db) \u202f \u202f Luftkraft \u202f mit \u202f \u202f \u202f \u202f \u202f \u202f \u202f \u202f \u202f \u202f \u202f \u202f \u202f \u202f \u202f \u202f \u202f \u202f \u202f \u202f \u202f \u202f \u202f \u202f \u202f \u202f \u202f \u202f \u202f \u202f .<\/li>\n<li>\n<h2>Stabile Operation:<\/h2>\n<p>\u202f seamless \u202f shell \u202f und \u202f ausbalanciert \u202f \u202f \u202f \u202f \u202f \u202f und \u202f \u202f \u202f \u202f \u202f lebensdauer zu minimieren.<\/li>\n<li>\n<h2>Kompakte Gr\u00f6\u00dfe, \u202fHigh\u202fAusgang:<\/h2>\n<p>\u202fLuftstrom\u202f von \u202f300\u202f bis \u202f1,740\u202fm\u00b3\/h\u202fCovern\u202fKleine R\u00e4ume\u202fzu\u202fExpansive\u202fIndustrie-Layouts.<\/li>\n<li>\n<h2>Flexible Integration:<\/h2>\n<p>\u202fVerf\u00fcgbar\u202fIn \u202fDuct\u202fSizes\u202f\u00f8100\u202f\u00f8315\u202fmm\u202fFor\u202fUse\u202fAs\u202fAlone Stand\u202fAlone\u202fOr\u202fSERIES\u202fBooster.<\/li>\n<li>\n<h2>Einfache Installation \u202fund \u202fWartung:<\/h2>\n<p>\u202fEinfache \u202fMontage\u202fund\u202fZugangs-Haushalt\u202fF\u00fcr \u202fReinigung\u202f und \u202fInspektion.<\/li>\n<\/ul>\n<hr \/>","protected":false},"featured_media":4764,"comment_status":"open","ping_status":"closed","template":"","meta":{"_acf_changed":false},"product_brand":[],"product_cat":[27],"product_tag":[],"class_list":{"0":"post-4743","1":"product","2":"type-product","3":"status-publish","4":"has-post-thumbnail","6":"product_cat-inline-duct-fan","8":"first","9":"instock","10":"taxable","11":"shipping-taxable","12":"purchasable","13":"product-type-variable","14":"has-default-attributes"},"acf":[],"_links":{"self":[{"href":"https:\/\/www.ecvents.com\/de\/wp-json\/wp\/v2\/product\/4743","targetHints":{"allow":["GET"]}}],"collection":[{"href":"https:\/\/www.ecvents.com\/de\/wp-json\/wp\/v2\/product"}],"about":[{"href":"https:\/\/www.ecvents.com\/de\/wp-json\/wp\/v2\/types\/product"}],"replies":[{"embeddable":true,"href":"https:\/\/www.ecvents.com\/de\/wp-json\/wp\/v2\/comments?post=4743"}],"wp:featuredmedia":[{"embeddable":true,"href":"https:\/\/www.ecvents.com\/de\/wp-json\/wp\/v2\/media\/4764"}],"wp:attachment":[{"href":"https:\/\/www.ecvents.com\/de\/wp-json\/wp\/v2\/media?parent=4743"}],"wp:term":[{"taxonomy":"product_brand","embeddable":true,"href":"https:\/\/www.ecvents.com\/de\/wp-json\/wp\/v2\/product_brand?post=4743"},{"taxonomy":"product_cat","embeddable":true,"href":"https:\/\/www.ecvents.com\/de\/wp-json\/wp\/v2\/product_cat?post=4743"},{"taxonomy":"product_tag","embeddable":true,"href":"https:\/\/www.ecvents.com\/de\/wp-json\/wp\/v2\/product_tag?post=4743"}],"curies":[{"name":"WP","href":"https:\/\/api.w.org\/{rel}","templated":true}]}}