{"id":4744,"date":"2026-03-19T06:04:08","date_gmt":"2026-03-19T11:04:08","guid":{"rendered":"https:\/\/www.ecvents.com\/?post_type=product&#038;p=4744"},"modified":"2026-03-19T06:04:31","modified_gmt":"2026-03-19T11:04:31","slug":"inline-lufter-mit-gemischtem-fluss","status":"publish","type":"product","link":"https:\/\/www.ecvents.com\/de\/product\/inline-lufter-mit-gemischtem-fluss\/","title":{"rendered":"Inline-L\u00fcfter mit gemischtem Fluss"},"content":{"rendered":"<div class=\"someee\">\n<h2><strong>Starker Fluss. Ruhige Stabilit\u00e4t. Gebaut f\u00fcr kontinuierliche Luftbewegung.<\/strong><\/h2>\n<p>der\u00a0<strong>Gemischter Flow\u202fInline\u202fFan<\/strong>\u00a0Ist die Art von Ger\u00e4ten, die Sie einmal installieren und kaum noch einmal dar\u00fcber nachdenken - nicht weil es gew\u00f6hnlich ist, sondern weil es einfach funktioniert. Tag f\u00fcr Tag zirkuliert die Luft durch lange Kan\u00e4le leise und effizient und h\u00e4lt die Bel\u00fcftung \u00fcberall dort aufrecht, wo sie ben\u00f6tigt wird.<\/p>\n<p>Im Kern liegt ein\u00a0<strong>All\u2011Kupfer\u202fEnergiesparender\u202fMotor<\/strong>\u00a0trotz\u00a0<strong>Hochwertige Kugellager<\/strong>, konstruiert f\u00fcr reibungslose, ger\u00e4uschlose Zuverl\u00e4ssigkeit \u00fcber Jahre hinweg. Das integrierte Motorgeh\u00e4use und die Luftkanalstruktur sorgen f\u00fcr nahtlose Bewegungen ohne Turbulenz, Vibrationen oder zus\u00e4tzliche Ger\u00e4usche \u2013 und erm\u00f6glichen so einen gleichm\u00e4\u00dfigen Druck und eine starke Str\u00f6mung auch \u00fcber l\u00e4ngere Strecken.<\/p>\n<p>Gebaut f\u00fcr Ausdauer,\u00a0<strong>Ganzmetallk\u00f6rper<\/strong>\u00a0Hergestellt aus pr\u00e4zisionsgefertigtem Stahl, der auch unter harten Bedingungen starr und rostfrei bleibt. der\u00a0<strong>Kompaktes \u202fgemischtes Design<\/strong>\u00a0Verschmelzt die St\u00e4rken des axialen und zentrifugalen Luftstroms: Hochdruck, Fernzufuhr und geringes Ger\u00e4usch in einer einzigen stromlinienf\u00f6rmigen Form.<\/p>\n<p>Flexible Anwendung und Installation, der gemischte Fluss \u202f inline \u202f fan \u202f fan \u202f fit f\u00fcr alles, von H\u00e4usern und B\u00fcros bis hin zu Anbaur\u00e4umen, Werkst\u00e4tten und Industriesystemen. Mehrere Modellgr\u00f6\u00dfen lassen Sie die perfekte Passform f\u00fcr Ihre Kanalkonfiguration finden \u2013 oder kombinieren Sie sogar Einheiten f\u00fcr mehr Reichweite und Leistung.<\/p>\n<p>Zuverl\u00e4ssig, leise und effizient arbeitet dieser L\u00fcfter hinter den Kulissen \u2013 und h\u00e4lt Ihre Luft sauber, Ihre Systeme effizient und Ihre Umgebung ohne viel Aufhebens oder Wartung.<\/p>\n<\/div>\n<hr \/>\n<p>Abmessungen (Einheit: mm):<\/p>\n<div class=\"scroll-table-wrapper\">\n<div class=\"scroll-table\">\n<table id=\"tablepress-48\" class=\"tablepress tablepress-id-48\">\n<thead>\n<tr class=\"row-1\">\n\t<th class=\"column-1\">modellieren<\/th><th class=\"column-2\">L<\/th><th class=\"column-3\">W<\/th><th class=\"column-4\">H<\/th><th class=\"column-5\">E<\/th>\n<\/tr>\n<\/thead>\n<tbody class=\"row-striping row-hover\">\n<tr class=\"row-2\">\n\t<td class=\"column-1\">DPT-100P<\/td><td class=\"column-2\">257<\/td><td class=\"column-3\">180<\/td><td class=\"column-4\">215<\/td><td class=\"column-5\">\u03c699<\/td>\n<\/tr>\n<tr class=\"row-3\">\n\t<td class=\"column-1\">DPT-150P<\/td><td class=\"column-2\">302<\/td><td class=\"column-3\">210<\/td><td class=\"column-4\">245<\/td><td class=\"column-5\">\u03c6148<\/td>\n<\/tr>\n<tr class=\"row-4\">\n\t<td class=\"column-1\">DPT-200P<\/td><td class=\"column-2\">302<\/td><td class=\"column-3\">230<\/td><td class=\"column-4\">270<\/td><td class=\"column-5\">\u03c6198<\/td>\n<\/tr>\n<tr class=\"row-5\">\n\t<td class=\"column-1\">DPT-250P<\/td><td class=\"column-2\">390<\/td><td class=\"column-3\">280<\/td><td class=\"column-4\">310<\/td><td class=\"column-5\">\u03c6248<\/td>\n<\/tr>\n<tr class=\"row-6\">\n\t<td class=\"column-1\">DPT-315P<\/td><td class=\"column-2\">450<\/td><td class=\"column-3\">320<\/td><td class=\"column-4\">413<\/td><td class=\"column-5\">\u03c6313<\/td>\n<\/tr>\n<\/tbody>\n<\/table>\n<!-- #tablepress-48 from cache --><\/div>\n<\/div>\n<div><\/div>\n<div class=\"woocb\"><a class=\"wocb\" href=\"http:\/\/www.beiaole.com\/wp-content\/uploads\/2025\/09\/d3.13.1.pdf\" target=\"_blank\" rel=\"noopener\">formieren<\/a><\/div>\n<div><\/div>\n<p>&nbsp;<\/p>\n<p>Leistung:<\/p>\n<div class=\"scroll-table-wrapper\">\n<div class=\"scroll-table\">\n<table id=\"tablepress-49\" class=\"tablepress tablepress-id-49 tbody-has-connected-cells\">\n<thead>\n<tr class=\"row-1\">\n\t<th class=\"column-1\">modellieren<\/th><th class=\"column-2\">Spannung(V)<\/th><th class=\"column-3\">Frequenz (Hz)<\/th><th class=\"column-4\">ausrichten<\/th><th class=\"column-5\">Leistung (W)<\/th><th class=\"column-6\">Luftstrom (m\u00b3\/h)<\/th><th class=\"column-7\">statischer Druck (PA)<\/th><th class=\"column-8\">Geschwindigkeit (U\/min)<\/th><th class=\"column-9\">L\u00e4rm (db)<\/th><th class=\"column-10\">N.W. (kg)<\/th><th class=\"column-11\">Kanalgr\u00f6\u00dfe (mm)<\/th><th class=\"column-12\">Box \/ St\u00fcck<\/th>\n<\/tr>\n<\/thead>\n<tbody class=\"row-striping row-hover\">\n<tr class=\"row-2\">\n\t<td rowspan=\"2\" class=\"column-1\">DPT-100P<\/td><td rowspan=\"2\" class=\"column-2\">220<\/td><td rowspan=\"2\" class=\"column-3\">50<\/td><td class=\"column-4\">high<\/td><td class=\"column-5\">40<\/td><td class=\"column-6\">204<\/td><td class=\"column-7\">132<\/td><td class=\"column-8\">2400<\/td><td class=\"column-9\">31<\/td><td rowspan=\"2\" class=\"column-10\">1.55<\/td><td rowspan=\"2\" class=\"column-11\">\u03c6100<\/td><td rowspan=\"2\" class=\"column-12\">6<\/td>\n<\/tr>\n<tr class=\"row-3\">\n\t<td class=\"column-4\">naturge<\/td><td class=\"column-5\">30<\/td><td class=\"column-6\">160<\/td><td class=\"column-7\">106<\/td><td class=\"column-8\">1950<\/td><td class=\"column-9\">26<\/td>\n<\/tr>\n<tr class=\"row-4\">\n\t<td rowspan=\"2\" class=\"column-1\">DPT-150P<\/td><td rowspan=\"2\" class=\"column-2\">220<\/td><td rowspan=\"2\" class=\"column-3\">50<\/td><td class=\"column-4\">high<\/td><td class=\"column-5\">60<\/td><td class=\"column-6\">450<\/td><td class=\"column-7\">280<\/td><td class=\"column-8\">2590<\/td><td class=\"column-9\">33<\/td><td rowspan=\"2\" class=\"column-10\">2.5<\/td><td rowspan=\"2\" class=\"column-11\">\u03c6150<\/td><td rowspan=\"2\" class=\"column-12\">6<\/td>\n<\/tr>\n<tr class=\"row-5\">\n\t<td class=\"column-4\">naturge<\/td><td class=\"column-5\">48<\/td><td class=\"column-6\">360<\/td><td class=\"column-7\">240<\/td><td class=\"column-8\">1950<\/td><td class=\"column-9\">29<\/td>\n<\/tr>\n<tr class=\"row-6\">\n\t<td rowspan=\"2\" class=\"column-1\">DPT-200P<\/td><td rowspan=\"2\" class=\"column-2\">220<\/td><td rowspan=\"2\" class=\"column-3\">50<\/td><td class=\"column-4\">high<\/td><td class=\"column-5\">145<\/td><td class=\"column-6\">840<\/td><td class=\"column-7\">350<\/td><td class=\"column-8\">2490<\/td><td class=\"column-9\">63<\/td><td rowspan=\"2\" class=\"column-10\">3.1<\/td><td rowspan=\"2\" class=\"column-11\">\u03c6200<\/td><td rowspan=\"2\" class=\"column-12\">6<\/td>\n<\/tr>\n<tr class=\"row-7\">\n\t<td class=\"column-4\">naturge<\/td><td class=\"column-5\">125<\/td><td class=\"column-6\">690<\/td><td class=\"column-7\">270<\/td><td class=\"column-8\">1980<\/td><td class=\"column-9\">55<\/td>\n<\/tr>\n<tr class=\"row-8\">\n\t<td class=\"column-1\">DPT-250P<\/td><td class=\"column-2\">220<\/td><td class=\"column-3\">50<\/td><td class=\"column-4\">\/<\/td><td class=\"column-5\">230<\/td><td class=\"column-6\">1400<\/td><td class=\"column-7\">489<\/td><td class=\"column-8\">2450<\/td><td class=\"column-9\">66<\/td><td class=\"column-10\">7.5<\/td><td class=\"column-11\">\u03c6250<\/td><td class=\"column-12\">1<\/td>\n<\/tr>\n<tr class=\"row-9\">\n\t<td class=\"column-1\">DPT-315P<\/td><td class=\"column-2\">220<\/td><td class=\"column-3\">50<\/td><td class=\"column-4\">\/<\/td><td class=\"column-5\">360<\/td><td class=\"column-6\">2200<\/td><td class=\"column-7\">690<\/td><td class=\"column-8\">2350<\/td><td class=\"column-9\">69<\/td><td class=\"column-10\">10.4<\/td><td class=\"column-11\">\u03c6315<\/td><td class=\"column-12\">1<\/td>\n<\/tr>\n<\/tbody>\n<\/table>\n<!-- #tablepress-49 from cache --><\/div>\n<\/div>\n<div><\/div>\n<div class=\"woocb\"><a class=\"wocb\" href=\"http:\/\/www.beiaole.com\/wp-content\/uploads\/2025\/09\/d3.13.2.pdf\" target=\"_blank\" rel=\"noopener\">formieren<\/a><\/div>\n<div><\/div>\n<p><img loading=\"lazy\" decoding=\"async\" class=\"aligncenter wp-image-17281 size-large\" src=\"http:\/\/www.beiaole.com\/wp-content\/uploads\/2025\/08\/x3.13-1024x948.jpg\" alt=\"Mixed Flow Inline Fan-q1\" width=\"1024\" height=\"948\" data-no-translation=\"\" \/><\/p>","protected":false},"excerpt":{"rendered":"<ul>\n<li>\n<h2>Misch-Flow-Technologie:<\/h2>\n<p>\u202fKombiniert \u202faxial\u202fund\u202fzentrifugal\u202fdesigns\u202fzu\u202fzur \u202fbest\u00e4tigen\u202fhohe Druck\u202fund \u202fLang\u202fLangstrom\u202fEntfernung.<\/li>\n<li>\n<h2>Energiesparender Motor:<\/h2>\n<p>\u202fAlle\u2011Kupfer\u202fKern\u202fMit \u202fPr\u00e4zision\u202fBall\u202fBearings\u202fSichere \u202fGleiche, \u202fger\u00e4uscharme\u202fperformance\u202fJahre \u202fJahre.<\/li>\n<li>\n<h2>ALL\u2011Metall\u202fBau:<\/h2>\n<p>\u202fHeavy-Duty\u202fSteel\u202fShell\u202fResists\u202fKorrosion\u202fund \u202fdeformation, \u202fgeeignet\u202f f\u00fcr \u202f Industrielle und \u202fWeiterbildungseinstellungen.<\/li>\n<li>\n<h2>Starker Luftstrom:<\/h2>\n<p>\u202fAir\u202fVolumen\u202fRange \u202fVon \u202f204\u202f2,200\u202fm\u00b3\/h\u202fund \u202fstatische Druck\u202fUp\u202fTo\u202f690\u202fPA\u202fExceptional \u202fBesorgung.<\/li>\n<li>\n<h2>Ruhige Funktion:<\/h2>\n<p>\u202fausgewogener \u202fImpeller\u202fDesign\u202fKeeps\u202fAls\u202fLow\u202fAS\u202f26\u202f69\u202fDB\u202fDB\u202fAbh\u00e4ngig von der \u202fModel\u202fModel\u202f und \u202fGeschwindigkeit.<\/li>\n<li>\n<h2>Kompakt\u202f und \u202fZuverl\u00e4ssig:<\/h2>\n<p>\u202fintegrierter \u202fmotor, \u202f impeller, und \u202f system\u202fsystem\u202f \u202f stabilit\u00e4t \u202f und \u202f druckverlust zu reduzieren.<\/li>\n<li>\n<h2>Flexible Installation:<\/h2>\n<p>\u202fVerf\u00fcgbar\u202fIn \u202fDuct\u202fSizes\u202fVon\u202f\u03c6100\u202f\u202f\u03c6315\u202fMm\u202fF\u00fcr \u202fHomes,\u202fWankel\u202fGegen \u202fRuhe,\u202fund \u202fIndustrial \u202fEntatnialation.<\/li>\n<li>\n<h2>\u202fWartung:<\/h2>\n<p>\u202fStrukturierte Struktur \u202fF\u00fcr \u202fSchnelle \u202fInstallation\u202fund \u202feinfache\u202fReinigung\u202f\u00dcber\u202fLangzeit\u202fLife.<\/li>\n<\/ul>\n<hr \/>","protected":false},"featured_media":4765,"comment_status":"open","ping_status":"closed","template":"","meta":{"_acf_changed":false},"product_brand":[],"product_cat":[27],"product_tag":[],"class_list":{"0":"post-4744","1":"product","2":"type-product","3":"status-publish","4":"has-post-thumbnail","6":"product_cat-inline-duct-fan","8":"first","9":"instock","10":"taxable","11":"shipping-taxable","12":"purchasable","13":"product-type-variable","14":"has-default-attributes"},"acf":[],"_links":{"self":[{"href":"https:\/\/www.ecvents.com\/de\/wp-json\/wp\/v2\/product\/4744","targetHints":{"allow":["GET"]}}],"collection":[{"href":"https:\/\/www.ecvents.com\/de\/wp-json\/wp\/v2\/product"}],"about":[{"href":"https:\/\/www.ecvents.com\/de\/wp-json\/wp\/v2\/types\/product"}],"replies":[{"embeddable":true,"href":"https:\/\/www.ecvents.com\/de\/wp-json\/wp\/v2\/comments?post=4744"}],"wp:featuredmedia":[{"embeddable":true,"href":"https:\/\/www.ecvents.com\/de\/wp-json\/wp\/v2\/media\/4765"}],"wp:attachment":[{"href":"https:\/\/www.ecvents.com\/de\/wp-json\/wp\/v2\/media?parent=4744"}],"wp:term":[{"taxonomy":"product_brand","embeddable":true,"href":"https:\/\/www.ecvents.com\/de\/wp-json\/wp\/v2\/product_brand?post=4744"},{"taxonomy":"product_cat","embeddable":true,"href":"https:\/\/www.ecvents.com\/de\/wp-json\/wp\/v2\/product_cat?post=4744"},{"taxonomy":"product_tag","embeddable":true,"href":"https:\/\/www.ecvents.com\/de\/wp-json\/wp\/v2\/product_tag?post=4744"}],"curies":[{"name":"WP","href":"https:\/\/api.w.org\/{rel}","templated":true}]}}