{"id":4757,"date":"2026-03-19T06:04:09","date_gmt":"2026-03-19T11:04:09","guid":{"rendered":"https:\/\/www.ecvents.com\/?post_type=product&#038;p=4757"},"modified":"2026-03-19T06:04:59","modified_gmt":"2026-03-19T11:04:59","slug":"grow-room-inline-fan","status":"publish","type":"product","link":"https:\/\/www.ecvents.com\/de\/product\/grow-room-inline-fan\/","title":{"rendered":"Grow Room Inline-Fan"},"content":{"rendered":"<div class=\"someee\">\n<h2><strong>Intelligenter Luftstrom. Stille St\u00e4rke. Gebaut f\u00fcr Pr\u00e4zisionssteuerung.<\/strong><\/h2>\n<p>der\u00a0<strong>Grow \u202f room\u202f inline \u202ffan<\/strong>\u00a0Ist f\u00fcr Z\u00fcchter konzipiert, die verstehen, dass es bei perfekter Luftstr\u00f6mung nicht nur um Bewegung geht, sondern um Balance. Ruhig, konsistent und effizient h\u00e4lt Ihre Wachstumsumgebung stabil - und sch\u00fctzt die Ertr\u00e4ge und schont gleichzeitig Energie und Raum.<\/p>\n<p>Das Herzst\u00fcck des Systems ist eine Pr\u00e4zision\u00a0<strong>DC\u202fVariable\u2011Frequenz\u202fMotor<\/strong>, ein 3-Phasen-, 6-poliges \u202f b\u00fcrstenloses Design, das k\u00fchler und leiser l\u00e4uft als herk\u00f6mmliche Wechselstrommotoren\u202f bei nahezu\u00a0<strong>50\u202f%\u202fWeniger<\/strong>. drohen unterst\u00fctzt von\u00a0<strong>NMB\u202fDoppel\u202fBall\u202fLager<\/strong>, Es ist f\u00fcr eine kontinuierliche, erm\u00fcdungsfreie Leistung \u00fcber lange Arbeitszyklen ausgelegt.<\/p>\n<p>der\u00a0<strong>ALL-METAL\u202fCASING<\/strong>\u00a0Verbessert Stabilit\u00e4t, K\u00fchlung und elektromagnetische Abschirmung. Innen erzeugen aerodynamische Klingen \u2013 inspiriert vom Flugzeug-Kompressor-Design \u2013 einen hohen Druck und einen fokussierten Luftstrom f\u00fcr eine pr\u00e4zise Klimaregelung. Es ist die Kraft, die sich kontrolliert anf\u00fchlt, nicht chaotisch.<\/p>\n<p>Trotz dieser St\u00e4rke wirkt der Grow\u202fRoom\u202fInline\u202fFan\u202fFan \u202fin der N\u00e4he von Stille. Der L\u00fcfterk\u00f6rper ist eingewickelt\u00a0<strong>Kalt-Walz-Stahl<\/strong>\u00a0trotz\u00a0<strong>Feuerbest\u00e4ndige\u202fakustische \u202fIsolierung<\/strong>, und der integrierte Kanal ist in einem\u00a0<strong>Schallabsorbierende Kammer<\/strong>. drohen In Kombination mit Anti-Vibrations-Montierungen erreicht es einen fl\u00fcsterleisen Betrieb - gleichm\u00e4\u00dfiger \u202f-durchsatz.<\/p>\n<p>Die integrierte\u00a0<strong>Intelligentes Kontrollsystem<\/strong>\u00a0\u00dcberwacht und stellt die L\u00fcftergeschwindigkeit selbst ein, stellt\u00a0<strong>Sanftanlauf<\/strong>, und sch\u00fctzt vor \u00dcberlastung, \u00dcberhitzung, und \u202fmotorisch \u202f Lock Up. es \u202f auch\u202f inkludiert \u202f a \u202f<strong>10\u202fv\u202fDC\u202fAusgabe<\/strong>\u202f f\u00fcr \u202f PWM \u202f OR \u202f 0 \u202f \u202f 10 \u202f V\u202f Controls, \u202f \u202f Sensoren, \u202f und \u202f Automation\u202f Schnittstellen. Kompatibel mit einer Vielzahl von Controllern - von Wandpaneelen und drahtlosen Fernbedienungen bis hin zu professionellen Umweltreglern - der L\u00fcfter passt perfekt in die \u202fin jedem smart-Wachstums-Setup.<\/p>\n<p>Mit IPX4-Wasserdichtem Schutz und einem vollst\u00e4ndig isolierten \u202fStahl-Haushalt ist dies mehr als Bel\u00fcftung \u202f es ist \u202f es ist quiet, intelligent \u202f Air \u202f Management \u202f, das \u202f es ist \u202f es ist quiet, \u202f intelligent \u202f Air \u202f Management \u202f, das \u202f es misst \u202f \u202f \u202f \u202f \u202f \u202f \u202f \u202f \u202f \u202f \u202f \u202f \u202f \u202f \u202f \u202f \u202f \u202f \u202f \ufffd.<\/p>\n<\/div>\n<hr \/>\n<p>Abmessungen (Einheit: mm):<\/p>\n<div class=\"scroll-table-wrapper\">\n<div class=\"scroll-table\">\n<table id=\"tablepress-50\" class=\"tablepress tablepress-id-50\">\n<thead>\n<tr class=\"row-1\">\n\t<th class=\"column-1\">modellieren<\/th><th class=\"column-2\">A<\/th><th class=\"column-3\">B<\/th><th class=\"column-4\">C<\/th><th class=\"column-5\">D<\/th><th class=\"column-6\">E<\/th><th class=\"column-7\">F<\/th>\n<\/tr>\n<\/thead>\n<tbody class=\"row-striping row-hover\">\n<tr class=\"row-2\">\n\t<td class=\"column-1\">SE-A150<\/td><td class=\"column-2\">469<\/td><td class=\"column-3\">547<\/td><td class=\"column-4\">\u03c6148<\/td><td class=\"column-5\">\u03c6243<\/td><td class=\"column-6\">123<\/td><td class=\"column-7\">4-\u03c610<\/td>\n<\/tr>\n<tr class=\"row-3\">\n\t<td class=\"column-1\">SE-A200<\/td><td class=\"column-2\">619<\/td><td class=\"column-3\">699<\/td><td class=\"column-4\">\u03c6198<\/td><td class=\"column-5\">\u03c6304<\/td><td class=\"column-6\">174<\/td><td class=\"column-7\">4-\u03c610<\/td>\n<\/tr>\n<tr class=\"row-4\">\n\t<td class=\"column-1\">SE-A250<\/td><td class=\"column-2\">769<\/td><td class=\"column-3\">859<\/td><td class=\"column-4\">\u03c6248<\/td><td class=\"column-5\">\u03c6353<\/td><td class=\"column-6\">221<\/td><td class=\"column-7\">4-\u03c610<\/td>\n<\/tr>\n<tr class=\"row-5\">\n\t<td class=\"column-1\">SE-A315<\/td><td class=\"column-2\">848<\/td><td class=\"column-3\">940<\/td><td class=\"column-4\">\u03c6313<\/td><td class=\"column-5\">\u03a6415<\/td><td class=\"column-6\">269<\/td><td class=\"column-7\">4-\u03c610<\/td>\n<\/tr>\n<tr class=\"row-6\">\n\t<td class=\"column-1\">SE-A355<\/td><td class=\"column-2\">907<\/td><td class=\"column-3\">1000<\/td><td class=\"column-4\">\u03c6353<\/td><td class=\"column-5\">\u03c6453<\/td><td class=\"column-6\">270<\/td><td class=\"column-7\">4-\u03c610<\/td>\n<\/tr>\n<\/tbody>\n<\/table>\n<!-- #tablepress-50 from cache --><\/div>\n<\/div>\n<div><\/div>\n<div class=\"woocb\"><a class=\"wocb\" href=\"http:\/\/www.beiaole.com\/wp-content\/uploads\/2025\/08\/d3.14.1.pdf\" target=\"_blank\" rel=\"noopener\">formieren<\/a><\/div>\n<div><\/div>\n<p><img loading=\"lazy\" decoding=\"async\" class=\"aligncenter wp-image-16645 size-large\" src=\"http:\/\/www.beiaole.com\/wp-content\/uploads\/2025\/08\/s3.14-1024x361.png\" alt=\"Grow Room Inline Fan-size\" width=\"1024\" height=\"361\" data-no-translation=\"\" \/><br \/>\nLeistung:<\/p>\n<div class=\"scroll-table-wrapper\">\n<div class=\"scroll-table\">\n<table id=\"tablepress-51\" class=\"tablepress tablepress-id-51 tbody-has-connected-cells\">\n<thead>\n<tr class=\"row-1\">\n\t<th class=\"column-1\">modellieren<\/th><th class=\"column-2\">Spannung(V)<\/th><th class=\"column-3\">Frequenz (Hz)<\/th><th class=\"column-4\">ausrichten<\/th><th class=\"column-5\">Geschwindigkeit (U\/min)<\/th><th class=\"column-6\">Luftstrom (m\u00b3\/h)<\/th><th class=\"column-7\">statischer Druck (PA)<\/th><th class=\"column-8\">L\u00e4rm (db)<\/th><th class=\"column-9\">Kanalgr\u00f6\u00dfe (mm)<\/th><th class=\"column-10\">N.W. (kg)<\/th><th class=\"column-11\">Wasserdichte Bewertung<\/th>\n<\/tr>\n<\/thead>\n<tbody class=\"row-striping row-hover\">\n<tr class=\"row-2\">\n\t<td class=\"column-1\">SE-A150<\/td><td class=\"column-2\">110 ~ 120 VAC<br \/>\n220 ~ 240 VAC<\/td><td class=\"column-3\">50\/60<\/td><td class=\"column-4\">40<\/td><td class=\"column-5\">5000<\/td><td class=\"column-6\">594<\/td><td class=\"column-7\">500<\/td><td class=\"column-8\">50<\/td><td class=\"column-9\">\u03a6150\/6 Zoll<\/td><td class=\"column-10\">5.0<\/td><td class=\"column-11\">IPX4<\/td>\n<\/tr>\n<tr class=\"row-3\">\n\t<td class=\"column-1\">SE-A200<\/td><td class=\"column-2\">110 ~ 120 VAC<br \/>\n220 ~ 240 VAC<\/td><td class=\"column-3\">50\/60<\/td><td class=\"column-4\">75<\/td><td class=\"column-5\">3800<\/td><td class=\"column-6\">1205<\/td><td class=\"column-7\">520<\/td><td class=\"column-8\">51<\/td><td class=\"column-9\">\u03a6200\/8 Zoll<\/td><td class=\"column-10\">7.5<\/td><td class=\"column-11\">IPX4<\/td>\n<\/tr>\n<tr class=\"row-4\">\n\t<td class=\"column-1\">SE-A250<\/td><td class=\"column-2\">110 ~ 120 VAC<br \/>\n220 ~ 240 VAC<\/td><td class=\"column-3\">50\/60<\/td><td class=\"column-4\">150<\/td><td class=\"column-5\">3200<\/td><td class=\"column-6\">1808<\/td><td class=\"column-7\">510<\/td><td class=\"column-8\">55<\/td><td class=\"column-9\">\u03a6250\/10 Zoll<\/td><td class=\"column-10\">13.0<\/td><td class=\"column-11\">IPX4<\/td>\n<\/tr>\n<tr class=\"row-5\">\n\t<td rowspan=\"2\" class=\"column-1\">SE-A315<\/td><td class=\"column-2\">110 ~ 120 VAC<\/td><td class=\"column-3\">50\/60<\/td><td class=\"column-4\">260<\/td><td class=\"column-5\">2800<\/td><td class=\"column-6\">2787<\/td><td class=\"column-7\">598<\/td><td class=\"column-8\">60<\/td><td class=\"column-9\">\u03a6315\/12 Zoll<\/td><td class=\"column-10\">21.0<\/td><td class=\"column-11\">IPX4<\/td>\n<\/tr>\n<tr class=\"row-6\">\n\t<td class=\"column-2\">220 ~ 240 VAC<\/td><td class=\"column-3\">50\/60<\/td><td class=\"column-4\">320<\/td><td class=\"column-5\">3000<\/td><td class=\"column-6\">2987<\/td><td class=\"column-7\">677<\/td><td class=\"column-8\">62<\/td><td class=\"column-9\">\u03a6315\/12 Zoll<\/td><td class=\"column-10\">21.0<\/td><td class=\"column-11\">IPX4<\/td>\n<\/tr>\n<tr class=\"row-7\">\n\t<td class=\"column-1\">SE-A355<\/td><td class=\"column-2\">110 ~ 120 VAC<br \/>\n220 ~ 240 VAC<\/td><td class=\"column-3\">50\/60<\/td><td class=\"column-4\">550<\/td><td class=\"column-5\">3000<\/td><td class=\"column-6\">4357<\/td><td class=\"column-7\">716<\/td><td class=\"column-8\">70<\/td><td class=\"column-9\">\u03a6355\/14 Zoll<\/td><td class=\"column-10\">26.3<\/td><td class=\"column-11\">IPX4<\/td>\n<\/tr>\n<\/tbody>\n<\/table>\n<!-- #tablepress-51 from cache --><\/div>\n<\/div>\n<div><\/div>\n<div class=\"woocb\"><a class=\"wocb\" href=\"http:\/\/www.beiaole.com\/wp-content\/uploads\/2025\/08\/d3.14.2.pdf\" target=\"_blank\" rel=\"noopener\">formieren<\/a><\/div>\n<div><\/div>\n<p><img loading=\"lazy\" decoding=\"async\" class=\"aligncenter wp-image-17285 size-large\" src=\"http:\/\/www.beiaole.com\/wp-content\/uploads\/2025\/08\/x3.15-1024x531.png\" alt=\"Grow Room Inline Fan-q1\" width=\"1024\" height=\"531\" data-no-translation=\"\" \/><\/p>","protected":false},"excerpt":{"rendered":"<ul>\n<li>\n<h2>Hocheffizientes b\u00fcrstenloses \u202fMotor:<\/h2>\n<p>\u202f3\u2011Phase, \u202f6\u2011pol\u202fDC\u202fVariable\u2011Frequenz\u202fMotor\u202fDeliver \u202fSteady\u202fPower\u202fmit \u202fminimal\u202fHeat\u202fund\u202f50\u202f%\u202fWeniger \u202fWeniger \u202fUse.<\/li>\n<li>\n<h2>NMB\u202fDoppel\u202fBall\u202fLager:<\/h2>\n<p>\u202fSichere \u202f glatte, \u202f \u2011 reibungslose Operation \u202f und \u202f \u202f \u202f \u202f \u202f \u202f unter kontinuierlicher \u202f \u202f \u202f \u202f \u202f \u202f \u202f \u202f \u202f \u202f \u202f \u202f \u202f \u202f \u202f \ufffd.<\/li>\n<li>\n<h2>Aerodynamisches \u202fBlade\u202fSystem:<\/h2>\n<p>\u202f Flugzeuginspiriert \u202f Impeller\u202f Design \u202f Sch\u00f6pft \u202f Fokussierter, \u202f Hochdruck\u202f Luftstrom \u202f f\u00fcr \u202f effiziente \u202f Entl\u00fcftung.<\/li>\n<li>\n<h2>Fl\u00fcstern-ruhige Operation:<\/h2>\n<p>\u202f Feuerresistent \u202fakustisch \u202fInsulation \u202fund\u202fAnti\u2011Vibration\u202f besteigt\u202fRauschen\u202f als \u202f \u202f \u202f \u202f \u202f \u202f \u202f db.<\/li>\n<li>\n<h2>Intelligente \u202f Geschwindigkeitskontrolle:<\/h2>\n<p>\u202fbuilt\u202fintelligent\u202fController\u202fWith\u202fSoft\u202fStart, \u202fPWM, \u202fund\u202f0\u201310\u202fV\u202fSignal \u202fKompatibilit\u00e4t.<\/li>\n<li>\n<h2>Automatisierungsbereit:<\/h2>\n<p>\u202fUnterst\u00fctzt die Temperatur und die Feuchtesensoren, die Wand\u202fBedienungsfelder, die Regulierungsregulatoren, die Regulierungen, die \u201eund \u202f die Smart-Anwendungen\u201c wie die Xiaoheihe\u202f(Black-Box).<\/li>\n<li>\n<h2>Robust\u202fAll\u2011Metall\u202fBuild:<\/h2>\n<p>\u202fKold-gerollter \u202fSteel\u202fHousing, \u202fIPX4\u202fbewertet\u202f f\u00fcr \u202f Wasser \u202fWiderstand \u202f und \u202f Haltbarkeit \u202f unter \u202f \u202f \u202f Bedingungen.<\/li>\n<li>\n<h2>Leistungsstarke \u202f Air\u202fLieferung:<\/h2>\n<p>\u202fLuftstrom\u202f von \u202f594\u202fm\u00b3\/h\u202fbis\u202f4,357\u202fm\u00b3\/h\u202fund\u202fstatische Druck\u202f-Aufstieg bis \u202f716\u202f f\u00fcr \u202f maximale Abdeckung.<\/li>\n<li>\n<h2>Umfassender Schutz:<\/h2>\n<p>\u202fSchutzschutz gegen \u00dcberhitzung, \u00dcberhitzung, \u202f und \u202fMotor\u202fSchlie\u00dfen\u202fW\u00e4hrend \u202fPerfekte Leistung aufrechterhalten.<\/li>\n<\/ul>\n<hr \/>","protected":false},"featured_media":4791,"comment_status":"open","ping_status":"closed","template":"","meta":{"_acf_changed":false},"product_brand":[],"product_cat":[27],"product_tag":[],"class_list":{"0":"post-4757","1":"product","2":"type-product","3":"status-publish","4":"has-post-thumbnail","6":"product_cat-inline-duct-fan","8":"first","9":"instock","10":"taxable","11":"shipping-taxable","12":"purchasable","13":"product-type-variable","14":"has-default-attributes"},"acf":[],"_links":{"self":[{"href":"https:\/\/www.ecvents.com\/de\/wp-json\/wp\/v2\/product\/4757","targetHints":{"allow":["GET"]}}],"collection":[{"href":"https:\/\/www.ecvents.com\/de\/wp-json\/wp\/v2\/product"}],"about":[{"href":"https:\/\/www.ecvents.com\/de\/wp-json\/wp\/v2\/types\/product"}],"replies":[{"embeddable":true,"href":"https:\/\/www.ecvents.com\/de\/wp-json\/wp\/v2\/comments?post=4757"}],"wp:featuredmedia":[{"embeddable":true,"href":"https:\/\/www.ecvents.com\/de\/wp-json\/wp\/v2\/media\/4791"}],"wp:attachment":[{"href":"https:\/\/www.ecvents.com\/de\/wp-json\/wp\/v2\/media?parent=4757"}],"wp:term":[{"taxonomy":"product_brand","embeddable":true,"href":"https:\/\/www.ecvents.com\/de\/wp-json\/wp\/v2\/product_brand?post=4757"},{"taxonomy":"product_cat","embeddable":true,"href":"https:\/\/www.ecvents.com\/de\/wp-json\/wp\/v2\/product_cat?post=4757"},{"taxonomy":"product_tag","embeddable":true,"href":"https:\/\/www.ecvents.com\/de\/wp-json\/wp\/v2\/product_tag?post=4757"}],"curies":[{"name":"WP","href":"https:\/\/api.w.org\/{rel}","templated":true}]}}