{"id":4771,"date":"2026-03-19T06:04:34","date_gmt":"2026-03-19T11:04:34","guid":{"rendered":"https:\/\/www.ecvents.com\/?post_type=product&#038;p=4771"},"modified":"2026-03-19T06:05:00","modified_gmt":"2026-03-19T11:05:00","slug":"luftfilterkasten","status":"publish","type":"product","link":"https:\/\/www.ecvents.com\/de\/product\/luftfilterkasten\/","title":{"rendered":"Luftfilterkasten"},"content":{"rendered":"<div class=\"someee\">\n<h2><strong>saubere Luft. stetiger Fluss. Gebaut f\u00fcr allt\u00e4gliche R\u00e4ume.<\/strong><\/h2>\n<p>der\u00a0<strong>Luftfilterbox<\/strong>\u00a0K\u00fcmmert sich leise um das, was am wichtigsten ist - saubere, atmungsaktive Luft. Kompakt und dennoch leistungsstark, kombiniert\u00a0<strong>Drei Filtrationsschichten<\/strong>\u00a0Alles vom sichtbaren Staub bis zu unsichtbaren Partikeln zu entfernen, indem Sie H\u00e4user, B\u00fcros und Arbeitsbereiche Luft geben, die sich leichter, frischer und leichter zu atmen anf\u00fchlt.<\/p>\n<p>Es beginnt mit dem\u00a0<strong>Prim\u00e4rfilter<\/strong>, gebaut mit einem mehrfachen Design und einer gro\u00dfen Staubhaltekapazit\u00e4t zur Erfassung von Haaren, Flusen und anderen gro\u00dfen Luftpartikeln, bevor sie in das System eintreten. Als n\u00e4chstes ist die\u00a0<strong>Aktivierter Carbon\u202fFilter<\/strong>\u00a0Absorbiert Ger\u00fcche und sch\u00e4dliche Gase mit hochwertigem Granulatkohle \u2013 neutralisiert die allt\u00e4glichen Ger\u00fcche, die sich in geschlossenen Umgebungen ansammeln.<\/p>\n<p>Schlie\u00dflich ist die\u00a0<strong>HEPA\u202fHochleistungs\u202fFilter<\/strong>\u00a0Die Reinigung erfolgt auf die mikroskopische Ebene. in der Lage, so kleine Partikel wie m\u00f6glich zu entfernen\u00a0<strong>PM 2.5<\/strong>\u00a0und einfangen\u00a0<strong>99\u202f%\u202ffeine \u202fstaub, \u202fpollen,\u202fund\u202fBakterien<\/strong>, Es schlie\u00dft einen sauberen Luftzyklus ab, der jeden Atemzug erfrischt.<\/p>\n<p>Jede B\u00fchne \u202f spielt \u202fTeile\u202fTo\u202fBuild\u202fBauen\u202fKontinuierlicher, \u202fausgewogener Luftstrom\u202fMit \u202f minimaler \u202fWiderstand\u202f(<strong>Verlust \u202fRate\u202f\u2266\u202f0.3\u202f%<\/strong>).\u202f Verf\u00fcgbar\u202fin \u202fMultiple\u202fDuct\u202fSizes\u202fFrom 100\u202fMM\u202f250\u202fmm,\u202fIT\u202fIntegriert\u202fSeamless\u202fin\u202fneue oder \u202fBestehende \u202f-Systeme.\u202f Leicht, haltbar, \u202fund \u202f einfach\u202fzu \u202f zu pflegen, \u202f \u202f \u202f filtrieren \u202f box \u202f \u202f effiziente L\u00f6sung \u202f f\u00fcr \u202f \u202f \u202f \u202f \u202f \u202f \u202f \u202f \u202f \u202f \u202f \u202f \u202f \u202f \u202f \u202f \u202f \u202f \u202f \u202f \u202f \u202f \u202f \u202f zu pflegen \u202f \u202f \u202f einfach zu pflegen.<\/p>\n<\/div>\n<hr \/>\n<p>Leistung:<\/p>\n<div class=\"scroll-table-wrapper\">\n<div class=\"scroll-table\">\n<table id=\"tablepress-52\" class=\"tablepress tablepress-id-52\">\n<thead>\n<tr class=\"row-1\">\n\t<th class=\"column-1\">modellieren<\/th><th class=\"column-2\">Kanalgr\u00f6\u00dfe (mm)<\/th><th class=\"column-3\">Abmessungen (L\u00d7B\u00d7H) (mm)<\/th><th class=\"column-4\">Prim\u00e4rfiltergr\u00f6\u00dfe<br \/>\n(mm)<\/th><th class=\"column-5\">Gr\u00f6\u00dfe des Aktivkohlefilters (mm)<\/th><th class=\"column-6\">Hocheffiziente HEPA-Filtergr\u00f6\u00dfe (mm)<\/th><th class=\"column-7\">Luftvolumenverlustrate<\/th><th class=\"column-8\">N.M (kg)<\/th>\n<\/tr>\n<\/thead>\n<tbody class=\"row-striping row-hover\">\n<tr class=\"row-2\">\n\t<td class=\"column-1\">GLX-100<\/td><td class=\"column-2\">\u03c6100<\/td><td class=\"column-3\">300x200\u00d7200<\/td><td class=\"column-4\">295x170\u00d710<\/td><td class=\"column-5\">295x170\u00d720<\/td><td class=\"column-6\">295x170x50<\/td><td class=\"column-7\">0.3<\/td><td class=\"column-8\">5.2<\/td>\n<\/tr>\n<tr class=\"row-3\">\n\t<td class=\"column-1\">GLX-150<\/td><td class=\"column-2\">\u03c6150<\/td><td class=\"column-3\">300x200\u00d7200<\/td><td class=\"column-4\">295x170x10<\/td><td class=\"column-5\">295x170\u00d720<\/td><td class=\"column-6\">295\u00d7170x50<\/td><td class=\"column-7\">0.3<\/td><td class=\"column-8\">5.1<\/td>\n<\/tr>\n<tr class=\"row-4\">\n\t<td class=\"column-1\">GLX-200<\/td><td class=\"column-2\">\u03c6200<\/td><td class=\"column-3\">430x300x300<\/td><td class=\"column-4\">425\u00d7270x20<\/td><td class=\"column-5\">425x270x20<\/td><td class=\"column-6\">425\u00d7270\u00d750<\/td><td class=\"column-7\">0.3<\/td><td class=\"column-8\">11<\/td>\n<\/tr>\n<tr class=\"row-5\">\n\t<td class=\"column-1\">GLX-250<\/td><td class=\"column-2\">\u03c6250<\/td><td class=\"column-3\">430x300x300<\/td><td class=\"column-4\">425\u00d7270x20<\/td><td class=\"column-5\">425x270x20<\/td><td class=\"column-6\">425x270x50<\/td><td class=\"column-7\">0.3<\/td><td class=\"column-8\">11.5<\/td>\n<\/tr>\n<\/tbody>\n<\/table>\n<!-- #tablepress-52 from cache --><\/div>\n<\/div>\n<div><\/div>\n<div class=\"woocb\"><a class=\"wocb\" href=\"http:\/\/www.beiaole.com\/wp-content\/uploads\/2025\/08\/d3.15.pdf\" target=\"_blank\" rel=\"noopener\">formieren<\/a><\/div>\n<div><\/div>","protected":false},"excerpt":{"rendered":"<ul>\n<li>\n<h2>Dreistufige Filtrierung:<\/h2>\n<p>\u202fprim\u00e4r, \u202faktivierter Kohlenstoff, \u202fund\u202fHepa\u202fFilter\u202fArbeit\u202fZusammen\u202fzu \u202ffangen\u202fund \u202fNeutralisieren Sie die \u202fgesaugten \u202fUrsachen.<\/li>\n<li>\n<h2>Hochleistungsf\u00e4higkeit:<\/h2>\n<p>\u202fEntfernt \u00fcber \u202f99\u202f%\u202ffeine \u202fTeilchen, \u202fPM\u202f2.5, \u202fpollen,\u202fund \u202fBakterien\u202ff\u00fcr\u202fReiniger\u202fIndoor\u202fair.<\/li>\n<li>\n<h2>Geruch\u202fund \u202fGas\u202fAbsorption:<\/h2>\n<p>\u202fAktivierte \u202fKohlenstoff\u202fSchicht \u202feliminiert \u202f und \u202fvoc\u202fSchadstoffe\u202f f\u00fcr \u202fA\u202fErfrischungserscheinungen.<\/li>\n<li>\n<h2>Gro\u00dfe Dust-Halte-Kapazit\u00e4t:<\/h2>\n<p>\u202fMehrfach\u202fprim\u00e4r\u202fFilter\u202fF\u00e4nge\u202fGro\u00dfere \u202fDebris\u202fohne Verstopfung\u202foder\u202fReduzierender Luftstrom.<\/li>\n<li>\n<h2>Niedriger Luftwiderstand:<\/h2>\n<p>\u202fOptimiertes Design\u202fsichert\u202fSteady\u202fEntl\u00fcftung\u202f(Air\u202fVolume\u202fLoss\u202f\u2266\u202f0.3\u202f%).<\/li>\n<li>\n<h2>Langlebige Konstruktion:<\/h2>\n<p>\u202fstarke \u202f \u202f \u202f \u202f \u202f \u202f \u202f \u202f filtern \u202f f\u00fcr \u202f \u202f \u202f \u202f residentieller anwendungen.<\/li>\n<li>\n<h2>Kompakt\u202fund\u202fEinfache\u202fInstallieren:<\/h2>\n<p>\u202fpasst\u202fduct\u202fsizes\u202f\u03c6\u202f100\u202f250\u202fmm\u202fF\u00fcr \u202fFlexible \u202fIntegration\u202fIn\u202fHVAC\u202fund \u202fEntl\u00fcftung Systeme.<\/li>\n<li>\n<h2>Schnelle Wartung:<\/h2>\n<p>\u202fEntfernbarer \u202fFilter\u202fElemente\u202fErsatz\u202fErsetzen\u202fund \u202fReinigung\u202fEinfache\u202fund\u202fTool\u2011frei.<\/li>\n<\/ul>\n<hr \/>","protected":false},"featured_media":4792,"comment_status":"open","ping_status":"closed","template":"","meta":{"_acf_changed":false},"product_brand":[],"product_cat":[72,27],"product_tag":[],"class_list":{"0":"post-4771","1":"product","2":"type-product","3":"status-publish","4":"has-post-thumbnail","6":"product_cat-filter","7":"product_cat-inline-duct-fan","9":"first","10":"instock","11":"taxable","12":"shipping-taxable","13":"purchasable","14":"product-type-variable","15":"has-default-attributes"},"acf":[],"_links":{"self":[{"href":"https:\/\/www.ecvents.com\/de\/wp-json\/wp\/v2\/product\/4771","targetHints":{"allow":["GET"]}}],"collection":[{"href":"https:\/\/www.ecvents.com\/de\/wp-json\/wp\/v2\/product"}],"about":[{"href":"https:\/\/www.ecvents.com\/de\/wp-json\/wp\/v2\/types\/product"}],"replies":[{"embeddable":true,"href":"https:\/\/www.ecvents.com\/de\/wp-json\/wp\/v2\/comments?post=4771"}],"wp:featuredmedia":[{"embeddable":true,"href":"https:\/\/www.ecvents.com\/de\/wp-json\/wp\/v2\/media\/4792"}],"wp:attachment":[{"href":"https:\/\/www.ecvents.com\/de\/wp-json\/wp\/v2\/media?parent=4771"}],"wp:term":[{"taxonomy":"product_brand","embeddable":true,"href":"https:\/\/www.ecvents.com\/de\/wp-json\/wp\/v2\/product_brand?post=4771"},{"taxonomy":"product_cat","embeddable":true,"href":"https:\/\/www.ecvents.com\/de\/wp-json\/wp\/v2\/product_cat?post=4771"},{"taxonomy":"product_tag","embeddable":true,"href":"https:\/\/www.ecvents.com\/de\/wp-json\/wp\/v2\/product_tag?post=4771"}],"curies":[{"name":"WP","href":"https:\/\/api.w.org\/{rel}","templated":true}]}}