{"id":4776,"date":"2026-03-19T06:04:35","date_gmt":"2026-03-19T11:04:35","guid":{"rendered":"https:\/\/www.ecvents.com\/?post_type=product&#038;p=4776"},"modified":"2026-03-19T06:05:00","modified_gmt":"2026-03-19T11:05:00","slug":"deckenauspuffventilator","status":"publish","type":"product","link":"https:\/\/www.ecvents.com\/de\/product\/deckenauspuffventilator\/","title":{"rendered":"Deckenauspuffventilator"},"content":{"rendered":"<div class=\"someee\">\n<h2><strong>Ruhige Frische. Zuverl\u00e4ssiges Design. Gebaut f\u00fcr den t\u00e4glichen Luftkomfort.<\/strong><\/h2>\n<p>der\u00a0<strong>Decke\u202fAbgas\u202fFan<\/strong>\u00a0ist eines dieser ruhigen Details, die einen Raum sofort komfortabler machen. Es entfernt Feuchtigkeit, Ger\u00fcche und abgestandene Luft mit einem sanften, effizienten Luftstrom - hinterl\u00e4sst frischen, atmungsaktiven Komfort, den Sie f\u00fchlen, aber kaum h\u00f6ren k\u00f6nnen.<\/p>\n<p>Im Herzen ist ein\u00a0<strong>Energiesparend\u202fAll\u2011Kupfer\u202fMotor<\/strong>\u00a0gepaart mit\u00a0<strong>Hochwertige Kugellager<\/strong>\u00a0f\u00fcr Stabilit\u00e4t und Langlebigkeit. Die aerodynamische Luftkanalstruktur zirkuliert Luft effizient und leise und h\u00e4lt die konstante Leistung frei von Ratteln oder Vibrationen. Es wurde entwickelt, um im Hintergrund zu arbeiten - zuverl\u00e4ssig, leise und \u00fcberraschend effektiv.<\/p>\n<p>Leicht und vielseitig, die\u00a0<strong>Kompaktes\u202fvolles\u2011kunststoff\u202fdesign<\/strong>\u00a0L\u00e4sst sich leicht in K\u00fcchen, Badezimmer, B\u00fcros und andere Alltagsr\u00e4ume ein. Der L\u00fcfter besteht aus hochwertigem Material und ist best\u00e4ndig gegen Hitze, Feuchtigkeit und Druck. Damit er nicht rostet, verzieht oder verblasst, verblasst er auch nach jahrelanger Dauergebrauch.<\/p>\n<p>Die Installation ist einfach und unauff\u00e4llig:\u00a0<strong>Schlanker, raffinierter K\u00f6rper<\/strong>\u00a0Passt ordentlich in die Decken, ohne die Innenausstattung zu st\u00f6ren. Die Wartung ist m\u00fchelos \u2013 die Tafel hebt sich ab, um schnell zu reinigen und die Leistung in Sekundenschnelle wiederherzustellen.<\/p>\n<p>Ruhig, langlebig und zuverl\u00e4ssig, das \u202fdecken\u202fFan\u202fFan\u202f ist die Art von Upgrade, die jeden Innenraum leise ein bisschen besser macht - stetiger Luftstrom und dauerhafter Komfort, der mit dem Alltag Schritt h\u00e4lt.<\/p>\n<\/div>\n<hr \/>\n<p>Abmessungen (Einheit: mm):<\/p>\n<div class=\"scroll-table-wrapper\">\n<div class=\"scroll-table\">\n<table id=\"tablepress-38\" class=\"tablepress tablepress-id-38\">\n<thead>\n<tr class=\"row-1\">\n\t<th class=\"column-1\">modellieren<\/th><th class=\"column-2\">A<\/th><th class=\"column-3\">B<\/th><th class=\"column-4\">C<\/th><th class=\"column-5\">D<\/th><th class=\"column-6\">\u03c6e<\/th>\n<\/tr>\n<\/thead>\n<tbody class=\"row-striping row-hover\">\n<tr class=\"row-2\">\n\t<td class=\"column-1\">BPT10-20-12SL<\/td><td class=\"column-2\">200<\/td><td class=\"column-3\">209<\/td><td class=\"column-4\">240<\/td><td class=\"column-5\">30<\/td><td class=\"column-6\">100<\/td>\n<\/tr>\n<tr class=\"row-3\">\n\t<td class=\"column-1\">BPT10-23-155L<\/td><td class=\"column-2\">230<\/td><td class=\"column-3\">238<\/td><td class=\"column-4\">270<\/td><td class=\"column-5\">30<\/td><td class=\"column-6\">100<\/td>\n<\/tr>\n<tr class=\"row-4\">\n\t<td class=\"column-1\">BPT10-25-175L<\/td><td class=\"column-2\">250<\/td><td class=\"column-3\">275<\/td><td class=\"column-4\">310<\/td><td class=\"column-5\">30<\/td><td class=\"column-6\">100<\/td>\n<\/tr>\n<tr class=\"row-5\">\n\t<td class=\"column-1\">BPT10-28-215L<\/td><td class=\"column-2\">275<\/td><td class=\"column-3\">279<\/td><td class=\"column-4\">320<\/td><td class=\"column-5\">30<\/td><td class=\"column-6\">95<\/td>\n<\/tr>\n<tr class=\"row-6\">\n\t<td class=\"column-1\">BPT10-30-30SL<\/td><td class=\"column-2\">300<\/td><td class=\"column-3\">301<\/td><td class=\"column-4\">340<\/td><td class=\"column-5\">30<\/td><td class=\"column-6\">100<\/td>\n<\/tr>\n<tr class=\"row-7\">\n\t<td class=\"column-1\">BPT10-34-40SL<\/td><td class=\"column-2\">340<\/td><td class=\"column-3\">343<\/td><td class=\"column-4\">400<\/td><td class=\"column-5\">30<\/td><td class=\"column-6\">100<\/td>\n<\/tr>\n<tr class=\"row-8\">\n\t<td class=\"column-1\">BPT15-34-50SL<\/td><td class=\"column-2\">340<\/td><td class=\"column-3\">340<\/td><td class=\"column-4\">400<\/td><td class=\"column-5\">30<\/td><td class=\"column-6\">150<\/td>\n<\/tr>\n<\/tbody>\n<\/table>\n<!-- #tablepress-38 from cache --><\/div>\n<\/div>\n<div><\/div>\n<div class=\"woocb\"><a class=\"wocb\" href=\"http:\/\/www.beiaole.com\/wp-content\/uploads\/2025\/08\/d3.8.1.pdf\" target=\"_blank\" rel=\"noopener\">formieren<\/a><\/div>\n<div><\/div>\n<p><img loading=\"lazy\" decoding=\"async\" class=\"aligncenter wp-image-17118 size-full\" src=\"http:\/\/www.beiaole.com\/wp-content\/uploads\/2025\/08\/s3.8.png\" alt=\"Ceiling Exhaust Fan-size\" width=\"896\" height=\"945\" data-no-translation=\"\" \/><br \/>\nLeistung:<\/p>\n<div class=\"scroll-table-wrapper\">\n<div class=\"scroll-table\">\n<table id=\"tablepress-39\" class=\"tablepress tablepress-id-39\">\n<thead>\n<tr class=\"row-1\">\n\t<th class=\"column-1\">modellieren<\/th><th class=\"column-2\">Spannung(V)<\/th><th class=\"column-3\">Leistung (W)<\/th><th class=\"column-4\">Luftstrom (m\u00b3\/h)<\/th><th class=\"column-5\">statischer Druck (PA)<\/th><th class=\"column-6\">L\u00e4rm (db)<\/th><th class=\"column-7\">G.W (kg)<\/th><th class=\"column-8\">Lochgr\u00f6\u00dfe (mm)<\/th><th class=\"column-9\">Plattengr\u00f6\u00dfe (mm)<\/th><th class=\"column-10\">Kanalgr\u00f6\u00dfe (mm)<\/th><th class=\"column-11\">Box \/ St\u00fcck<\/th>\n<\/tr>\n<\/thead>\n<tbody class=\"row-striping row-hover\">\n<tr class=\"row-2\">\n\t<td class=\"column-1\">BPT10 - 20 - 12SL<\/td><td class=\"column-2\">220<\/td><td class=\"column-3\">30<\/td><td class=\"column-4\">120<\/td><td class=\"column-5\">65<\/td><td class=\"column-6\">42<\/td><td class=\"column-7\">1.4<\/td><td class=\"column-8\">200*200<\/td><td class=\"column-9\">245*245<\/td><td class=\"column-10\">100<\/td><td class=\"column-11\">8<\/td>\n<\/tr>\n<tr class=\"row-3\">\n\t<td class=\"column-1\">BPT10 - 23 - 15SL<\/td><td class=\"column-2\">220<\/td><td class=\"column-3\">40<\/td><td class=\"column-4\">150<\/td><td class=\"column-5\">65<\/td><td class=\"column-6\">42<\/td><td class=\"column-7\">1.4<\/td><td class=\"column-8\">230*230<\/td><td class=\"column-9\">270*270<\/td><td class=\"column-10\">100<\/td><td class=\"column-11\">8<\/td>\n<\/tr>\n<tr class=\"row-4\">\n\t<td class=\"column-1\">BPT10 - 25 - 17SL<\/td><td class=\"column-2\">220<\/td><td class=\"column-3\">40<\/td><td class=\"column-4\">170<\/td><td class=\"column-5\">95<\/td><td class=\"column-6\">41<\/td><td class=\"column-7\">1.7<\/td><td class=\"column-8\">250*250<\/td><td class=\"column-9\">304*304<\/td><td class=\"column-10\">100<\/td><td class=\"column-11\">8<\/td>\n<\/tr>\n<tr class=\"row-5\">\n\t<td class=\"column-1\">BPT10 - 28 - 21SL<\/td><td class=\"column-2\">220<\/td><td class=\"column-3\">34<\/td><td class=\"column-4\">210<\/td><td class=\"column-5\">165<\/td><td class=\"column-6\">43<\/td><td class=\"column-7\">1.8<\/td><td class=\"column-8\">280*280<\/td><td class=\"column-9\">320*320<\/td><td class=\"column-10\">100<\/td><td class=\"column-11\">8<\/td>\n<\/tr>\n<tr class=\"row-6\">\n\t<td class=\"column-1\">BPT10 - 30 - 30SL<\/td><td class=\"column-2\">220<\/td><td class=\"column-3\">45<\/td><td class=\"column-4\">300<\/td><td class=\"column-5\">200<\/td><td class=\"column-6\">45<\/td><td class=\"column-7\">2.1<\/td><td class=\"column-8\">300*300<\/td><td class=\"column-9\">335*335<\/td><td class=\"column-10\">100<\/td><td class=\"column-11\">8<\/td>\n<\/tr>\n<tr class=\"row-7\">\n\t<td class=\"column-1\">BPT10 - 34 - 40SL<\/td><td class=\"column-2\">220<\/td><td class=\"column-3\">45<\/td><td class=\"column-4\">400<\/td><td class=\"column-5\">205<\/td><td class=\"column-6\">46<\/td><td class=\"column-7\">2.2<\/td><td class=\"column-8\">340*340<\/td><td class=\"column-9\">400*400<\/td><td class=\"column-10\">100<\/td><td class=\"column-11\">4<\/td>\n<\/tr>\n<tr class=\"row-8\">\n\t<td class=\"column-1\">BPT15 - 34 - 50SL<\/td><td class=\"column-2\">220<\/td><td class=\"column-3\">50<\/td><td class=\"column-4\">500<\/td><td class=\"column-5\">210<\/td><td class=\"column-6\">47<\/td><td class=\"column-7\">2.2<\/td><td class=\"column-8\">340*340<\/td><td class=\"column-9\">400*400<\/td><td class=\"column-10\">150<\/td><td class=\"column-11\">4<\/td>\n<\/tr>\n<\/tbody>\n<\/table>\n<!-- #tablepress-39 from cache --><\/div>\n<\/div>\n<div><\/div>\n<div class=\"woocb\"><a class=\"wocb\" href=\"http:\/\/www.beiaole.com\/wp-content\/uploads\/2025\/09\/d3.8.2.pdf\" target=\"_blank\" rel=\"noopener\">formieren<\/a><\/div>\n<div><\/div>","protected":false},"excerpt":{"rendered":"<ul>\n<li>\n<h2>Energieeffiziente Leistung:<\/h2>\n<p>\u202fAll\u2011Kupfer\u202fMotor\u202fMit \u202fPr\u00e4zision\u202fBall\u202fLagerungen\u202fSicherungen\u202fStabiler Betrieb\u202fJahre.<\/li>\n<li>\n<h2>Glattes Luftstrom\u202fSystem:<\/h2>\n<p>\u202f Gut strukturierte Luftzug \u202f \u202f Luft \u202f frei \u202f mit \u202f minimaler \u202f \u202f \u202f \u202f \u202f \u202f \u202f \u202f \u202f \u202f \u202f \u202f frei \u202f \u202f \u202f \u202f \u202f \u202f \u202f \u202f \u202f .<\/li>\n<li>\n<h2>Haltbares \u202fABS\u202fHousing:<\/h2>\n<p>\u202fstark, leicht, \u202f und \u202f Korrosionsbest\u00e4ndig \u202f Material\u202f steht \u202f bis \u202f Feuchte \u202f und \u202f W\u00e4rme.<\/li>\n<li>\n<h2>Kompakte Decken\u202fpassung:<\/h2>\n<p>\u202fSchleim \u202fProfil \u202fMounts\u202fFlush\u202fF\u00fcr \u202fA\u202fClean, unauff\u00e4llig\u202fSchauen Sie in \u202fAny \u202fInterior.<\/li>\n<li>\n<h2>Ger\u00e4uscharme Funktion:<\/h2>\n<p>\u202fWhisper\u2011Level\u202fSound\u202fOutput\u202fIt\u202fIdeal\u202fF\u00fcr \u202fBadezimmer, K\u00fcchen, \u202f und \u202f B\u00fcros.<\/li>\n<li>\n<h2>Leichtigkeit der Wartung:<\/h2>\n<p>\u202fSchnell\u2011Face\u202fFace\u202fF\u00fcr \u202fEinfache \u202fReinigung\u202fFilter\u202fZugriff \u202fOhne Werkzeuge.<\/li>\n<li>\n<h2>Vielseitige \u202fModellreihe:<\/h2>\n<p>\u202fVerf\u00fcgbar \u202f in \u202f verschieden \u202f sizes\u202f(\u03c695 \u202f \u2013 \u202f 150 \u202f mm) \u202f \u202f \u202f \u202f \u202f \u202f \u202f \u202f \u202f \u202f \u202f \u202f lt \u202f \u202f \u202f \u202f \u202f \u202f \u202f \u202f \u202f \u202f \u202f \u202f \u202f \u202f \u202f \u202f \u202f \u202f \u202f .<\/li>\n<\/ul>\n<hr \/>","protected":false},"featured_media":4793,"comment_status":"open","ping_status":"closed","template":"","meta":{"_acf_changed":false},"product_brand":[],"product_cat":[28],"product_tag":[],"class_list":{"0":"post-4776","1":"product","2":"type-product","3":"status-publish","4":"has-post-thumbnail","6":"product_cat-exhaust-fan","8":"first","9":"outofstock","10":"taxable","11":"shipping-taxable","12":"purchasable","13":"product-type-variable"},"acf":[],"_links":{"self":[{"href":"https:\/\/www.ecvents.com\/de\/wp-json\/wp\/v2\/product\/4776","targetHints":{"allow":["GET"]}}],"collection":[{"href":"https:\/\/www.ecvents.com\/de\/wp-json\/wp\/v2\/product"}],"about":[{"href":"https:\/\/www.ecvents.com\/de\/wp-json\/wp\/v2\/types\/product"}],"replies":[{"embeddable":true,"href":"https:\/\/www.ecvents.com\/de\/wp-json\/wp\/v2\/comments?post=4776"}],"wp:featuredmedia":[{"embeddable":true,"href":"https:\/\/www.ecvents.com\/de\/wp-json\/wp\/v2\/media\/4793"}],"wp:attachment":[{"href":"https:\/\/www.ecvents.com\/de\/wp-json\/wp\/v2\/media?parent=4776"}],"wp:term":[{"taxonomy":"product_brand","embeddable":true,"href":"https:\/\/www.ecvents.com\/de\/wp-json\/wp\/v2\/product_brand?post=4776"},{"taxonomy":"product_cat","embeddable":true,"href":"https:\/\/www.ecvents.com\/de\/wp-json\/wp\/v2\/product_cat?post=4776"},{"taxonomy":"product_tag","embeddable":true,"href":"https:\/\/www.ecvents.com\/de\/wp-json\/wp\/v2\/product_tag?post=4776"}],"curies":[{"name":"WP","href":"https:\/\/api.w.org\/{rel}","templated":true}]}}