{"id":4784,"date":"2026-03-19T06:04:36","date_gmt":"2026-03-19T11:04:36","guid":{"rendered":"https:\/\/www.ecvents.com\/?post_type=product&#038;p=4784"},"modified":"2026-03-19T06:04:58","modified_gmt":"2026-03-19T11:04:58","slug":"deckenauslassventilator-bpt-10-23s","status":"publish","type":"product","link":"https:\/\/www.ecvents.com\/de\/product\/deckenauslassventilator-bpt-10-23s\/","title":{"rendered":"Deckenauspuffventilator (BPT-10-23S)"},"content":{"rendered":"<div class=\"someee\">\n<h2><strong>leiser Luftstrom. Dauerhafter Komfort. Gebaut f\u00fcr allt\u00e4gliche R\u00e4ume.<\/strong><\/h2>\n<p>der\u00a0<strong>Decke\u202fAuspuff\u202fFan\u202f(BPT\u201110\u201123S)<\/strong>\u00a0ist eines dieser ruhigen wesentlichen Dinge, die einfach einen Raum verbessern, ohne Aufmerksamkeit zu erregen. Es h\u00e4lt die Luft frisch, die Luftfeuchtigkeit niedrig und die R\u00e4ume sind angenehmer - so reibungslos und leise laufen Sie, dass Sie vergessen werden, dass es sogar da ist.<\/p>\n<p>Im Inneren ein\u00a0<strong>All\u2011Kupfer\u202fEnergiesparender\u202fMotor<\/strong>\u00a0gepaart mit\u00a0<strong>Hochwertige Kugellager<\/strong>\u00a0Gew\u00e4hrleistet stabile, effiziente Leistung. Der sorgf\u00e4ltig konstruierte Luftkanal und das Fahrwerk arbeiten zusammen, um Widerstand und Vibrationen zu minimieren und einen gleichm\u00e4\u00dfigen Luftstrom mit ger\u00e4uscharmer Pr\u00e4zision zu erzielen. Schalten Sie es einmal ein, und es funktioniert einfach - \u202f Ruhig, zuverl\u00e4ssig und Tag f\u00fcr Tag.<\/p>\n<p>aus\u00a0<strong>Hochwertige\u202fABS\u202fPlastik<\/strong>, Der L\u00fcfter ist leicht und dennoch robust und widersteht Rost, Feuchtigkeit und Verformung - perfekt f\u00fcr Badezimmer, K\u00fcchen oder feuchtigkeitsbedingte R\u00e4ume. dessen\u00a0<strong>Schlank\u202fund\u202fKompakt\u202fProfil<\/strong>\u00a0Passt in enge Deckenr\u00e4ume f\u00fcr eine saubere, nahtlose Installation, die sich m\u00fchelos in moderne Innenr\u00e4ume einf\u00fcgt.<\/p>\n<p>Die Wartung ist erfrischend einfach: Das Frontpanel \u202fdetachert\u202f f\u00fcr \u202f schnell \u202f abwischen, \u202f \u202f reinigung \u202f und \u202f upkeep \u202f fast \u202f und \u202f m\u00fchelos\u202f frei.\u202f Mit \u202f \u202f \u202f \u202f \u202f \u202f \u202f \u202f \u202f \u202f \u202f \u202f \u202f \u202f \u202f \u202f \u202f \u202f \u202f \u202f \u202f \u202f \u202f \u202f \u202f \u202f \u202f \u202f \u202f \u202f \u202f \u202f \u202f \u202f \u202f \u202f \u202f \u202f \u202f \u202f \u202f \u202f \u202f \u202f \u202f \u202f \u202f \u202f \u202f \u202f \u202f \u202f \u202f \u202f \u202f \u202f \u202f \u202f \ufffd\ufffd.<\/p>\n<p>Elegant, effizient und bis zum Schluss, die Decke \u202fFan\u202f(BPT\u201110\u201123S) \u202fReinigen Luft\u202f und \u202fRuhe\u202f-Vertrauen, die\u202f ertr\u00e4gt.<\/p>\n<\/div>\n<hr \/>\n<p>Abmessungen (Einheit: mm):<\/p>\n<div class=\"scroll-table-wrapper\">\n<div class=\"scroll-table\">\n<table id=\"tablepress-40\" class=\"tablepress tablepress-id-40\">\n<thead>\n<tr class=\"row-1\">\n\t<th class=\"column-1\">modellieren<\/th><th class=\"column-2\">A<\/th><th class=\"column-3\">B<\/th><th class=\"column-4\">C<\/th><th class=\"column-5\">D<\/th><th class=\"column-6\">E<\/th><th class=\"column-7\">F<\/th><th class=\"column-8\">\u03c6d<\/th><th class=\"column-9\">Lochgr\u00f6\u00dfe (mm)<\/th>\n<\/tr>\n<\/thead>\n<tbody class=\"row-striping row-hover\">\n<tr class=\"row-2\">\n\t<td class=\"column-1\">BPT-10-23S<\/td><td class=\"column-2\">300<\/td><td class=\"column-3\">300<\/td><td class=\"column-4\">100<\/td><td class=\"column-5\">200<\/td><td class=\"column-6\">270<\/td><td class=\"column-7\">300<\/td><td class=\"column-8\">100<\/td><td class=\"column-9\">300x300<\/td>\n<\/tr>\n<\/tbody>\n<\/table>\n<!-- #tablepress-40 from cache --><\/div>\n<\/div>\n<div><\/div>\n<div class=\"woocb\"><a class=\"wocb\" href=\"http:\/\/www.beiaole.com\/wp-content\/uploads\/2025\/08\/d3.9.1.pdf\" target=\"_blank\" rel=\"noopener\">formieren<\/a><\/div>\n<div><\/div>\n<p><img loading=\"lazy\" decoding=\"async\" class=\"aligncenter wp-image-17138 size-large\" src=\"http:\/\/www.beiaole.com\/wp-content\/uploads\/2025\/08\/s3.10-625x1024.png\" alt=\"Ceiling Exhaust Fan(BPT-10-23S)-size\" width=\"625\" height=\"1024\" data-no-translation=\"\" \/><br \/>\nLeistung:<\/p>\n<div class=\"scroll-table-wrapper\">\n<div class=\"scroll-table\">\n<table id=\"tablepress-41\" class=\"tablepress tablepress-id-41\">\n<thead>\n<tr class=\"row-1\">\n\t<th class=\"column-1\">modellieren<\/th><th class=\"column-2\">Spannung(V)\/Frequenz(Hz)<\/th><th class=\"column-3\">Leistung (W)<\/th><th class=\"column-4\">Luftstrom (m\u00b3\/h)<\/th><th class=\"column-5\">statischer Druck (PA)<\/th><th class=\"column-6\">L\u00e4rm (da(a))<\/th><th class=\"column-7\">G.W (kg)<\/th><th class=\"column-8\">Kanalgr\u00f6\u00dfe (\u03a6mm)<\/th><th class=\"column-9\">Plattengr\u00f6\u00dfe (mm)<\/th>\n<\/tr>\n<\/thead>\n<tbody class=\"row-striping row-hover\">\n<tr class=\"row-2\">\n\t<td class=\"column-1\">BPT-10-23S<\/td><td class=\"column-2\">200V~50Hz<\/td><td class=\"column-3\">30<\/td><td class=\"column-4\">250<\/td><td class=\"column-5\">150<\/td><td class=\"column-6\">41<\/td><td class=\"column-7\">2.1<\/td><td class=\"column-8\">100<\/td><td class=\"column-9\">300x300<\/td>\n<\/tr>\n<\/tbody>\n<\/table>\n<!-- #tablepress-41 from cache --><\/div>\n<\/div>\n<div><\/div>\n<div class=\"woocb\"><a class=\"wocb\" href=\"http:\/\/www.beiaole.com\/wp-content\/uploads\/2025\/08\/d3.9.2.pdf\" target=\"_blank\" rel=\"noopener\">formieren<\/a><\/div>\n<div><\/div>","protected":false},"excerpt":{"rendered":"<ul>\n<li>\n<h2>Energieeffizient\u202fKupfer\u202fMotor:<\/h2>\n<p>\u202f Lieferen \u202f \u202f250 \u202f m\u00b3\/h \u202f Luftstrom\u202f mit \u202f gerade \u202f \u202f w\u202f \u202f \u202f \u202f \u202f \u202f konsum.<\/li>\n<li>\n<h2>Ger\u00e4uscharme Funktion:<\/h2>\n<p>\u202fausgeglichener \u202fImpeller\u202fund\u202feingeschlossener \u202fEntwurf\u202fKeep\u202fSound\u202fLevels\u202fto\u202fA\u202fGentle\u202f41\u202fDB(A).<\/li>\n<li>\n<h2>Langlebige Konstruktion:<\/h2>\n<p>\u202fHigh\u2011St\u00e4rke\u202fAbs\u202fMaterial\u202fWiderst \u202fKorrosion, \u202fWehling, \u202f und \u202fFeuchtigkeit\u202fSch\u00e4digung \u202fZeit.<\/li>\n<li>\n<h2>Kompakt\u202fund\u202fSchleim\u202fForm:<\/h2>\n<p>\u202fpasst\u202f \u202f \u202f \u202f AT\u202f \u202f \u202f \u202f 300 \u202f mm, \u202f \u202f \u202f \u202f f\u00fcr \u202f tight\u202f \u202f \u202f \u202f \u202f \u202f \u202f moderner \u202f designs.<\/li>\n<li>\n<h2>Einfache Wartung:<\/h2>\n<p>\u202fSchnellver\u00f6ffentlichung\u202fFront\u202fPanel\u202fF\u00fcr \u202fEasy\u202fReinigung\u202fOhne Werkzeuge\u202foder\u202fKomplex\u202fBaugruppe.<\/li>\n<li>\n<h2>Zuverl\u00e4ssige Leistung:<\/h2>\n<p>\u202fstabil\u202fLuftstrom\u202f250\u202fm\u00b3\/h\u202fat\u202f150\u202fpa\u202fstatische Druck\u202fPressure\u202ffresh\u202fAir\u202fFlow\u202fF\u00fcr \u202fBadezimmer\u202f und \u202fK\u00fcchen.<\/li>\n<li>\n<h2>Leichtbau:<\/h2>\n<p>\u202fat\u202fjust\u202f2.1\u202fkg, \u202fInstallation\u202f ist \u202fsicher, einfach, \u202f und \u202f schnell.<\/li>\n<\/ul>\n<hr \/>","protected":false},"featured_media":4794,"comment_status":"open","ping_status":"closed","template":"","meta":{"_acf_changed":false},"product_brand":[],"product_cat":[28],"product_tag":[],"class_list":{"0":"post-4784","1":"product","2":"type-product","3":"status-publish","4":"has-post-thumbnail","6":"product_cat-exhaust-fan","8":"first","9":"outofstock","10":"taxable","11":"shipping-taxable","12":"purchasable","13":"product-type-simple"},"acf":[],"_links":{"self":[{"href":"https:\/\/www.ecvents.com\/de\/wp-json\/wp\/v2\/product\/4784","targetHints":{"allow":["GET"]}}],"collection":[{"href":"https:\/\/www.ecvents.com\/de\/wp-json\/wp\/v2\/product"}],"about":[{"href":"https:\/\/www.ecvents.com\/de\/wp-json\/wp\/v2\/types\/product"}],"replies":[{"embeddable":true,"href":"https:\/\/www.ecvents.com\/de\/wp-json\/wp\/v2\/comments?post=4784"}],"wp:featuredmedia":[{"embeddable":true,"href":"https:\/\/www.ecvents.com\/de\/wp-json\/wp\/v2\/media\/4794"}],"wp:attachment":[{"href":"https:\/\/www.ecvents.com\/de\/wp-json\/wp\/v2\/media?parent=4784"}],"wp:term":[{"taxonomy":"product_brand","embeddable":true,"href":"https:\/\/www.ecvents.com\/de\/wp-json\/wp\/v2\/product_brand?post=4784"},{"taxonomy":"product_cat","embeddable":true,"href":"https:\/\/www.ecvents.com\/de\/wp-json\/wp\/v2\/product_cat?post=4784"},{"taxonomy":"product_tag","embeddable":true,"href":"https:\/\/www.ecvents.com\/de\/wp-json\/wp\/v2\/product_tag?post=4784"}],"curies":[{"name":"WP","href":"https:\/\/api.w.org\/{rel}","templated":true}]}}