{"id":4785,"date":"2026-03-19T06:04:36","date_gmt":"2026-03-19T11:04:36","guid":{"rendered":"https:\/\/www.ecvents.com\/?post_type=product&#038;p=4785"},"modified":"2026-03-19T06:05:27","modified_gmt":"2026-03-19T11:05:27","slug":"wand-badeventilator","status":"publish","type":"product","link":"https:\/\/www.ecvents.com\/de\/product\/wand-badeventilator\/","title":{"rendered":"Wand-Badeventilator"},"content":{"rendered":"<div class=\"someee\">\n<h2><strong>Ruhige Leistung. Stetige Frische. Gebaut f\u00fcr den Alltagskomfort.<\/strong><\/h2>\n<p>der\u00a0<strong>Wandmontiert\u202fBadezimmer\u202fFan<\/strong>\u00a0ist eines dieser ruhigen Wesensarten, die einen Raum leichter f\u00fchlen lassen, ohne auf sich aufmerksam zu machen. Es l\u00f6scht effizient Dampf nach dem Duschen, entfernt Ger\u00fcche und sorgt daf\u00fcr, dass die Luft sauber und trocken anf\u00fchlt - der Komfort, der nach dem Einsturz schnell unverzichtbar wird.<\/p>\n<p>Im Kern ist ein\u00a0<strong>All\u2011Kupfer Energiesparmotor<\/strong>\u00a0unterst\u00fctzt von\u00a0<strong>Hochwertige Kugellager<\/strong>, konstruiert f\u00fcr dauerhafte Stabilit\u00e4t und einen ruhigen Betrieb. Die integrierte Luftkanalkonstruktion minimiert Widerstand und Vibrationen und sorgt f\u00fcr einen gleichm\u00e4\u00dfigen Luftstrom, der kraftvoll und dennoch fl\u00fcsterartig ist.<\/p>\n<p>Vollst\u00e4ndig gemacht aus\u00a0<strong>Hochwertiges ABS\u202fkunststoff<\/strong>, Der L\u00fcfter ist leicht, rostfrei und perfekt f\u00fcr feuchte Bedingungen geeignet. Seine schlanke, kompakte Form passt sich ordentlich an W\u00e4nde oder Decken an und f\u00fcgt sich in jedes Badezimmer oder jeden Waschraum ein. Es widersteht Korrosion, Verf\u00e4rbung und Verformung auch bei Dauergebrauch.<\/p>\n<p>Die Wartung k\u00f6nnte nicht einfacher sein - nur ein schnelles Abwischen sorgt daf\u00fcr, dass es makellos und reibungslos l\u00e4uft. mit ger\u00e4uscharmer Leistung um\u00a0<strong>39\u202f\u2013\u202f43\u202fDB<\/strong>, liefert zuverl\u00e4ssige Bel\u00fcftung ohne die Ruhe zu st\u00f6ren.<\/p>\n<p>Einfach, effizient und f\u00fcr Komfort gebaut, erfordert der Wand-Bad-Fan. Es erfordert nie Aufmerksamkeit - es h\u00e4lt die frische Luft in Bewegung, sodass Sie sich entspannen und atmen k\u00f6nnen.<\/p>\n<\/div>\n<hr \/>\n<p>Abmessungen (Einheit: mm):<\/p>\n<div class=\"scroll-table-wrapper\">\n<div class=\"scroll-table\">\n<table id=\"tablepress-42\" class=\"tablepress tablepress-id-42\">\n<thead>\n<tr class=\"row-1\">\n\t<th class=\"column-1\">modellieren<\/th><th class=\"column-2\">A<\/th><th class=\"column-3\">B<\/th><th class=\"column-4\">C<\/th><th class=\"column-5\">D<\/th><th class=\"column-6\">E<\/th>\n<\/tr>\n<\/thead>\n<tbody class=\"row-striping row-hover\">\n<tr class=\"row-2\">\n\t<td class=\"column-1\">APC10-S-N<\/td><td class=\"column-2\">150<\/td><td class=\"column-3\">150<\/td><td class=\"column-4\">97<\/td><td class=\"column-5\">85<\/td><td class=\"column-6\">16<\/td>\n<\/tr>\n<tr class=\"row-3\">\n\t<td class=\"column-1\">APC15-2S-N<\/td><td class=\"column-2\">200<\/td><td class=\"column-3\">200<\/td><td class=\"column-4\">145<\/td><td class=\"column-5\">88<\/td><td class=\"column-6\">16<\/td>\n<\/tr>\n<tr class=\"row-4\">\n\t<td class=\"column-1\">APC20-3S-N<\/td><td class=\"column-2\">252<\/td><td class=\"column-3\">252<\/td><td class=\"column-4\">179<\/td><td class=\"column-5\">98<\/td><td class=\"column-6\">16<\/td>\n<\/tr>\n<\/tbody>\n<\/table>\n<!-- #tablepress-42 from cache --><\/div>\n<\/div>\n<div><\/div>\n<div class=\"woocb\"><a class=\"wocb\" href=\"http:\/\/www.beiaole.com\/wp-content\/uploads\/2025\/08\/d3.10.1.pdf\" target=\"_blank\" rel=\"noopener\">formieren<\/a><\/div>\n<div><\/div>\n<p><img loading=\"lazy\" decoding=\"async\" class=\"aligncenter wp-image-17182 size-large\" src=\"http:\/\/www.beiaole.com\/wp-content\/uploads\/2025\/08\/s3.11-549x1024.png\" alt=\"Wall Mounted Bathroom Fan-size\" width=\"549\" height=\"1024\" data-no-translation=\"\" \/><br \/>\nLeistung:<\/p>\n<div class=\"scroll-table-wrapper\">\n<div class=\"scroll-table\">\n<table id=\"tablepress-43\" class=\"tablepress tablepress-id-43\">\n<thead>\n<tr class=\"row-1\">\n\t<th class=\"column-1\">modellieren<\/th><th class=\"column-2\">Gr\u00f6\u00dfe (mm)<\/th><th class=\"column-3\">Spannung(V)<\/th><th class=\"column-4\">Frequenz (Hz)<\/th><th class=\"column-5\">Leistung (W)<\/th><th class=\"column-6\">Luftstrom (m\u00b3\/min)<\/th><th class=\"column-7\">L\u00e4rm (dB(A))<\/th>\n<\/tr>\n<\/thead>\n<tbody class=\"row-striping row-hover\">\n<tr class=\"row-2\">\n\t<td class=\"column-1\">APC10-S-N<\/td><td class=\"column-2\">100<\/td><td class=\"column-3\">220<\/td><td class=\"column-4\">50<\/td><td class=\"column-5\">9<\/td><td class=\"column-6\">1.5<\/td><td class=\"column-7\">39<\/td>\n<\/tr>\n<tr class=\"row-3\">\n\t<td class=\"column-1\">APC15-2S-N<\/td><td class=\"column-2\">150<\/td><td class=\"column-3\">220<\/td><td class=\"column-4\">50<\/td><td class=\"column-5\">16<\/td><td class=\"column-6\">3.0<\/td><td class=\"column-7\">39<\/td>\n<\/tr>\n<tr class=\"row-4\">\n\t<td class=\"column-1\">APC20-3S-N<\/td><td class=\"column-2\">200<\/td><td class=\"column-3\">220<\/td><td class=\"column-4\">50<\/td><td class=\"column-5\">18<\/td><td class=\"column-6\">4.2<\/td><td class=\"column-7\">43<\/td>\n<\/tr>\n<\/tbody>\n<\/table>\n<!-- #tablepress-43 from cache --><\/div>\n<\/div>\n<div><\/div>\n<div class=\"woocb\"><a class=\"wocb\" href=\"http:\/\/www.beiaole.com\/wp-content\/uploads\/2025\/08\/d3.10.2.pdf\" target=\"_blank\" rel=\"noopener\">formieren<\/a><\/div>\n<div><\/div>","protected":false},"excerpt":{"rendered":"<ul>\n<li>\n<h2>Energieeffizient\u202fKupfer\u202fMotor:<\/h2>\n<p>\u202fPure\u202fKupfer\u202fKern\u202fMotor\u202fMit \u202fBall\u202fLagern\u202fSicherungen\u202fStabile Leistung \u202fund \u202fSchlechter Betrieb.<\/li>\n<li>\n<h2>Glattes Luftstrom\u202fSystem:<\/h2>\n<p>\u202fintegrierte \u202fChassis\u202fund \u202fAir\u202fDuct\u202fReduzierung\u202fWiderstand\u202fund\u202fausl\u00f6sender \u202fgeseilter \u202fSchwiegen\u202fEntl\u00fcftung.<\/li>\n<li>\n<h2>Langlebige Abs\u202fKonstruktion:<\/h2>\n<p>\u202fLeichtgewicht und \u202fkorrosion-resistent\u202fK\u00f6rper\u202fW\u00e4rme, \u202fHeimlichkeit, \u202f und \u202fVerformung\u202fZeit.<\/li>\n<li>\n<h2>Ger\u00e4uscharme Funktion:<\/h2>\n<p>\u202fBetreibt \u202fJust \u202f39\u202f\u2013\u202f43\u202fDB(A)\u202fF\u00fcr \u202fBadezimmer\u202f oder \u202fOffice\u202fUmwelt.<\/li>\n<li>\n<h2>Kompaktes Design:<\/h2>\n<p>\u202fpasst \u202fgenau an den W\u00e4nden\u202foder\u202fdecken\u202f-\u202fperfekt \u202f f\u00fcr \u202fkleine Wohnungen\u202f oder \u202fBadezimmer.<\/li>\n<li>\n<h2>Einfache Reinigung \u202fund \u202fWartung:<\/h2>\n<p>\u202fSmooth \u202fSurface\u202fWipes\u202fReinigen\u202fin Sekunden\u202fSekunden f\u00fcr \u202flangfristige\u202fFrischleistung.<\/li>\n<li>\n<h2>Mehrere Gr\u00f6\u00dfen-Optionen:<\/h2>\n<p>\u202fVerf\u00fcgbar\u202f in \u202f 100 \u202f mm, \u202f 150 \u202f mm, \u202f und \u202f 200 \u202f mm\u202f Durchmesser \u202f zu \u202f \u202f unterschiedliche Raum \u202f \u202f \u202f \u202f \u202f \u202f \u202f \u202f \u202f \u202f \u202f \u202f \u202f \u202f \u202f \u202f \u202f \u202f \u202f \u202f \u202f \ufffd.<\/li>\n<\/ul>\n<hr \/>","protected":false},"featured_media":4819,"comment_status":"open","ping_status":"closed","template":"","meta":{"_acf_changed":false},"product_brand":[],"product_cat":[28],"product_tag":[],"class_list":{"0":"post-4785","1":"product","2":"type-product","3":"status-publish","4":"has-post-thumbnail","6":"product_cat-exhaust-fan","8":"first","9":"outofstock","10":"taxable","11":"shipping-taxable","12":"purchasable","13":"product-type-variable"},"acf":[],"_links":{"self":[{"href":"https:\/\/www.ecvents.com\/de\/wp-json\/wp\/v2\/product\/4785","targetHints":{"allow":["GET"]}}],"collection":[{"href":"https:\/\/www.ecvents.com\/de\/wp-json\/wp\/v2\/product"}],"about":[{"href":"https:\/\/www.ecvents.com\/de\/wp-json\/wp\/v2\/types\/product"}],"replies":[{"embeddable":true,"href":"https:\/\/www.ecvents.com\/de\/wp-json\/wp\/v2\/comments?post=4785"}],"wp:featuredmedia":[{"embeddable":true,"href":"https:\/\/www.ecvents.com\/de\/wp-json\/wp\/v2\/media\/4819"}],"wp:attachment":[{"href":"https:\/\/www.ecvents.com\/de\/wp-json\/wp\/v2\/media?parent=4785"}],"wp:term":[{"taxonomy":"product_brand","embeddable":true,"href":"https:\/\/www.ecvents.com\/de\/wp-json\/wp\/v2\/product_brand?post=4785"},{"taxonomy":"product_cat","embeddable":true,"href":"https:\/\/www.ecvents.com\/de\/wp-json\/wp\/v2\/product_cat?post=4785"},{"taxonomy":"product_tag","embeddable":true,"href":"https:\/\/www.ecvents.com\/de\/wp-json\/wp\/v2\/product_tag?post=4785"}],"curies":[{"name":"WP","href":"https:\/\/api.w.org\/{rel}","templated":true}]}}