{"id":4789,"date":"2026-03-19T06:04:37","date_gmt":"2026-03-19T11:04:37","guid":{"rendered":"https:\/\/www.ecvents.com\/?post_type=product&#038;p=4789"},"modified":"2026-03-19T06:05:14","modified_gmt":"2026-03-19T11:05:14","slug":"deckenventilator-mit-alaun-panel","status":"publish","type":"product","link":"https:\/\/www.ecvents.com\/de\/product\/deckenventilator-mit-alaun-panel\/","title":{"rendered":"Deckenventilator mit Alaun-Panel"},"content":{"rendered":"<div class=\"someee\">\n<h2><strong>Kompakte Leistung. Ruhige Zuverl\u00e4ssigkeit. Gebaut f\u00fcr den Alltagskomfort.<\/strong><\/h2>\n<p>der\u00a0<strong>Alaun\u202fPanel\u202fDecken\u202fFan<\/strong>\u00a0Liefert leise, effiziente Luftstr\u00f6mung in kompakter, unaufdringlicher Form \u2013 ideal f\u00fcr R\u00e4ume, die ohne Kompromisse Komfort erfordern. Es wurde so konzipiert, dass es sich nahtlos in die Decken einf\u00fcgt, und h\u00e4lt die Luft reibungslos in Bewegung und bewahrt eine saubere, moderne \u00c4sthetik, die sowohl f\u00fcr Wohn- als auch f\u00fcr gewerbliche Innenr\u00e4ume geeignet ist.<\/p>\n<p>Im Kern ist ein\u00a0<strong>All\u2011Kupfer, Energiesparmotor<\/strong>\u00a0unterst\u00fctzt von\u00a0<strong>Hochwertige Kugellager<\/strong>, die dauerhafte Stabilit\u00e4t und ger\u00e4uscharme Leistungen gew\u00e4hrleisten. Das aerodynamische Fahrwerk und die Luftkanalstruktur sind so konzipiert, dass sie harmonisch arbeiten, Vibrationen reduzieren, den gleichm\u00e4\u00dfigen Luftstrom aufrechterhalten und die Lebensdauer des Produkts auch bei Dauergebrauch verl\u00e4ngern.<\/p>\n<p>aus hochfester\u00a0<strong>ABS\u202fPlastik<\/strong>, Der L\u00fcfter ist leicht und dennoch bemerkenswert langlebig. Es ist best\u00e4ndig gegen Rost, Korrosion und Verformung und eignet sich perfekt f\u00fcr feuchte Umgebungen wie K\u00fcchen und Badezimmer. Das schlanke \u202f300 \u00d7 \u202f 300 \u202f mm\u202f Panel erg\u00e4nzt die moderne Architektur, w\u00e4hrend die easy-fit-Installation die schnelle Montage direkt in Decken oder L\u00fcftungsgitter erm\u00f6glicht.<\/p>\n<p>Einfach zu warten und zu bauen, verbindet das Alaun\u202fPanel\u202fFan die Funktionalit\u00e4t mit subtiler Eleganz \u2013 einem leisen Performer, der Tag f\u00fcr Tag zuverl\u00e4ssig arbeitet.<\/p>\n<\/div>\n<hr \/>\n<p>Abmessungen (Einheit: mm):<\/p>\n<div class=\"scroll-table-wrapper\">\n<div class=\"scroll-table\">\n<table id=\"tablepress-44\" class=\"tablepress tablepress-id-44\">\n<thead>\n<tr class=\"row-1\">\n\t<th class=\"column-1\">modellieren<\/th><th class=\"column-2\">A<\/th><th class=\"column-3\">B<\/th><th class=\"column-4\">C<\/th><th class=\"column-5\">\u03c6d<\/th><th class=\"column-6\">D<\/th><th class=\"column-7\">E<\/th>\n<\/tr>\n<\/thead>\n<tbody class=\"row-striping row-hover\">\n<tr class=\"row-2\">\n\t<td class=\"column-1\">BPT10-23<\/td><td class=\"column-2\">300<\/td><td class=\"column-3\">300<\/td><td class=\"column-4\">100<\/td><td class=\"column-5\">98<\/td><td class=\"column-6\">363<\/td><td class=\"column-7\">237<\/td>\n<\/tr>\n<\/tbody>\n<\/table>\n<!-- #tablepress-44 from cache --><\/div>\n<\/div>\n<div><\/div>\n<div class=\"woocb\"><a class=\"wocb\" href=\"http:\/\/www.beiaole.com\/wp-content\/uploads\/2025\/08\/d3.11.1.pdf\" target=\"_blank\" rel=\"noopener\">formieren<\/a><\/div>\n<div><\/div>\n<p><img loading=\"lazy\" decoding=\"async\" class=\"aligncenter wp-image-17200 size-large\" src=\"http:\/\/www.beiaole.com\/wp-content\/uploads\/2025\/08\/s3.12-653x1024.png\" alt=\"Alum Panel Ceiling Fan-size\" width=\"653\" height=\"1024\" data-no-translation=\"\" \/><br \/>\nLeistung:<\/p>\n<div class=\"scroll-table-wrapper\">\n<div class=\"scroll-table\">\n<table id=\"tablepress-45\" class=\"tablepress tablepress-id-45\">\n<thead>\n<tr class=\"row-1\">\n\t<th class=\"column-1\">modellieren<\/th><th class=\"column-2\">Spannung(V)\/Frequenz(Hz)<\/th><th class=\"column-3\">Leistung (W)<\/th><th class=\"column-4\">Luftstrom (m\u00b3\/h)<\/th><th class=\"column-5\">statischer Druck (PA)<\/th><th class=\"column-6\">L\u00e4rm (dB(A))<\/th><th class=\"column-7\">G.W (kg)<\/th><th class=\"column-8\">Kanalgr\u00f6\u00dfe<br \/>\n(\u03a6mm)<\/th><th class=\"column-9\">Plattengr\u00f6\u00dfe (mm)<\/th><th class=\"column-10\">Lochgr\u00f6\u00dfe (mm)<\/th>\n<\/tr>\n<\/thead>\n<tbody class=\"row-striping row-hover\">\n<tr class=\"row-2\">\n\t<td class=\"column-1\">BPT-10-23<\/td><td class=\"column-2\">200V~50Hz<\/td><td class=\"column-3\">30<\/td><td class=\"column-4\">180<\/td><td class=\"column-5\">98<\/td><td class=\"column-6\">42<\/td><td class=\"column-7\">2.1<\/td><td class=\"column-8\">100<\/td><td class=\"column-9\">300x300<\/td><td class=\"column-10\">300x300<\/td>\n<\/tr>\n<\/tbody>\n<\/table>\n<!-- #tablepress-45 from cache --><\/div>\n<\/div>\n<div><\/div>\n<div class=\"woocb\"><a class=\"wocb\" href=\"http:\/\/www.beiaole.com\/wp-content\/uploads\/2025\/08\/d3.11.2.pdf\" target=\"_blank\" rel=\"noopener\">formieren<\/a><\/div>\n<div><\/div>","protected":false},"excerpt":{"rendered":"<ul>\n<li>\n<h2>Energieeffizienter\u202fMotor:<\/h2>\n<p>\u202fAlle\u2011Kupfer\u202fKern\u202fMotor\u202fStabiler \u202fEntl\u00fcftung\u202fW\u00e4hrend\u202fKeeping\u202fPower\u202fUse\u202fLow\u202f(30\u202fw).<\/li>\n<li>\n<h2>Stetiger Luftstrom:<\/h2>\n<p>\u202fair\u202fVolumen\u202fOf\u202f<strong>180 \u202fm\u00b3\/h<\/strong>\u202fund \u202fstatisch\u202fDruck\u202fof\u202f<strong>98 PA<\/strong>\u202f Sichere \u202f Starke, \u202f konsistente \u202f Leistung.<\/li>\n<li>\n<h2>Ger\u00e4uscharme Funktion:<\/h2>\n<p>\u202fRuhe\u202fRunning\u202fat\u202f<strong>42 \u202f db (a)<\/strong>\u202f \u202f \u202f raum\u202f friedlich \u202f - perfekt \u202f f\u00fcr \u202f \u202f oder \u202f B\u00fcros.<\/li>\n<li>\n<h2>Langlebige Abs\u202fKonstruktion:<\/h2>\n<p>\u202f rostfrei, \u202f schlagfest, \u202f und \u202f \u202f \u202f \u202f \u202f \u202f und \u202f \u202f fluktuationen zu \u202f \u202f \u202f \u202f \u202f \u202f \u202f \u202f schwankungen.<\/li>\n<li>\n<h2>Kompaktes Design:<\/h2>\n<p>\u202fpasst\u202fFlush\u202fIn\u202fStandard\u202f<strong>300 \u00d7 \u202f 300 \u202f mm<\/strong>\u202fPanels\u202fund\u202fpassend\u202fA\u202f<strong>100 \u202fmm\u202fDUCK\u202fGr\u00f6\u00dfe<\/strong>\u202f f\u00fcr \u202f einfachen Integration.<\/li>\n<li>\n<h2>Leichtigkeit der Wartung:<\/h2>\n<p>\u202f glatte \u202f Oberfl\u00e4chen \u202f und \u202f zug\u00e4nglich \u202f Struktur \u202f Reinigung \u202f geradeaus \u202f und \u202f werkzeug\u2011frei.<\/li>\n<li>\n<h2>Leichtbau:<\/h2>\n<p>\u202fat\u202fjust\u202f2.1\u202fkg, \u202fInstallation\u202fEinfach, \u202fsicher, \u202fSchnell.<\/li>\n<\/ul>\n<hr \/>","protected":false},"featured_media":4820,"comment_status":"open","ping_status":"closed","template":"","meta":{"_acf_changed":false},"product_brand":[],"product_cat":[28],"product_tag":[],"class_list":{"0":"post-4789","1":"product","2":"type-product","3":"status-publish","4":"has-post-thumbnail","6":"product_cat-exhaust-fan","8":"first","9":"outofstock","10":"taxable","11":"shipping-taxable","12":"purchasable","13":"product-type-simple"},"acf":[],"_links":{"self":[{"href":"https:\/\/www.ecvents.com\/de\/wp-json\/wp\/v2\/product\/4789","targetHints":{"allow":["GET"]}}],"collection":[{"href":"https:\/\/www.ecvents.com\/de\/wp-json\/wp\/v2\/product"}],"about":[{"href":"https:\/\/www.ecvents.com\/de\/wp-json\/wp\/v2\/types\/product"}],"replies":[{"embeddable":true,"href":"https:\/\/www.ecvents.com\/de\/wp-json\/wp\/v2\/comments?post=4789"}],"wp:featuredmedia":[{"embeddable":true,"href":"https:\/\/www.ecvents.com\/de\/wp-json\/wp\/v2\/media\/4820"}],"wp:attachment":[{"href":"https:\/\/www.ecvents.com\/de\/wp-json\/wp\/v2\/media?parent=4789"}],"wp:term":[{"taxonomy":"product_brand","embeddable":true,"href":"https:\/\/www.ecvents.com\/de\/wp-json\/wp\/v2\/product_brand?post=4789"},{"taxonomy":"product_cat","embeddable":true,"href":"https:\/\/www.ecvents.com\/de\/wp-json\/wp\/v2\/product_cat?post=4789"},{"taxonomy":"product_tag","embeddable":true,"href":"https:\/\/www.ecvents.com\/de\/wp-json\/wp\/v2\/product_tag?post=4789"}],"curies":[{"name":"WP","href":"https:\/\/api.w.org\/{rel}","templated":true}]}}