{"id":4790,"date":"2026-03-19T06:04:37","date_gmt":"2026-03-19T11:04:37","guid":{"rendered":"https:\/\/www.ecvents.com\/?post_type=product&#038;p=4790"},"modified":"2026-03-19T06:05:27","modified_gmt":"2026-03-19T11:05:27","slug":"aufzug-luftschleier","status":"publish","type":"product","link":"https:\/\/www.ecvents.com\/de\/product\/aufzug-luftschleier\/","title":{"rendered":"Aufzug Luftschleier"},"content":{"rendered":"<div class=\"someee\">\n<h2><strong>Frische Luft. Ruhiger Komfort. Gebaut f\u00fcr moderne Aufz\u00fcge.<\/strong><\/h2>\n<p>der\u00a0<strong>Aufzug \u202fair\u202fVorhang<\/strong>\u00a0Ist mit Menschen - nicht nur Maschinen - konzipiert. Es schafft ein sofortiges Gef\u00fchl von Komfort, sobald sich die T\u00fcren schlie\u00dfen, und halten die Luft in der Kabine frisch, k\u00fchl und ohne einen zweiten Gedanken angenehm ausgewogen.<\/p>\n<p>A\u00a0<strong>Eingebauter\u202fHuman-Induktions-Sensor<\/strong>\u00a0Macht die Bedienung m\u00fchelos und automatisch. Der L\u00fcfter aktiviert sich, sobald die Passagiere eintreten und schaltet sich nach einigen Augenblicken der Inaktivit\u00e4t sanft ab. Dieses intelligente Design spart Energie, eliminiert Abfall und sorgt daf\u00fcr, dass das System nur dann l\u00e4uft, wenn es wirklich ben\u00f6tigt wird.<\/p>\n<p>Komfort liegt alles im Detail. der\u00a0<strong>15\u2011Grad\u202f\u201cGoldener Winkel\u201d\u202fLuftstrom<\/strong>\u00a0Richtet eine weiche, gleichm\u00e4\u00dfige Brise \u00fcber das Gesicht und bewahrt eine erfrischende, nat\u00fcrliche Atmosph\u00e4re ohne harte Zugluft oder Temperaturungleichgewicht.<\/p>\n<p>Im Inneren ist der L\u00fcfter f\u00fcr leise Kraft gebaut.\u00a0<strong>Pr\u00e4zisions-Stahl-Lager<\/strong>\u00a0sind vorgeschmiert f\u00fcr lange Lebensdauer und minimale Verschlei\u00df, so dass das gleiche leise Summen, das Sie heute h\u00f6ren, in den letzten Jahren genauso sanft klingt.<\/p>\n<p>Kompakt, effizient und automatisch, der Aufzugs-Curtain formt kleine R\u00e4ume mit subtilem Komfort um \u2013 ein eleganter Abschluss, den die Passagiere bei jeder Fahrt sch\u00e4tzen.<\/p>\n<\/div>\n<hr \/>\n<p>Leistung:<\/p>\n<div class=\"scroll-table-wrapper\">\n<div class=\"scroll-table\">\n<table id=\"tablepress-53\" class=\"tablepress tablepress-id-53\">\n<thead>\n<tr class=\"row-1\">\n\t<th class=\"column-1\">modellieren<\/th><th class=\"column-2\">Abmessungen (mm)<\/th><th class=\"column-3\">Spannung(V)<\/th><th class=\"column-4\">Frequenz (Hz)<\/th><th class=\"column-5\">Leistung (W)<\/th><th class=\"column-6\">Geschwindigkeit (m \/ s)<\/th><th class=\"column-7\">Luftstrom (m\u00b3\/h)<\/th><th class=\"column-8\">L\u00e4rm (db)<\/th><th class=\"column-9\">Gewicht (kg)<\/th>\n<\/tr>\n<\/thead>\n<tbody class=\"row-striping row-hover\">\n<tr class=\"row-2\">\n\t<td class=\"column-1\">FM-125-08DT<br \/>\n(Schl\u00fcsselschalter)<\/td><td class=\"column-2\">800x146x173<\/td><td class=\"column-3\">220<\/td><td class=\"column-4\">50<\/td><td class=\"column-5\">80<\/td><td class=\"column-6\">7.5<\/td><td class=\"column-7\">860<\/td><td class=\"column-8\">\u226449<\/td><td class=\"column-9\">5<\/td>\n<\/tr>\n<tr class=\"row-3\">\n\t<td class=\"column-1\"> FM-125-08DT<br \/>\n(induktiver Schalter)<\/td><td class=\"column-2\">800 \u00d7 146 x 173<\/td><td class=\"column-3\">220<\/td><td class=\"column-4\">50<\/td><td class=\"column-5\">80<\/td><td class=\"column-6\">7.5<\/td><td class=\"column-7\">860<\/td><td class=\"column-8\">\u226449<\/td><td class=\"column-9\">5<\/td>\n<\/tr>\n<\/tbody>\n<\/table>\n<!-- #tablepress-53 from cache --><\/div>\n<\/div>\n<div><\/div>\n<div class=\"woocb\"><a class=\"wocb\" href=\"http:\/\/www.beiaole.com\/wp-content\/uploads\/2025\/10\/d4.1.pdf\" target=\"_blank\" rel=\"noopener\">formieren<\/a><\/div>\n<div><\/div>","protected":false},"excerpt":{"rendered":"<ul>\n<li>\n<h2>Automatische Induktionskontrolle:<\/h2>\n<p>\u202fHuman\u2011K\u00f6rper-Sensor\u202fStart\u202fFan\u202fAls\u202fAls\u202fPassagiere\u202fEnter\u202fund \u202fStoppt\u202fKurzlich wieder\u202fsie\u202fsie\u202fals \u202f-Energie\u202fZero-Input.<\/li>\n<li>\n<h2>Perfekter \u202fAir\u202fAngler:<\/h2>\n<p>\u202f15\u2011Goldene \u202fAngle \u202fEntwerfen\u202fEntwicklung \u202fsanfter nat\u00fcrlicher Luftstrom\u202fdieser \u202fauffrischt\u202fohne \u202fEntw\u00fcrfe.<\/li>\n<li>\n<h2>Zwei \u202fSteuerung \u202f Optionen:<\/h2>\n<p>\u202fVerf\u00fcgbar \u202fMit \u202fHandbuch\u202fSchl\u00fcssel\u202fSchalter\u202foder\u202fvoll\u202fautomatisch\u202fSensor\u202fF\u00fcr \u202fFlexible Operation.<\/li>\n<li>\n<h2>leise \u202f Leistung:<\/h2>\n<p>\u202fNoise\u202fLevels\u202fas\u202fnows\u202fs\u202fDB\u202fBlend\u202fBlend\u202fInseilenseits in den \u202fAmbient\u202fSound\u202fdes\u202fHelevator.<\/li>\n<li>\n<h2>Langlebige Mechanik:<\/h2>\n<p>\u202fSteel\u202fLager \u202fund\u202fNiedriger Vibration\u202fmotor\u202fRun\u202fRun \u202fUrsmooth\u202fund\u202fzuverl\u00e4ssig\u202fJahre\u202fUhren.<\/li>\n<li>\n<h2>Kompaktes Design:<\/h2>\n<p>\u202f slim \u202f body \u202f (800 \u00d7 \u202f 146 \u00d7 \u202f 173 \u202f mm) \u202f passt \u202f einfach \u202f in den \u202f \u202f \u202f \u202f \u202f \u202f \u202f \u202f \u202f \u202f strukturen.<\/li>\n<li>\n<h2>Energiesparend-Wirksamkeit:<\/h2>\n<p>\u202fZeichnen \u202fjust\u202f80\u202fw\u202fPower\u202fw\u00e4hrend\u202fausliefernder Luftstrom\u202f bis \u202f860\u202fm\u00b3\/h\u202fat\u202f7.5m\/s.<\/li>\n<\/ul>\n<hr \/>","protected":false},"featured_media":4821,"comment_status":"open","ping_status":"closed","template":"","meta":{"_acf_changed":false},"product_brand":[],"product_cat":[65],"product_tag":[],"class_list":{"0":"post-4790","1":"product","2":"type-product","3":"status-publish","4":"has-post-thumbnail","6":"product_cat-air-curtain","8":"first","9":"instock","10":"taxable","11":"shipping-taxable","12":"purchasable","13":"product-type-variable","14":"has-default-attributes"},"acf":[],"_links":{"self":[{"href":"https:\/\/www.ecvents.com\/de\/wp-json\/wp\/v2\/product\/4790","targetHints":{"allow":["GET"]}}],"collection":[{"href":"https:\/\/www.ecvents.com\/de\/wp-json\/wp\/v2\/product"}],"about":[{"href":"https:\/\/www.ecvents.com\/de\/wp-json\/wp\/v2\/types\/product"}],"replies":[{"embeddable":true,"href":"https:\/\/www.ecvents.com\/de\/wp-json\/wp\/v2\/comments?post=4790"}],"wp:featuredmedia":[{"embeddable":true,"href":"https:\/\/www.ecvents.com\/de\/wp-json\/wp\/v2\/media\/4821"}],"wp:attachment":[{"href":"https:\/\/www.ecvents.com\/de\/wp-json\/wp\/v2\/media?parent=4790"}],"wp:term":[{"taxonomy":"product_brand","embeddable":true,"href":"https:\/\/www.ecvents.com\/de\/wp-json\/wp\/v2\/product_brand?post=4790"},{"taxonomy":"product_cat","embeddable":true,"href":"https:\/\/www.ecvents.com\/de\/wp-json\/wp\/v2\/product_cat?post=4790"},{"taxonomy":"product_tag","embeddable":true,"href":"https:\/\/www.ecvents.com\/de\/wp-json\/wp\/v2\/product_tag?post=4790"}],"curies":[{"name":"WP","href":"https:\/\/api.w.org\/{rel}","templated":true}]}}