{"id":4797,"date":"2026-03-19T06:05:03","date_gmt":"2026-03-19T11:05:03","guid":{"rendered":"https:\/\/www.ecvents.com\/?post_type=product&#038;p=4797"},"modified":"2026-03-19T06:05:51","modified_gmt":"2026-03-19T11:05:51","slug":"querstrom-luftschleier-b-serie","status":"publish","type":"product","link":"https:\/\/www.ecvents.com\/de\/product\/querstrom-luftschleier-b-serie\/","title":{"rendered":"Querstrom-Luftschleier B-Serie"},"content":{"rendered":"<div class=\"someee\">\n<h2><strong>reibungsloser Luftstrom. Ruhige Kraft. Gebaut f\u00fcr den Alltagskomfort.<\/strong><\/h2>\n<p>der\u00a0<strong>Cross\u2011Flow\u202fAir\u202fVorhang\u202fB\u202fSerie<\/strong>\u00a0Ist f\u00fcr die R\u00e4ume gemacht, die Sie am meisten nutzen - einladende Bereiche, Restaurants, Gesch\u00e4fte und B\u00fcros, die sauberere Luft und eine stabilere Atmosph\u00e4re verdienen. Es erfordert keine Aufmerksamkeit, es l\u00e4uft einfach leise im Hintergrund und h\u00e4lt die Luft bei jedem \u00d6ffnen einer T\u00fcr klar, ausgewogen und komfortabel.<\/p>\n<p>Im eingeschalteten Zustand f\u00fchlt sich der Luftstrom nat\u00fcrlich und gleichm\u00e4\u00dfig an. der\u00a0<strong>Hochpr\u00e4zise\u202fABS\u202fKreuz-Flow\u202fRad<\/strong>\u00a0und\u00a0<strong>Reiner Kupfer-Motor<\/strong>\u00a0eine glatte Luftbarriere erzeugen\u00a0<strong>9\u202f\u2013\u202f11 \u202fm\/s<\/strong>. drohen Es hilft Ihrem Klimasystem, effizient zu bleiben und Staub, Insekten und unerw\u00fcnschte Ger\u00fcche zu blockieren. Das Ergebnis ist ein frischerer Raum, in dem es sich einfach besser anf\u00fchlt - stabile Temperatur, geringerer Energieverbrauch und sauberere Luft.<\/p>\n<p>Die B-Serie f\u00fcr Ausdauer und ruhige Eleganz wurde mit\u00a0<strong>All\u2011Metall-Schale<\/strong>\u00a0Mit raffinierten Konturen und einem langlebigen Finish, das Verschlei\u00df und Korrosion widersteht. Im Inneren wurde das System auf \u00fcberm\u00e4\u00dfig getestet\u00a0<strong>8.000 Stunden \u202fkontinuierlicher Betrieb<\/strong>, Es ist also die Art von Ausr\u00fcstung, die Sie einmal installieren und auf die Sie sich seit Jahren verlassen.<\/p>\n<p>Die Steuerung ist intuitiv: a\u00a0<strong>Zwei-Geschwindigkeit\u202fSelektor\u202fSchalter<\/strong>\u00a0Erm\u00f6glicht Ihnen, den Luftstrom an Ihre Umgebung anzupassen, w\u00e4hrend die\u00a0<strong>Einstellbare \u202fair\u202fguide \u202fbar<\/strong>\u00a0Feintunes Windrichtung mit einer einfachen Ber\u00fchrung. Jeder Aspekt f\u00fchlt sich unkompliziert und praktisch an - kraftvoll, wenn es ben\u00f6tigt wird, sanft, wenn er es bevorzugt.<\/p>\n<p>Effizient, langlebig und leise zuverl\u00e4ssig, die Serie B\u202fB\u202fBerg Cross\u2011Flow \u2013 der Cross\u202fAir\u202fB\u202fB\u202fB\u202fB\u202fB\u202fB\u202fB\u202fBergy bietet eine subtile Art von Zufriedenheit \u2013 der Komfort sauberer, gut verwalteter Luft, die m\u00fchelos geliefert wird.<\/p>\n<\/div>\n<hr \/>\n<p>Leistung:<\/p>\n<div class=\"scroll-table-wrapper\">\n<div class=\"scroll-table\">\n<table id=\"tablepress-55\" class=\"tablepress tablepress-id-55\">\n<thead>\n<tr class=\"row-1\">\n\t<th class=\"column-1\">modellieren<\/th><th class=\"column-2\">Abmessungen (mm)<\/th><th class=\"column-3\">Spannung(V)<\/th><th class=\"column-4\">Frequenz (Hz)<\/th><th class=\"column-5\">Leistung (W)<\/th><th class=\"column-6\">Geschwindigkeit (m \/ s)<\/th><th class=\"column-7\">Luftstrom (m\u00b3\/h)<\/th><th class=\"column-8\">L\u00e4rm (db)<\/th><th class=\"column-9\">Gewicht (kg)<\/th>\n<\/tr>\n<\/thead>\n<tbody class=\"row-striping row-hover\">\n<tr class=\"row-2\">\n\t<td class=\"column-1\">FM-4009<\/td><td class=\"column-2\">900x175\u00d7210<\/td><td class=\"column-3\">220<\/td><td class=\"column-4\">50<\/td><td class=\"column-5\">160<\/td><td class=\"column-6\">9-11<\/td><td class=\"column-7\">1630<\/td><td class=\"column-8\">53<\/td><td class=\"column-9\">10.5<\/td>\n<\/tr>\n<tr class=\"row-3\">\n\t<td class=\"column-1\">FM-4010<\/td><td class=\"column-2\">1000x175x210<\/td><td class=\"column-3\">220<\/td><td class=\"column-4\">50<\/td><td class=\"column-5\">185<\/td><td class=\"column-6\">9-11<\/td><td class=\"column-7\">1910<\/td><td class=\"column-8\">54<\/td><td class=\"column-9\">11.5<\/td>\n<\/tr>\n<tr class=\"row-4\">\n\t<td class=\"column-1\">FM-4012<\/td><td class=\"column-2\">1200x175\u00d7210<\/td><td class=\"column-3\">220<\/td><td class=\"column-4\">50<\/td><td class=\"column-5\">220<\/td><td class=\"column-6\">9-11<\/td><td class=\"column-7\">2500<\/td><td class=\"column-8\">54<\/td><td class=\"column-9\">13<\/td>\n<\/tr>\n<tr class=\"row-5\">\n\t<td class=\"column-1\">FM-4015<\/td><td class=\"column-2\">1500x175x210<\/td><td class=\"column-3\">220<\/td><td class=\"column-4\">50<\/td><td class=\"column-5\">260<\/td><td class=\"column-6\">9-11<\/td><td class=\"column-7\">3580<\/td><td class=\"column-8\">55<\/td><td class=\"column-9\">15.7<\/td>\n<\/tr>\n<tr class=\"row-6\">\n\t<td class=\"column-1\">FM-4018<\/td><td class=\"column-2\">1800\u00d7175\u00d7210<\/td><td class=\"column-3\">220<\/td><td class=\"column-4\">50<\/td><td class=\"column-5\">320<\/td><td class=\"column-6\">9-11<\/td><td class=\"column-7\">3900<\/td><td class=\"column-8\">56<\/td><td class=\"column-9\">18<\/td>\n<\/tr>\n<tr class=\"row-7\">\n\t<td class=\"column-1\">FM-4020<\/td><td class=\"column-2\">2000x175x210<\/td><td class=\"column-3\">220<\/td><td class=\"column-4\">50<\/td><td class=\"column-5\">350<\/td><td class=\"column-6\">9-11<\/td><td class=\"column-7\">4280<\/td><td class=\"column-8\">56<\/td><td class=\"column-9\">19.1<\/td>\n<\/tr>\n<\/tbody>\n<\/table>\n<!-- #tablepress-55 from cache --><\/div>\n<\/div>\n<div><\/div>\n<div class=\"woocb\"><a class=\"wocb\" href=\"http:\/\/www.beiaole.com\/wp-content\/uploads\/2025\/09\/d4.3.pdf\" target=\"_blank\" rel=\"noopener\">formieren<\/a><\/div>\n<div><\/div>","protected":false},"excerpt":{"rendered":"<ul>\n<li>\n<h2>Steady \u202fAir\u202fBarriere:<\/h2>\n<p>\u202f Liefern \u202f Uniform \u202f at \u202f 9 \u202f \u202f 11 \u202f m \/ s \u202f \u202f \u202f \u202f \u202f \u202f \u202f \u202f \u202f \u202f \u202f \u202f smooth separate \u202f separate \u202f \u202f \u202f \u202f \u202f smooth smoothly.<\/li>\n<li>\n<h2>Energieeffiziente Leistung:<\/h2>\n<p>\u202fVerbessert die \u202fhvac \u202fEffizienz\u202fdurch \u202fHitze\u202fVerlust \u202fVerlust \u202fEinhaltung der \u202fKeeping\u202fAir\u202fInside.<\/li>\n<li>\n<h2>Ruhige Funktion:<\/h2>\n<p>\u202f \u202f \u202f \u202f \u202f \u202f \u202f \u202f \u202f \u202f \u202f \u202f 56 \u202f db \u202f es \u202f \u202f \u202f \u202f \u202f \u202f restaurants, \u202f \u202f \u202f \u202f \u202f \u202f r\u00e4umen.<\/li>\n<li>\n<h2>Langlebiges \u202fAlles\u2011Metall\u202fHaus:<\/h2>\n<p>\u202fElegante \u202fpulverbeschichtet\u202f beenden \u202f \u202f \u202f \u202f \u202f \u202f \u202f \u202f \u202f \u202f f\u00fcr \u202f \u202f \u202f \u202f \u202f \u202f \u202f \u202f \u202f \u202f \u202f \u202f \u202f \u202f \u202f.<\/li>\n<li>\n<h2>Hochpr\u00e4zise\u202f Kreuzstromrad:<\/h2>\n<p>\u202fabs\u202fImpeller\u202fund \u202fKupfer\u202fMotor\u202fStabiler \u202fLuftstrom\u202fMit \u202fMinimum \u202fVibration.<\/li>\n<li>\n<h2>Dual\u202fSpeed\u202fSteuerung:<\/h2>\n<p>\u202fEinfache\u202fzwei-Speed\u202fSchalter\u202ff\u00fcr \u202fmanuelle \u202fFeuchtung\u202fEinstellung.<\/li>\n<li>\n<h2>Einstellbare \u202fAir\u202fF\u00fchrung \u202fBar:<\/h2>\n<p>\u202f einfach \u202f \u202f \u202f \u202f \u202f \u202f f\u00fcr \u202f perfekt \u202f \u202f und \u202f tr\u00f6ste.<\/li>\n<li>\n<h2>Langlebige Zuverl\u00e4ssigkeit:<\/h2>\n<p>\u202fkontinuierliche \u202fBetriebspr\u00fcfungen f\u00fcr \u00fcber 8.000 Stunden \u202f ohne \u202f Leistungsverlust.<\/li>\n<\/ul>\n<hr \/>","protected":false},"featured_media":4822,"comment_status":"open","ping_status":"closed","template":"","meta":{"_acf_changed":false},"product_brand":[],"product_cat":[65],"product_tag":[],"class_list":{"0":"post-4797","1":"product","2":"type-product","3":"status-publish","4":"has-post-thumbnail","6":"product_cat-air-curtain","8":"first","9":"instock","10":"taxable","11":"shipping-taxable","12":"purchasable","13":"product-type-variable","14":"has-default-attributes"},"acf":[],"_links":{"self":[{"href":"https:\/\/www.ecvents.com\/de\/wp-json\/wp\/v2\/product\/4797","targetHints":{"allow":["GET"]}}],"collection":[{"href":"https:\/\/www.ecvents.com\/de\/wp-json\/wp\/v2\/product"}],"about":[{"href":"https:\/\/www.ecvents.com\/de\/wp-json\/wp\/v2\/types\/product"}],"replies":[{"embeddable":true,"href":"https:\/\/www.ecvents.com\/de\/wp-json\/wp\/v2\/comments?post=4797"}],"wp:featuredmedia":[{"embeddable":true,"href":"https:\/\/www.ecvents.com\/de\/wp-json\/wp\/v2\/media\/4822"}],"wp:attachment":[{"href":"https:\/\/www.ecvents.com\/de\/wp-json\/wp\/v2\/media?parent=4797"}],"wp:term":[{"taxonomy":"product_brand","embeddable":true,"href":"https:\/\/www.ecvents.com\/de\/wp-json\/wp\/v2\/product_brand?post=4797"},{"taxonomy":"product_cat","embeddable":true,"href":"https:\/\/www.ecvents.com\/de\/wp-json\/wp\/v2\/product_cat?post=4797"},{"taxonomy":"product_tag","embeddable":true,"href":"https:\/\/www.ecvents.com\/de\/wp-json\/wp\/v2\/product_tag?post=4797"}],"curies":[{"name":"WP","href":"https:\/\/api.w.org\/{rel}","templated":true}]}}