{"id":4804,"date":"2026-03-19T06:05:04","date_gmt":"2026-03-19T11:05:04","guid":{"rendered":"https:\/\/www.ecvents.com\/?post_type=product&#038;p=4804"},"modified":"2026-03-19T06:05:51","modified_gmt":"2026-03-19T11:05:51","slug":"x5-zentrifugal-serie-luftschleier","status":"publish","type":"product","link":"https:\/\/www.ecvents.com\/de\/product\/x5-zentrifugal-serie-luftschleier\/","title":{"rendered":"X5-Zentrifugal-Serie Luftschleier"},"content":{"rendered":"<div class=\"someee\">\n<h2><strong>Raffinierte Kraft. Ruhige Pr\u00e4zision. F\u00fcr moderne Eing\u00e4nge gebaut.<\/strong><\/h2>\n<p>der\u00a0<strong>X5\u202fZentrifugal\u202fSerien\u202fAir\u202fVorhang<\/strong>\u00a0Bringt Eleganz und Zuverl\u00e4ssigkeit zusammen \u2013 ein raffiniertes Design, das moderne R\u00e4ume erg\u00e4nzt und gleichzeitig einen zuverl\u00e4ssigen, leistungsstarken Luftstrom bietet. Es ist sowohl f\u00fcr \u00c4sthetik als auch f\u00fcr Ausdauer konzipiert und integriert sich nahtlos in die Eing\u00e4nge, in denen Funktion und Stil koexistieren m\u00fcssen.<\/p>\n<p>der\u00a0<strong>Ganzmetallk\u00f6rper<\/strong>\u00a0F\u00fchlt sich solide und raffiniert an, mit einem Lufteinlass vorne und einem unteren Auslass, die ein sauberes, minimalistisches Aussehen erhalten. Die subtilen Details und die glatte Oberfl\u00e4che machen es in jeder Umgebung zu Hause - von Boutique-Laden bis zu B\u00fcro-Lobbys.<\/p>\n<p>Flexibilit\u00e4t ist \u202f eingebaut. der\u00a0<strong>Einstellbare \u202fair\u202fguide \u202fbar<\/strong>\u00a0Erm\u00f6glicht die manuelle Feinabstimmung der Luftstromrichtung f\u00fcr eine optimale Abdeckung, w\u00e4hrend\u00a0<strong>Dual\u202fSpeed\u202fEinstellungen<\/strong>\u00a0(High \u202f\/\u202f \u202f \u202f Benutzern das Ausgleichen von Luftstrom und L\u00e4rm unter wechselnden Bedingungen oder Jahreszeiten erm\u00f6glichen.<\/p>\n<p>Im Inneren gl\u00e4nzt die Feinmechanik. der\u00a0<strong>Zentrifugal\u202fUltra\u2011Feine\u202fImpeller<\/strong>\u00a0arbeitet in Harmonie mit einem\u00a0<strong>Hochgeschwindigkeits\u202fReine\u202fKupfer\u202fMotor<\/strong>, erzeugt einen kraftvollen und dennoch seidig-glatten Luftstrom. Getestet f\u00fcr \u00fcber\u00a0<strong>8.000 Stunden \u202fkontinuierlicher Betrieb<\/strong>, Es wurde f\u00fcr den t\u00e4glichen Gebrauch in kommerziellen und anspruchsvollen Umgebungen entwickelt.<\/p>\n<p>Die X5-Serie verbindet Eleganz mit Ausdauer\u202f \u2013 ein leiser, selbstbewusster Darsteller, der Komfort und Effizienz im Innenbereich sch\u00fctzt und gleichzeitig die klaren Linien eines modernen Eingangs bewahrt.<\/p>\n<\/div>\n<hr \/>\n<p>Leistung:<\/p>\n<div class=\"scroll-table-wrapper\">\n<div class=\"scroll-table\">\n<table id=\"tablepress-56\" class=\"tablepress tablepress-id-56\">\n<thead>\n<tr class=\"row-1\">\n\t<th class=\"column-1\">modellieren<\/th><th class=\"column-2\">Abmessungen (mm)<\/th><th class=\"column-3\">Spannung(V)<\/th><th class=\"column-4\">Frequenz (Hz)<\/th><th class=\"column-5\">Leistung (W)<\/th><th class=\"column-6\">Geschwindigkeit (m \/ s)<\/th><th class=\"column-7\">Luftstrom (m\u00b3\/h)<\/th><th class=\"column-8\">L\u00e4rm (db)<\/th><th class=\"column-9\">Gewicht (kg)<\/th>\n<\/tr>\n<\/thead>\n<tbody class=\"row-striping row-hover\">\n<tr class=\"row-2\">\n\t<td class=\"column-1\">FM-4509-L\/Y<\/td><td class=\"column-2\">900x215\u00d7230<\/td><td class=\"column-3\">220<\/td><td class=\"column-4\">50<\/td><td class=\"column-5\">230<\/td><td class=\"column-6\">16-18<\/td><td class=\"column-7\">1100<\/td><td class=\"column-8\">50<\/td><td class=\"column-9\">13<\/td>\n<\/tr>\n<tr class=\"row-3\">\n\t<td class=\"column-1\">FM-4512-L\/Y<\/td><td class=\"column-2\">1200x215\u00d7230<\/td><td class=\"column-3\">220<\/td><td class=\"column-4\">50<\/td><td class=\"column-5\">290<\/td><td class=\"column-6\">16-18<\/td><td class=\"column-7\">1500<\/td><td class=\"column-8\">52<\/td><td class=\"column-9\">15.5<\/td>\n<\/tr>\n<tr class=\"row-4\">\n\t<td class=\"column-1\">FM-4515-L\/Y<\/td><td class=\"column-2\">1500\u00d7215x230<\/td><td class=\"column-3\">220<\/td><td class=\"column-4\">50<\/td><td class=\"column-5\">380<\/td><td class=\"column-6\">16-18<\/td><td class=\"column-7\">1900<\/td><td class=\"column-8\">53<\/td><td class=\"column-9\">20<\/td>\n<\/tr>\n<tr class=\"row-5\">\n\t<td class=\"column-1\">FM-4518-L\/Y<\/td><td class=\"column-2\">1800x215\u00d7230<\/td><td class=\"column-3\">220<\/td><td class=\"column-4\">50<\/td><td class=\"column-5\">450<\/td><td class=\"column-6\">16-18<\/td><td class=\"column-7\">2280<\/td><td class=\"column-8\">54<\/td><td class=\"column-9\">23.5<\/td>\n<\/tr>\n<\/tbody>\n<\/table>\n<!-- #tablepress-56 from cache --><\/div>\n<\/div>\n<div><\/div>\n<div class=\"woocb\"><a class=\"wocb\" href=\"http:\/\/www.beiaole.com\/wp-content\/uploads\/2025\/09\/d4.4.pdf\" target=\"_blank\" rel=\"noopener\">formieren<\/a><\/div>\n<div><\/div>","protected":false},"excerpt":{"rendered":"<ul>\n<li>\n<h2>Schlanke\u202fAll\u2011Metall\u202fKonstruktion:<\/h2>\n<p>\u202fDurable \u202fPowder\u2011beschichtet\u202fSteel\u202fK\u00f6rper\u202fMit \u202fveredelten\u202fFinish\u202fWear\u202f und \u202fJeder \u202fZeitgen\u00f6ssische \u202fUnentschieden.<\/li>\n<li>\n<h2>Dual\u202fAir\u202fEinlass\u202f\/\u202fOutlet\u202fDesign:<\/h2>\n<p>\u202f vorn \u202f \u202f und \u202f \u202f entladen \u202f optimiert \u202f \u202f \u202f f\u00fcr \u202f hohe \u202f \u202f \u202f und \u202f schlank \u202f erscheinungsbild.<\/li>\n<li>\n<h2>Einstellbare \u202fAir\u202fF\u00fchrung \u202fBar:<\/h2>\n<p>\u202fmanuelle \u202f Luftrichtung \u202f f\u00fcr \u202f perfekt \u202f \u202f und \u202f \u202f effizienz \u202f in \u202f unterschiedlichen Installationen.<\/li>\n<li>\n<h2>High\u202f\/\u202fNiedrig-Speed-Optionen:<\/h2>\n<p>\u202fEinfache\u202fzwei-Speed\u202fSteuerung\u202fLets\u202fSie w\u00e4hlen\u202fausw\u00e4hlen\u202fmaximale \u202fLuftstr\u00f6mung oder \u202fSchleichen\u202fBetrieb.<\/li>\n<li>\n<h2>Zuverl\u00e4ssiges Zentrifugal\u202fImpeller:<\/h2>\n<p>\u202fUltra\u2011feine\u202fausbalancierte \u202fFan\u202fBlades\u202fEinheitliche, \u202fTurbulenz\u202fAir\u202fat\u202fat\u202fat\u202f16\u202f\u2013\u202f18\u202fm\/s.<\/li>\n<li>\n<h2>Langlebig\u202fReiner\u202fKupfer\u202fMotor:<\/h2>\n<p>\u202f Hochgeschwindigkeitsmotor\u202f \u202f Effiziente \u202f \u202f \u202f \u202f \u202f \u202f \u202f \u202f \u202f Zyklus \u202f \u202f \u202f \u202f \u202f \u202f \u202f stunden lang.<\/li>\n<li>\n<h2>leise \u202f Leistung:<\/h2>\n<p>\u202fNoise\u202fOutput\u202fKept\u202fBetween\u202f50\u202f54\u202fDB\u202fF\u00fcr \u202fFriedliche \u202fIndoor\u202fKomfort.<\/li>\n<li>\n<h2>Mehrere L\u00e4ngenkonfigurationen:<\/h2>\n<p>\u202fVerf\u00fcgbar\u202f in \u202f900\u202f\u202fMM\u202f\u202f\u202f1,800\u202fMM\u202fModels\u202fzu \u202feine \u202fVariety\u202fdoor\u202fBreite\u202f und \u202fR\u00e4ume.<\/li>\n<\/ul>\n<hr \/>","protected":false},"featured_media":4832,"comment_status":"open","ping_status":"closed","template":"","meta":{"_acf_changed":false},"product_brand":[],"product_cat":[65],"product_tag":[],"class_list":{"0":"post-4804","1":"product","2":"type-product","3":"status-publish","4":"has-post-thumbnail","6":"product_cat-air-curtain","8":"first","9":"instock","10":"taxable","11":"shipping-taxable","12":"purchasable","13":"product-type-variable","14":"has-default-attributes"},"acf":[],"_links":{"self":[{"href":"https:\/\/www.ecvents.com\/de\/wp-json\/wp\/v2\/product\/4804","targetHints":{"allow":["GET"]}}],"collection":[{"href":"https:\/\/www.ecvents.com\/de\/wp-json\/wp\/v2\/product"}],"about":[{"href":"https:\/\/www.ecvents.com\/de\/wp-json\/wp\/v2\/types\/product"}],"replies":[{"embeddable":true,"href":"https:\/\/www.ecvents.com\/de\/wp-json\/wp\/v2\/comments?post=4804"}],"wp:featuredmedia":[{"embeddable":true,"href":"https:\/\/www.ecvents.com\/de\/wp-json\/wp\/v2\/media\/4832"}],"wp:attachment":[{"href":"https:\/\/www.ecvents.com\/de\/wp-json\/wp\/v2\/media?parent=4804"}],"wp:term":[{"taxonomy":"product_brand","embeddable":true,"href":"https:\/\/www.ecvents.com\/de\/wp-json\/wp\/v2\/product_brand?post=4804"},{"taxonomy":"product_cat","embeddable":true,"href":"https:\/\/www.ecvents.com\/de\/wp-json\/wp\/v2\/product_cat?post=4804"},{"taxonomy":"product_tag","embeddable":true,"href":"https:\/\/www.ecvents.com\/de\/wp-json\/wp\/v2\/product_tag?post=4804"}],"curies":[{"name":"WP","href":"https:\/\/api.w.org\/{rel}","templated":true}]}}