{"id":4809,"date":"2026-03-19T06:05:04","date_gmt":"2026-03-19T11:05:04","guid":{"rendered":"https:\/\/www.ecvents.com\/?post_type=product&#038;p=4809"},"modified":"2026-03-19T06:06:20","modified_gmt":"2026-03-19T11:06:20","slug":"heizung-luftschleier","status":"publish","type":"product","link":"https:\/\/www.ecvents.com\/de\/product\/heizung-luftschleier\/","title":{"rendered":"Heizung Luftschleier"},"content":{"rendered":"<div class=\"someee\">\n<h2><strong>Sofortige W\u00e4rme. Ruhige Sicherheit. Gebaut f\u00fcr den Alltagskomfort.<\/strong><\/h2>\n<p>der\u00a0<strong>Heizung \u202f Luft \u202f Vorhang<\/strong>\u00a0Verwandelt kalte T\u00fcren in warme, einladende Eing\u00e4nge. Entwickelt f\u00fcr Komfort und Effizienz, sorgt es f\u00fcr sanfte W\u00e4rme und gleichzeitig f\u00fcr eine ruhige Pr\u00e4senz und einen raffinierten Stil - perfekt f\u00fcr Ladenfronten, Lobbys und belebte Gehwege, die W\u00e4rme ohne Ablenkung ben\u00f6tigen.<\/p>\n<p>Die Bedienung ist m\u00fchelos. ein\u00a0<strong>Volle Infrarot\u202fRemote\u202fController<\/strong>\u00a0Erm\u00f6glicht Ihnen, die Modi, die L\u00fcftergeschwindigkeit oder die Timereinstellungen von \u00fcberall im Raum anzupassen - kein Erreichen, keine Unterbrechung, nur einfacher Komfort.<\/p>\n<p>Das System ist\u00a0<strong>Hocheffizientes \u202f PTC \u202fHeizung\u202fElement<\/strong>\u00a0Erw\u00e4rmt die Luft gleichm\u00e4\u00dfig und sicher, beseitigt offene Flammen und optimiert gleichzeitig den Energieverbrauch. der\u00a0<strong>Lufteinlass-Heizung\u202fDesign<\/strong>\u00a0Gew\u00e4hrleistet einen kraftvollen Temperaturanstieg und einen niedrigen Auslasswiderstand und erzeugt einen glatten, nat\u00fcrlichen Luftstrom, der sich angenehm anf\u00fchlt und nicht gezwungen wird.<\/p>\n<p>Sicherheit ist in jedes Detail integriert. ein\u00a0<strong>60\u2011Zweite Cool\u2011Down\u202fVerz\u00f6gerung<\/strong>\u00a0Senkt nach dem Abschalten sanft die Innentemperatur und verl\u00e4ngert die Motorlebensdauer und verhindert gleichzeitig die Ansammlung von Restw\u00e4rme.\u00a0<strong>Drei-Temperatur-Niveaus<\/strong>\u00a0Anpassung an saisonale Verschiebungen und mehrere Schutzsysteme \u2013 einschlie\u00dflich einer\u00a0<strong>\u00dcbertemperatur-Sensor<\/strong>,\u00a0<strong>Druckempfindlicher Schutz<\/strong>, und\u00a0<strong>Sicherungsrohr<\/strong>\u00a0\u2014 Sichere Leistung Stunde f\u00fcr Stunde sicherstellen.<\/p>\n<p>der\u00a0<strong>Ruhiger Motor<\/strong>\u00a0und\u00a0<strong>Gro\u00dfes \u202fVolumen\u202fWind\u202fRad<\/strong>\u00a0Bieten Sie eine starke thermische Zirkulation mit minimalem Widerstand und halten Sie den Ger\u00e4uschpegel so niedrig wie \u202f<strong>55\u202f\u2013\u202f60\u202fDB<\/strong>. drohen Jedes Bauteil ist auf Langlebigkeit, Stabilit\u00e4t und Seelenfrieden ausgelegt.<\/p>\n<p>Kompakt, leise und kraftvoll, der Heizungs-Air-Vorhang erw\u00e4rmt nat\u00fcrlich R\u00e4ume - den Komfort dort, wo Sie es wollen, und die K\u00e4lte, wo sie hingeh\u00f6rt.<\/p>\n<\/div>\n<hr \/>\n<p>Leistung:<\/p>\n<div class=\"scroll-table-wrapper\">\n<div class=\"scroll-table\">\n<table id=\"tablepress-57\" class=\"tablepress tablepress-id-57\">\n<thead>\n<tr class=\"row-1\">\n\t<th class=\"column-1\">modellieren<\/th><th class=\"column-2\">Abmessungen (mm)<\/th><th class=\"column-3\">Spannung(V)<\/th><th class=\"column-4\">Frequenz (Hz)<\/th><th class=\"column-5\">Leistung (W)<br \/>\n  h-l<\/th><th class=\"column-6\">PTC-Leistung (kW)<br \/>\nH-M-L<\/th><th class=\"column-7\">Geschwindigkeit (m \/ s)<br \/>\nh-l<\/th><th class=\"column-8\">Luftstrom (m\u00b3\/h)<\/th><th class=\"column-9\">tem (k)<\/th><th class=\"column-10\">L\u00e4rm (db)<\/th><th class=\"column-11\">Gewicht (kg)<\/th>\n<\/tr>\n<\/thead>\n<tbody class=\"row-striping row-hover\">\n<tr class=\"row-2\">\n\t<td class=\"column-1\">RM-1209-D\/Y<\/td><td class=\"column-2\">900 \u00d7 170 x 205<\/td><td class=\"column-3\">380\/220<\/td><td class=\"column-4\">50<\/td><td class=\"column-5\">160-110<\/td><td class=\"column-6\">6-4-2<\/td><td class=\"column-7\">8.0-6.5<\/td><td class=\"column-8\">1000<\/td><td class=\"column-9\">34-45<\/td><td class=\"column-10\"><55<\/td><td class=\"column-11\">12<\/td>\n<\/tr>\n<tr class=\"row-3\">\n\t<td class=\"column-1\">RM-1212-D\/Y<\/td><td class=\"column-2\">1200x170x205<\/td><td class=\"column-3\">380\/220<\/td><td class=\"column-4\">50<\/td><td class=\"column-5\">220-150<\/td><td class=\"column-6\">8-6-4<\/td><td class=\"column-7\">8.0-6.5<\/td><td class=\"column-8\">1200<\/td><td class=\"column-9\">35-45<\/td><td class=\"column-10\"><57<\/td><td class=\"column-11\">15.5<\/td>\n<\/tr>\n<tr class=\"row-4\">\n\t<td class=\"column-1\">RM-1215-D\/Y<\/td><td class=\"column-2\">1500x170x205<\/td><td class=\"column-3\">380\/220<\/td><td class=\"column-4\">50<\/td><td class=\"column-5\">260-180<\/td><td class=\"column-6\">10-8-6<\/td><td class=\"column-7\">8.0-6.5<\/td><td class=\"column-8\">1400<\/td><td class=\"column-9\">35-45<\/td><td class=\"column-10\"><58<\/td><td class=\"column-11\">19<\/td>\n<\/tr>\n<tr class=\"row-5\">\n\t<td class=\"column-1\">RM-1218-D\/Y<\/td><td class=\"column-2\">1800x170x205<\/td><td class=\"column-3\">380\/220<\/td><td class=\"column-4\">50<\/td><td class=\"column-5\">320-250<\/td><td class=\"column-6\">12-10-8<\/td><td class=\"column-7\">8.0-6.5<\/td><td class=\"column-8\">1600<\/td><td class=\"column-9\">35-45<\/td><td class=\"column-10\"><60<\/td><td class=\"column-11\">22.5<\/td>\n<\/tr>\n<\/tbody>\n<\/table>\n<!-- #tablepress-57 from cache --><\/div>\n<\/div>\n<div><\/div>\n<div class=\"woocb\"><a class=\"wocb\" href=\"http:\/\/www.beiaole.com\/wp-content\/uploads\/2025\/09\/d4.5.pdf\" target=\"_blank\" rel=\"noopener\">formieren<\/a><\/div>\n<div><\/div>","protected":false},"excerpt":{"rendered":"<ul>\n<li>\n<h2>Hocheffiziente \u202f PTC-Heizung:<\/h2>\n<p>\u202fschnell, \u202fgleiche W\u00e4rme\u202f ohne \u202f Flammen \u202f oder \u202f Sauerstoffmangel\u202f f\u00fcr lange, \u202f sichere \u202fUse.<\/li>\n<li>\n<h2>Smart\u202fRemote\u202fSteuerung:<\/h2>\n<p>\u202fInfrarot\u202fSystem\u202fBereitet\u202fEinfache \u202fZugang zu \u202fSchnell, \u202f und Timer\u202fFunktionen\u202faus \u202f von \u00fcberall \u202f in den Raum.<\/li>\n<li>\n<h2>Drei-Ebenen-Temperatur-Einstellungen:<\/h2>\n<p>\u202f8\u202f \u2013 \u202f6\u202f\u2013\u202f4\u202fKW \u202fOptionen\u202fAnpassen\u202fSeasonal \u202f oder \u202fUmweltbed\u00fcrfnisse.<\/li>\n<li>\n<h2>Eingebautes Sicherheitssystem:<\/h2>\n<p>\u202f\u00dcbertemperatur\u202fSchutz, Drucksensor, \u202fSicherungsr\u00f6hre,\u202fund\u202f60\u2011zweite\u202fPower\u2011Verz\u00f6gerung\u202fVerz\u00f6gerung f\u00fcr \u202fverbesserte Sicherheit.<\/li>\n<li>\n<h2>Ruhige Funktion:<\/h2>\n<p>\u202fNiedriger Widerstand\u202fdesign\u202fund\u202fAerodynamische \u202fFan\u202fKeep\u202fNeben\u202f60\u202fDB\u202fF\u00fcr \u202fKomfortable, friedliche Leistung.<\/li>\n<li>\n<h2>Energiesparende Leistung:<\/h2>\n<p>\u202fausgeglichener \u202f \u202f \u202f \u202f \u202f \u202f \u202f \u202f \u202f \u202f \u202f \u202f kern \u202f maximieren \u202f effizienz \u202f und \u202f verschwendung zu minimieren.<\/li>\n<li>\n<h2>Hohe Luftstrom\u202fKapazit\u00e4t:<\/h2>\n<p>\u202f Luftgeschwindigkeiten \u202f von 8 \u202f 6,5 \u202f m \/ s \u202f und \u202f volumen \u202f \u202f \u202f 1,600 \u202f m\u00b3\/h \u202f \u202f \u202f \u202f \u202f \u202f \u202f \u202f \u202f \u202f \u202f \u202f \u202f m\u00b3\/h \u202f \u202f \u202f \u202f \u202f \u00f6ffnungen \u00fcber die \u00f6ffnungen zu halten.<\/li>\n<li>\n<h2>Langlebige Konstruktion:<\/h2>\n<p>\u202fMetal\u202fK\u00f6rper\u202fMit \u202fkorrosion\u2011resistenter\u202fFinish \u202fSicherungen\u202fSt\u00e4rke\u202fund\u202flangen\u202fscheinbar.<\/li>\n<\/ul>\n<hr \/>","protected":false},"featured_media":4833,"comment_status":"open","ping_status":"closed","template":"","meta":{"_acf_changed":false},"product_brand":[],"product_cat":[65],"product_tag":[],"class_list":{"0":"post-4809","1":"product","2":"type-product","3":"status-publish","4":"has-post-thumbnail","6":"product_cat-air-curtain","8":"first","9":"instock","10":"sale","11":"taxable","12":"shipping-taxable","13":"purchasable","14":"product-type-variable","15":"has-default-attributes"},"acf":[],"_links":{"self":[{"href":"https:\/\/www.ecvents.com\/de\/wp-json\/wp\/v2\/product\/4809","targetHints":{"allow":["GET"]}}],"collection":[{"href":"https:\/\/www.ecvents.com\/de\/wp-json\/wp\/v2\/product"}],"about":[{"href":"https:\/\/www.ecvents.com\/de\/wp-json\/wp\/v2\/types\/product"}],"replies":[{"embeddable":true,"href":"https:\/\/www.ecvents.com\/de\/wp-json\/wp\/v2\/comments?post=4809"}],"wp:featuredmedia":[{"embeddable":true,"href":"https:\/\/www.ecvents.com\/de\/wp-json\/wp\/v2\/media\/4833"}],"wp:attachment":[{"href":"https:\/\/www.ecvents.com\/de\/wp-json\/wp\/v2\/media?parent=4809"}],"wp:term":[{"taxonomy":"product_brand","embeddable":true,"href":"https:\/\/www.ecvents.com\/de\/wp-json\/wp\/v2\/product_brand?post=4809"},{"taxonomy":"product_cat","embeddable":true,"href":"https:\/\/www.ecvents.com\/de\/wp-json\/wp\/v2\/product_cat?post=4809"},{"taxonomy":"product_tag","embeddable":true,"href":"https:\/\/www.ecvents.com\/de\/wp-json\/wp\/v2\/product_tag?post=4809"}],"curies":[{"name":"WP","href":"https:\/\/api.w.org\/{rel}","templated":true}]}}