{"id":4814,"date":"2026-03-19T06:05:05","date_gmt":"2026-03-19T11:05:05","guid":{"rendered":"https:\/\/www.ecvents.com\/?post_type=product&#038;p=4814"},"modified":"2026-03-19T06:06:20","modified_gmt":"2026-03-19T11:06:20","slug":"heizung-luftschleier-hohe-leistung","status":"publish","type":"product","link":"https:\/\/www.ecvents.com\/de\/product\/heizung-luftschleier-hohe-leistung\/","title":{"rendered":"Heizung Luftschleier (hoch strom)"},"content":{"rendered":"<div class=\"someee\">\n<h2><strong>Schnelle Hitze. Sichere Leistung. Gebaut f\u00fcr harte Winter.<\/strong><\/h2>\n<p>der\u00a0<strong>Heizung \u202f Luft \u202f Vorhang \u202f (Hochleistung)<\/strong>\u00a0ist f\u00fcr R\u00e4ume konzipiert, die sofortige Erleichterung von der K\u00e4lte erfordern - Gesch\u00e4fte, Werkst\u00e4tten und belebte Eing\u00e4nge, in denen jede offene T\u00fcr eine K\u00e4lte bringt. Es f\u00fcllt die R\u00e4ume mit glatter, gleichm\u00e4\u00dfiger W\u00e4rme, die sich nat\u00fcrlich anf\u00fchlt und den Komfort auch an den k\u00e4ltesten Tagen stabil h\u00e4lt.<\/p>\n<p>Im Kern ist ein\u00a0<strong>Robustes Metall-Windrad<\/strong>\u00a0Entwickelt f\u00fcr St\u00e4rke und Balance. Es erzeugt einen gleichm\u00e4\u00dfigen, laminaren Luftstrom, der die W\u00e4rme gleichm\u00e4\u00dfig \u00fcber die \u00d6ffnung verteilt. Es wurde f\u00fcr den kontinuierlichen Betrieb gebaut und widersteht Verformung und Verschlei\u00df - eine zuverl\u00e4ssige Komponente, die Sie vergessen k\u00f6nnen, weil sie einfach funktioniert.<\/p>\n<p>Die Kontrolle ist m\u00fchelos. ein\u00a0<strong>Zwei-Gang-Mechanischer \u202fSchalter<\/strong>\u00a0Erm\u00f6glicht sofortige Anpassung zwischen hohem und niedrigem Luftstrom f\u00fcr eine pr\u00e4zise Temperaturregelung. Einfache Tasten, keine komplexen Schnittstellen\u202f \u2013 einfach schnellen Komfort, wann immer Sie ihn brauchen.<\/p>\n<p>Heizung kommt von einem intelligenten\u00a0<strong>PTC\u202f(positive\u202fTemperatur\u202fKoeffizient)\u202fSystem<\/strong>, die schnelle, stabile W\u00e4rme ohne offene Flammen oder Sauerstoffmangel erzeugt. Das Ger\u00e4t heizt sicher und gleichm\u00e4\u00dfig und erh\u00f6ht die Innentemperatur ohne das trockene, verbrannte Luftgef\u00fchl. Eingebaute Sicherheitsvorrichtungen\u202f-A\u202fTemperatur\u202fController, druckempfindlicher \u202fSchutz, \u202f Fuse\u202fTube, und \u202f Verz\u00f6gerung \u202f Funktion \u202f \u202f \u202f \u202f \u202f \u202f \u202f \u202f \u202f \u202f \u202f Verz\u00f6gerung \u202f funktionsabbau \u202f \u202f \u202f sorgsam bei l\u00e4ngerem Gebrauch die Seelenfrieden zu gew\u00e4hrleisten.<\/p>\n<p>der\u00a0<strong>PTC\u202fHeizung\u202fStruktur<\/strong>\u00a0Auch eine dauerhafte Effizienz: Der Widerstandsverlust bleibt niedrig, die W\u00e4rmeleistung bleibt konstant und der Energieverbrauch bleibt optimiert. Das Ergebnis ist eine zuverl\u00e4ssige, leise Leistung, die warme Luft dort h\u00e4lt, wo sie hingeh\u00f6rt.\n<\/div>\n<hr \/>\n<p>Leistung:<\/p>\n<div class=\"scroll-table-wrapper\">\n<div class=\"scroll-table\">\n<table id=\"tablepress-58\" class=\"tablepress tablepress-id-58\">\n<thead>\n<tr class=\"row-1\">\n\t<th class=\"column-1\">modellieren<\/th><th class=\"column-2\">Abmessungen (mm)<\/th><th class=\"column-3\">Spannung(V)<\/th><th class=\"column-4\">Frequenz (Hz)<\/th><th class=\"column-5\">Leistung (W)<br \/>\n  h-l<\/th><th class=\"column-6\">PTC-Leistung (kW)<br \/>\nH-M-L<\/th><th class=\"column-7\">Geschwindigkeit (m \/ s)<br \/>\nh-l<\/th><th class=\"column-8\">Luftstrom (m\u00b3\/h)<\/th><th class=\"column-9\">tem (k)<\/th><th class=\"column-10\">L\u00e4rm (db)<\/th><th class=\"column-11\">Gewicht (kg)<\/th>\n<\/tr>\n<\/thead>\n<tbody class=\"row-striping row-hover\">\n<tr class=\"row-2\">\n\t<td class=\"column-1\">RM-1209-D\/Y(Hochleistung)<\/td><td class=\"column-2\">900x170x205<\/td><td class=\"column-3\">380<\/td><td class=\"column-4\">50<\/td><td class=\"column-5\">160-110<\/td><td class=\"column-6\">12<\/td><td class=\"column-7\">7.5-6.0<\/td><td class=\"column-8\">1200-1000<\/td><td class=\"column-9\">80-65<\/td><td class=\"column-10\"><61<\/td><td class=\"column-11\">12<\/td>\n<\/tr>\n<tr class=\"row-3\">\n\t<td class=\"column-1\">RM-1212-D\/Y(Hochleistung)<\/td><td class=\"column-2\">1200x170x205<\/td><td class=\"column-3\">380<\/td><td class=\"column-4\">50<\/td><td class=\"column-5\">220-150<\/td><td class=\"column-6\">16<\/td><td class=\"column-7\">7.5-6.0<\/td><td class=\"column-8\">1200-1400<\/td><td class=\"column-9\">80-65<\/td><td class=\"column-10\"><62<\/td><td class=\"column-11\">15.5<\/td>\n<\/tr>\n<tr class=\"row-4\">\n\t<td class=\"column-1\">RM-1215-D\/Y(Hochleistung)<\/td><td class=\"column-2\">1500 \u00d7 170 x 205<\/td><td class=\"column-3\">380<\/td><td class=\"column-4\">50<\/td><td class=\"column-5\">260-180<\/td><td class=\"column-6\">20<\/td><td class=\"column-7\">7.5-6.0<\/td><td class=\"column-8\">1400-1600<\/td><td class=\"column-9\">80-65<\/td><td class=\"column-10\"><63<\/td><td class=\"column-11\">19<\/td>\n<\/tr>\n<tr class=\"row-5\">\n\t<td class=\"column-1\">RM-1218-D\/Y(Hochleistung)<\/td><td class=\"column-2\">1800x170\u00d7205<\/td><td class=\"column-3\">380<\/td><td class=\"column-4\">50<\/td><td class=\"column-5\">320-250<\/td><td class=\"column-6\">25<\/td><td class=\"column-7\">7.5-6.0<\/td><td class=\"column-8\">1600-1800<\/td><td class=\"column-9\">80-65<\/td><td class=\"column-10\"><64<\/td><td class=\"column-11\">22.5<\/td>\n<\/tr>\n<\/tbody>\n<\/table>\n<!-- #tablepress-58 from cache --><\/div>\n<\/div>\n<div><\/div>\n<div class=\"woocb\"><a class=\"wocb\" href=\"http:\/\/www.beiaole.com\/wp-content\/uploads\/2025\/09\/d4.6.pdf\" target=\"_blank\" rel=\"noopener\">formieren<\/a><\/div>\n<div><\/div>","protected":false},"excerpt":{"rendered":"<ul>\n<li>\n<h2>Hocheffiziente \u202f PTC-Heizung:<\/h2>\n<p>\u202fRapid, \u202fsicher \u202fHitzegeneration\u202fOhne Flammen\u202foder \u202fSauerstoff\u202fEntleerung\u202fF\u00fcr \u202fkonsistente \u202fKomfort.<\/li>\n<li>\n<h2>Leistungsstarkes \u202fLuftstrom\u202fSystem:<\/h2>\n<p>\u202fDurable \u202fMetal \u202fWind\u202fRad\u202fRad \u202fSmooth, \u202fausgewogene Verteilung \u202fat\u202f7.5\u202f\u2013\u202f6\u202fm\/s.<\/li>\n<li>\n<h2>Starke \u202fthermische Leistung:<\/h2>\n<p>\u202fModelle\u202fproduzieren\u202fPTC\u202fHeizen\u202fPower\u202fvon \u202f von 12\u202f25\u202fKW, \u202fschnell \u202fRufen der Raumtemperatur.<\/li>\n<li>\n<h2>Robust\u202fAll\u2011Metall\u202fBuild:<\/h2>\n<p>\u202f galvanisiert \u202f und \u202f \u202f \u202f \u202f \u202f \u202f \u202f \u202f rost, \u202f feuchtigkeit, \u202f und \u202f fortlaufend\u202f in\u202f public \u202f und \u202f \u202f \u202f \u202f \u202f \u202f \u202f \u202f \u202f \u202f \u202f \u202f \u202f \u202f \u202f \u202f \u202f \u202f \u202f rost, \u202f feuchtigkeit,.<\/li>\n<li>\n<h2>Einfache \u202fDual\u2011Geschwindigkeit\u202fSteuerung:<\/h2>\n<p>\u202fMechanisch\u202fzwei-Speed\u202fSchalten\u202f f\u00fcr \u202f einfach \u202f manuelle \u202fEinstellung zwischen \u202fhoch\u202f und \u202f \u202f \u202f \u202f mode.<\/li>\n<li>\n<h2>Sicherheits-Schutz\u202fSystem:<\/h2>\n<p>\u202fInklusive \u202fTemperatur\u202fSensor, Druck\u202fSchutz, \u202fSchutzrohr, \u202fund \u202fverz\u00f6gert\u202fshutdown\u202fto\u202fsiche\u202fsichere \u202fBetrieb.<\/li>\n<li>\n<h2>Ruhige Funktion:<\/h2>\n<p>\u202fNoise\u202fLevels\u202fUnter \u202f64\u202fDB\u202fProvide\u202fLeistung \u202fLeistung \u202fOhne \u202fSchweife.<\/li>\n<li>\n<h2>Energieeffiziente \u202fLeistung:<\/h2>\n<p>\u202fPTC\u202fRod\u202fDesign\u202fEntwurf \u202fThermale \u202fVerfall \u202ff\u00fcr \u202flange\u202fEffizienz\u202fund \u202fgeringe \u202fVerschwendung.<\/li>\n<li>\n<h2>Mehrere Gr\u00f6\u00dfen-Optionen:<\/h2>\n<p>\u202fVerf\u00fcgbar\u202f in \u202f900\u202fmm, \u202f1,200\u202fmm,\u202f1.500 \u202fmm, \u202fund\u202f1,800\u202fmm \u202fMengths\u202fzu \u202fverschiedenen\u202fdoor\u202f und \u202fraum\u202fDimensionen.<\/li>\n<\/ul>\n<hr \/>","protected":false},"featured_media":4852,"comment_status":"open","ping_status":"closed","template":"","meta":{"_acf_changed":false},"product_brand":[],"product_cat":[65],"product_tag":[],"class_list":{"0":"post-4814","1":"product","2":"type-product","3":"status-publish","4":"has-post-thumbnail","6":"product_cat-air-curtain","8":"first","9":"outofstock","10":"taxable","11":"shipping-taxable","12":"purchasable","13":"product-type-variable"},"acf":[],"_links":{"self":[{"href":"https:\/\/www.ecvents.com\/de\/wp-json\/wp\/v2\/product\/4814","targetHints":{"allow":["GET"]}}],"collection":[{"href":"https:\/\/www.ecvents.com\/de\/wp-json\/wp\/v2\/product"}],"about":[{"href":"https:\/\/www.ecvents.com\/de\/wp-json\/wp\/v2\/types\/product"}],"replies":[{"embeddable":true,"href":"https:\/\/www.ecvents.com\/de\/wp-json\/wp\/v2\/comments?post=4814"}],"wp:featuredmedia":[{"embeddable":true,"href":"https:\/\/www.ecvents.com\/de\/wp-json\/wp\/v2\/media\/4852"}],"wp:attachment":[{"href":"https:\/\/www.ecvents.com\/de\/wp-json\/wp\/v2\/media?parent=4814"}],"wp:term":[{"taxonomy":"product_brand","embeddable":true,"href":"https:\/\/www.ecvents.com\/de\/wp-json\/wp\/v2\/product_brand?post=4814"},{"taxonomy":"product_cat","embeddable":true,"href":"https:\/\/www.ecvents.com\/de\/wp-json\/wp\/v2\/product_cat?post=4814"},{"taxonomy":"product_tag","embeddable":true,"href":"https:\/\/www.ecvents.com\/de\/wp-json\/wp\/v2\/product_tag?post=4814"}],"curies":[{"name":"WP","href":"https:\/\/api.w.org\/{rel}","templated":true}]}}