{"id":4823,"date":"2026-03-19T06:05:30","date_gmt":"2026-03-19T11:05:30","guid":{"rendered":"https:\/\/www.ecvents.com\/?post_type=product&#038;p=4823"},"modified":"2026-03-19T06:06:20","modified_gmt":"2026-03-19T11:06:20","slug":"industrieller-luftschleier","status":"publish","type":"product","link":"https:\/\/www.ecvents.com\/de\/product\/industrieller-luftschleier\/","title":{"rendered":"Industrieller Luftschleier"},"content":{"rendered":"<div class=\"someee\">\n<h2><strong>Kraftvoller Schild. konstruierte Pr\u00e4zision. Gebaut f\u00fcr industrielle Leistung.<\/strong><\/h2>\n<p>der\u00a0<strong>Industrieller Vorhang<\/strong>\u00a0Erzeugt eine unsichtbare Luftwand, die darauf ausgelegt ist, Umgebungen effizient und wirtschaftlich zu trennen. Durch die Lieferung von Luftgeschwindigkeiten von bis zu 30 m \/ s verhindert es Temperaturverlust, blockiert Staub und Insekten und h\u00e4lt saubere, stabile Innenbedingungen \u00fcber gro\u00dfe Fabrik- oder Lager\u00f6ffnungen aufrecht.<\/p>\n<p>aus gebaut\u00a0<strong>Pulverbeschichteter Stahl<\/strong>\u00a0Mit einem verst\u00e4rkten, genieteten Rahmen widersteht es Korrosion, Vibration und Verformung im Dauereinsatz. der\u00a0<strong>Feuerverzinkter Zentrifugallaufrad<\/strong>\u00a0sorgt f\u00fcr mechanische Balance und langfristige Zuverl\u00e4ssigkeit, w\u00e4hrend\u00a0<strong>Reiner Kupfer-Kern-Motor<\/strong>\u00a0treibt den gleichm\u00e4\u00dfigen Luftstrom f\u00fcr mehr als 8.000 Stunden \u202fgepr\u00fcfter Betrieb.<\/p>\n<p>Trotz seiner Leistung bleibt das System stabil und kontrolliert. Optimierte interne Kanalgeometrie kanalisiert den Luftstrom \u00fcber die gesamte Auslassbreite, reduziert Turbulenzen und h\u00e4lt Ger\u00e4usche innerhalb von 70 bis 73 dB. Der Energieverbrauch bleibt im Vergleich zur Leistung dank des pr\u00e4zisen L\u00fcfterabstands und des effizienten Luftstrommanagements gering.<\/p>\n<p>Flexibel zu installieren und einfach zu bedienen, jede Einheit enth\u00e4lt eine\u00a0<strong>Dual\u2011Speed\u202fSchl\u00fcssel\u202fSchalter\u202fSteuerung<\/strong>\u00a0(mit optionaler Fernbedienung) zur schnellen Einstellung zwischen niedriger und hoher Geschwindigkeit. Erh\u00e4ltlich in den Modellen von \u202f 900 bis 2000 \u202f mm \u202f in \u202f \u202f in der L\u00e4nge, die \u202f \u202f Luft \u202f \u202f \u202f \u202f \u202f \u202f a \u202f \u202f \u202f \u202f \u202f \u202f \u202f \u202f \u202f \u202f \u202f \u202f \u202f \u202f \u202f \u202f \u202f \u202f \u202f layouts.<\/p>\n<\/div>\n<hr \/>\n<p>Leistung:<\/p>\n<div class=\"scroll-table-wrapper\">\n<div class=\"scroll-table\">\n<table id=\"tablepress-59\" class=\"tablepress tablepress-id-59\">\n<thead>\n<tr class=\"row-1\">\n\t<th class=\"column-1\">modellieren<\/th><th class=\"column-2\">Abmessungen (mm)<\/th><th class=\"column-3\">Spannung(V)<\/th><th class=\"column-4\">Frequenz (Hz)<\/th><th class=\"column-5\">Leistung (W)<\/th><th class=\"column-6\">Geschwindigkeit (m \/ s)<\/th><th class=\"column-7\">Luftstrom (m\u00b3\/h)<\/th><th class=\"column-8\">L\u00e4rm (db)<\/th><th class=\"column-9\">Gewicht (kg)<\/th>\n<\/tr>\n<\/thead>\n<tbody class=\"row-striping row-hover\">\n<tr class=\"row-2\">\n\t<td class=\"column-1\">FM-6509<\/td><td class=\"column-2\">900\u00d7352x306<\/td><td class=\"column-3\">380<\/td><td class=\"column-4\">50<\/td><td class=\"column-5\">1350<\/td><td class=\"column-6\">30<\/td><td class=\"column-7\">4510<\/td><td class=\"column-8\">70<\/td><td class=\"column-9\">35<\/td>\n<\/tr>\n<tr class=\"row-3\">\n\t<td class=\"column-1\">FM-6512<\/td><td class=\"column-2\">1200x352x306<\/td><td class=\"column-3\">380<\/td><td class=\"column-4\">50<\/td><td class=\"column-5\">2100<\/td><td class=\"column-6\">30<\/td><td class=\"column-7\">6760<\/td><td class=\"column-8\">71<\/td><td class=\"column-9\">50<\/td>\n<\/tr>\n<tr class=\"row-4\">\n\t<td class=\"column-1\">FM-6515<\/td><td class=\"column-2\">1500x352x306<\/td><td class=\"column-3\">380<\/td><td class=\"column-4\">50<\/td><td class=\"column-5\">2700<\/td><td class=\"column-6\">30<\/td><td class=\"column-7\">9000<\/td><td class=\"column-8\">72<\/td><td class=\"column-9\">64<\/td>\n<\/tr>\n<tr class=\"row-5\">\n\t<td class=\"column-1\">FM-6518<\/td><td class=\"column-2\">1800x352x306<\/td><td class=\"column-3\">380<\/td><td class=\"column-4\">50<\/td><td class=\"column-5\">2900<\/td><td class=\"column-6\">30<\/td><td class=\"column-7\">10000<\/td><td class=\"column-8\">73<\/td><td class=\"column-9\">67<\/td>\n<\/tr>\n<tr class=\"row-6\">\n\t<td class=\"column-1\">FM-6520<\/td><td class=\"column-2\">2000\u00d7352x306<\/td><td class=\"column-3\">380<\/td><td class=\"column-4\">50<\/td><td class=\"column-5\">3400<\/td><td class=\"column-6\">30<\/td><td class=\"column-7\">11200<\/td><td class=\"column-8\">71<\/td><td class=\"column-9\">78<\/td>\n<\/tr>\n<\/tbody>\n<\/table>\n<!-- #tablepress-59 from cache --><\/div>\n<\/div>\n<div><\/div>\n<div class=\"woocb\"><a class=\"wocb\" href=\"http:\/\/www.beiaole.com\/wp-content\/uploads\/2025\/09\/d4.7.pdf\" target=\"_blank\" rel=\"noopener\">formieren<\/a><\/div>\n<div><\/div>","protected":false},"excerpt":{"rendered":"<ul>\n<li>\n<h2>Hochgeschwindigkeits-Luft-Barriere:<\/h2>\n<p>\u202fgeneriert \u202fAir\u202fSpeed \u202fTo\u202f30m\/s\u202fTo\u202fseparate\u202fIndoor\u202fOutdoor\u202fUmwelt\u202fEffizient.<\/li>\n<li>\n<h2>Langlebige \u202fStahlstruktur:<\/h2>\n<p>\u202fgespritzter, rostfreier K\u00f6rper\u202f mit \u202f runzhaft \u202f \u202f \u202f \u202f \u202f korrosion \u202f und \u202f verformung.<\/li>\n<li>\n<h2>Effizienter Zentrifugal\u202fR\u00fcckrad:<\/h2>\n<p>\u202fHot\u2011Dip\u202fgalvanisiert\u202fSteel\u202fFan\u202fsichert\u202flangen\u2011mechanisch\u202fBalance\u202fBonus\u202fZuverl\u00e4ssigkeit.<\/li>\n<li>\n<h2>Leistungsstarkes Motor:<\/h2>\n<p>\u202fPure\u202fKupfer\u202fKern\u202fMotor\u202fgetestet\u202fF\u00fcr 8.000 \u202f+\u202fStunden\u202fkontinuierliche \u202fOperation\u202fOhne \u202fScheitern.<\/li>\n<li>\n<h2>Ruhig\u202fund\u202fStabil\u202fBetrieb:<\/h2>\n<p>\u202fOptimierte \u202fLuft-Ducts \u202fR\u00e4ucher \u202fRausch \u202f(\u202f70\u202f \u2013 \u202f73 \u202fDB) \u202fW\u00e4hrend\u202fW\u00e4hrend des \u202fSteady\u202fLuftstroms.<\/li>\n<li>\n<h2>Praktische \u202fSteuerung \u202f Optionen:<\/h2>\n<p>\u202fSchl\u00fcssel\u202fWechseln\u202fMit \u202fDual\u202fSpeed\u202fEinstellungen\u202fund \u202fOptional\u202fRemote\u202fControl \u202fF\u00fcr \u202fFlexible \u202fBedienung.<\/li>\n<li>\n<h2>Energieeffizientes Design:<\/h2>\n<p>\u202fWide\u202fOutlet\u202fund\u202fPrecision\u202fFan\u202fSpacing\u202fProvide\u202fMaximum\u202fLuftstr\u00f6mung\u202fMit \u202fminimaler \u202fZeichnung.<\/li>\n<li>\n<h2>Mehrere Gr\u00f6\u00dfen-Optionen:<\/h2>\n<p>\u202fVerf\u00fcgbar\u202f in \u202f900\u202f \u2013 \u202f2000\u202fmm \u202fL\u00e4nge\u202fzu \u202fpassen\u202fdoorways\u202fof \u202fAny \u202fIndustrial \u202fLayout.<\/li>\n<\/ul>\n<hr \/>","protected":false},"featured_media":4853,"comment_status":"open","ping_status":"closed","template":"","meta":{"_acf_changed":false},"product_brand":[],"product_cat":[65],"product_tag":[],"class_list":{"0":"post-4823","1":"product","2":"type-product","3":"status-publish","4":"has-post-thumbnail","6":"product_cat-air-curtain","8":"first","9":"instock","10":"taxable","11":"shipping-taxable","12":"purchasable","13":"product-type-variable","14":"has-default-attributes"},"acf":[],"_links":{"self":[{"href":"https:\/\/www.ecvents.com\/de\/wp-json\/wp\/v2\/product\/4823","targetHints":{"allow":["GET"]}}],"collection":[{"href":"https:\/\/www.ecvents.com\/de\/wp-json\/wp\/v2\/product"}],"about":[{"href":"https:\/\/www.ecvents.com\/de\/wp-json\/wp\/v2\/types\/product"}],"replies":[{"embeddable":true,"href":"https:\/\/www.ecvents.com\/de\/wp-json\/wp\/v2\/comments?post=4823"}],"wp:featuredmedia":[{"embeddable":true,"href":"https:\/\/www.ecvents.com\/de\/wp-json\/wp\/v2\/media\/4853"}],"wp:attachment":[{"href":"https:\/\/www.ecvents.com\/de\/wp-json\/wp\/v2\/media?parent=4823"}],"wp:term":[{"taxonomy":"product_brand","embeddable":true,"href":"https:\/\/www.ecvents.com\/de\/wp-json\/wp\/v2\/product_brand?post=4823"},{"taxonomy":"product_cat","embeddable":true,"href":"https:\/\/www.ecvents.com\/de\/wp-json\/wp\/v2\/product_cat?post=4823"},{"taxonomy":"product_tag","embeddable":true,"href":"https:\/\/www.ecvents.com\/de\/wp-json\/wp\/v2\/product_tag?post=4823"}],"curies":[{"name":"WP","href":"https:\/\/api.w.org\/{rel}","templated":true}]}}