{"id":4829,"date":"2026-03-19T06:05:30","date_gmt":"2026-03-19T11:05:30","guid":{"rendered":"https:\/\/www.ecvents.com\/?post_type=product&#038;p=4829"},"modified":"2026-03-19T06:06:20","modified_gmt":"2026-03-19T11:06:20","slug":"decke-industrieller-luftschleier","status":"publish","type":"product","link":"https:\/\/www.ecvents.com\/de\/product\/decke-industrieller-luftschleier\/","title":{"rendered":"Decke Industrieller Luftschleier"},"content":{"rendered":"<div class=\"someee\">\n<h2><strong>Nahtloses Design. Ruhige Kraft. F\u00fcr moderne R\u00e4ume konzipiert.<\/strong><\/h2>\n<p>der\u00a0<strong>Decke\u202fIndustrie\u202fAir\u202fVorhang<\/strong>\u00a0Bietet leistungsstarke Luftabscheidung in eleganter, deckenintegrierter Form. Entwickelt f\u00fcr gewerbliche und industrielle Umgebungen, in denen \u00c4sthetik und Leistung nebeneinander existieren m\u00fcssen, kombiniert es einen starken, ausgewogenen Luftstrom mit einem eleganten architektonischen Finish, das sich sauber in jede Innenumgebung einf\u00fcgt.<\/p>\n<p>A\u00a0<strong>Pr\u00e4zisions-Zentrifugal-L\u00fcftersystem<\/strong>\u00a0Ansteuert die Luftgeschwindigkeiten von 16\u202f \u2013 18 \u202f m\/s\u202f und liefert bis zu 1.900 m\u00b3\/h, bildet eine station\u00e4re Barriere, die die Temperatur stabilisiert, Staub blockiert und die L\u00fcftungseffizienz verbessert. Das Ger\u00e4usch bleibt dank aerodynamisch optimierter Laufr\u00e4der und einer raffinierten Motorbaugruppe f\u00fcr einen langen, leisen Betrieb gering - rund 49\u202f\u2013\u202f52\u202fDB.<\/p>\n<p>Die Einheit ist\u00a0<strong>Ganzmetall-Chassis<\/strong>\u00a0paart einen verzinkten Stahlk\u00f6rper mit einem\u00a0<strong>Pulver-Spr\u00fch-Kohle-Stahl<\/strong>\u00a0oder\u00a0<strong>Frontplatte aus Edelstahl<\/strong>. drohen Beide Optionen widerstehen Rost, Hitze und Korrosion und erf\u00fcllen die Brandschutzstandards. dessen\u00a0<strong>Architektur der Deckenmontage<\/strong>\u00a0Erm\u00f6glicht b\u00fcndige oder h\u00e4ngende Installation, wodurch die visuelle Einfachheit und der unkomplizierte Zugang zur Reinigung oder Wartung erhalten bleiben.<\/p>\n<p>der\u00a0<strong>Energieeffizienter Motor<\/strong>\u00a0Bietet einen gleichm\u00e4\u00dfigen Luftstrom im Dauerbetrieb und minimiert den Verbrauch \u2013 ideal f\u00fcr energiebewusste Einrichtungen, die auf Haltbarkeit und Komfort ausgerichtet sind.\n<\/div>\n<hr \/>\n<p>Leistung:<\/p>\n<div class=\"scroll-table-wrapper\">\n<div class=\"scroll-table\">\n<table id=\"tablepress-60\" class=\"tablepress tablepress-id-60\">\n<thead>\n<tr class=\"row-1\">\n\t<th class=\"column-1\">modellieren<\/th><th class=\"column-2\">Abmessungen (mm)<\/th><th class=\"column-3\">Spannung(V)<\/th><th class=\"column-4\">Frequenz (Hz)<\/th><th class=\"column-5\">Leistung (W)<\/th><th class=\"column-6\">Geschwindigkeit (m \/ s)<\/th><th class=\"column-7\">Luftstrom (m\u00b3\/h)<\/th><th class=\"column-8\">L\u00e4rm (db)<\/th><th class=\"column-9\">Gewicht (kg)<\/th>\n<\/tr>\n<\/thead>\n<tbody class=\"row-striping row-hover\">\n<tr class=\"row-2\">\n\t<td class=\"column-1\">FM-3509CS(gespritztes Feld)<\/td><td class=\"column-2\">900 \u00d7 320 x 235<\/td><td class=\"column-3\">220<\/td><td class=\"column-4\">50\/60<\/td><td class=\"column-5\">230<\/td><td class=\"column-6\">16-18<\/td><td class=\"column-7\">1100<\/td><td class=\"column-8\">49<\/td><td class=\"column-9\">17<\/td>\n<\/tr>\n<tr class=\"row-3\">\n\t<td class=\"column-1\">FM-3512CS(gespritztes Feld)<\/td><td class=\"column-2\">1200 \u00d7 320 x 235<\/td><td class=\"column-3\">220<\/td><td class=\"column-4\">50\/60<\/td><td class=\"column-5\">290<\/td><td class=\"column-6\">16-18<\/td><td class=\"column-7\">1500<\/td><td class=\"column-8\">50<\/td><td class=\"column-9\">22<\/td>\n<\/tr>\n<tr class=\"row-4\">\n\t<td class=\"column-1\">FM-3515CS(gespritztes Feld)<\/td><td class=\"column-2\">1500x320x235<\/td><td class=\"column-3\">220<\/td><td class=\"column-4\">50\/60<\/td><td class=\"column-5\">380<\/td><td class=\"column-6\">16-18<\/td><td class=\"column-7\">1900<\/td><td class=\"column-8\">52<\/td><td class=\"column-9\">27<\/td>\n<\/tr>\n<tr class=\"row-5\">\n\t<td class=\"column-1\">FM-4009CS(Edelstahlplatte)<\/td><td class=\"column-2\">900x320x235<\/td><td class=\"column-3\">220<\/td><td class=\"column-4\">50\/60<\/td><td class=\"column-5\">230<\/td><td class=\"column-6\">16-18<\/td><td class=\"column-7\">1100<\/td><td class=\"column-8\">49<\/td><td class=\"column-9\">17<\/td>\n<\/tr>\n<tr class=\"row-6\">\n\t<td class=\"column-1\">FM-4012CS(Edelstahlplatte)<\/td><td class=\"column-2\">1200x320x235<\/td><td class=\"column-3\">220<\/td><td class=\"column-4\">50\/60<\/td><td class=\"column-5\">290<\/td><td class=\"column-6\">16-18<\/td><td class=\"column-7\">1500<\/td><td class=\"column-8\">50<\/td><td class=\"column-9\">22<\/td>\n<\/tr>\n<tr class=\"row-7\">\n\t<td class=\"column-1\">FM-4015CS(Edelstahlplatte)<\/td><td class=\"column-2\">1500x320x235<\/td><td class=\"column-3\">220<\/td><td class=\"column-4\">50\/60<\/td><td class=\"column-5\">380<\/td><td class=\"column-6\">16-18<\/td><td class=\"column-7\">1900<\/td><td class=\"column-8\">52<\/td><td class=\"column-9\">27<\/td>\n<\/tr>\n<\/tbody>\n<\/table>\n<!-- #tablepress-60 from cache --><\/div>\n<\/div>\n<div><\/div>\n<div class=\"woocb\"><a class=\"wocb\" href=\"http:\/\/www.beiaole.com\/wp-content\/uploads\/2025\/09\/d4.8.pdf\" target=\"_blank\" rel=\"noopener\">formieren<\/a><\/div>\n<div><\/div>","protected":false},"excerpt":{"rendered":"<ul>\n<li>\n<h2>Elegante Decken-Integration:<\/h2>\n<p>\u202fEntwickelt\u202fF\u00fcr \u202fFlush\u202fMount \u202foder \u202fSuspension\u202fInstallation, \u202fA\u202fMinimale \u202fVisuelle \u202fFu\u00dfabdruck.<\/li>\n<li>\n<h2>Langlebige\u202fAll\u2011Metall\u202fBau:<\/h2>\n<p>\u202f galvanisierter Stahl\u202fK\u00f6rper\u202f und \u202f stainless\u2011Steel\u202fPanel\u202f \u202f \u202f \u202f \u202f \u202f \u202f \u202f \u202f \u202f \u202f \u202f \u202f \u202f \u202f \u202f rost, \u202f und \u202f korrosion.<\/li>\n<li>\n<h2>High-Air-Performance:<\/h2>\n<p>\u202f \u202f Luft \u202f \u202f \u202f von \u202f \u202f \u202f 18 \u202f m \/ s \u202f und \u202f \u202f \u202f \u202f 1,900 \u202f m\u00b3 \/ h \u202f f\u00fcr \u202f \u202f separation.<\/li>\n<li>\n<h2>Ruhige\u202fund\u202fSmooth\u202fOperation:<\/h2>\n<p>\u202fPrecision\u2011Engineered\u202fMotor\u202f und \u202fImpeller\u202fDesign\u202fNoise\u202fLevel \u202flow\u202f(\u2248\u202f49\u202f\u2013\u202f52\u202fDB).<\/li>\n<li>\n<h2>Feuerbest\u00e4ndiges \u202fPanel:<\/h2>\n<p>\u202f Oberfl\u00e4chen\u202fMaterialien\u202fBefolgen Sie mit der Sicherheit die Standards\u202fund\u202fgefordert \u202fminimal\u202fWartung.<\/li>\n<li>\n<h2>Dual-Panel-Optionen:<\/h2>\n<p>\u202fW\u00e4hlen Sie zwischen \u202fpulver-gespritztem \u202fSteel\u202f oder \u202f stinatsloser Stahl\u202f f\u00fcr \u202f unterschiedliche Design\u202f Pr\u00e4ferenzen.<\/li>\n<li>\n<h2>Energieeffizienter\u202fMotor:<\/h2>\n<p>\u202fBei der geringen Leistung \u202f \u202f \u202f Druckluft \u202f mit geringer Leistung \u202f (230 \u202f \u2013 \u202f 380 \u202f w).<\/li>\n<li>\n<h2>Einfache Wartung:<\/h2>\n<p>\u202fZumpfen \u202fOberfl\u00e4che\u202fund \u202fEinfache Montage\u202fEinfache \u202fReinigung\u202fund \u202fService.<\/li>\n<\/ul>\n<hr \/>","protected":false},"featured_media":4854,"comment_status":"open","ping_status":"closed","template":"","meta":{"_acf_changed":false},"product_brand":[],"product_cat":[65],"product_tag":[],"class_list":{"0":"post-4829","1":"product","2":"type-product","3":"status-publish","4":"has-post-thumbnail","6":"product_cat-air-curtain","8":"first","9":"outofstock","10":"taxable","11":"shipping-taxable","12":"purchasable","13":"product-type-variable"},"acf":[],"_links":{"self":[{"href":"https:\/\/www.ecvents.com\/de\/wp-json\/wp\/v2\/product\/4829","targetHints":{"allow":["GET"]}}],"collection":[{"href":"https:\/\/www.ecvents.com\/de\/wp-json\/wp\/v2\/product"}],"about":[{"href":"https:\/\/www.ecvents.com\/de\/wp-json\/wp\/v2\/types\/product"}],"replies":[{"embeddable":true,"href":"https:\/\/www.ecvents.com\/de\/wp-json\/wp\/v2\/comments?post=4829"}],"wp:featuredmedia":[{"embeddable":true,"href":"https:\/\/www.ecvents.com\/de\/wp-json\/wp\/v2\/media\/4854"}],"wp:attachment":[{"href":"https:\/\/www.ecvents.com\/de\/wp-json\/wp\/v2\/media?parent=4829"}],"wp:term":[{"taxonomy":"product_brand","embeddable":true,"href":"https:\/\/www.ecvents.com\/de\/wp-json\/wp\/v2\/product_brand?post=4829"},{"taxonomy":"product_cat","embeddable":true,"href":"https:\/\/www.ecvents.com\/de\/wp-json\/wp\/v2\/product_cat?post=4829"},{"taxonomy":"product_tag","embeddable":true,"href":"https:\/\/www.ecvents.com\/de\/wp-json\/wp\/v2\/product_tag?post=4829"}],"curies":[{"name":"WP","href":"https:\/\/api.w.org\/{rel}","templated":true}]}}