{"id":4843,"date":"2026-03-19T06:05:55","date_gmt":"2026-03-19T11:05:55","guid":{"rendered":"https:\/\/www.ecvents.com\/?post_type=product&#038;p=4843"},"modified":"2026-03-19T06:06:47","modified_gmt":"2026-03-19T11:06:47","slug":"kuhlraumluftschleier","status":"publish","type":"product","link":"https:\/\/www.ecvents.com\/de\/product\/kuhlraumluftschleier\/","title":{"rendered":"K\u00fchlraumluftschleier"},"content":{"rendered":"<div class=\"someee\">\n<h2><strong>W\u00e4rmesteuerung. Stille St\u00e4rke. Gebaut f\u00fcr die Pr\u00e4zision der Kaltkette.<\/strong><\/h2>\n<p>der\u00a0<strong>Cold\u202fStorage\u202fAir\u202fVorhang<\/strong>\u00a0Bildet eine ruhige, unsichtbare Barriere, die temperaturgesteuerte Zonen sch\u00fctzt und gleichzeitig Energie einspart. Speziell f\u00fcr K\u00fchlr\u00e4ume, Gefrierger\u00e4te und Verarbeitungsanlagen entwickelt, stabilisiert es die Lufttrennung zwischen Innen- und Au\u00dfenumgebungen - h\u00e4lt die K\u00e4lte, wo sie hingeh\u00f6rt, und reduziert die Kompressorbelastung Tag f\u00fcr Tag.<\/p>\n<p>A\u00a0<strong>Hochgeschwindigkeits-Kreisventilator<\/strong>\u00a0Erzeugt einen dichten, gleichm\u00e4\u00dfigen Luftstrom von 20 m \/ s, wodurch die Temperaturintegrit\u00e4t \u00fcber offene T\u00fcren erhalten bleibt. der\u00a0<strong>Vorw\u00e4rtsgebogenes Laufrad<\/strong>\u00a0Das getunte Volute-Design sorgt f\u00fcr einen ausgeglichenen Druck mit minimalen Turbulenzen und sorgt f\u00fcr einen kraftvollen und dennoch leisen Betrieb bei ca. 70 dB.<\/p>\n<p>Die Struktur ist vollst\u00e4ndig\u00a0<strong>Industrielles Metall<\/strong>\u2014 Erh\u00e4ltlich in rostfreiem oder farbig beschichtetem Stahl \u2013 gegen Korrosion, Vibration und Kondensation unter kontinuierlichen Niedertemperaturbedingungen. Innen ein\u00a0<strong>Haltbare Motormontage<\/strong>\u00a0Bewertet f\u00fcr 8.000 Stunden Betriebsdauer, steuert die konsistente Leistung, w\u00e4hrend ein\u202f<strong>Schutzklasse IP44<\/strong>\u202fBauteile vor Feuchtigkeit und K\u00e4lte sch\u00fctzen.<\/p>\n<p>Durch die Minimierung des W\u00e4rmeaustauschs senkt das Ger\u00e4t den Energieverbrauch und verl\u00e4ngert die Lebensdauer der K\u00e4lteanlagen - kleine Anpassungen, die zu erheblichen langfristigen Einsparungen bei jedem K\u00fchlungsbetrieb f\u00fchren.\n<\/p><\/div>\n<hr \/>\n<p>Leistung:<\/p>\n<div class=\"scroll-table-wrapper\">\n<div class=\"scroll-table\">\n<table id=\"tablepress-61\" class=\"tablepress tablepress-id-61\">\n<thead>\n<tr class=\"row-1\">\n\t<th class=\"column-1\">modellieren<\/th><th class=\"column-2\">Abmessungen (mm)<\/th><th colspan=\"2\" class=\"column-3\">Kopfgr\u00f6\u00dfe (mm)<\/th><th class=\"column-5\">Geschwindigkeit (m \/ s)<\/th><th class=\"column-6\">Spannung(V)<\/th><th class=\"column-7\">Luftstrom (m\u00b3\/h)<\/th><th class=\"column-8\">L\u00e4rm (db)<\/th><th class=\"column-9\">Leistung (kW)<\/th><th class=\"column-10\">Gewicht (kg)<\/th>\n<\/tr>\n<\/thead>\n<tbody class=\"row-striping row-hover\">\n<tr class=\"row-2\">\n\t<td class=\"column-1\"><\/td><td class=\"column-2\">(L-W-H)<\/td><td class=\"column-3\">  0,75 kW Kopf<br \/>\n  (L-W-H)<\/td><td class=\"column-4\"> 1,1 kW Kopf<br \/>\n (L-W-H)<\/td><td class=\"column-5\"><\/td><td class=\"column-6\"><\/td><td class=\"column-7\"><\/td><td class=\"column-8\"><\/td><td class=\"column-9\"><\/td><td class=\"column-10\"><\/td>\n<\/tr>\n<tr class=\"row-3\">\n\t<td class=\"column-1\">LKFM-25-09<\/td><td class=\"column-2\">900\u00d7305\u00d7170<\/td><td class=\"column-3\">382x364\u00d7426<\/td><td class=\"column-4\">382x414\u00d7426<\/td><td class=\"column-5\">20<\/td><td class=\"column-6\">380\/220<\/td><td class=\"column-7\">1250<\/td><td class=\"column-8\">70<\/td><td class=\"column-9\">0.75\/1.1<\/td><td class=\"column-10\">25<\/td>\n<\/tr>\n<tr class=\"row-4\">\n\t<td class=\"column-1\">LKFM-25-12<\/td><td class=\"column-2\">1200\u00d7305x170<\/td><td class=\"column-3\">382x364\u00d7426<\/td><td class=\"column-4\">382x414x426<\/td><td class=\"column-5\">19<\/td><td class=\"column-6\">380\/220<\/td><td class=\"column-7\">1250<\/td><td class=\"column-8\">70<\/td><td class=\"column-9\">0.75\/1.1<\/td><td class=\"column-10\">27<\/td>\n<\/tr>\n<tr class=\"row-5\">\n\t<td class=\"column-1\">LKFM-25-15<\/td><td class=\"column-2\">1500x305x170<\/td><td class=\"column-3\">382x364x426<\/td><td class=\"column-4\">382x414\u00d7426<\/td><td class=\"column-5\">18<\/td><td class=\"column-6\">380\/220<\/td><td class=\"column-7\">1400<\/td><td class=\"column-8\">70<\/td><td class=\"column-9\">0.75\/1.1<\/td><td class=\"column-10\">29<\/td>\n<\/tr>\n<tr class=\"row-6\">\n\t<td class=\"column-1\">LKFM-25-18<\/td><td class=\"column-2\">1800x305x170<\/td><td class=\"column-3\">382x364x426<\/td><td class=\"column-4\">382x414\u00d7426<\/td><td class=\"column-5\">17<\/td><td class=\"column-6\">380\/220<\/td><td class=\"column-7\">1650<\/td><td class=\"column-8\">70<\/td><td class=\"column-9\">0.75\/1.1<\/td><td class=\"column-10\">31.5<\/td>\n<\/tr>\n<tr class=\"row-7\">\n\t<td class=\"column-1\">LKFM-25-20<\/td><td class=\"column-2\">2000x305x170<\/td><td class=\"column-3\">382x364x426<\/td><td class=\"column-4\">382x414\u00d7426<\/td><td class=\"column-5\">16.5<\/td><td class=\"column-6\">380\/220<\/td><td class=\"column-7\">1850<\/td><td class=\"column-8\">70<\/td><td class=\"column-9\">0.75\/1.1<\/td><td class=\"column-10\">33.5<\/td>\n<\/tr>\n<tr class=\"row-8\">\n\t<td class=\"column-1\">LKFM-25-22<\/td><td class=\"column-2\">2200\u00d7305\u00d7170<\/td><td class=\"column-3\">382x364x426<\/td><td class=\"column-4\">382\u00d7414x426<\/td><td class=\"column-5\">15.5<\/td><td class=\"column-6\">380\/220<\/td><td class=\"column-7\">2050<\/td><td class=\"column-8\">70<\/td><td class=\"column-9\">0.75\/1.1<\/td><td class=\"column-10\">35.5<\/td>\n<\/tr>\n<tr class=\"row-9\">\n\t<td class=\"column-1\">LKFM-25-24<\/td><td class=\"column-2\">2400x305\u00d7170<\/td><td class=\"column-3\">382x364\u00d7426<\/td><td class=\"column-4\">382x414x426<\/td><td class=\"column-5\">15<\/td><td class=\"column-6\">380\/220<\/td><td class=\"column-7\">2250<\/td><td class=\"column-8\">70<\/td><td class=\"column-9\">0.75\/1.1<\/td><td class=\"column-10\">37.5<\/td>\n<\/tr>\n<\/tbody>\n<\/table>\n<\/div>\n<\/div>\n<div><\/div>\n<div class=\"woocb\"><a class=\"wocb\" href=\"http:\/\/www.beiaole.com\/wp-content\/uploads\/2025\/10\/d4.9.pdf\" target=\"_blank\" rel=\"noopener\">formieren<\/a><\/div>\n<div><\/div>","protected":false},"excerpt":{"rendered":"<ul>\n<li>\n<h2>Pr\u00e4zisions-Luft-Barriere:<\/h2>\n<p>\u202fZentrifugal\u202ffan\u202fErstellt \u202fDense, \u202fUniform \u202fAir\u202fVorhang\u202fErreichen \u202f bis \u202f20 \u202fM\/S\u202f f\u00fcr \u202f effektive Temperaturtrennung.<\/li>\n<li>\n<h2>Langlebige Metall\u202fKonstruktion:<\/h2>\n<p>\u202f stainless\u202f oder \u202f farbbeschichtet \u202f stahl\u202f \u202f \u202f korrosion \u202f und \u202f vibration \u202f in \u202f feucht \u202f und \u202f kalt \u202f \u202f \u202f \u202f \u202f \u202f \u202f \u202f \u202f \u202f \u202f \u202f \u202f \u202f \u202f \u202f \u202f \u202f \u202f \u202f \u202f .<\/li>\n<li>\n<h2>Kontinuierliche Leistung \u202fLeistung:<\/h2>\n<p>\u202fmotorisch \u202fgepr\u00fcft f\u00fcr \u202f \u00fcber 8.000 Stunden \u202fOperation\u202f f\u00fcr \u202flangfristige\u202findustrial \u202fZuverl\u00e4ssigkeit.<\/li>\n<li>\n<h2>Ruhige Funktion:<\/h2>\n<p>\u202f vorw\u00e4rtsgebogen \u202f impeller \u202f und \u202f volute \u202f design \u202f \u202f niedrige Stufen \u202f (\u224870 \u202f db).<\/li>\n<li>\n<h2>Energieeffizienz:<\/h2>\n<p>\u202fair\u202fvorhang\u202fReduziert den thermischen Austausch, \u202fvermindernder\u202fKompressor\u202fLoad \u202fund \u202fSchneiden von Energie\u202fEinsatz in \u202fKold\u202fspeicherung\u202fAnwendungen.<\/li>\n<li>\n<h2>Breiter Bereich\u202f von \u202fGr\u00f6\u00dfen:<\/h2>\n<p>\u202fModelle\u202fRanging\u202fVon \u202f900\u202f2400\u202fmm\u202ffit\u202fverschiedene T\u00fcr\u202fBreite\u202fund\u202fIndustrial \u202fLayouts.<\/li>\n<li>\n<h2>Elastischer \u202fSchutz:<\/h2>\n<p>\u202f galvanisiert \u202f \u202f \u202f \u202f und \u202f ip44 \u202f wasserdicht \u202f rating \u202f \u202f feuchten, \u202f niedrigen temperaturbedingungen.<\/li>\n<li>\n<h2>Stabile Luftstr\u00f6mung:<\/h2>\n<p>\u202fUniforme \u202fAir\u202fVerteilung \u202fVerhindert \u202fKondensation\u202fund \u202fLimits\u202fStaub\u202fund \u202finsekten\u202faus der \u202fEindringen der kalten \u202fZonen.<\/li>\n<\/ul>\n<hr \/>","protected":false},"featured_media":4855,"comment_status":"open","ping_status":"closed","template":"","meta":{"_acf_changed":false},"product_brand":[],"product_cat":[65],"product_tag":[],"class_list":{"0":"post-4843","1":"product","2":"type-product","3":"status-publish","4":"has-post-thumbnail","6":"product_cat-air-curtain","8":"first","9":"instock","10":"taxable","11":"shipping-taxable","12":"purchasable","13":"product-type-variable","14":"has-default-attributes"},"acf":[],"_links":{"self":[{"href":"https:\/\/www.ecvents.com\/de\/wp-json\/wp\/v2\/product\/4843","targetHints":{"allow":["GET"]}}],"collection":[{"href":"https:\/\/www.ecvents.com\/de\/wp-json\/wp\/v2\/product"}],"about":[{"href":"https:\/\/www.ecvents.com\/de\/wp-json\/wp\/v2\/types\/product"}],"replies":[{"embeddable":true,"href":"https:\/\/www.ecvents.com\/de\/wp-json\/wp\/v2\/comments?post=4843"}],"wp:featuredmedia":[{"embeddable":true,"href":"https:\/\/www.ecvents.com\/de\/wp-json\/wp\/v2\/media\/4855"}],"wp:attachment":[{"href":"https:\/\/www.ecvents.com\/de\/wp-json\/wp\/v2\/media?parent=4843"}],"wp:term":[{"taxonomy":"product_brand","embeddable":true,"href":"https:\/\/www.ecvents.com\/de\/wp-json\/wp\/v2\/product_brand?post=4843"},{"taxonomy":"product_cat","embeddable":true,"href":"https:\/\/www.ecvents.com\/de\/wp-json\/wp\/v2\/product_cat?post=4843"},{"taxonomy":"product_tag","embeddable":true,"href":"https:\/\/www.ecvents.com\/de\/wp-json\/wp\/v2\/product_tag?post=4843"}],"curies":[{"name":"WP","href":"https:\/\/api.w.org\/{rel}","templated":true}]}}