{"id":4870,"date":"2026-03-19T06:06:24","date_gmt":"2026-03-19T11:06:24","guid":{"rendered":"https:\/\/www.ecvents.com\/?post_type=product&#038;p=4870"},"modified":"2026-03-19T06:06:45","modified_gmt":"2026-03-19T11:06:45","slug":"einzelzimmer-hrv-vt501-wifi-2","status":"publish","type":"product","link":"https:\/\/www.ecvents.com\/de\/product\/einzelzimmer-hrv-vt501-wifi-2\/","title":{"rendered":"Einzelzimmer HRV VT501-WiFi"},"content":{"rendered":"<div class=\"someee\">\n<h2><strong>Ruhige Frische.\u202f Smart \u202f Kontrolle.\u202f Gebaut f\u00fcr \u202f m\u00fcheloser Komfort.<\/strong><\/h2>\n<p>der\u00a0<strong>Einzelzimmer-RV-VT501\u2011WiFi<\/strong>\u00a0Verwandelt leise die Innenluft, ohne die Aufmerksamkeit auf sich zu ziehen. Sie h\u00f6ren es nicht funktionieren - Sie bemerken einfach, dass sich die Luft richtig anf\u00fchlt: frisch, ausgewogen und nat\u00fcrlich bequem, wie ein offenes Fenster an einem perfekten Tag.<\/p>\n<p>versteckt in seinem kompakten Rahmen, a\u00a0<strong>Keramik-W\u00e4rmer\u00fcckgewinnungskern<\/strong>\u00a0tauscht kontinuierlich Energie zwischen ein- und ausgehender Luft aus. Es beh\u00e4lt im Winter W\u00e4rme, entfernt \u00fcbersch\u00fcssige W\u00e4rme im Sommer und entlastet die HLK-Systeme \u2013 w\u00e4hrend es das ganze Jahr \u00fcber eine gleichm\u00e4\u00dfige, komfortable Umgebung aufrechterh\u00e4lt.<\/p>\n<p>Luftqualit\u00e4t wird durch a\u00a0<strong>Dual-Filter-Netzwerk<\/strong>\u00a0Kombinieren von a\u00a0<strong>HEPA-Filter<\/strong>\u00a0das f\u00e4ngt Partikel so klein wie \u202f 0,3 \u03bcm\u202f und ein\u00a0<strong>Aktivkohle-Schicht<\/strong>\u00a0Das absorbiert Ger\u00fcche und VOCs. Die Luft f\u00fchlt sich nat\u00fcrlich sauber an - niemals k\u00fcnstlich oder \u00fcberbehandelt.<\/p>\n<p>Das System l\u00e4uft fast lautlos und liefert bis zu 60 m\u00b3 \/ h Luftstrom mit nur 8,5 \u202f W Leistung. Die Steuerung ist einfach und pr\u00e4zise durch\u00a0<strong>WiFi und die Tuya\u202fApp<\/strong>, der vollen Zugriff auf Geschwindigkeitseinstellungen, Zeitpl\u00e4ne und \u00dcberwachung der Luftqualit\u00e4t direkt von Ihrem Telefon aus erm\u00f6glicht.<\/p>\n<p>Das VT501\u2011WiFi wird auf Langlebigkeit gebaut und verwendet eine\u00a0<strong>Korrosionsbest\u00e4ndiger Keramikkern<\/strong>\u00a0In einem\u00a0<strong>Hochfester ABS-K\u00f6rper<\/strong>, die langfristige Zuverl\u00e4ssigkeit unter feuchten oder variablen Bedingungen gew\u00e4hrleistet. Die Wartung ist unkompliziert \u2013 Filter und der Keramikkern k\u00f6nnen in wenigen Minuten ohne Werkzeug ersetzt oder gereinigt werden.<\/p>\n<\/div>\n<hr \/>\n<p>Abmessungen (Einheit: mm):<\/p>\n<div class=\"scroll-table-wrapper\">\n<div class=\"scroll-table\">[ Tabelle \u201c74\u201d nicht gefunden \/]<br \/>\n<\/div>\n<\/div>\n<div><\/div>\n<div><a class=\"wocb\" href=\"https:\/\/www.beiaole.com\/wp-content\/uploads\/2025\/12\/VT501-table1.pdf\" target=\"_blank\" rel=\"noopener\">formieren<\/a><\/div>\n<div><\/div>\n<div><img loading=\"lazy\" decoding=\"async\" class=\"aligncenter wp-image-21029 size-full\" src=\"https:\/\/www.beiaole.com\/wp-content\/uploads\/2025\/12\/VT501-size.png\" alt=\"VT501-size\" width=\"1087\" height=\"197\" data-no-translation=\"\" \/><\/div>\n<div><\/div>\n<p>Leistung:<\/p>\n<div class=\"scroll-table-wrapper\">\n<div class=\"scroll-table\">[ Tabelle \u201c75\u201d nicht gefunden \/]<br \/>\n<\/div>\n<\/div>\n<div><\/div>\n<div class=\"woocb\"><a class=\"wocb\" href=\"https:\/\/www.beiaole.com\/wp-content\/uploads\/2025\/12\/VT501-table2.pdf\" target=\"_blank\" rel=\"noopener\">formieren<\/a><\/div>\n<div><\/div>\n<div class=\"viddd\">\n<div class=\"lyte-wrapper\" style=\"width:560px;max-width:100%;margin:5px auto;\"><div class=\"lyMe\" id=\"WYL_jN-8IWCc7CA\"><div id=\"lyte_jN-8IWCc7CA\" data-src=\"https:\/\/www.ecvents.com\/wp-content\/plugins\/wp-youtube-lyte\/lyteCache.php?origThumbUrl=%2F%2Fi.ytimg.com%2Fvi%2FjN-8IWCc7CA%2Fhqdefault.jpg\" class=\"pL\"><div class=\"tC\"><div class=\"tT\"><\/div><\/div><div class=\"play\"><\/div><div class=\"ctrl\"><div class=\"Lctrl\"><\/div><div class=\"Rctrl\"><\/div><\/div><\/div><noscript><a href=\"https:\/\/youtu.be\/jN-8IWCc7CA\" rel=\"nofollow noopener\" target=\"_blank\"><img loading=\"lazy\" decoding=\"async\" src=\"https:\/\/www.ecvents.com\/wp-content\/plugins\/wp-youtube-lyte\/lyteCache.php?origThumbUrl=https%3A%2F%2Fi.ytimg.com%2Fvi%2FjN-8IWCc7CA%2F0.jpg\" alt=\"YouTube video thumbnail\" width=\"560\" height=\"295\" data-no-translation=\"\" \/><br \/>Sehen Sie sich dieses Video auf YouTube an<\/a><\/noscript><\/div><\/div><div class=\"lL\" style=\"max-width:100%;width:560px;margin:5px auto;\"><\/div><\/p>\n<\/div>\n<p><img loading=\"lazy\" decoding=\"async\" class=\"aligncenter wp-image-3772 size-full\" src=\"https:\/\/www.beiaole.com\/wp-content\/uploads\/2025\/12\/VT501m1.jpg\" alt=\"Single Room HRV VT501-Wifi1\" width=\"1000\" height=\"621\" data-no-translation=\"\" \/><\/p>\n<p><img loading=\"lazy\" decoding=\"async\" class=\"aligncenter wp-image-3773 size-full\" src=\"https:\/\/www.beiaole.com\/wp-content\/uploads\/2025\/12\/VT501m2.jpg\" alt=\"Single Room HRV VT501-Wifi2\" width=\"1000\" height=\"1457\" data-no-translation=\"\" \/><\/p>\n<p><img loading=\"lazy\" decoding=\"async\" class=\"aligncenter wp-image-3774 size-full\" src=\"https:\/\/www.beiaole.com\/wp-content\/uploads\/2025\/12\/VT501m3.jpg\" alt=\"Single Room HRV VT501-Wifi3\" width=\"1000\" height=\"1009\" data-no-translation=\"\" \/><\/p>\n<p><img loading=\"lazy\" decoding=\"async\" class=\"aligncenter wp-image-3775 size-full\" src=\"https:\/\/www.beiaole.com\/wp-content\/uploads\/2025\/12\/VT501m4.jpg\" alt=\"Single Room HRV VT501-Wifi4\" width=\"1000\" height=\"745\" data-no-translation=\"\" \/><\/p>\n<p><img loading=\"lazy\" decoding=\"async\" class=\"aligncenter wp-image-3776 size-full\" src=\"https:\/\/www.beiaole.com\/wp-content\/uploads\/2025\/12\/VT501m5.jpg\" alt=\"Single Room HRV VT501-Wifi5\" width=\"1000\" height=\"1039\" data-no-translation=\"\" \/><\/p>\n<p><img loading=\"lazy\" decoding=\"async\" class=\"aligncenter wp-image-22702 size-large\" src=\"https:\/\/www.beiaole.com\/wp-content\/uploads\/2025\/12\/VT501m6-569x1024.jpg\" alt=\"VT501m6\" width=\"569\" height=\"1024\" data-no-translation=\"\" \/><\/p>","protected":false},"excerpt":{"rendered":"<ul>\n<li>\n<h2>Hochtemperatur-Wiederherstellungseffizienz:<\/h2>\n<p>\u202f keramik \u202f core\u202f \u202f \u202f \u202f \u202f \u202f 1 TP3T \u202f der Thermalen \u202f \u202f \u202f zwischen \u202f \u202f \u202f \u202f \u202f \u202f \u202f \u202f \u202f f\u00fcr \u200f jahresrunden \u202f sparts.<\/li>\n<li>\n<h2>Mehrstufige Filtration:<\/h2>\n<p>\u202f \u202f filter \u202f entfernt \u202f \u202f und \u202f \u202f \u202f \u202faktivierter \u202f \u202f schicht\u202f \u202f \u202f odore\u202f und \u202f \u202f \u202f \u202f \u202f \u202f \u202f \u202f \u202f \u202f \u202f \u202f \u202f \u202f \u202f \u202f \u202f \u202f \u202f \u202f \ufffd.<\/li>\n<li>\n<h2>Ultra-leise \u202fBetrieb:<\/h2>\n<p>\u202fSound\u202fLevels\u202fNieglich\u202fF\u00fcr Schlafzimmer\u202fund \u202fStudios\u202fR\u00e4ume - nur \u202fSoft\u202fBackground\u202fHum.<\/li>\n<li>\n<h2>Wifi\u202fSmart\u202fSteuerung:<\/h2>\n<p>\u202fTuya\u202fapp \u202fIntegration \u202fRemote\u202fSpeed\u202fAnpassung, \u202fReal\u2011Zeit\u2011Air\u2011Qualit\u00e4tsdaten, \u202f und \u202f geplante \u202fModi.<\/li>\n<li>\n<h2>Energieeffizienter\u202fMotor:<\/h2>\n<p>\u202fErweitert \u202f dc \u202f Laufwerk \u202f verbraucht nur \u202f 2,5 \u202f \u202f 8,5 \u202f w \u202f w\u00e4hrend \u202f kontinuierliche \u202f \u202f \u202f \u202f \u202f \u202f \u202f verbraucht.<\/li>\n<li>\n<h2>Ausgewogener Luftstrom:<\/h2>\n<p>\u202fvier \u202f Geschwindigkeit \u202f Einstellungen \u202f \u202f \u202f \u202f \u202f 60 \u202f m\u00b3\/h\u202f mit \u202f konsistenter \u202f Druck\u202f und \u202f gleichm\u00e4\u00dfige \u202f Verteilung.<\/li>\n<li>\n<h2>Langlebige Konstruktion:<\/h2>\n<p>\u202fKeramik\u202fErhitzen\u202fAustauscher\u202fund\u202fAbs\u202fHousing\u202fResist\u202fKorrosion\u202fund \u202fLangzeit\u2011Feuchtigkeit \u202fExposition.<\/li>\n<li>\n<h2>Einfache Wartung:<\/h2>\n<p>\u202fTool\u2011Filter\u202fZugang \u202fReinigen\u202fReinigung und \u202fErsatz\u202fFast \u202fSchnell\u202f und \u202fIntuitiv.<\/li>\n<\/ul>\n<hr \/>\n<div class=\"woodp\"><a class=\"wodp button\" href=\"https:\/\/www.beiaole.com\/wp-content\/uploads\/2025\/12\/VT501-t.pdf\" target=\"_blank\" rel=\"noopener\"><i class=\"fa-solid fa-file-pdf\"><\/i>Katalog<\/a><\/div>","protected":false},"featured_media":4884,"comment_status":"open","ping_status":"closed","template":"","meta":{"_acf_changed":false},"product_brand":[],"product_cat":[73],"product_tag":[],"class_list":{"0":"post-4870","1":"product","2":"type-product","3":"status-publish","4":"has-post-thumbnail","6":"product_cat-single-room-hrv-2","7":"pa_control-mode-remote-control","8":"pa_control-mode-wifi-control","10":"first","11":"outofstock","12":"sale","13":"taxable","14":"shipping-taxable","15":"product-type-variable","16":"has-default-attributes"},"acf":[],"_links":{"self":[{"href":"https:\/\/www.ecvents.com\/de\/wp-json\/wp\/v2\/product\/4870","targetHints":{"allow":["GET"]}}],"collection":[{"href":"https:\/\/www.ecvents.com\/de\/wp-json\/wp\/v2\/product"}],"about":[{"href":"https:\/\/www.ecvents.com\/de\/wp-json\/wp\/v2\/types\/product"}],"replies":[{"embeddable":true,"href":"https:\/\/www.ecvents.com\/de\/wp-json\/wp\/v2\/comments?post=4870"}],"wp:featuredmedia":[{"embeddable":true,"href":"https:\/\/www.ecvents.com\/de\/wp-json\/wp\/v2\/media\/4884"}],"wp:attachment":[{"href":"https:\/\/www.ecvents.com\/de\/wp-json\/wp\/v2\/media?parent=4870"}],"wp:term":[{"taxonomy":"product_brand","embeddable":true,"href":"https:\/\/www.ecvents.com\/de\/wp-json\/wp\/v2\/product_brand?post=4870"},{"taxonomy":"product_cat","embeddable":true,"href":"https:\/\/www.ecvents.com\/de\/wp-json\/wp\/v2\/product_cat?post=4870"},{"taxonomy":"product_tag","embeddable":true,"href":"https:\/\/www.ecvents.com\/de\/wp-json\/wp\/v2\/product_tag?post=4870"}],"curies":[{"name":"WP","href":"https:\/\/api.w.org\/{rel}","templated":true}]}}