{"id":4871,"date":"2026-03-19T06:06:24","date_gmt":"2026-03-19T11:06:24","guid":{"rendered":"https:\/\/www.ecvents.com\/?post_type=product&#038;p=4871"},"modified":"2026-03-19T06:13:59","modified_gmt":"2026-03-19T11:13:59","slug":"dreischichtige-luft-hepa-kohlefilter","status":"publish","type":"product","link":"https:\/\/www.ecvents.com\/de\/product\/dreischichtige-luft-hepa-kohlefilter\/","title":{"rendered":"Dreischichtige Luft-HEPA-Kohlefilter"},"content":{"rendered":"<div class=\"someee\">\n<h2><strong>Schichten reinigen. Intelligente Filtration. Ges\u00fcnde f\u00fcr einen ges\u00fcnderen Luftstrom.<\/strong><\/h2>\n<p>der\u00a0<strong>Dreischichtiger\u202fhepa\u202fCarbon\u202fFilter\u202fF\u00fcr \u202fRoom\u202fEntl\u00fcfter\u202fund \u202fAir\u202fRekuperatoren<\/strong>\u00a0ist so konzipiert, dass saubere Luft ein kontinuierlicher Bestandteil des t\u00e4glichen Lebens wird. Durch die Kombination von fortschrittlicher Filtration und intelligenter Energier\u00fcckgewinnung verwandelt es die gew\u00f6hnliche Bel\u00fcftung in ein ausgeglichenes, hocheffizientes Luftsystem, das auffrischt, sch\u00fctzt und aufrechterh\u00e4lt.<\/p>\n<p>Im Kern liegt ein\u00a0<strong>Drei-Stufen-Hepa-Karbonfilter<\/strong>\u00a0Entwickelt, um PM2.5-Partikel, Luftallergene und Bakterien von 0,3 \u03bcm zu erfassen. der\u00a0<strong>Aktivkohle-Schicht<\/strong>\u00a0Neutralisiert Ger\u00fcche und fl\u00fcchtige Verbindungen, w\u00e4hrend ein \u202f \u202f \u202f Filter\u202f blockiert, um den Luftstrom stabil zu halten. Zusammen sorgen diese Filter daf\u00fcr, dass jeder Atemzug die Klarheit der gereinigten, komfortablen Luft tr\u00e4gt.<\/p>\n<p>Das System l\u00e4sst sich nahtlos in intelligente L\u00fcftungsger\u00e4te integrieren. Durch seine\u00a0<strong>App-basierte Steuerung<\/strong>, Benutzer k\u00f6nnen Modi einstellen, Innenbedingungen \u00fcberwachen oder den Betrieb aus der Ferne planen. Gebaut auf a\u202f<strong>Magnetische Montage\u202fPlatte<\/strong>, Filter k\u00f6nnen in Sekundenschnelle ersetzt werden, was die Routinewartung vereinfacht.<\/p>\n<p>Jeder Zyklus passt sich automatisch an reale Bedingungen an. die Einheit\u00a0<strong>Wechselt zwischen \u202fExtraktion\u202fund \u202fVersorgung\u202fModes\u202fJeder 65\u202fSekunden<\/strong>, beibehaltener Luftstrom w\u00e4hrend a\u202f<strong>Keramik\u202fHitze\u202fAustauscher<\/strong>\u00a0Erholt bis zu 90 \u202f 1 TP3T \u202f der Thermischen Energie - h\u00e4lt R\u00e4ume frisch, ohne Heiz- oder K\u00fchlleistung zu verschwenden. Langlebige Materialien, leiser Betrieb und ein kompaktes Profil machen es perfekt f\u00fcr H\u00e4user, B\u00fcros und energiebewusste Renovierungsprojekte.<\/p>\n<\/div>\n<hr \/>","protected":false},"excerpt":{"rendered":"<ul>\n<li>\n<h2>Langlebig\u202fund\u202fZumpfungswertes Design:<\/h2>\n<p>\u202fRobust\u202fMagnetischer \u202fRahmen\u202fFilter\u202f\u00c4ndert\u202fSchnell\u202fund\u202fTool\u2011frei.<\/li>\n<li>\n<h2>Dreischicht-Filtration:<\/h2>\n<p>\u202ffiltern, \u202fhepa\u202fSchicht, \u202f und \u202faktiviert\u202fElement\u202fCapture\u202fCapture\u202fStaub, \u202fPM2.5, \u202fVirus, \u202fund \u202fGerne.<\/li>\n<li>\n<h2>Smart\u202fApp\u202fSteuerung:<\/h2>\n<p>\u202fremote \u202f\u00dcberwachung \u202fund \u202fEinstellung der Entl\u00fcftung\u202fModes\u202fund\u202findoor\u202fAir\u202fBedingungen.<\/li>\n<li>\n<h2>Automatische Modus\u202fSchaltung:<\/h2>\n<p>\u202fAlternates \u202f Zwischen \u202fausf\u00fcllen\u202f und \u202fJeder \u202f65\u202fSekunden \u202fausgewogener \u202fAustausch.<\/li>\n<li>\n<h2>Thermische Energie\u202fWiederherstellung:<\/h2>\n<p>\u202fKeramik\u202fHeat\u202fAustauscher\u202fErholt die thermische \u202fEnergie\u202ff\u00fcr die niedrigere \u202fHeizung\u202fund \u202fKosten\u202fKosten.<\/li>\n<li>\n<h2>Wartungsarme \u202fBetrieb:<\/h2>\n<p>\u202ffiltern\u202fErsatz\u202fund \u202fReinigung \u202fMinuten nehmen, \u202funterst\u00fctzende \u202fkontinuierliche \u202fUse.<\/li>\n<\/ul>\n<hr \/>","protected":false},"featured_media":4909,"comment_status":"open","ping_status":"closed","template":"","meta":{"_acf_changed":false},"product_brand":[],"product_cat":[72,73],"product_tag":[],"class_list":{"0":"post-4871","1":"product","2":"type-product","3":"status-publish","4":"has-post-thumbnail","6":"product_cat-filter","7":"product_cat-single-room-hrv-2","9":"first","10":"instock","11":"sale","12":"taxable","13":"shipping-taxable","14":"purchasable","15":"product-type-simple"},"acf":[],"_links":{"self":[{"href":"https:\/\/www.ecvents.com\/de\/wp-json\/wp\/v2\/product\/4871","targetHints":{"allow":["GET"]}}],"collection":[{"href":"https:\/\/www.ecvents.com\/de\/wp-json\/wp\/v2\/product"}],"about":[{"href":"https:\/\/www.ecvents.com\/de\/wp-json\/wp\/v2\/types\/product"}],"replies":[{"embeddable":true,"href":"https:\/\/www.ecvents.com\/de\/wp-json\/wp\/v2\/comments?post=4871"}],"wp:featuredmedia":[{"embeddable":true,"href":"https:\/\/www.ecvents.com\/de\/wp-json\/wp\/v2\/media\/4909"}],"wp:attachment":[{"href":"https:\/\/www.ecvents.com\/de\/wp-json\/wp\/v2\/media?parent=4871"}],"wp:term":[{"taxonomy":"product_brand","embeddable":true,"href":"https:\/\/www.ecvents.com\/de\/wp-json\/wp\/v2\/product_brand?post=4871"},{"taxonomy":"product_cat","embeddable":true,"href":"https:\/\/www.ecvents.com\/de\/wp-json\/wp\/v2\/product_cat?post=4871"},{"taxonomy":"product_tag","embeddable":true,"href":"https:\/\/www.ecvents.com\/de\/wp-json\/wp\/v2\/product_tag?post=4871"}],"curies":[{"name":"WP","href":"https:\/\/api.w.org\/{rel}","templated":true}]}}