{"id":4876,"date":"2026-03-19T06:06:25","date_gmt":"2026-03-19T11:06:25","guid":{"rendered":"https:\/\/www.ecvents.com\/?post_type=product&#038;p=4876"},"modified":"2026-03-25T05:30:03","modified_gmt":"2026-03-25T10:30:03","slug":"frischluftventil-mit-thermostat","status":"publish","type":"product","link":"https:\/\/www.ecvents.com\/de\/product\/frischluftventil-mit-thermostat\/","title":{"rendered":"Frischluftventil mit Thermostat"},"content":{"rendered":"<h2 class=\"wp-block-heading\"><strong>Einfaches Design.\u202f Smart \u202f Kontrolle.\u202f Gebaut f\u00fcr \u202f m\u00fchelos \u202ffrisch.<\/strong><\/h2>\n\n\n\n<p>der&nbsp;<strong>Frisches Ventil\u202fVentil\u202fMit \u202fThermostat<\/strong>&nbsp;ist eine leise Verk\u00f6rperung der intelligenten Einfachheit - ein kompaktes, selbsteinstellendes System, das die Raumluft frisch h\u00e4lt und gleichzeitig den Energieverlust reduziert. Keine Verkabelung, kein Motor, kein Strom \u2013 nur der nat\u00fcrliche Luftstrom, der sich von der intelligenten Physik geleitet, die sich automatisch an die Au\u00dfenbedingungen anpasst.<\/p>\n\n\n\n<p>Im Kern ein&nbsp;<strong>Mechanischer Thermostat<\/strong>&nbsp;Erkennt die Au\u00dfentemperatur und passt den Luftstrom in Echtzeit an. Wenn es \u00fcber \u202f + 10 \u00b0 C steigt, \u00f6ffnet das Ventil vollst\u00e4ndig, um einen stetigen Frischluftstrom zu liefern. Wenn die Temperaturen unter \u202f 5 \u00b0 C fallen, schlie\u00dft sie allm\u00e4hlich, verhindert kalte Zugluft und sch\u00fctzt die innere W\u00e4rme. auf pr\u00e4zise gebaut&nbsp;<strong>Thermische Expansionsmechanik<\/strong>, Das Design arbeitet kontinuierlich ohne L\u00e4rm, Elektronik oder Wartung.<\/p>\n\n\n\n<p>F\u00fcr zus\u00e4tzliche Flexibilit\u00e4t kann das Ventil auch manuell geschlossen werden \u2013 und erm\u00f6glicht so bei Bedarf eine schnelle und intuitive Steuerung der Bel\u00fcftung. Kompakt, leise und v\u00f6llig passiv, bietet es frische Luft, die sich Tag und Nacht m\u00fchelos anf\u00fchlt.<\/p>\n\n\n\n<p>Ideal f\u00fcr Wohnh\u00e4user, B\u00fcros, K\u00fcchen und Besprechungsr\u00e4ume,&nbsp;<strong>Frisches Ventil\u202fVentil\u202fMit \u202fThermostat<\/strong>&nbsp;Bietet nachhaltigen Komfort durch reine mechanische Intelligenz \u2013 Lufterneuerung, die leise von selbst l\u00e4uft.<\/p>\n\n\n\n<hr class=\"wp-block-separator has-alpha-channel-opacity\"\/>\n\n\n\n<figure class=\"wp-block-image aligncenter\"><img decoding=\"async\" src=\"https:\/\/www.beiaole.com\/wp-content\/uploads\/2025\/12\/FRESH-AIR-VALVE-WITH-THERMOSTAT-size1.png\" alt=\"FRESH-AIR-VALVE-WITH-THERMOSTAT-size1\" class=\"wp-image-21315\" data-no-translation=\"\"\/><\/figure>\n\n\n\n<figure class=\"wp-block-image aligncenter\"><img decoding=\"async\" src=\"https:\/\/www.beiaole.com\/wp-content\/uploads\/2025\/12\/FRESH-AIR-VALVE-WITH-THERMOSTAT-size2.png\" alt=\"FRESH-AIR-VALVE-WITH-THERMOSTAT-size2\" class=\"wp-image-21316\" data-no-translation=\"\"\/><\/figure>\n\n\n\n<p>Abmessungen (Einheit: mm):<\/p>\n\n\n\n<figure class=\"wp-block-table\"><table><thead><tr><th>Kanalgr\u00f6\u00dfe<\/th><th>Ausziehbare Kanall\u00e4nge<\/th><th>Max erlaubte Luftstr\u00f6mung<\/th><th>Schallpegel<\/th><th>Anwendungsbereich<\/th><\/tr><\/thead><tbody><tr><td>100mm<\/td><td>250 \u2013 500mm<\/td><td>30m\u00b3\/h<\/td><td>20 \u2013 35dB<\/td><td>10m\u00b2<\/td><\/tr><\/tbody><\/table><\/figure>\n\n\n<div class=\"someee\">\u00a0<\/div>\n<p>\u00a0<\/p>","protected":false},"excerpt":{"rendered":"<ul>\n<li>\n<h2>Automatische \u202f Thermische Regulierung:<\/h2>\n<p>Eingebaute \u202fmechanisch-thermostat \u00f6ffnet \u202f und schlie\u00dft \u202fbasiert\u202f auf der Au\u00dfentemperatur \u202f \u202f fluktuationen.<\/li>\n<li>\n<h2>Energiesparbetrieb:<\/h2>\n<p>\u00d6ffnet \u202f \u00fcber \u202f+10\u202f\u00b0C\u202fF\u00fcr \u202fAir\u202fEinnahme\u202fund\u202fSchlie\u00dft\u202fUnter\u202f\u20135\u202f\u00b0C\u202fzum \u202fErfordernis\u202fErfordernis\u202f-\u202fNo\u202fElectrical \u202fPower\u202fErfordert.<\/li>\n<li>\n<h2>Manuelle Anpassung:<\/h2>\n<p>Erlaubt dem Benutzer gesteuerter Luftstrom f\u00fcr die pers\u00f6nliche \u202fEntl\u00fcftung \u202fpr\u00e4ferenzen.<\/li>\n<li>\n<h2>Stille Funktion:<\/h2>\n<p>Operiert \u202f 20 \u202f \u202f 35 \u202f db, \u202f \u202f \u202f \u202f \u202f \u202f \u202f \u202f betten \u202f und \u202f \u202f se \u202f \u202f \u202f \u202f \u202f \u202f \u202f \u202f s.<\/li>\n<li>\n<h2>Steady air\u202faustauschen:<\/h2>\n<p>Bietet \u202f bis \u202f \u202f m\u00b3\/h \u202f von \u202fnat\u00fcrlichem Luftstrom\u202f durch die DUCKS\u202f250\u202f\u202f500\u202fmm\u202fLong.<\/li>\n<li>\n<h2>Wartungsfreies Design:<\/h2>\n<p>Voll \u202fMechanisch\u202fSystem\u202f\u202fNo\u202fFilter, Motoren, oder \u202fgeplante Wartung.<\/li>\n<li>\n<h2>Standardkompatibilit\u00e4t:<\/h2>\n<p>Passt \u202f\u00f8100 \u202fmm \u202fducts\u202fF\u00fcr \u202f nahtlose \u202fintegration\u202f in \u202fBeatmungs-Vernetzung\u202fNetworks.<\/li>\n<\/ul>\n<hr \/>\n<div class=\"woodp\"><a class=\"wodp button\" href=\"https:\/\/www.beiaole.com\/wp-content\/uploads\/2025\/12\/FRESH-AIR-VALVE-WITH-THERMOSTAT-t.pdf\" target=\"_blank\" rel=\"noopener\"><i class=\"fa-solid fa-file-pdf\"><\/i>Katalog<\/a><\/div>","protected":false},"featured_media":4902,"comment_status":"open","ping_status":"closed","template":"","meta":{"_acf_changed":false},"product_brand":[],"product_cat":[73],"product_tag":[],"class_list":{"0":"post-4876","1":"product","2":"type-product","3":"status-publish","4":"has-post-thumbnail","6":"product_cat-single-room-hrv-2","8":"first","9":"instock","10":"sale","11":"taxable","12":"shipping-taxable","13":"purchasable","14":"product-type-simple"},"acf":[],"_links":{"self":[{"href":"https:\/\/www.ecvents.com\/de\/wp-json\/wp\/v2\/product\/4876","targetHints":{"allow":["GET"]}}],"collection":[{"href":"https:\/\/www.ecvents.com\/de\/wp-json\/wp\/v2\/product"}],"about":[{"href":"https:\/\/www.ecvents.com\/de\/wp-json\/wp\/v2\/types\/product"}],"replies":[{"embeddable":true,"href":"https:\/\/www.ecvents.com\/de\/wp-json\/wp\/v2\/comments?post=4876"}],"wp:featuredmedia":[{"embeddable":true,"href":"https:\/\/www.ecvents.com\/de\/wp-json\/wp\/v2\/media\/4902"}],"wp:attachment":[{"href":"https:\/\/www.ecvents.com\/de\/wp-json\/wp\/v2\/media?parent=4876"}],"wp:term":[{"taxonomy":"product_brand","embeddable":true,"href":"https:\/\/www.ecvents.com\/de\/wp-json\/wp\/v2\/product_brand?post=4876"},{"taxonomy":"product_cat","embeddable":true,"href":"https:\/\/www.ecvents.com\/de\/wp-json\/wp\/v2\/product_cat?post=4876"},{"taxonomy":"product_tag","embeddable":true,"href":"https:\/\/www.ecvents.com\/de\/wp-json\/wp\/v2\/product_tag?post=4876"}],"curies":[{"name":"WP","href":"https:\/\/api.w.org\/{rel}","templated":true}]}}