{"id":4877,"date":"2026-03-19T06:06:25","date_gmt":"2026-03-19T11:06:25","guid":{"rendered":"https:\/\/www.ecvents.com\/?post_type=product&#038;p=4877"},"modified":"2026-03-19T06:13:59","modified_gmt":"2026-03-19T11:13:59","slug":"warmeruckgewinnungsventilator-vt100-2","status":"publish","type":"product","link":"https:\/\/www.ecvents.com\/de\/product\/warmeruckgewinnungsventilator-vt100-2\/","title":{"rendered":"W\u00e4rmer\u00fcckgewinnungsventilator VT100"},"content":{"rendered":"<div class=\"someee\">\n<h2><strong>Ruhige Balance.\u202f Frische Luft.\u202f F\u00fcr \u202f jeden Tag \u202f Lebend.<\/strong><\/h2>\n<p>der\u00a0<strong>VT100\u202fHitze\u202fWiederherstellung\u202fBeatmungsger\u00e4t<\/strong>\u00a0ist ein kompaktes Engineering, das den Innenkomfort leise transformiert. Im Hintergrund wird die Luft ger\u00e4uschlos arbeiten, die Luft wird ausgeglichen und der Energieverbrauch ist nat\u00fcrlich niedrig - ein unsichtbares Upgrade, bei dem sich jeder Raum besser anf\u00fchlt, ohne jemals Aufmerksamkeit zu erlangen.<\/p>\n<p>Im Zentrum steht ein\u00a0<strong>Hocheffizientes Keramik-W\u00e4rmetauschmodul<\/strong>\u00a0Das \u00fcbertr\u00e4gt W\u00e4rmeenergie zwischen abgehenden und eingehenden Luftstr\u00f6men. Im Winter str\u00f6mt frische Luft vorgew\u00e4rmt ein, im Sommer bleibt die \u00fcbersch\u00fcssige W\u00e4rme aus, w\u00e4hrend k\u00fchle Luft einstr\u00f6mt. Das Ergebnis ist eine gleichm\u00e4\u00dfige, ausgewogene Bel\u00fcftung zu jeder Jahreszeit \u2013 ohne die Energie zu verzichten, die bereits in Heizung oder K\u00fchlung investiert wird.<\/p>\n<p>Angetrieben von einem\u00a0<strong>ec\u202f(elektronisch kommutiert)\u202fMotor<\/strong>, Der VT100 bietet einen fl\u00fcsterleisen Luftstrom von \u202f 20\u202f \u202f50 m\u00b3\/h\u202f und verbraucht nur 2,5\u202f \u2013 \u202f3.8\u202fw\u202fw\u202fw\u202fw\u202fw\u202fw\u202fw\u202fw\u202fw\u202fw\u202fw\u202fw\u202fw\u202fw\u202fw\u202fw\u202fw\u202fw\u202f-Weise. Selbst in seiner sanften Schlafumgebung beh\u00e4lt es einen kontinuierlichen Luftaustausch bei, der f\u00fcr Schlafzimmer, Studien oder andere ruhige Umgebungen geeignet ist.<\/p>\n<p>Die Installation ist schnell. der\u00a0<strong>Kompakter, leichter K\u00f6rper<\/strong>\u00a0L\u00e4sst sich sauber an Innenw\u00e4nden befestigen, ideal f\u00fcr Wohnungen, Heimb\u00fcros oder kleine Gewerbefl\u00e4chen, in denen gr\u00f6\u00dfere Kanalsysteme nicht m\u00f6glich sind. ein\u00a0<strong>Waschbarer Vorfilter<\/strong>\u00a0F\u00e4ngt Staub und gr\u00f6\u00dfere Partikel ein und sorgt daf\u00fcr, dass die Luft klar bleibt und die Wartung vereinfacht - entfernt, sp\u00fclen, austauschen, fertig.<\/p>\n<\/div>\n<hr \/>\n<p>Abmessungen (Einheit: mm):<\/p>\n<div class=\"lightbox-container\"><img loading=\"lazy\" decoding=\"async\" class=\"aligncenter wp-image-21313 size-full\" src=\"https:\/\/www.beiaole.com\/wp-content\/uploads\/2025\/12\/VT100-size.png\" alt=\"VT100-size\" width=\"852\" height=\"261\" data-no-translation=\"\" \/><\/div>\n<p>Leistung:<\/p>\n<div class=\"scroll-table-wrapper\">\n<div class=\"scroll-table\">[ Tabelle \u201c77\u201d nicht gefunden \/]<br \/>\n<\/div>\n<\/div>\n<div class=\"woocb\"><a class=\"wocb\" href=\"https:\/\/www.beiaole.com\/wp-content\/uploads\/2025\/12\/VT100-table.pdf\" target=\"_blank\" rel=\"noopener\">formieren<\/a><\/div>","protected":false},"excerpt":{"rendered":"<ul>\n<li>\n<h2>Hochtemperatur-Wiederherstellungseffizienz:<\/h2>\n<p>\u202f keramik \u202f \u202f \u202f erholt sich \u202f bis \u202f 1 tp3t \u202f \u202f \u202f \u202f \u202f \u202f f\u00fcr \u202f \u202f \u202f \u2011 komfort \u202f und \u202f \u202f savings.<\/li>\n<li>\n<h2>Ultra-leise \u202fBetrieb:<\/h2>\n<p>\u202fger\u00e4uscharme \u202fmotorische\u202f liefert \u202f \u202f \u202f \u202f \u202f \u202f \u202f \u202f \u202f \u202f \u202f \u202f studienbereichen.<\/li>\n<li>\n<h2>Energieeffizientes Design:<\/h2>\n<p>\u202fVerbraucht \u202fjust 2.5\u202f\u2013\u202f3.8\u202fw\u202fw\u00e4hrend\u202fAirFlow\u202fvon \u202f20\u202f\u202f50\u202fM\u00b3\/h.<\/li>\n<li>\n<h2>Kompakt\u202fund\u202fLeichtgewicht:<\/h2>\n<p>\u202fSchleim \u202fProfil \u202fpasst\u202fleicht\u202fWanden\u202foder\u202fbegrenzte R\u00e4ume\u202fUngeeignete\u202ff\u00fcr \u202fGro\u00dfe \u202fEntl\u00fcftung\u202fEinheiten.<\/li>\n<li>\n<h2>Langlebige Konstruktion:<\/h2>\n<p>\u202fKorrosionsresistent\u202fKeramik\u202fW\u00e4rme\u202fAustauscher\u202fAbs\u202fHousing\u202fHousing\u202fLangzeit\u2011reliability.<\/li>\n<li>\n<h2>Vorfilter\u202fSchutz:<\/h2>\n<p>\u202fEntfernbarer Filter\u202fF\u00e4ngt \u202f Staub \u202f und \u202f f\u00fcr \u202fReiniger\u202f Luft und \u202f konsistente \u202f \u202f \u202f \u202f \u202f \u202f \u202f \u202f \u202f \u202f \u202f \u202f \u202f \u202f \u202f \u202f \u202f \u202f \u202f \u202f.<\/li>\n<li>\n<h2>Einfache Benutzerkontrolle:<\/h2>\n<p>\u202fDrei \u202ffan\u202f Geschwindigkeiten \u202f plus \u202f Modus \u202f \u202f leichte \u202f justage \u202f \u202f \u202f t\u00e4glich \u202f bedingungen zulassen.<\/li>\n<li>\n<h2>\u202fWartung:<\/h2>\n<p>\u202fTool\u2011Filter\u202fReinigung\u202fFast, \u202fBequem\u202fBehalt.<\/li>\n<\/ul>\n<hr \/>","protected":false},"featured_media":4903,"comment_status":"open","ping_status":"closed","template":"","meta":{"_acf_changed":false},"product_brand":[],"product_cat":[73],"product_tag":[],"class_list":{"0":"post-4877","1":"product","2":"type-product","3":"status-publish","4":"has-post-thumbnail","6":"product_cat-single-room-hrv-2","7":"pa_control-mode-remote-control","8":"pa_control-mode-wifi-control","10":"first","11":"instock","12":"taxable","13":"shipping-taxable","14":"purchasable","15":"product-type-variable","16":"has-default-attributes"},"acf":[],"_links":{"self":[{"href":"https:\/\/www.ecvents.com\/de\/wp-json\/wp\/v2\/product\/4877","targetHints":{"allow":["GET"]}}],"collection":[{"href":"https:\/\/www.ecvents.com\/de\/wp-json\/wp\/v2\/product"}],"about":[{"href":"https:\/\/www.ecvents.com\/de\/wp-json\/wp\/v2\/types\/product"}],"replies":[{"embeddable":true,"href":"https:\/\/www.ecvents.com\/de\/wp-json\/wp\/v2\/comments?post=4877"}],"wp:featuredmedia":[{"embeddable":true,"href":"https:\/\/www.ecvents.com\/de\/wp-json\/wp\/v2\/media\/4903"}],"wp:attachment":[{"href":"https:\/\/www.ecvents.com\/de\/wp-json\/wp\/v2\/media?parent=4877"}],"wp:term":[{"taxonomy":"product_brand","embeddable":true,"href":"https:\/\/www.ecvents.com\/de\/wp-json\/wp\/v2\/product_brand?post=4877"},{"taxonomy":"product_cat","embeddable":true,"href":"https:\/\/www.ecvents.com\/de\/wp-json\/wp\/v2\/product_cat?post=4877"},{"taxonomy":"product_tag","embeddable":true,"href":"https:\/\/www.ecvents.com\/de\/wp-json\/wp\/v2\/product_tag?post=4877"}],"curies":[{"name":"WP","href":"https:\/\/api.w.org\/{rel}","templated":true}]}}