{"id":671,"date":"2022-05-06T17:40:33","date_gmt":"2022-05-06T17:40:33","guid":{"rendered":"https:\/\/startersites.io\/blocksy\/gadgets\/?post_type=product&#038;p=671"},"modified":"2025-10-29T02:45:06","modified_gmt":"2025-10-29T07:45:06","slug":"quadratischer-metallventilator","status":"publish","type":"product","link":"https:\/\/www.ecvents.com\/de\/product\/quadratischer-metallventilator\/","title":{"rendered":"quadratischer metallventilator"},"content":{"rendered":"<section class=\"section mcb-section mfn-default-section mcb-section-2063rdjt\">\n<div class=\"section_wrapper mfn-wrapper-for-wraps mcb-section-inner mcb-section-inner-2063rdjt\">\n<div class=\"wrap mcb-wrap mcb-wrap-kodval1l one-third tablet-one-third laptop-one-third mobile-one vb-item clearfix test2\" data-desktop-col=\"one-third\" data-laptop-col=\"laptop-one-third\" data-tablet-col=\"tablet-one-third\" data-mobile-col=\"mobile-one\">\n<div class=\"mcb-wrap-inner mcb-wrap-inner-kodval1l mfn-module-wrapper mfn-wrapper-for-wraps\">\n<div class=\"mcb-wrap-background-overlay\"><\/div>\n<div class=\"column mcb-column mcb-item-rpe0q7i one laptop-one tablet-one mobile-one column_column vb-item\">\n<div class=\"mcb-column-inner mfn-module-wrapper mcb-column-inner-rpe0q7i mcb-item-column-inner\">\n<div class=\"column_attr mfn-inline-editor clearfix\">\n<p><img loading=\"lazy\" decoding=\"async\" class=\"alignnone size-full wp-image-3205\" src=\"https:\/\/www.kcvents.com\/wp-content\/uploads\/2025\/08\/Metal-Square-Exhaust-Fan-size.png\" alt=\"\" width=\"389\" height=\"360\" data-no-translation=\"\" \/><\/p>\n<\/div>\n<\/div>\n<\/div>\n<\/div>\n<\/div>\n<div class=\"wrap mcb-wrap mcb-wrap-2zq765kc two-third tablet-two-third laptop-two-third mobile-one vb-item clearfix test2\" data-desktop-col=\"two-third\" data-laptop-col=\"laptop-two-third\" data-tablet-col=\"tablet-two-third\" data-mobile-col=\"mobile-one\">\n<div class=\"mcb-wrap-inner mcb-wrap-inner-2zq765kc mfn-module-wrapper mfn-wrapper-for-wraps\">\n<div class=\"mcb-wrap-background-overlay\"><\/div>\n<div class=\"column mcb-column mcb-item-rjjgelzp one laptop-one tablet-one mobile-one column_column vb-item\">\n<div class=\"mcb-column-inner mfn-module-wrapper mcb-column-inner-rjjgelzp mcb-item-column-inner\">\n<div class=\"column_attr mfn-inline-editor clearfix\">\n<h4><strong>Produktgr\u00f6\u00dfe (Einheit: mm)<\/strong><\/h4>\n<table>\n<thead>\n<tr id=\"thblue\">\n<th>modellieren<\/th>\n<th>D<\/th>\n<th>d1<\/th>\n<th>L<\/th>\n<\/tr>\n<\/thead>\n<tbody>\n<tr>\n<td>Nr. 1.5<\/td>\n<td>150<\/td>\n<td>160<\/td>\n<td>135<\/td>\n<\/tr>\n<tr>\n<td>Nr. 2<\/td>\n<td>200<\/td>\n<td>210<\/td>\n<td>150<\/td>\n<\/tr>\n<tr>\n<td>Nr. 2.5<\/td>\n<td>250<\/td>\n<td>240<\/td>\n<td>160<\/td>\n<\/tr>\n<tr>\n<td>Nr. 3<\/td>\n<td>300<\/td>\n<td>290<\/td>\n<td>170<\/td>\n<\/tr>\n<tr>\n<td>Nr. 3.5<\/td>\n<td>350<\/td>\n<td>340<\/td>\n<td>190<\/td>\n<\/tr>\n<tr>\n<td>Nr. 4<\/td>\n<td>400<\/td>\n<td>390<\/td>\n<td>190<\/td>\n<\/tr>\n<\/tbody>\n<\/table>\n<\/div>\n<\/div>\n<\/div>\n<\/div>\n<\/div>\n<\/div>\n<\/section>\n<section class=\"section mcb-section mfn-default-section mcb-section-707f1e980\">\n<div class=\"mcb-background-overlay\"><\/div>\n<div class=\"section_wrapper mfn-wrapper-for-wraps mcb-section-inner mcb-section-inner-707f1e980\">\n<div class=\"wrap mcb-wrap mcb-wrap-7062efc20 one tablet-one laptop-one mobile-one vb-item clearfix test2\" data-desktop-col=\"one\" data-laptop-col=\"laptop-one\" data-tablet-col=\"tablet-one\" data-mobile-col=\"mobile-one\">\n<div class=\"mcb-wrap-inner mcb-wrap-inner-7062efc20 mfn-module-wrapper mfn-wrapper-for-wraps\">\n<div class=\"mcb-wrap-background-overlay\"><\/div>\n<div class=\"column mcb-column mcb-item-ef2dc8aa4 one laptop-one tablet-one mobile-one column_column vb-item\">\n<div class=\"mcb-column-inner mfn-module-wrapper mcb-column-inner-ef2dc8aa4 mcb-item-column-inner\">\n<div class=\"column_attr mfn-inline-editor clearfix\">\n<h4>Parametertabelle:<\/h4>\n<table>\n<thead>\n<tr id=\"thblue\">\n<th>modellieren<\/th>\n<th>rasen<br class=\"container-utlnW2 wrapper-d0Cc1k undefined\" \/>(RPM)<\/th>\n<th>Kraft<br class=\"container-utlnW2 wrapper-d0Cc1k undefined\" \/>(W)<\/th>\n<th>Luftstrom<br class=\"container-utlnW2 wrapper-d0Cc1k undefined\" \/>(m\u00b3\/h)<\/th>\n<th>Druck<br class=\"container-utlnW2 wrapper-d0Cc1k undefined\" \/>(PA)<\/th>\n<th>Ger\u00e4usch<br class=\"container-utlnW2 wrapper-d0Cc1k undefined\" \/>db (a)<\/th>\n<\/tr>\n<\/thead>\n<tbody>\n<tr>\n<td>1.0<\/td>\n<td>2800<\/td>\n<td>20\/25<\/td>\n<td>150<\/td>\n<td>50<\/td>\n<td>40<\/td>\n<\/tr>\n<tr>\n<td>1.5<\/td>\n<td>2800<\/td>\n<td>40\/60<\/td>\n<td>650<\/td>\n<td>80<\/td>\n<td>50<\/td>\n<\/tr>\n<tr>\n<td>1.8<\/td>\n<td>2800<\/td>\n<td>50\/70<\/td>\n<td>800<\/td>\n<td>95<\/td>\n<td>50<\/td>\n<\/tr>\n<tr>\n<td>2<\/td>\n<td>2800<\/td>\n<td>80<\/td>\n<td>1250<\/td>\n<td>130<\/td>\n<td>60<\/td>\n<\/tr>\n<tr>\n<td>2.5<\/td>\n<td>2800<\/td>\n<td>100<\/td>\n<td>1850<\/td>\n<td>200<\/td>\n<td>63<\/td>\n<\/tr>\n<tr>\n<td>3<\/td>\n<td>2800<\/td>\n<td>120<\/td>\n<td>2650<\/td>\n<td>215<\/td>\n<td>65<\/td>\n<\/tr>\n<tr>\n<td>3.5<\/td>\n<td>2800<\/td>\n<td>550<\/td>\n<td>4500<\/td>\n<td>235<\/td>\n<td>70<\/td>\n<\/tr>\n<tr>\n<td>4<\/td>\n<td>2800<\/td>\n<td>750<\/td>\n<td>5800<\/td>\n<td>360<\/td>\n<td>75<\/td>\n<\/tr>\n<\/tbody>\n<\/table>\n<\/div>\n<\/div>\n<\/div>\n<div class=\"column mcb-column mcb-item-95b6ace20 one laptop-one tablet-one mobile-one column_column vb-item\">\n<div class=\"mcb-column-inner mfn-module-wrapper mcb-column-inner-95b6ace20 mcb-item-column-inner\">\n<div class=\"column_attr mfn-inline-editor clearfix\">\n<p>&nbsp;<\/p>\n<div class=\"button_align align_center\"><a class=\"button button_right button_size_2\" title=\"\" href=\"mailto:info@kcvents.com\" target=\"_blank\" rel=\"noopener\"><i class=\"icon-direction\" aria-hidden=\"true\"><\/i><span class=\"button_label\">Untersuchung<\/span><\/a><\/div>\n<\/div>\n<\/div>\n<\/div>\n<\/div>\n<\/div>\n<\/div>\n<\/section>","protected":false},"excerpt":{"rendered":"<ol>\n<li>Der quadratische Hochgeschwindigkeits-Metallventilator ist f\u00fcr einen leistungsstarken Luftstrom konzipiert, der eine effiziente Bel\u00fcftung und eine schnelle W\u00e4rmeableitung in verschiedenen Umgebungen gew\u00e4hrleistet. Seine robuste Metallstruktur, hocheffiziente L\u00fcfterbl\u00e4tter und der langlebige Motor machen es ideal f\u00fcr Industriewerkst\u00e4tten, Lagerh\u00e4user, Fabriken, K\u00fcchen und andere R\u00e4ume, die eine starke Luftzirkulation erfordern.<\/li>\n<li>Energiesparen \u2013 Geringer Stromverbrauch zur Reduzierung der Energiekosten bei gleichzeitiger Aufrechterhaltung der Leistung.<\/li>\n<li>Hocheffiziente L\u00fcfterbl\u00e4tter \u2013 einteiliges Formteil sorgt f\u00fcr einen reibungslosen, stabilen und effizienten Betrieb.<\/li>\n<li>Langlebiger Motor \u2013 Reines Kupfer-Wicklungsst\u00fcck mit Doppelkugellagern f\u00fcr lange Lebensdauer und stabile Leistung.<\/li>\n<li>Sicherheitsdesign \u2013 Doppelte Schutzgitterstruktur, leicht zu reinigen und zu warten.<\/li>\n<\/ol>\n<p><a class=\"button button_right button_size_2\" title=\"\" href=\"mailto:info@kcvents.com\" target=\"_blank\" rel=\"noopener\"><i class=\"icon-direction\" aria-hidden=\"true\"><\/i><span class=\"button_label\">Untersuchung<\/span><\/a>\u00a0<a class=\"button button_right button_size_2\" title=\"\" href=\"https:\/\/www.kcvents.com\/wp-content\/uploads\/2025\/08\/METAL-SQUARE-EXHAUST-FAN.pdf\" target=\"_blank\" rel=\"noopener\"><i class=\"icon-acrobat\" aria-hidden=\"true\"><\/i><span class=\"button_label\">Katalog<\/span><\/a><\/p>","protected":false},"featured_media":816,"comment_status":"open","ping_status":"closed","template":"","meta":{"_acf_changed":false},"product_brand":[],"product_cat":[28],"product_tag":[],"class_list":{"0":"post-671","1":"product","2":"type-product","3":"status-publish","4":"has-post-thumbnail","6":"product_cat-exhaust-fan","8":"first","9":"instock","10":"taxable","11":"shipping-taxable","12":"purchasable","13":"product-type-variable","14":"has-default-attributes"},"acf":[],"_links":{"self":[{"href":"https:\/\/www.ecvents.com\/de\/wp-json\/wp\/v2\/product\/671","targetHints":{"allow":["GET"]}}],"collection":[{"href":"https:\/\/www.ecvents.com\/de\/wp-json\/wp\/v2\/product"}],"about":[{"href":"https:\/\/www.ecvents.com\/de\/wp-json\/wp\/v2\/types\/product"}],"replies":[{"embeddable":true,"href":"https:\/\/www.ecvents.com\/de\/wp-json\/wp\/v2\/comments?post=671"}],"wp:featuredmedia":[{"embeddable":true,"href":"https:\/\/www.ecvents.com\/de\/wp-json\/wp\/v2\/media\/816"}],"wp:attachment":[{"href":"https:\/\/www.ecvents.com\/de\/wp-json\/wp\/v2\/media?parent=671"}],"wp:term":[{"taxonomy":"product_brand","embeddable":true,"href":"https:\/\/www.ecvents.com\/de\/wp-json\/wp\/v2\/product_brand?post=671"},{"taxonomy":"product_cat","embeddable":true,"href":"https:\/\/www.ecvents.com\/de\/wp-json\/wp\/v2\/product_cat?post=671"},{"taxonomy":"product_tag","embeddable":true,"href":"https:\/\/www.ecvents.com\/de\/wp-json\/wp\/v2\/product_tag?post=671"}],"curies":[{"name":"WP","href":"https:\/\/api.w.org\/{rel}","templated":true}]}}