{"id":673,"date":"2022-05-06T17:41:29","date_gmt":"2022-05-06T17:41:29","guid":{"rendered":"https:\/\/startersites.io\/blocksy\/gadgets\/?post_type=product&#038;p=673"},"modified":"2025-10-29T02:45:06","modified_gmt":"2025-10-29T07:45:06","slug":"warmeruckgewinnungsventilator-vt100","status":"publish","type":"product","link":"https:\/\/www.ecvents.com\/de\/product\/warmeruckgewinnungsventilator-vt100\/","title":{"rendered":"W\u00e4rmer\u00fcckgewinnungsventilator VT100"},"content":{"rendered":"<h4>Abmessungen (Einheit:mm):<\/h4>\n<p><img loading=\"lazy\" decoding=\"async\" class=\"alignnone wp-image-2555\" src=\"https:\/\/www.kcvents.com\/wp-content\/uploads\/2025\/07\/VT100-size.png\" alt=\"\" width=\"1200\" height=\"368\" data-no-translation=\"\" \/><\/p>\n<h4>Parametertabelle:<\/h4>\n<table border=\"1\" cellspacing=\"0\" cellpadding=\"6\" data-doubao-line=\"1\" data-doubao-column=\"1\" data-doubao-key=\"0\">\n<tbody data-doubao-key=\"1\">\n<tr id=\"thblue\" data-doubao-line=\"3\" data-doubao-column=\"3\" data-doubao-key=\"2\">\n<th data-doubao-line=\"4\" data-doubao-column=\"5\" data-doubao-key=\"3\">rasen<\/th>\n<th data-doubao-line=\"5\" data-doubao-column=\"5\" data-doubao-key=\"4\">schlafen<\/th>\n<th data-doubao-line=\"6\" data-doubao-column=\"5\" data-doubao-key=\"5\">I<\/th>\n<th data-doubao-line=\"7\" data-doubao-column=\"5\" data-doubao-key=\"6\">ii<\/th>\n<th data-doubao-line=\"8\" data-doubao-column=\"5\" data-doubao-key=\"7\">III<\/th>\n<\/tr>\n<tr data-doubao-line=\"11\" data-doubao-column=\"3\" data-doubao-key=\"8\">\n<td data-doubao-line=\"12\" data-doubao-column=\"5\" data-doubao-key=\"9\">Spannung<\/td>\n<td colspan=\"4\" data-doubao-line=\"13\" data-doubao-column=\"5\" data-doubao-key=\"10\">100 \u2013 240V 50 \u2013 60Hz<\/td>\n<\/tr>\n<tr data-doubao-line=\"16\" data-doubao-column=\"3\" data-doubao-key=\"11\">\n<td data-doubao-line=\"17\" data-doubao-column=\"5\" data-doubao-key=\"12\">H\u00f6chstleistung<\/td>\n<td colspan=\"4\" data-doubao-line=\"18\" data-doubao-column=\"5\" data-doubao-key=\"13\">5w<\/td>\n<\/tr>\n<tr data-doubao-line=\"21\" data-doubao-column=\"3\" data-doubao-key=\"14\">\n<td data-doubao-line=\"22\" data-doubao-column=\"5\" data-doubao-key=\"15\">Gesamtleistung des Ventilators (W)<\/td>\n<td data-doubao-line=\"23\" data-doubao-column=\"5\" data-doubao-key=\"16\">2.5<\/td>\n<td data-doubao-line=\"24\" data-doubao-column=\"5\" data-doubao-key=\"17\">3.0<\/td>\n<td data-doubao-line=\"25\" data-doubao-column=\"5\" data-doubao-key=\"18\">3.5<\/td>\n<td data-doubao-line=\"26\" data-doubao-column=\"5\" data-doubao-key=\"19\">3.8<\/td>\n<\/tr>\n<tr data-doubao-line=\"29\" data-doubao-column=\"3\" data-doubao-key=\"20\">\n<td data-doubao-line=\"30\" data-doubao-column=\"5\" data-doubao-key=\"21\">Luftstrom (m\u00b3\/h)<\/td>\n<td data-doubao-line=\"31\" data-doubao-column=\"5\" data-doubao-key=\"22\">20<\/td>\n<td data-doubao-line=\"32\" data-doubao-column=\"5\" data-doubao-key=\"23\">30<\/td>\n<td data-doubao-line=\"33\" data-doubao-column=\"5\" data-doubao-key=\"24\">40<\/td>\n<td data-doubao-line=\"34\" data-doubao-column=\"5\" data-doubao-key=\"25\">50<\/td>\n<\/tr>\n<tr data-doubao-line=\"37\" data-doubao-column=\"3\" data-doubao-key=\"26\">\n<td data-doubao-line=\"38\" data-doubao-column=\"5\" data-doubao-key=\"27\">Geschwindigkeit (U\/min)<\/td>\n<td data-doubao-line=\"39\" data-doubao-column=\"5\" data-doubao-key=\"28\">1000<\/td>\n<td data-doubao-line=\"40\" data-doubao-column=\"5\" data-doubao-key=\"29\">1500<\/td>\n<td data-doubao-line=\"41\" data-doubao-column=\"5\" data-doubao-key=\"30\">2000<\/td>\n<td data-doubao-line=\"42\" data-doubao-column=\"5\" data-doubao-key=\"31\">2500<\/td>\n<\/tr>\n<tr data-doubao-line=\"45\" data-doubao-column=\"3\" data-doubao-key=\"32\">\n<td data-doubao-line=\"46\" data-doubao-column=\"5\" data-doubao-key=\"33\">Lufttemperatur transportiert<\/td>\n<td colspan=\"4\" data-doubao-line=\"47\" data-doubao-column=\"5\" data-doubao-key=\"34\">-20\u00b0C (-4\u00b0F) bis +50\u00b0C (122\u00b0F)<\/td>\n<\/tr>\n<tr data-doubao-line=\"50\" data-doubao-column=\"3\" data-doubao-key=\"35\">\n<td data-doubao-line=\"51\" data-doubao-column=\"5\" data-doubao-key=\"36\">Effizienz des W\u00e4rmeaustauschs<\/td>\n<td colspan=\"4\" data-doubao-line=\"52\" data-doubao-column=\"5\" data-doubao-key=\"37\">bis zu 901 tp3t<\/td>\n<\/tr>\n<tr data-doubao-line=\"55\" data-doubao-column=\"3\" data-doubao-key=\"38\">\n<td data-doubao-line=\"56\" data-doubao-column=\"5\" data-doubao-key=\"39\">W\u00e4rmetauscherkern<\/td>\n<td colspan=\"4\" data-doubao-line=\"57\" data-doubao-column=\"5\" data-doubao-key=\"40\">Keramik<\/td>\n<\/tr>\n<\/tbody>\n<\/table>\n<p>&nbsp;<\/p>\n<div class=\"button_align align_center\"><a class=\"button button_right button_size_2\" title=\"\" href=\"mailto:info@kcvents.com\" target=\"_blank\" rel=\"noopener\"><i class=\"icon-direction\" aria-hidden=\"true\"><\/i><span class=\"button_label\">Untersuchung<\/span><\/a><\/div>","protected":false},"excerpt":{"rendered":"<p>1. Hochleistungs-W\u00e4rmer\u00fcckgewinnungsventilator (Basis)<br \/>\nEnergieeffiziente W\u00e4rmer\u00fcckgewinnung: W\u00e4rmet effizient W\u00e4rme aus der Abluft, reduziert den Energieverbrauch und sorgt f\u00fcr eine gleichbleibende Luftqualit\u00e4t in Innenr\u00e4umen. Es ist eine kosteng\u00fcnstige L\u00f6sung f\u00fcr die Energieeinsparung in H\u00e4usern und kleinen Gewerber\u00e4umen.<\/p>\n<p>2.Ruhebetrieb: Mit einem ger\u00e4uscharmen EC-Motor sorgt er f\u00fcr leise Bel\u00fcftung ohne Leistungseinbu\u00dfen.<\/p>\n<p>3.Kompakte und flexible Installation: Mit einem kompakten Design, das leicht an W\u00e4nden oder engen R\u00e4umen installiert werden kann.<\/p>\n<p>4. Zuverl\u00e4ssige Luftfilterung: Der VT100 ist mit einem Vorfilter ausgestattet, der Staub und gr\u00f6\u00dfere Partikel entfernt und saubere und frische Luft aufrechterh\u00e4lt.<\/p>\n<p>5. Benutzerfreundliche Steuerung: Der VT100 verf\u00fcgt \u00fcber eine benutzerfreundliche Oberfl\u00e4che mit intuitiven Bedienelementen f\u00fcr eine einfache Wartung.<\/p>\n<p>&nbsp;<\/p>\n<p><a class=\"button button_right button_size_2\" title=\"\" href=\"mailto:info@kcvents.com\" target=\"_blank\" rel=\"noopener\"><i class=\"icon-direction\" aria-hidden=\"true\"><\/i><span class=\"button_label\">Untersuchung<\/span><\/a>\u00a0<a class=\"button button_right button_size_2\" title=\"\" href=\"https:\/\/www.kcvents.com\/wp-content\/uploads\/2025\/07\/VT125.pdf\" target=\"_blank\" rel=\"noopener\"><i class=\"icon-acrobat\" aria-hidden=\"true\"><\/i><span class=\"button_label\">Katalog<\/span><\/a><\/p>","protected":false},"featured_media":914,"comment_status":"open","ping_status":"closed","template":"","meta":{"_acf_changed":false},"product_brand":[],"product_cat":[25],"product_tag":[],"class_list":{"0":"post-673","1":"product","2":"type-product","3":"status-publish","4":"has-post-thumbnail","6":"product_cat-single-room-hrv","8":"first","9":"instock","10":"taxable","11":"shipping-taxable","12":"purchasable","13":"product-type-variable","14":"has-default-attributes"},"acf":[],"_links":{"self":[{"href":"https:\/\/www.ecvents.com\/de\/wp-json\/wp\/v2\/product\/673","targetHints":{"allow":["GET"]}}],"collection":[{"href":"https:\/\/www.ecvents.com\/de\/wp-json\/wp\/v2\/product"}],"about":[{"href":"https:\/\/www.ecvents.com\/de\/wp-json\/wp\/v2\/types\/product"}],"replies":[{"embeddable":true,"href":"https:\/\/www.ecvents.com\/de\/wp-json\/wp\/v2\/comments?post=673"}],"wp:featuredmedia":[{"embeddable":true,"href":"https:\/\/www.ecvents.com\/de\/wp-json\/wp\/v2\/media\/914"}],"wp:attachment":[{"href":"https:\/\/www.ecvents.com\/de\/wp-json\/wp\/v2\/media?parent=673"}],"wp:term":[{"taxonomy":"product_brand","embeddable":true,"href":"https:\/\/www.ecvents.com\/de\/wp-json\/wp\/v2\/product_brand?post=673"},{"taxonomy":"product_cat","embeddable":true,"href":"https:\/\/www.ecvents.com\/de\/wp-json\/wp\/v2\/product_cat?post=673"},{"taxonomy":"product_tag","embeddable":true,"href":"https:\/\/www.ecvents.com\/de\/wp-json\/wp\/v2\/product_tag?post=673"}],"curies":[{"name":"WP","href":"https:\/\/api.w.org\/{rel}","templated":true}]}}