{"id":972,"date":"2025-08-21T07:59:38","date_gmt":"2025-08-21T07:59:38","guid":{"rendered":"https:\/\/ecvents.com\/?post_type=product&#038;p=972"},"modified":"2025-10-29T02:10:43","modified_gmt":"2025-10-29T07:10:43","slug":"ec-motorverschluss-abgasventilator","status":"publish","type":"product","link":"https:\/\/www.ecvents.com\/de\/product\/ec-motorverschluss-abgasventilator\/","title":{"rendered":"EC Motorverschluss-Abgasventilator"},"content":{"rendered":"<div class=\"column mcb-column mcb-item-ef2dc8aa4 one laptop-one tablet-one mobile-one column_column vb-item\">\n<div class=\"mcb-column-inner mfn-module-wrapper mcb-column-inner-ef2dc8aa4 mcb-item-column-inner\">\n<div class=\"column_attr mfn-inline-editor clearfix\">\n<div class=\"mcb-wrap-background-overlay\">Parametertabelle:<\/div>\n<div class=\"column mcb-column mcb-item-ef2dc8aa4 one laptop-one tablet-one mobile-one column_column vb-item\">\n<div class=\"mcb-column-inner mfn-module-wrapper mcb-column-inner-ef2dc8aa4 mcb-item-column-inner\">\n<div class=\"column_attr mfn-inline-editor clearfix\">\n<table class=\"w-fit min-w-(--thread-content-width)\" data-start=\"254\" data-end=\"2568\">\n<thead data-start=\"254\" data-end=\"431\">\n<tr data-start=\"254\" data-end=\"431\">\n<th data-start=\"254\" data-end=\"278\" data-col-size=\"sm\"><strong data-start=\"256\" data-end=\"273\">genaue Angaben<\/strong><\/th>\n<th data-start=\"278\" data-end=\"431\" data-col-size=\"md\"><strong data-start=\"280\" data-end=\"291\">Detail<\/strong><\/th>\n<\/tr>\n<\/thead>\n<tbody data-start=\"610\" data-end=\"2568\">\n<tr data-start=\"610\" data-end=\"787\">\n<td data-start=\"610\" data-end=\"634\" data-col-size=\"sm\"><strong data-start=\"612\" data-end=\"624\">L\u00fcftergr\u00f6\u00dfe<\/strong><\/td>\n<td data-col-size=\"md\" data-start=\"634\" data-end=\"787\">16 Zoll (40,6 cm)<\/td>\n<\/tr>\n<tr data-start=\"788\" data-end=\"965\">\n<td data-start=\"788\" data-end=\"812\" data-col-size=\"sm\"><strong data-start=\"790\" data-end=\"812\">Gesamtabmessungen<\/strong><\/td>\n<td data-start=\"812\" data-end=\"965\" data-col-size=\"md\">19,09 \u00d7 19,09 \u00d7 7,72\u2033 (48,5 \u00d7 48,5 \u00d7 19,6 cm)<\/td>\n<\/tr>\n<tr data-start=\"966\" data-end=\"1144\">\n<td data-start=\"966\" data-end=\"990\" data-col-size=\"sm\"><strong data-start=\"968\" data-end=\"990\">Gr\u00f6\u00dfe der Befestigungsbohrung<\/strong><\/td>\n<td data-start=\"990\" data-end=\"1144\" data-col-size=\"md\">Ungef\u00e4hr 16,92 \u00d7 16,92 \u2033 (43 \u00d7 43 cm)<\/td>\n<\/tr>\n<tr data-start=\"1145\" data-end=\"1322\">\n<td data-start=\"1145\" data-end=\"1169\" data-col-size=\"sm\"><strong data-start=\"1147\" data-end=\"1167\">Luftstromkapazit\u00e4t<\/strong><\/td>\n<td data-start=\"1169\" data-end=\"1322\" data-col-size=\"md\">2.560 CFM (Hochleistungsl\u00fcftung)<\/td>\n<\/tr>\n<tr data-start=\"1323\" data-end=\"1501\">\n<td data-start=\"1323\" data-end=\"1347\" data-col-size=\"sm\"><strong data-start=\"1325\" data-end=\"1344\">statischer Druck<\/strong><\/td>\n<td data-col-size=\"md\" data-start=\"1347\" data-end=\"1501\">25,9 mm-H\u2082O (ca. 96 Pa)<\/td>\n<\/tr>\n<tr data-start=\"1502\" data-end=\"1678\">\n<td data-start=\"1502\" data-end=\"1526\" data-col-size=\"sm\"><strong data-start=\"1504\" data-end=\"1519\">Ger\u00e4uschpegel<\/strong><\/td>\n<td data-start=\"1526\" data-end=\"1678\" data-col-size=\"md\">Typisch 70 dBA (schwankt zwischen 67\u201370 dBA \u00fcber Quellen hinweg)<\/td>\n<\/tr>\n<tr data-start=\"1679\" data-end=\"1856\">\n<td data-start=\"1679\" data-end=\"1703\" data-col-size=\"sm\"><strong data-start=\"1681\" data-end=\"1700\">Antrieb &amp; Kontrolle<\/strong><\/td>\n<td data-start=\"1703\" data-end=\"1856\" data-col-size=\"md\">PWM Intelligente Modulation, 10-fach (einige Modelle 8-fach), mit Speicherfunktion<\/td>\n<\/tr>\n<tr data-start=\"1857\" data-end=\"2034\">\n<td data-start=\"1857\" data-end=\"1881\" data-col-size=\"sm\"><strong data-start=\"1859\" data-end=\"1873\">Motortyp<\/strong><\/td>\n<td data-start=\"1881\" data-end=\"2034\" data-col-size=\"md\">EC (elektronisch kommutiert) Energieeffizienter Motor, ger\u00e4uscharm, hoher Wirkungsgrad<\/td>\n<\/tr>\n<tr data-start=\"2035\" data-end=\"2212\">\n<td data-start=\"2035\" data-end=\"2059\" data-col-size=\"sm\"><strong data-start=\"2037\" data-end=\"2056\">Strom \/ Strom<\/strong><\/td>\n<td data-start=\"2059\" data-end=\"2212\" data-col-size=\"md\">100 W \/ 1,5 A (100\u2013240 V AC, 50\/60 Hz)<\/td>\n<\/tr>\n<tr data-start=\"2213\" data-end=\"2390\">\n<td data-start=\"2213\" data-end=\"2238\" data-col-size=\"sm\"><strong data-start=\"2215\" data-end=\"2238\">Lager &amp; Lebensdauer<\/strong><\/td>\n<td data-start=\"2238\" data-end=\"2390\" data-col-size=\"md\">Doppelkugellager, L10 Lebensdauer von 67.000 Stunden<\/td>\n<\/tr>\n<tr data-start=\"2391\" data-end=\"2568\">\n<td data-start=\"2391\" data-end=\"2415\" data-col-size=\"sm\"><strong data-start=\"2393\" data-end=\"2415\">Eintrittsschutz<\/strong><\/td>\n<td data-start=\"2415\" data-end=\"2568\" data-col-size=\"md\">IP-44-bewertet, staub- und wasserbest\u00e4ndig; korrosionsbest\u00e4ndige Konstruktion<\/td>\n<\/tr>\n<\/tbody>\n<\/table>\n<\/div>\n<\/div>\n<\/div>\n<\/div>\n<\/div>\n<\/div>\n<div class=\"column mcb-column mcb-item-95b6ace20 one laptop-one tablet-one mobile-one column_column vb-item\">\n<div class=\"mcb-column-inner mfn-module-wrapper mcb-column-inner-95b6ace20 mcb-item-column-inner\">\n<div class=\"column_attr mfn-inline-editor clearfix\">\n<div class=\"button_align align_center\"><a class=\"button button_right button_size_2\" title=\"\" href=\"mailto:info@kcvents.com\" target=\"_blank\" rel=\"noopener\"><i class=\"icon-direction\" aria-hidden=\"true\"><\/i><span class=\"button_label\">\u8be2\u95ee<\/span><\/a><\/div>\n<\/div>\n<\/div>\n<\/div>","protected":false},"excerpt":{"rendered":"<h2>EC Motorverschluss-Abgasventilator<\/h2>\n<hr \/>\n<ol>\n<li>Shutter-Abluftventilator 16 Zoll mit 10-fach-Regler, EC-Motor \u2013 Wand-L\u00fcftung und K\u00fchlung f\u00fcr Schuppen, Dachb\u00f6den, Werkst\u00e4tten und Gew\u00e4chshaus.<\/li>\n<li>Effiziente Bel\u00fcftung: Design mit hohem Luftstrom-Shutter-L\u00fcfter entfernt schnell W\u00e4rme, Feuchtigkeit und Ger\u00fcche mit 2560 CFM-Luftstrom.<\/li>\n<li>Langlebige Metallkonstruktion: Korrosionsbest\u00e4ndige Stahll\u00e4den und Aluminiumklingen sorgen f\u00fcr Langlebigkeit.<\/li>\n<li>Sanfter und leiser Betrieb: EC-Motor mit PWM liefert leise Leistung (~70 dBA).<\/li>\n<li>Energiesparend &amp; Smart-Ready : EC Motor + PWM f\u00fcr Effizienz; UIS-Plattform kompatibel f\u00fcr Smart Integration.<\/li>\n<li>Pr\u00e4zise und vielseitig: 10-fach manueller Controller mit Speicher f\u00fcr ma\u00dfgeschneiderte Umgebungen.<\/li>\n<li>Designer-Design: IP-44-Nenn-Doppelkugellager, 67.000 Stunden Lebensdauer f\u00fcr anspruchsvolle Anwendungen.<\/li>\n<\/ol>\n<p><a class=\"button button_right button_size_2\" title=\"\" href=\"mailto:info@kcvents.com\" target=\"_blank\" rel=\"noopener\"><i class=\"icon-direction\" aria-hidden=\"true\"><\/i><span class=\"button_label\">Untersuchung<\/span><\/a>\u00a0 \u00a0 <a class=\"button button_right button_size_2\" title=\"\" href=\"https:\/\/www.kcvents.com\/portfolio-item\/ec-motor-shutter-exhaust-fan\" target=\"_blank\" rel=\"noopener\"><i class=\"icon-acrobat\" aria-hidden=\"true\"><\/i><span class=\"button_label\">Katalog<\/span><\/a><\/p>","protected":false},"featured_media":976,"comment_status":"open","ping_status":"closed","template":"","meta":{"_acf_changed":false},"product_brand":[],"product_cat":[28],"product_tag":[],"class_list":{"0":"post-972","1":"product","2":"type-product","3":"status-publish","4":"has-post-thumbnail","6":"product_cat-exhaust-fan","8":"first","9":"instock","10":"taxable","11":"shipping-taxable","12":"purchasable","13":"product-type-simple"},"acf":[],"_links":{"self":[{"href":"https:\/\/www.ecvents.com\/de\/wp-json\/wp\/v2\/product\/972","targetHints":{"allow":["GET"]}}],"collection":[{"href":"https:\/\/www.ecvents.com\/de\/wp-json\/wp\/v2\/product"}],"about":[{"href":"https:\/\/www.ecvents.com\/de\/wp-json\/wp\/v2\/types\/product"}],"replies":[{"embeddable":true,"href":"https:\/\/www.ecvents.com\/de\/wp-json\/wp\/v2\/comments?post=972"}],"wp:featuredmedia":[{"embeddable":true,"href":"https:\/\/www.ecvents.com\/de\/wp-json\/wp\/v2\/media\/976"}],"wp:attachment":[{"href":"https:\/\/www.ecvents.com\/de\/wp-json\/wp\/v2\/media?parent=972"}],"wp:term":[{"taxonomy":"product_brand","embeddable":true,"href":"https:\/\/www.ecvents.com\/de\/wp-json\/wp\/v2\/product_brand?post=972"},{"taxonomy":"product_cat","embeddable":true,"href":"https:\/\/www.ecvents.com\/de\/wp-json\/wp\/v2\/product_cat?post=972"},{"taxonomy":"product_tag","embeddable":true,"href":"https:\/\/www.ecvents.com\/de\/wp-json\/wp\/v2\/product_tag?post=972"}],"curies":[{"name":"WP","href":"https:\/\/api.w.org\/{rel}","templated":true}]}}