{"id":1106,"date":"2025-08-28T10:38:28","date_gmt":"2025-08-28T10:38:28","guid":{"rendered":"https:\/\/ecvents.com\/?post_type=product&#038;p=1106"},"modified":"2026-01-07T03:54:38","modified_gmt":"2026-01-07T08:54:38","slug":"panel-de-ventilador-de-escape-de-ventana-de-pared-j","status":"publish","type":"product","link":"https:\/\/www.ecvents.com\/es\/product\/panel-de-ventilador-de-escape-de-ventana-de-pared-j\/","title":{"rendered":"Ventilador de escape de pared con mando a distancia, KCVENTS 4\/6\u201d Reversible Flujo de aire o amortiguador de tiro de fondo"},"content":{"rendered":"<div class=\"container-PrUkKo\">\n<div class=\"item-hGGxLi\">\n<div class=\"container-arOxqB chrome70-container\">\n<div class=\"inner-FyM8gE inner-item-swzCut\" data-target-id=\"message-box-target-id\" data-testid=\"union_message\">\n<div class=\"message-block-container-aFugD6\" data-testid=\"message-block-container\">\n<div class=\"flex flex-row w-full w-full max-w-full s-font-base text-s-color-text-secondary p-0 rounded-s-radius-s bg-transparent group data-[attr=select-mode]:-mt-10 data-[attr=select-mode]:py-10 data-[attr=select-mode]:px-16 data-[attr=select-mode]:sm:p-10 data-[attr=select-mode]:hover:bg-s-color-bg-base data-[attr=select-mode]:hover:rounded-s-radius-xs data-[attr=select-mode]:has-[:checked]:bg-s-color-bg-trans data-[attr=select-mode]:has-[:checked]:rounded-s-radius-xs data-[attr=select-mode]:pointer-events-none\" data-testid=\"receive_message\">\n<div class=\"flex flex-col flex-grow max-w-full min-w-0\">\n<div class=\"flex flex-row w-full\" data-testid=\"message_content\" data-message-id=\"18262907875209218\">\n<div class=\"w-full\" data-plugin-identifier=\"Symbol(infra:receive-message-box:text)\">\n<div class=\"container-ZYIsnH flow-markdown-body theme-samantha-Nbr9UN\" dir=\"ltr\" data-testid=\"message_text_content\" data-show-indicator=\"false\">\n<div class=\"auto-hide-last-sibling-br mdbox-table-root table-container-GhL7Lo\" data-scroll-inline-overflow=\"false\" data-scroll-inline-at-start=\"true\" data-scroll-inline-start-overflow=\"false\" data-scroll-inline-at-end=\"true\" data-scroll-inline-end-overflow=\"false\">\n<div class=\"table-scroll-container-hgHkfW mdbox-table-scroll-container\">\n<h3 data-imt_insert_failed=\"1\">1) Comparaci\u00f3n r\u00e1pida: Amortiguador reversible vs.<\/h3>\n<p data-imt_insert_failed=\"1\">Elija la versi\u00f3n que coincida con su objetivo de ventilaci\u00f3n. Si necesitas ambos\u00a0<strong>Admisi\u00f3n y escape<\/strong>, elige\u00a0<strong>Flujo de aire reversible<\/strong>. Si solo necesitas\u00a0<strong>Escape unidireccional<\/strong>\u00a0y desea reducir el reflujo, elegir\u00a0<strong>Amortiguador de tiro trasero<\/strong>.<\/p>\n<div class=\"overflow-x-auto\">\n<table class=\"min-w-full\">\n<thead>\n<tr>\n<th class=\"whitespace-nowrap px-3 py-2\">suelto<\/th>\n<th class=\"whitespace-nowrap px-3 py-2\">Versi\u00f3n de flujo de aire reversible<\/th>\n<th class=\"whitespace-nowrap px-3 py-2\">Versi\u00f3n de amortiguador de tiro trasero<\/th>\n<\/tr>\n<\/thead>\n<tbody>\n<tr>\n<td class=\"px-3 py-2\">Direcci\u00f3n del flujo de aire<\/td>\n<td class=\"px-3 py-2\">Reversible (admisi\u00f3n \u2194 Escape)<\/td>\n<td class=\"px-3 py-2\">solo de escape<\/td>\n<\/tr>\n<tr>\n<td class=\"px-3 py-2\">Amortiguador de tiro trasero<\/td>\n<td class=\"px-3 py-2\">prohibido<\/td>\n<td class=\"px-3 py-2\">S\u00ed (ayuda a prevenir el reflujo; ayuda a bloquear los insectos)<\/td>\n<\/tr>\n<tr>\n<td class=\"px-3 py-2\">mejor para<\/td>\n<td class=\"px-3 py-2\">Habitaciones que necesitan toma de aire fresco\u00a0<em>y<\/em>\u00a0Flexibilidad de escape<\/td>\n<td class=\"px-3 py-2\">Ba\u00f1os\/cocinas\/garajes donde se prefiere el escape unidireccional<\/td>\n<\/tr>\n<tr>\n<td class=\"px-3 py-2\">controlar<\/td>\n<td class=\"px-3 py-2\">Control remoto (dependiente de la versi\u00f3n)<\/td>\n<td class=\"px-3 py-2\">Control remoto o interruptor de pared (dependiente de la versi\u00f3n)<\/td>\n<\/tr>\n<tr>\n<td class=\"px-3 py-2\">Control de velocidad<\/td>\n<td class=\"px-3 py-2\">Velocidad variable de 5 etapas<\/td>\n<td class=\"px-3 py-2\">Velocidad variable de 5 etapas<\/td>\n<\/tr>\n<tr>\n<td class=\"px-3 py-2\">coche<\/td>\n<td class=\"px-3 py-2\">Motor CE<\/td>\n<td class=\"px-3 py-2\">Motor CE<\/td>\n<\/tr>\n<tr>\n<td class=\"px-3 py-2\">embutido<\/td>\n<td class=\"px-3 py-2\">Operaci\u00f3n de bajo ruido<\/td>\n<td class=\"px-3 py-2\">Operaci\u00f3n de bajo ruido<\/td>\n<\/tr>\n<tr>\n<td class=\"px-3 py-2\">Potencia (comparaci\u00f3n del mismo tama\u00f1o)<\/td>\n<td class=\"px-3 py-2\"><strong>Mayor Poder<\/strong>\u00a0(ver tabla modelo)<\/td>\n<td class=\"px-3 py-2\"><strong>potencia menor<\/strong>\u00a0(ver tabla modelo)<\/td>\n<\/tr>\n<\/tbody>\n<\/table>\n<\/div>\n<hr \/>\n<h3>2) Especificaciones compartidas<\/h3>\n<p>Estas especificaciones se aplican a ambas versiones (amortiguador de flujo de aire reversible y amortiguador de tiro trasero):<\/p>\n<div class=\"overflow-x-auto\">\n<table class=\"min-w-full\">\n<thead>\n<tr>\n<th class=\"whitespace-nowrap px-3 py-2\">Art\u00edculo compartido<\/th>\n<th class=\"whitespace-nowrap px-3 py-2\">presupuesto<\/th>\n<\/tr>\n<\/thead>\n<tbody>\n<tr>\n<td class=\"px-3 py-2\">marcar con hierro<\/td>\n<td class=\"px-3 py-2\">vent<\/td>\n<\/tr>\n<tr>\n<td class=\"px-3 py-2\">instalaci\u00f3n<\/td>\n<td class=\"px-3 py-2\">Montaje en pared \/ ventana (montado en pared)<\/td>\n<\/tr>\n<tr>\n<td class=\"px-3 py-2\">petici\u00f3n<\/td>\n<td class=\"px-3 py-2\">Hotel, Industrial, RV, Garaje, Hogar<\/td>\n<\/tr>\n<tr>\n<td class=\"px-3 py-2\">funcionar<\/td>\n<td class=\"px-3 py-2\">Ventilaci\u00f3n de escape (con direcci\u00f3n de flujo de aire espec\u00edfica de la versi\u00f3n)<\/td>\n<\/tr>\n<tr>\n<td class=\"px-3 py-2\">material de vivienda<\/td>\n<td class=\"px-3 py-2\">Pl\u00e1stico \/ ABS (caja ABS en iconos de versi\u00f3n reversible)<\/td>\n<\/tr>\n<tr>\n<td class=\"px-3 py-2\">Tipo de motor<\/td>\n<td class=\"px-3 py-2\">Motor EC (ahorro de energ\u00eda)<\/td>\n<\/tr>\n<tr>\n<td class=\"px-3 py-2\">Control de velocidad<\/td>\n<td class=\"px-3 py-2\">Regulaci\u00f3n de velocidad de 5 etapas<\/td>\n<\/tr>\n<tr>\n<td class=\"px-3 py-2\">nivel de ruido<\/td>\n<td class=\"px-3 py-2\">\u2264 40 dB<\/td>\n<\/tr>\n<tr>\n<td class=\"px-3 py-2\">Control de aplicaciones<\/td>\n<td class=\"px-3 py-2\">prohibido<\/td>\n<\/tr>\n<tr>\n<td class=\"px-3 py-2\">lenguaje de operaci\u00f3n<\/td>\n<td class=\"px-3 py-2\">ingl\u00e9s<\/td>\n<\/tr>\n<tr>\n<td class=\"px-3 py-2\">garant\u00eda<\/td>\n<td class=\"px-3 py-2\"><strong>3 a\u00f1os<\/strong><\/td>\n<\/tr>\n<tr>\n<td class=\"px-3 py-2\">ra\u00edz<\/td>\n<td class=\"px-3 py-2\">Guangdong, China<\/td>\n<\/tr>\n<tr>\n<td class=\"px-3 py-2\">personalizaci\u00f3n<\/td>\n<td class=\"px-3 py-2\">Personalizaci\u00f3n gr\u00e1fica\/logotipo: impresi\u00f3n 3D<\/td>\n<\/tr>\n<\/tbody>\n<\/table>\n<\/div>\n<hr \/>\n<h3>3) Tablas de modelos para confirmaci\u00f3n de pedido<\/h3>\n<p>Utilice las tablas siguientes para confirmar el modelo exacto que est\u00e1 seleccionando (Tama\u00f1o, Potencia, Flujo de Aire y Versi\u00f3n).<\/p>\n<h4>a) Modelos de flujo de aire reversible (direcci\u00f3n reversible)<\/h4>\n<div class=\"overflow-x-auto\">\n<table class=\"min-w-full\">\n<thead>\n<tr>\n<th class=\"whitespace-nowrap px-3 py-2\">modelo<\/th>\n<th class=\"whitespace-nowrap px-3 py-2\">Tama\u00f1o (pulgadas)<\/th>\n<th class=\"whitespace-nowrap px-3 py-2\">voltaje<\/th>\n<th class=\"whitespace-nowrap px-3 py-2\">Potencia del motor EC (W)<\/th>\n<th class=\"whitespace-nowrap px-3 py-2\">Flujo de aire (m\u00b3\/h)<\/th>\n<th class=\"whitespace-nowrap px-3 py-2\">notas<\/th>\n<\/tr>\n<\/thead>\n<tbody>\n<tr>\n<td class=\"px-3 py-2\"><strong>APC10-J-reversible<\/strong><\/td>\n<td class=\"px-3 py-2\">4\u2033<\/td>\n<td class=\"px-3 py-2\">80\u2013245 V, 50\u201360 Hz<\/td>\n<td class=\"px-3 py-2\"><strong>10W<\/strong><\/td>\n<td class=\"px-3 py-2\"><strong>100<\/strong><\/td>\n<td class=\"px-3 py-2\">flujo de aire reversible;\u00a0<strong>Ciclo autom\u00e1tico de 70 segundos<\/strong>; Control de velocidad de 5 etapas<\/td>\n<\/tr>\n<tr>\n<td class=\"px-3 py-2\"><strong>APC15-J-reversible<\/strong><\/td>\n<td class=\"px-3 py-2\">6\u2033<\/td>\n<td class=\"px-3 py-2\">80\u2013245 V, 50\u201360 Hz<\/td>\n<td class=\"px-3 py-2\"><strong>10W<\/strong><\/td>\n<td class=\"px-3 py-2\"><strong>230<\/strong><\/td>\n<td class=\"px-3 py-2\">flujo de aire reversible;\u00a0<strong>Ciclo autom\u00e1tico de 70 segundos<\/strong>; Control de velocidad de 5 etapas<\/td>\n<\/tr>\n<\/tbody>\n<\/table>\n<\/div>\n<h4>b) Modelos de amortiguaci\u00f3n de tiro de fondo (solo de escape + anti-flujo)<\/h4>\n<div class=\"overflow-x-auto\">\n<table class=\"min-w-full\">\n<thead>\n<tr>\n<th class=\"whitespace-nowrap px-3 py-2\">modelo<\/th>\n<th class=\"whitespace-nowrap px-3 py-2\">Tama\u00f1o (pulgadas)<\/th>\n<th class=\"whitespace-nowrap px-3 py-2\">voltaje<\/th>\n<th class=\"whitespace-nowrap px-3 py-2\">Potencia del motor EC (W)<\/th>\n<th class=\"whitespace-nowrap px-3 py-2\">Flujo de aire (m\u00b3\/h)<\/th>\n<th class=\"whitespace-nowrap px-3 py-2\">notas<\/th>\n<\/tr>\n<\/thead>\n<tbody>\n<tr>\n<td class=\"px-3 py-2\"><strong>APC10-J<\/strong><\/td>\n<td class=\"px-3 py-2\">4\u2033<\/td>\n<td class=\"px-3 py-2\">220v<\/td>\n<td class=\"px-3 py-2\"><strong>4W<\/strong><\/td>\n<td class=\"px-3 py-2\"><strong>90<\/strong><\/td>\n<td class=\"px-3 py-2\">solo de escape;\u00a0<strong>Amortiguador de tiro trasero<\/strong><\/td>\n<\/tr>\n<tr>\n<td class=\"px-3 py-2\"><strong>APC15-J<\/strong><\/td>\n<td class=\"px-3 py-2\">6\u2033<\/td>\n<td class=\"px-3 py-2\">(no proporcionado)<\/td>\n<td class=\"px-3 py-2\"><strong>5W<\/strong><\/td>\n<td class=\"px-3 py-2\"><strong>180<\/strong><\/td>\n<td class=\"px-3 py-2\">solo de escape;\u00a0<strong>Amortiguador de tiro trasero<\/strong><\/td>\n<\/tr>\n<\/tbody>\n<\/table>\n<\/div>\n<h3 data-start=\"74\" data-end=\"153\">Versi\u00f3n est\u00e1ndar (por ejemplo, APC-C-EC \/ Interruptor termost\u00e1tico silencioso \/ cableado)<\/h3>\n<p data-start=\"154\" data-end=\"192\"><strong data-start=\"154\" data-end=\"174\">\u2705 Funci\u00f3n principal:<\/strong> Escape unidireccional<\/p>\n<ul data-start=\"193\" data-end=\"524\">\n<li data-start=\"193\" data-end=\"267\">\n<p data-start=\"195\" data-end=\"267\">\ud83c\udfe0 Elimina el aire interior que contiene olores, humedad, humo o contaminantes<\/p>\n<\/li>\n<li data-start=\"268\" data-end=\"331\">\n<p data-start=\"270\" data-end=\"331\">\ud83d\udeaa Expulsa el aire interior al aire libre para mejorar la calidad del aire interior<\/p>\n<\/li>\n<li data-start=\"332\" data-end=\"412\">\n<p data-start=\"334\" data-end=\"412\">\ud83d\udca8 Piense en ello como un \u201ctransportador de aire\u201d de una sola v\u00eda: solo empuja el aire interior<\/p>\n<\/li>\n<li data-start=\"413\" data-end=\"524\">\n<p data-start=\"415\" data-end=\"524\">\ud83c\udf73 Ejemplo: despu\u00e9s de cocinar, puede eliminar los humos de cocci\u00f3n y el humo, pero <strong data-start=\"485\" data-end=\"522\">No se puede traer aire fresco al aire libre<\/strong><\/p>\n<\/li>\n<\/ul>\n<hr data-start=\"526\" data-end=\"529\" \/>\n<h3 data-start=\"531\" data-end=\"594\">\ud83d\udd04 Versi\u00f3n reversible (por ejemplo, APC-C-EC \/ modelo reversible)<\/h3>\n<p data-start=\"595\" data-end=\"658\"><strong data-start=\"595\" data-end=\"615\">\u2705 Funci\u00f3n principal:<\/strong> Flujo de aire bidireccional (exhausto y admisi\u00f3n)<\/p>\n<ul data-start=\"659\" data-end=\"969\">\n<li data-start=\"659\" data-end=\"722\">\n<p data-start=\"661\" data-end=\"722\">\ud83c\udfe0 Expulsa el aire contaminado en interiores <strong data-start=\"691\" data-end=\"720\">Como la versi\u00f3n est\u00e1ndar<\/strong><\/p>\n<\/li>\n<li data-start=\"723\" data-end=\"800\">\n<p data-start=\"725\" data-end=\"800\">\ud83c\udf3f Puede revertir para traer aire fresco al aire libre en interiores para la circulaci\u00f3n en dos v\u00edas<\/p>\n<\/li>\n<li data-start=\"801\" data-end=\"891\">\n<p data-start=\"803\" data-end=\"891\">\ud83d\udca8 Ejemplo: cuando el aire interior se siente tapado, cambia al modo inverso para traer aire fresco<\/p>\n<\/li>\n<li data-start=\"892\" data-end=\"969\">\n<p data-start=\"894\" data-end=\"969\">\ud83d\udd04 El modo normal sigue funcionando de escape est\u00e1ndar para eliminar el aire residual interior<\/p>\n<\/li>\n<\/ul>\n<hr data-start=\"971\" data-end=\"974\" \/>\n<h3 data-start=\"976\" data-end=\"1000\">\ud83d\udca1 Consejos para los usuarios:<\/h3>\n<ul data-start=\"1001\" data-end=\"1192\">\n<li data-start=\"1001\" data-end=\"1093\">\n<p data-start=\"1003\" data-end=\"1093\">Perfecto para cocinas, ba\u00f1os o cualquier espacio interior que necesite <strong data-start=\"1064\" data-end=\"1091\">Mejora de la calidad del aire<\/strong><\/p>\n<\/li>\n<li data-start=\"1094\" data-end=\"1192\">\n<p data-start=\"1096\" data-end=\"1192\">La versi\u00f3n reversible proporciona <strong data-start=\"1124\" data-end=\"1148\">Ventilaci\u00f3n flexible<\/strong>, mejorando tanto la frescura del aire como la comodidad<\/p>\n<\/li>\n<\/ul>\n<p data-start=\"1502\" data-end=\"1528\"><strong data-start=\"1502\" data-end=\"1526\">\ud83d\udd39 Notas adicionales:<\/strong><\/p>\n<ul data-start=\"1529\" data-end=\"1703\">\n<li data-start=\"1529\" data-end=\"1570\">\n<p data-start=\"1531\" data-end=\"1570\">Ideal para instalaci\u00f3n en pared o ventana<\/p>\n<\/li>\n<li data-start=\"1571\" data-end=\"1638\">\n<p data-start=\"1573\" data-end=\"1638\">Adecuado para ventilaci\u00f3n residencial, comercial o industrial<\/p>\n<\/li>\n<li data-start=\"1639\" data-end=\"1703\">\n<p data-start=\"1641\" data-end=\"1703\">El modelo reversible mejora la flexibilidad de la circulaci\u00f3n del aire interior<\/p>\n<\/li>\n<\/ul>\n<\/div>\n<\/div>\n<\/div>\n<\/div>\n<\/div>\n<\/div>\n<\/div>\n<\/div>\n<\/div>\n<\/div>\n<\/div>\n<\/div>","protected":false},"excerpt":{"rendered":"<p>Ventilador de ventilaci\u00f3n de pared KCVents ayuda a eliminar la humedad, los olores y el aire viciado en ba\u00f1os, cocinas, lavander\u00eda y otros espacios para el hogar. Elija entre tama\u00f1os de 4\u2033\/6\u2033 y diferentes configuraciones para adaptarse a sus necesidades de instalaci\u00f3n y uso.<\/p>\n<ul>\n<li>Instalaci\u00f3n de montaje en pared para ventilaci\u00f3n de ba\u00f1o\/cocina\/habitaci\u00f3n<\/li>\n<li>Opciones de tama\u00f1o de 4\u2033\/6\u2033 para adaptarse a diferentes aberturas de conductos<\/li>\n<li>Opciones de control remoto o de interruptor para mayor comodidad<\/li>\n<li>Operaci\u00f3n ecol\u00f3gica y eficiente de energ\u00eda<\/li>\n<li>Resistencia a altas temperaturas (hasta\u00a0<strong>105\u00b0C<\/strong>, dependiendo de la versi\u00f3n)<\/li>\n<li>M\u00faltiples tipos de enchufes: EE. UU. \/ UE \/ Reino Unido \/ AU (seleccione en el momento de la compra)<\/li>\n<\/ul>","protected":false},"featured_media":3913,"comment_status":"open","ping_status":"closed","template":"","meta":{"_acf_changed":false},"product_brand":[62],"product_cat":[28],"product_tag":[31,30,29,34,32,33],"class_list":{"0":"post-1106","1":"product","2":"type-product","3":"status-publish","4":"has-post-thumbnail","6":"product_brand-kcvents","7":"product_cat-exhaust-fan","8":"product_tag-backdraft-damper","9":"product_tag-durable-abs-housing","10":"product_tag-energy-efficient-ec-motor","11":"product_tag-low-noise-operation","12":"product_tag-reversible-airflow","13":"product_tag-variable-speed-control","15":"first","16":"instock","17":"taxable","18":"shipping-taxable","19":"purchasable","20":"product-type-variable","21":"has-default-attributes"},"acf":[],"_links":{"self":[{"href":"https:\/\/www.ecvents.com\/es\/wp-json\/wp\/v2\/product\/1106","targetHints":{"allow":["GET"]}}],"collection":[{"href":"https:\/\/www.ecvents.com\/es\/wp-json\/wp\/v2\/product"}],"about":[{"href":"https:\/\/www.ecvents.com\/es\/wp-json\/wp\/v2\/types\/product"}],"replies":[{"embeddable":true,"href":"https:\/\/www.ecvents.com\/es\/wp-json\/wp\/v2\/comments?post=1106"}],"wp:featuredmedia":[{"embeddable":true,"href":"https:\/\/www.ecvents.com\/es\/wp-json\/wp\/v2\/media\/3913"}],"wp:attachment":[{"href":"https:\/\/www.ecvents.com\/es\/wp-json\/wp\/v2\/media?parent=1106"}],"wp:term":[{"taxonomy":"product_brand","embeddable":true,"href":"https:\/\/www.ecvents.com\/es\/wp-json\/wp\/v2\/product_brand?post=1106"},{"taxonomy":"product_cat","embeddable":true,"href":"https:\/\/www.ecvents.com\/es\/wp-json\/wp\/v2\/product_cat?post=1106"},{"taxonomy":"product_tag","embeddable":true,"href":"https:\/\/www.ecvents.com\/es\/wp-json\/wp\/v2\/product_tag?post=1106"}],"curies":[{"name":"pp","href":"https:\/\/api.w.org\/{rel}","templated":true}]}}